{"id":13238,"date":"2024-09-30T18:27:29","date_gmt":"2024-09-30T18:27:29","guid":{"rendered":"https:\/\/elfsight.com\/pt\/?page_id=13238"},"modified":"2024-12-16T17:31:36","modified_gmt":"2024-12-16T17:31:36","slug":"bigcommerce","status":"publish","type":"page","link":"https:\/\/elfsight.com\/pt\/website-translator-widget\/bigcommerce\/","title":{"rendered":"website translator &#8211; bigcommerce"},"content":{"rendered":"<div class=\"application-platform-content-item-description application-platform-content-item\" id=\"description\" data-nav-section=\"description\"> <h2>Incorpore o tradutor de sites no BigCommerce com um plug-in Elfsight<\/h2> <p>Uma \u00f3tima maneira de aumentar a presen\u00e7a on-line da sua empresa e alcan\u00e7ar um p\u00fablico internacional p\u00fablico est\u00e1 usando nosso widget Website Translator para BigCommerce. Ao traduzir perfeitamente o conte\u00fado do seu site, este widget garante que a sua mensagem ressoe entre os visitantes de diversas comunidades lingu\u00edsticas, ajudando a lidar com as barreiras lingu\u00edsticas e a ampliar o alcance do seu neg\u00f3cio. <\/p><p>Nosso tradutor de sites oferece tradu\u00e7\u00e3o autom\u00e1tica e instant\u00e2nea de sites com a tecnologia da IA \u200b\u200bdo Google, com suporte para mais de 130 idiomas. Ele lembra as escolhas de idioma dos visitantes, permitindo uma experi\u00eancia de navega\u00e7\u00e3o personalizada que os mant\u00e9m engajados. Globalize perfeitamente seu site BigCommerce e conecte-se com diversos p\u00fablicos por meio da solu\u00e7\u00e3o de tradu\u00e7\u00e3o de ponta. <\/p><p><b>Ofere\u00e7a seus produtos e servi\u00e7os em qualquer lugar do mundo com o widget de troca de idioma orientado ao cliente! <\/b><\/p><\/div> <div class=\"application-platform-content-item-features application-platform-content-item\" id=\"features\" data-nav-section=\"features\"> <h2>Oferecemos recursos pr\u00e1ticos e f\u00e1ceis, aqui est\u00e3o alguns deles: <\/h2><ul><li>Tradu\u00e7\u00e3o autom\u00e1tica instant\u00e2nea de sites <\/li><li>Tradu\u00e7\u00e3o com tecnologia de IA do Google<\/li><li>Suporte para mais de 130 idiomas<\/li><li>Lembrar as configura\u00e7\u00f5es do usu\u00e1rio<\/li><li>V\u00e1rios widgets predefinidos estilos<\/li><\/ul><p><a href=\"#demo\">Voc\u00ea pode descobrir quanto vale o widget usando a demonstra\u00e7\u00e3o<\/a><\/p><\/div> <div class=\"application-platform-content-item-installation  application-platform-content-item\" id=\"installation \" data-nav-section=\"installation \"> <h2>Como fa\u00e7o para integrar o Website Translator em minhas p\u00e1ginas do BigCommerce? <\/h2><p>Basta seguir as orienta\u00e7\u00f5es abaixo para inserir o plugin. <\/p><ol><li><b>Use nosso configurador gratuito e comece a moldar seu widget personalizado. <\/b><br>Encontre a interface personalizada e a funcionalidade do widget e salve as corre\u00e7\u00f5es. <\/li> <li><b>Exponha o seu c\u00f3digo individual na caixa das aplica\u00e7\u00f5es Elfsight. <\/b><br>Ap\u00f3s a configura\u00e7\u00e3o da sua ferramenta, copie o c\u00f3digo exclusivo da janela que surgir e guarde-o para uso posterior. <\/li> <li><b>Comece a usar o widget no site BigCommerce. <\/b><br>Implemente o c\u00f3digo que voc\u00ea salvou anteriormente em sua p\u00e1gina e salve as edi\u00e7\u00f5es. <\/li> <li><b>Conclu\u00eddo! A incorpora\u00e7\u00e3o foi realizada com sucesso. <\/b><br>Visite seu site para ver em a\u00e7\u00e3o o funcionamento da ferramenta. <\/li><\/ol><p>Se voc\u00ea tiver alguma complica\u00e7\u00e3o, n\u00e3o hesite em solicitar nossa equipe de atendimento ao cliente. Nossos consultores est\u00e3o ansiosos para ajud\u00e1-lo com todas as dificuldades que voc\u00ea possa ter com o plugin. <\/p><\/div>","protected":false},"excerpt":{"rendered":"","protected":false},"author":9,"featured_media":0,"parent":12676,"menu_order":0,"comment_status":"closed","ping_status":"closed","template":"templates\/template-application-platform.php","meta":{"publish_to_discourse":"","publish_post_category":"","wpdc_auto_publish_overridden":"","wpdc_topic_tags":"","wpdc_pin_topic":"","wpdc_pin_until":"","discourse_post_id":"","discourse_permalink":"","wpdc_publishing_response":"","wpdc_publishing_error":"","footnotes":""},"class_list":["post-13238","page","type-page","status-publish","hentry"],"yoast_head":"<!-- This site is optimized with the Yoast SEO plugin v25.3.1 - https:\/\/yoast.com\/wordpress\/plugins\/seo\/ -->\n<title>Widget tradutor de site - Adicione tradutor gratuito ao BigCommerce<\/title>\n<meta name=\"description\" content=\"Adicione um widget de tradutor de site integrado ao seu site BigCommerce. Experimente a demonstra\u00e7\u00e3o simples da Elfsight para criar facilmente a sua solu\u00e7\u00e3o personalizada.\" \/>\n<meta name=\"robots\" content=\"index, follow, max-snippet:-1, max-image-preview:large, max-video-preview:-1\" \/>\n<link rel=\"canonical\" href=\"https:\/\/elfsight.com\/pt\/website-translator-widget\/bigcommerce\/\" \/>\n<meta property=\"og:locale\" content=\"pt_PT\" \/>\n<meta property=\"og:type\" content=\"article\" \/>\n<meta property=\"og:title\" content=\"Widget tradutor de site - Adicione tradutor gratuito ao BigCommerce\" \/>\n<meta property=\"og:description\" content=\"Adicione um widget de tradutor de site integrado ao seu site BigCommerce. Experimente a demonstra\u00e7\u00e3o simples da Elfsight para criar facilmente a sua solu\u00e7\u00e3o personalizada.\" \/>\n<meta property=\"og:url\" content=\"https:\/\/elfsight.com\/pt\/website-translator-widget\/bigcommerce\/\" \/>\n<meta property=\"og:site_name\" content=\"Elfsight PT\" \/>\n<meta property=\"article:modified_time\" content=\"2024-12-16T17:31:36+00:00\" \/>\n<meta name=\"twitter:card\" content=\"summary_large_image\" \/>\n<meta name=\"twitter:label1\" content=\"Tempo estimado de leitura\" \/>\n\t<meta name=\"twitter:data1\" content=\"2 minutos\" \/>\n<!-- \/ Yoast SEO plugin. -->","yoast_head_json":{"title":"Widget tradutor de site - Adicione tradutor gratuito ao BigCommerce","description":"Adicione um widget de tradutor de site integrado ao seu site BigCommerce. Experimente a demonstra\u00e7\u00e3o simples da Elfsight para criar facilmente a sua solu\u00e7\u00e3o personalizada.","robots":{"index":"index","follow":"follow","max-snippet":"max-snippet:-1","max-image-preview":"max-image-preview:large","max-video-preview":"max-video-preview:-1"},"canonical":"https:\/\/elfsight.com\/pt\/website-translator-widget\/bigcommerce\/","og_locale":"pt_PT","og_type":"article","og_title":"Widget tradutor de site - Adicione tradutor gratuito ao BigCommerce","og_description":"Adicione um widget de tradutor de site integrado ao seu site BigCommerce. Experimente a demonstra\u00e7\u00e3o simples da Elfsight para criar facilmente a sua solu\u00e7\u00e3o personalizada.","og_url":"https:\/\/elfsight.com\/pt\/website-translator-widget\/bigcommerce\/","og_site_name":"Elfsight PT","article_modified_time":"2024-12-16T17:31:36+00:00","twitter_card":"summary_large_image","twitter_misc":{"Tempo estimado de leitura":"2 minutos"},"schema":{"@context":"https:\/\/schema.org","@graph":[{"@type":"WebPage","@id":"https:\/\/elfsight.com\/pt\/website-translator-widget\/bigcommerce\/","url":"https:\/\/elfsight.com\/pt\/website-translator-widget\/bigcommerce\/","name":"Widget tradutor de site - Adicione tradutor gratuito ao BigCommerce","isPartOf":{"@id":"https:\/\/elfsight.com\/pt\/#website"},"datePublished":"2024-09-30T18:27:29+00:00","dateModified":"2024-12-16T17:31:36+00:00","description":"Adicione um widget de tradutor de site integrado ao seu site BigCommerce. Experimente a demonstra\u00e7\u00e3o simples da Elfsight para criar facilmente a sua solu\u00e7\u00e3o personalizada.","breadcrumb":{"@id":"https:\/\/elfsight.com\/pt\/website-translator-widget\/bigcommerce\/#breadcrumb"},"inLanguage":"pt-PT","potentialAction":[{"@type":"ReadAction","target":["https:\/\/elfsight.com\/pt\/website-translator-widget\/bigcommerce\/"]}]},{"@type":"BreadcrumbList","@id":"https:\/\/elfsight.com\/pt\/website-translator-widget\/bigcommerce\/#breadcrumb","itemListElement":[{"@type":"ListItem","position":1,"name":"Home","item":"https:\/\/elfsight.com\/pt\/"},{"@type":"ListItem","position":2,"name":"website translator &#8211; bigcommerce"}]},{"@type":"WebSite","@id":"https:\/\/elfsight.com\/pt\/#website","url":"https:\/\/elfsight.com\/pt\/","name":"Elfsight PT","description":"Just another Elfsight Sites site","potentialAction":[{"@type":"SearchAction","target":{"@type":"EntryPoint","urlTemplate":"https:\/\/elfsight.com\/pt\/?s={search_term_string}"},"query-input":{"@type":"PropertyValueSpecification","valueRequired":true,"valueName":"search_term_string"}}],"inLanguage":"pt-PT"}]}},"meta_box":{"industry":"","seo_heading":"","heading":"","description":"","cta_heading":"","cta_description":"","application":"12670","h1":"Aplicativo tradutor de sites BigCommerce","h1_caption":"Traduza automaticamente o conte\u00fado do seu site em v\u00e1rios idiomas, tornando-o acess\u00edvel a um p\u00fablico global em seu site BigCommerce sem esfor\u00e7o.","application_category":[],"applications_title":"","applications_request_title":"","applications_request_button_text":"","hero_text":"","hero_video":"","hero_video_schema_markup":"","selling_points_title":"","selling_points_caption":"","selling_points":[],"selling_points_cta_text":"","features_title":"","features":"","ed_cta_examples_text":"","ed_cta_examples_hidden":"","ed_cta_demo_text":"","ed_cta_demo_hidden":"","why_caption":"","why_editor_title":"","why_editor_text":"","why_team_title":"","why_team_text":"","why_service_title":"","why_service_text":"","template_catalog_visible":"","template_catalog_title":"","template_catalog_text":"","template_catalog_categories_visible":"","demo_title":"Crie seu aplicativo Tradutor de sites","demo_caption":"Configure seu tradutor de sites e adicione-o ao seu site BigCommerce gratuitamente!","default_faq_hidden":"","app_template_category":[],"platform":"43","template_public_id":"","codecanyon_url":"","codecanyon_item_id":"","codecanyon_price":"","pricing_caption":"","pricing_elfsight_apps_hide_column":"","pricing_elfsight_apps_url":"","pricing_codecanyon_price_caption":"","integration_category":[],"integration_request_title":"","integration_request_cta":"","integration_platform":"","integrations":[],"platform_category":[],"video_schema_markup":"","price":"a partir de $ 0 \/ m\u00eas","trial":"","benefits":[{"text":"Servi\u00e7o de instala\u00e7\u00e3o gratuito"},{"text":"Suporte premium"},{"text":"Garantia de reembolso de 14 dias"},{"text":"Atualizando constantemente"}],"button_url":"#demo","button_target_blank":"","button_nofollow":"","attributes":[{"name":"Instalar","content":"50,000 - 100,000"},{"name":"Responsivo","content":"Sim"},{"name":"Navegadores compat\u00edveis","content":"Firefox, Safari, Opera, Chrome, Edge"}],"tags":[],"tags_disable_links":"","hide_more_platforms":"","video_object":"","demo_hide_cta":"","demo_hide_cloud_options":"","pricing_title":"","pricing":[{"pricing_icon":"platform","pricing_title":"Elfsight Apps","pricing_title_caption":"Software multiplataforma","pricing_price":"a partir de $ 0 \/ m\u00eas","pricing_price_caption":"comece com um plano gratuito","pricing_benefits":[{"text":"Sites ilimitados"},{"text":"Suporte ao cliente premium"},{"text":"Assist\u00eancia de instala\u00e7\u00e3o gratuita"},{"text":"Design flex\u00edvel"}],"pricing_button_text":"Adicionar ao site","pricing_button_url":"#demo"}],"related_apps_title":"","related_apps_hidden":"","author":"","image":[],"title":"","job":"","social_networks":[]},"_links":{"self":[{"href":"https:\/\/elfsight.com\/pt\/wp-json\/wp\/v2\/pages\/13238","targetHints":{"allow":["GET"]}}],"collection":[{"href":"https:\/\/elfsight.com\/pt\/wp-json\/wp\/v2\/pages"}],"about":[{"href":"https:\/\/elfsight.com\/pt\/wp-json\/wp\/v2\/types\/page"}],"author":[{"embeddable":true,"href":"https:\/\/elfsight.com\/pt\/wp-json\/wp\/v2\/users\/9"}],"replies":[{"embeddable":true,"href":"https:\/\/elfsight.com\/pt\/wp-json\/wp\/v2\/comments?post=13238"}],"version-history":[{"count":1,"href":"https:\/\/elfsight.com\/pt\/wp-json\/wp\/v2\/pages\/13238\/revisions"}],"predecessor-version":[{"id":13242,"href":"https:\/\/elfsight.com\/pt\/wp-json\/wp\/v2\/pages\/13238\/revisions\/13242"}],"up":[{"embeddable":true,"href":"https:\/\/elfsight.com\/pt\/wp-json\/wp\/v2\/pages\/12676"}],"wp:attachment":[{"href":"https:\/\/elfsight.com\/pt\/wp-json\/wp\/v2\/media?parent=13238"}],"curies":[{"name":"wp","href":"https:\/\/api.w.org\/{rel}","templated":true}]}}