{"id":13235,"date":"2024-09-30T18:27:29","date_gmt":"2024-09-30T18:27:29","guid":{"rendered":"https:\/\/elfsight.com\/pt\/?page_id=13235"},"modified":"2024-12-16T17:31:36","modified_gmt":"2024-12-16T17:31:36","slug":"magento","status":"publish","type":"page","link":"https:\/\/elfsight.com\/pt\/website-translator-widget\/magento\/","title":{"rendered":"website translator &#8211; magento"},"content":{"rendered":"<div class=\"application-platform-content-item-description application-platform-content-item\" id=\"description\" data-nav-section=\"description\"> <h2>Incorpore o tradutor de sites no Magento com um plugin da Elfsight<\/h2> <p>Uma ideia \u00fatil para elevar o desempenho online do seu neg\u00f3cio e atrair um p\u00fablico internacional p\u00fablico est\u00e1 adicionando nosso widget Tradutor de sites para Magento. Ao traduzir facilmente o conte\u00fado do seu website, este widget garante que a sua mensagem ressoe junto aos clientes de diferentes comunidades lingu\u00edsticas, ajudando a superar as barreiras lingu\u00edsticas e a expandir o alcance do seu neg\u00f3cio. <\/p><p>Nosso tradutor de sites oferece tradu\u00e7\u00e3o autom\u00e1tica instant\u00e2nea de sites aprimorada pela IA do Google, com suporte para mais de 130 idiomas. Ele lembra as configura\u00e7\u00f5es de idioma do visitante, criando uma experi\u00eancia de navega\u00e7\u00e3o individual que os mant\u00e9m engajados. Globalize sem esfor\u00e7o seu site Magento e conecte-se com diversos p\u00fablicos por meio da solu\u00e7\u00e3o de tradu\u00e7\u00e3o avan\u00e7ada. <\/p><p><b>Promova seus produtos e servi\u00e7os em qualquer lugar do mundo com o widget de troca de idioma orientado ao cliente! <\/b><\/p><\/div> <div class=\"application-platform-content-item-features application-platform-content-item\" id=\"features\" data-nav-section=\"features\"> <h2>Aqui est\u00e3o os recursos essenciais do widget: <\/h2><ul><li>Tradu\u00e7\u00e3o autom\u00e1tica instant\u00e2nea de sites<\/li><li>Tradu\u00e7\u00e3o com tecnologia de IA do Google<\/li><li>Suporte para mais de 130 idiomas<\/li><li>Salvar as prefer\u00eancias do visitante<\/li><li>Muitos estilos de widget de modelo<\/li><\/ul><p><a href=\"#demo\">Voc\u00ea pode descobrir todos os recursos do widget na demonstra\u00e7\u00e3o abaixo<\/a><\/p><\/div> <div class=\"application-platform-content-item-installation application-platform-content-item\" id=\"installation\" data-nav-section=\"installation\"> <h2>Como fazer Eu incorporo o Website Translator em minha p\u00e1gina Magento? <\/h2><p>Basta seguir as instru\u00e7\u00f5es abaixo para come\u00e7ar a usar a ferramenta. <\/p><ol><li><b>Realize nossa demonstra\u00e7\u00e3o gratuita e comece a criar seu widget personalizado. <\/b><br>Escolha o design e funcionalidade preferidos do plugin e aplique as modifica\u00e7\u00f5es. <\/li> <li><b>Obtenha o c\u00f3digo pessoal que aparece na janela dos aplicativos Elfsight. <\/b><br>Ap\u00f3s a conclus\u00e3o da personaliza\u00e7\u00e3o do seu widget pessoal, copie o c\u00f3digo individual do pop-up exibido e salve-o para uso posterior. <\/li> <li><b>Comece a usar o widget no site Magento. <\/b><br>Adicione o c\u00f3digo que voc\u00ea copiou anteriormente em seu site e salve as edi\u00e7\u00f5es. <\/li> <li><b>A instala\u00e7\u00e3o foi totalmente realizada. <\/b><br>Visite sua p\u00e1gina para verificar o funcionamento do widget. <\/li><\/ol><p>Se voc\u00ea tiver algum problema, procure ajuda de nossa equipe de suporte. Nossos especialistas est\u00e3o ansiosos para resolver todas as dificuldades que voc\u00ea possa ter com o widget. <\/p><\/div>","protected":false},"excerpt":{"rendered":"","protected":false},"author":9,"featured_media":0,"parent":12676,"menu_order":0,"comment_status":"closed","ping_status":"closed","template":"templates\/template-application-platform.php","meta":{"publish_to_discourse":"","publish_post_category":"","wpdc_auto_publish_overridden":"","wpdc_topic_tags":"","wpdc_pin_topic":"","wpdc_pin_until":"","discourse_post_id":"","discourse_permalink":"","wpdc_publishing_response":"","wpdc_publishing_error":"","footnotes":""},"class_list":["post-13235","page","type-page","status-publish","hentry"],"yoast_head":"<!-- This site is optimized with the Yoast SEO plugin v25.3.1 - https:\/\/yoast.com\/wordpress\/plugins\/seo\/ -->\n<title>Widget tradutor de site - incorporar tradutor de texto no Magento<\/title>\n<meta name=\"description\" content=\"Adicione um widget de tradutor de sites integrado ao seu site Magento. Confira a demonstra\u00e7\u00e3o online da Elfsight para criar facilmente sua solu\u00e7\u00e3o individual.\" \/>\n<meta name=\"robots\" content=\"index, follow, max-snippet:-1, max-image-preview:large, max-video-preview:-1\" \/>\n<link rel=\"canonical\" href=\"https:\/\/elfsight.com\/pt\/website-translator-widget\/magento\/\" \/>\n<meta property=\"og:locale\" content=\"pt_PT\" \/>\n<meta property=\"og:type\" content=\"article\" \/>\n<meta property=\"og:title\" content=\"Widget tradutor de site - incorporar tradutor de texto no Magento\" \/>\n<meta property=\"og:description\" content=\"Adicione um widget de tradutor de sites integrado ao seu site Magento. Confira a demonstra\u00e7\u00e3o online da Elfsight para criar facilmente sua solu\u00e7\u00e3o individual.\" \/>\n<meta property=\"og:url\" content=\"https:\/\/elfsight.com\/pt\/website-translator-widget\/magento\/\" \/>\n<meta property=\"og:site_name\" content=\"Elfsight PT\" \/>\n<meta property=\"article:modified_time\" content=\"2024-12-16T17:31:36+00:00\" \/>\n<meta name=\"twitter:card\" content=\"summary_large_image\" \/>\n<meta name=\"twitter:label1\" content=\"Tempo estimado de leitura\" \/>\n\t<meta name=\"twitter:data1\" content=\"2 minutos\" \/>\n<!-- \/ Yoast SEO plugin. -->","yoast_head_json":{"title":"Widget tradutor de site - incorporar tradutor de texto no Magento","description":"Adicione um widget de tradutor de sites integrado ao seu site Magento. Confira a demonstra\u00e7\u00e3o online da Elfsight para criar facilmente sua solu\u00e7\u00e3o individual.","robots":{"index":"index","follow":"follow","max-snippet":"max-snippet:-1","max-image-preview":"max-image-preview:large","max-video-preview":"max-video-preview:-1"},"canonical":"https:\/\/elfsight.com\/pt\/website-translator-widget\/magento\/","og_locale":"pt_PT","og_type":"article","og_title":"Widget tradutor de site - incorporar tradutor de texto no Magento","og_description":"Adicione um widget de tradutor de sites integrado ao seu site Magento. Confira a demonstra\u00e7\u00e3o online da Elfsight para criar facilmente sua solu\u00e7\u00e3o individual.","og_url":"https:\/\/elfsight.com\/pt\/website-translator-widget\/magento\/","og_site_name":"Elfsight PT","article_modified_time":"2024-12-16T17:31:36+00:00","twitter_card":"summary_large_image","twitter_misc":{"Tempo estimado de leitura":"2 minutos"},"schema":{"@context":"https:\/\/schema.org","@graph":[{"@type":"WebPage","@id":"https:\/\/elfsight.com\/pt\/website-translator-widget\/magento\/","url":"https:\/\/elfsight.com\/pt\/website-translator-widget\/magento\/","name":"Widget tradutor de site - incorporar tradutor de texto no Magento","isPartOf":{"@id":"https:\/\/elfsight.com\/pt\/#website"},"datePublished":"2024-09-30T18:27:29+00:00","dateModified":"2024-12-16T17:31:36+00:00","description":"Adicione um widget de tradutor de sites integrado ao seu site Magento. Confira a demonstra\u00e7\u00e3o online da Elfsight para criar facilmente sua solu\u00e7\u00e3o individual.","breadcrumb":{"@id":"https:\/\/elfsight.com\/pt\/website-translator-widget\/magento\/#breadcrumb"},"inLanguage":"pt-PT","potentialAction":[{"@type":"ReadAction","target":["https:\/\/elfsight.com\/pt\/website-translator-widget\/magento\/"]}]},{"@type":"BreadcrumbList","@id":"https:\/\/elfsight.com\/pt\/website-translator-widget\/magento\/#breadcrumb","itemListElement":[{"@type":"ListItem","position":1,"name":"Home","item":"https:\/\/elfsight.com\/pt\/"},{"@type":"ListItem","position":2,"name":"website translator &#8211; magento"}]},{"@type":"WebSite","@id":"https:\/\/elfsight.com\/pt\/#website","url":"https:\/\/elfsight.com\/pt\/","name":"Elfsight PT","description":"Just another Elfsight Sites site","potentialAction":[{"@type":"SearchAction","target":{"@type":"EntryPoint","urlTemplate":"https:\/\/elfsight.com\/pt\/?s={search_term_string}"},"query-input":{"@type":"PropertyValueSpecification","valueRequired":true,"valueName":"search_term_string"}}],"inLanguage":"pt-PT"}]}},"meta_box":{"industry":"","seo_heading":"","heading":"","description":"","cta_heading":"","cta_description":"","application":"12670","h1":"Extens\u00e3o do tradutor de sites Magento","h1_caption":"Traduza automaticamente o conte\u00fado do seu site em v\u00e1rios idiomas, tornando-o acess\u00edvel a um p\u00fablico global em seu site Magento sem esfor\u00e7o.","application_category":[],"applications_title":"","applications_request_title":"","applications_request_button_text":"","hero_text":"","hero_video":"","hero_video_schema_markup":"","selling_points_title":"","selling_points_caption":"","selling_points":[],"selling_points_cta_text":"","features_title":"","features":"","ed_cta_examples_text":"","ed_cta_examples_hidden":"","ed_cta_demo_text":"","ed_cta_demo_hidden":"","why_caption":"","why_editor_title":"","why_editor_text":"","why_team_title":"","why_team_text":"","why_service_title":"","why_service_text":"","template_catalog_visible":"","template_catalog_title":"","template_catalog_text":"","template_catalog_categories_visible":"","demo_title":"Crie sua extens\u00e3o do tradutor de sites","demo_caption":"Configure seu tradutor de sites e adicione-o ao seu site Magento gratuitamente!","default_faq_hidden":"","app_template_category":[],"platform":"58","template_public_id":"","codecanyon_url":"","codecanyon_item_id":"","codecanyon_price":"","pricing_caption":"","pricing_elfsight_apps_hide_column":"","pricing_elfsight_apps_url":"","pricing_codecanyon_price_caption":"","integration_category":[],"integration_request_title":"","integration_request_cta":"","integration_platform":"","integrations":[],"platform_category":[],"video_schema_markup":"","price":"a partir de $ 0 \/ m\u00eas","trial":"","benefits":[{"text":"Servi\u00e7o de instala\u00e7\u00e3o gratuito"},{"text":"Atendimento ao cliente eficaz"},{"text":"Garantia de reembolso de 14 dias"},{"text":"Desenvolvimento cont\u00ednuo"}],"button_url":"#demo","button_target_blank":"","button_nofollow":"","attributes":[{"name":"Instalar","content":"50,000 - 100,000"},{"name":"Responsivo","content":"Sim"},{"name":"Navegadores compat\u00edveis","content":"Firefox, Safari, Opera, Chrome, Edge"}],"tags":[],"tags_disable_links":"","hide_more_platforms":"","video_object":"","demo_hide_cta":"","demo_hide_cloud_options":"","pricing_title":"","pricing":[{"pricing_icon":"platform","pricing_title":"Elfsight Apps","pricing_title_caption":"Solu\u00e7\u00e3o digital multiplataforma","pricing_price":"a partir de $ 0 \/ m\u00eas","pricing_price_caption":"comece com um plano gratuito","pricing_benefits":[{"text":"Sites ilimitados"},{"text":"Suporte dedicado ao cliente"},{"text":"Servi\u00e7o de instala\u00e7\u00e3o gratuito"},{"text":"Totalmente personaliz\u00e1vel"}],"pricing_button_text":"Adicionar ao site","pricing_button_url":"#demo"}],"related_apps_title":"","related_apps_hidden":"","author":"","image":[],"title":"","job":"","social_networks":[]},"_links":{"self":[{"href":"https:\/\/elfsight.com\/pt\/wp-json\/wp\/v2\/pages\/13235","targetHints":{"allow":["GET"]}}],"collection":[{"href":"https:\/\/elfsight.com\/pt\/wp-json\/wp\/v2\/pages"}],"about":[{"href":"https:\/\/elfsight.com\/pt\/wp-json\/wp\/v2\/types\/page"}],"author":[{"embeddable":true,"href":"https:\/\/elfsight.com\/pt\/wp-json\/wp\/v2\/users\/9"}],"replies":[{"embeddable":true,"href":"https:\/\/elfsight.com\/pt\/wp-json\/wp\/v2\/comments?post=13235"}],"version-history":[{"count":1,"href":"https:\/\/elfsight.com\/pt\/wp-json\/wp\/v2\/pages\/13235\/revisions"}],"predecessor-version":[{"id":13239,"href":"https:\/\/elfsight.com\/pt\/wp-json\/wp\/v2\/pages\/13235\/revisions\/13239"}],"up":[{"embeddable":true,"href":"https:\/\/elfsight.com\/pt\/wp-json\/wp\/v2\/pages\/12676"}],"wp:attachment":[{"href":"https:\/\/elfsight.com\/pt\/wp-json\/wp\/v2\/media?parent=13235"}],"curies":[{"name":"wp","href":"https:\/\/api.w.org\/{rel}","templated":true}]}}