{"id":13229,"date":"2024-09-30T18:27:29","date_gmt":"2024-09-30T18:27:29","guid":{"rendered":"https:\/\/elfsight.com\/pt\/?page_id=13229"},"modified":"2024-12-16T17:31:27","modified_gmt":"2024-12-16T17:31:27","slug":"drupal","status":"publish","type":"page","link":"https:\/\/elfsight.com\/pt\/website-translator-widget\/drupal\/","title":{"rendered":"website translator &#8211; drupal"},"content":{"rendered":"<div class=\"application-platform-content-item-description application-platform-content-item\" id=\"description\" data-nav-section=\"description\"> <h2>Incorpore o tradutor de websites no Drupal com um plugin Elfsight<\/h2> <p>Uma boa ideia para melhorar o desempenho online do seu neg\u00f3cio e atrair um p\u00fablico internacional p\u00fablico \u00e9 a integra\u00e7\u00e3o do nosso widget Website Translator para Drupal. Ao traduzir facilmente o conte\u00fado do seu site, este widget garante que sua mensagem atraia clientes de diversas origens lingu\u00edsticas, ajudando a quebrar as barreiras lingu\u00edsticas e aumentar o alcance do seu neg\u00f3cio. <\/p><p>Nosso tradutor de sites oferece tradu\u00e7\u00e3o autom\u00e1tica instant\u00e2nea de sites aprimorada pela IA do Google, com suporte para mais de 130 idiomas. Ele pode lembrar as prefer\u00eancias de idioma do visitante, criando uma experi\u00eancia de navega\u00e7\u00e3o personalizada que mant\u00e9m os usu\u00e1rios engajados. Globalize sem esfor\u00e7o o seu site Drupal e conecte-se com diversos p\u00fablicos por meio da solu\u00e7\u00e3o de tradu\u00e7\u00e3o de ponta. <\/p><p><b>Promova seus produtos e servi\u00e7os em qualquer lugar do mundo com o widget de troca de idioma f\u00e1cil de usar! <\/b><\/p><\/div> <div class=\"application-platform-content-item-features application-platform-content-item\" id=\"features\" data-nav-section=\"features\"> <h2>Oferecemos recursos pr\u00e1ticos e r\u00e1pidos, veja alguns deles: <\/h2><ul><li>tradu\u00e7\u00e3o autom\u00e1tica imediata de sites<\/li><li>Tradu\u00e7\u00e3o baseada em IA do Google<\/li><li>Suporte para mais de 130 idiomas<\/li><li>Salvar configura\u00e7\u00f5es do visitante<\/li><li>V\u00e1rios estilos de widget predefinidos<\/li><\/ul><p><a href=\"#demo\">Explore todas as op\u00e7\u00f5es de personaliza\u00e7\u00e3o na demonstra\u00e7\u00e3o completa<\/a><\/p><\/div> <div class=\"application-platform-content-item-installation application-platform-content-item\" id=\"installation\" data-nav-section=\"installation\"> <h2>Como pode Integro o Website Translator na minha p\u00e1gina Drupal? <\/h2><p>Basta seguir as orienta\u00e7\u00f5es abaixo para come\u00e7ar a trabalhar com o widget. <\/p><ol><li><b>Inicie nosso editor gratuito e comece a moldar seu widget exclusivo. <\/b><br>Escolha a interface personalizada e a funcionalidade da ferramenta e aplique as corre\u00e7\u00f5es. <\/li> <li><b>Copie o seu c\u00f3digo pessoal que aparece na janela das aplica\u00e7\u00f5es Elfsight. <\/b><br>Assim que o estabelecimento de sua ferramenta for conclu\u00eddo, copie o c\u00f3digo individual do pop-up que surgiu e salve-o para uso posterior. <\/li> <li><b>Comece a usar o widget no site Drupal. <\/b><br>Insira o c\u00f3digo salvo recentemente em sua p\u00e1gina web e salve as modifica\u00e7\u00f5es. <\/li> <li><b>Conclu\u00eddo! A integra\u00e7\u00e3o \u00e9 totalmente realizada. <\/b><br>Acesse seu site para ver como o widget est\u00e1 funcionando. <\/li><\/ol><p>Se tiver d\u00favidas ou encontrar alguma dificuldade, n\u00e3o hesite em escrever para nossa equipe de suporte. Nosso pessoal est\u00e1 ansioso para resolver todas as d\u00favidas que voc\u00ea possa ter com o widget. <\/p><\/div>","protected":false},"excerpt":{"rendered":"","protected":false},"author":9,"featured_media":0,"parent":12676,"menu_order":0,"comment_status":"closed","ping_status":"closed","template":"templates\/template-application-platform.php","meta":{"publish_to_discourse":"","publish_post_category":"","wpdc_auto_publish_overridden":"","wpdc_topic_tags":"","wpdc_pin_topic":"","wpdc_pin_until":"","discourse_post_id":"","discourse_permalink":"","wpdc_publishing_response":"","wpdc_publishing_error":"","footnotes":""},"class_list":["post-13229","page","type-page","status-publish","hentry"],"yoast_head":"<!-- This site is optimized with the Yoast SEO plugin v25.3.1 - https:\/\/yoast.com\/wordpress\/plugins\/seo\/ -->\n<title>Widget de tradutor de site - Incorporar tradutor gratuito para Drupal<\/title>\n<meta name=\"description\" content=\"Adicione um widget de tradutor de sites integrado ao seu site Drupal. Utilize a demonstra\u00e7\u00e3o intuitiva da Elfsight para criar facilmente a sua solu\u00e7\u00e3o personalizada.\" \/>\n<meta name=\"robots\" content=\"index, follow, max-snippet:-1, max-image-preview:large, max-video-preview:-1\" \/>\n<link rel=\"canonical\" href=\"https:\/\/elfsight.com\/pt\/website-translator-widget\/drupal\/\" \/>\n<meta property=\"og:locale\" content=\"pt_PT\" \/>\n<meta property=\"og:type\" content=\"article\" \/>\n<meta property=\"og:title\" content=\"Widget de tradutor de site - Incorporar tradutor gratuito para Drupal\" \/>\n<meta property=\"og:description\" content=\"Adicione um widget de tradutor de sites integrado ao seu site Drupal. Utilize a demonstra\u00e7\u00e3o intuitiva da Elfsight para criar facilmente a sua solu\u00e7\u00e3o personalizada.\" \/>\n<meta property=\"og:url\" content=\"https:\/\/elfsight.com\/pt\/website-translator-widget\/drupal\/\" \/>\n<meta property=\"og:site_name\" content=\"Elfsight PT\" \/>\n<meta property=\"article:modified_time\" content=\"2024-12-16T17:31:27+00:00\" \/>\n<meta name=\"twitter:card\" content=\"summary_large_image\" \/>\n<meta name=\"twitter:label1\" content=\"Tempo estimado de leitura\" \/>\n\t<meta name=\"twitter:data1\" content=\"2 minutos\" \/>\n<!-- \/ Yoast SEO plugin. -->","yoast_head_json":{"title":"Widget de tradutor de site - Incorporar tradutor gratuito para Drupal","description":"Adicione um widget de tradutor de sites integrado ao seu site Drupal. Utilize a demonstra\u00e7\u00e3o intuitiva da Elfsight para criar facilmente a sua solu\u00e7\u00e3o personalizada.","robots":{"index":"index","follow":"follow","max-snippet":"max-snippet:-1","max-image-preview":"max-image-preview:large","max-video-preview":"max-video-preview:-1"},"canonical":"https:\/\/elfsight.com\/pt\/website-translator-widget\/drupal\/","og_locale":"pt_PT","og_type":"article","og_title":"Widget de tradutor de site - Incorporar tradutor gratuito para Drupal","og_description":"Adicione um widget de tradutor de sites integrado ao seu site Drupal. Utilize a demonstra\u00e7\u00e3o intuitiva da Elfsight para criar facilmente a sua solu\u00e7\u00e3o personalizada.","og_url":"https:\/\/elfsight.com\/pt\/website-translator-widget\/drupal\/","og_site_name":"Elfsight PT","article_modified_time":"2024-12-16T17:31:27+00:00","twitter_card":"summary_large_image","twitter_misc":{"Tempo estimado de leitura":"2 minutos"},"schema":{"@context":"https:\/\/schema.org","@graph":[{"@type":"WebPage","@id":"https:\/\/elfsight.com\/pt\/website-translator-widget\/drupal\/","url":"https:\/\/elfsight.com\/pt\/website-translator-widget\/drupal\/","name":"Widget de tradutor de site - Incorporar tradutor gratuito para Drupal","isPartOf":{"@id":"https:\/\/elfsight.com\/pt\/#website"},"datePublished":"2024-09-30T18:27:29+00:00","dateModified":"2024-12-16T17:31:27+00:00","description":"Adicione um widget de tradutor de sites integrado ao seu site Drupal. Utilize a demonstra\u00e7\u00e3o intuitiva da Elfsight para criar facilmente a sua solu\u00e7\u00e3o personalizada.","breadcrumb":{"@id":"https:\/\/elfsight.com\/pt\/website-translator-widget\/drupal\/#breadcrumb"},"inLanguage":"pt-PT","potentialAction":[{"@type":"ReadAction","target":["https:\/\/elfsight.com\/pt\/website-translator-widget\/drupal\/"]}]},{"@type":"BreadcrumbList","@id":"https:\/\/elfsight.com\/pt\/website-translator-widget\/drupal\/#breadcrumb","itemListElement":[{"@type":"ListItem","position":1,"name":"Home","item":"https:\/\/elfsight.com\/pt\/"},{"@type":"ListItem","position":2,"name":"website translator &#8211; drupal"}]},{"@type":"WebSite","@id":"https:\/\/elfsight.com\/pt\/#website","url":"https:\/\/elfsight.com\/pt\/","name":"Elfsight PT","description":"Just another Elfsight Sites site","potentialAction":[{"@type":"SearchAction","target":{"@type":"EntryPoint","urlTemplate":"https:\/\/elfsight.com\/pt\/?s={search_term_string}"},"query-input":{"@type":"PropertyValueSpecification","valueRequired":true,"valueName":"search_term_string"}}],"inLanguage":"pt-PT"}]}},"meta_box":{"industry":"","seo_heading":"","heading":"","description":"","cta_heading":"","cta_description":"","application":"12670","h1":"M\u00f3dulo Drupal Website Translator","h1_caption":"Traduza automaticamente o conte\u00fado do seu site em v\u00e1rios idiomas, tornando-o acess\u00edvel a um p\u00fablico global em seu site Drupal sem esfor\u00e7o.","application_category":[],"applications_title":"","applications_request_title":"","applications_request_button_text":"","hero_text":"","hero_video":"","hero_video_schema_markup":"","selling_points_title":"","selling_points_caption":"","selling_points":[],"selling_points_cta_text":"","features_title":"","features":"","ed_cta_examples_text":"","ed_cta_examples_hidden":"","ed_cta_demo_text":"","ed_cta_demo_hidden":"","why_caption":"","why_editor_title":"","why_editor_text":"","why_team_title":"","why_team_text":"","why_service_title":"","why_service_text":"","template_catalog_visible":"","template_catalog_title":"","template_catalog_text":"","template_catalog_categories_visible":"","demo_title":"Crie seu m\u00f3dulo Tradutor de Sites","demo_caption":"Configure o seu Tradutor de Sites e adicione-o ao seu site Drupal gratuitamente!","default_faq_hidden":"","app_template_category":[],"platform":"4905","template_public_id":"","codecanyon_url":"","codecanyon_item_id":"","codecanyon_price":"","pricing_caption":"","pricing_elfsight_apps_hide_column":"","pricing_elfsight_apps_url":"","pricing_codecanyon_price_caption":"","integration_category":[],"integration_request_title":"","integration_request_cta":"","integration_platform":"","integrations":[],"platform_category":[],"video_schema_markup":"","price":"a partir de $ 0 \/ m\u00eas","trial":"","benefits":[{"text":"Assist\u00eancia de instala\u00e7\u00e3o gratuita"},{"text":"Suporte premium"},{"text":"Garantia de devolu\u00e7\u00e3o do dinheiro em 14 dias"},{"text":"Atualizando constantemente"}],"button_url":"#demo","button_target_blank":"","button_nofollow":"","attributes":[{"name":"Instalar","content":"50,000 - 100,000"},{"name":"Responsivo","content":"Sim"},{"name":"Navegadores compat\u00edveis","content":"Firefox, Safari, Opera, Chrome, Edge"}],"tags":[],"tags_disable_links":"","hide_more_platforms":"","video_object":"","demo_hide_cta":"","demo_hide_cloud_options":"","pricing_title":"","pricing":[{"pricing_icon":"platform","pricing_title":"Elfsight Apps","pricing_title_caption":"Solu\u00e7\u00e3o digital independente de plataforma","pricing_price":"a partir de $ 0 \/ m\u00eas","pricing_price_caption":"comece com um plano gratuito","pricing_benefits":[{"text":"Sites ilimitados"},{"text":"Suporte gratuito \u00e0 empresa"},{"text":"Servi\u00e7o de instala\u00e7\u00e3o gratuito"},{"text":"Totalmente personaliz\u00e1vel"}],"pricing_button_text":"Adicionar ao site","pricing_button_url":"#demo"}],"related_apps_title":"","related_apps_hidden":"","author":"","image":[],"title":"","job":"","social_networks":[]},"_links":{"self":[{"href":"https:\/\/elfsight.com\/pt\/wp-json\/wp\/v2\/pages\/13229","targetHints":{"allow":["GET"]}}],"collection":[{"href":"https:\/\/elfsight.com\/pt\/wp-json\/wp\/v2\/pages"}],"about":[{"href":"https:\/\/elfsight.com\/pt\/wp-json\/wp\/v2\/types\/page"}],"author":[{"embeddable":true,"href":"https:\/\/elfsight.com\/pt\/wp-json\/wp\/v2\/users\/9"}],"replies":[{"embeddable":true,"href":"https:\/\/elfsight.com\/pt\/wp-json\/wp\/v2\/comments?post=13229"}],"version-history":[{"count":1,"href":"https:\/\/elfsight.com\/pt\/wp-json\/wp\/v2\/pages\/13229\/revisions"}],"predecessor-version":[{"id":13233,"href":"https:\/\/elfsight.com\/pt\/wp-json\/wp\/v2\/pages\/13229\/revisions\/13233"}],"up":[{"embeddable":true,"href":"https:\/\/elfsight.com\/pt\/wp-json\/wp\/v2\/pages\/12676"}],"wp:attachment":[{"href":"https:\/\/elfsight.com\/pt\/wp-json\/wp\/v2\/media?parent=13229"}],"curies":[{"name":"wp","href":"https:\/\/api.w.org\/{rel}","templated":true}]}}