{"id":13227,"date":"2024-09-30T18:27:29","date_gmt":"2024-09-30T18:27:29","guid":{"rendered":"https:\/\/elfsight.com\/pt\/?page_id=13227"},"modified":"2024-12-16T17:31:27","modified_gmt":"2024-12-16T17:31:27","slug":"opencart","status":"publish","type":"page","link":"https:\/\/elfsight.com\/pt\/website-translator-widget\/opencart\/","title":{"rendered":"website translator &#8211; opencart"},"content":{"rendered":"<div class=\"application-platform-content-item-description application-platform-content-item\" id=\"description\" data-nav-section=\"description\"> <h2>Incorpore o tradutor de sites no OpenCart com um plugin Elfsight<\/h2> <p>Uma \u00f3tima ideia para elevar a presen\u00e7a on-line da sua empresa e alcan\u00e7ar um p\u00fablico internacional p\u00fablico \u00e9 a integra\u00e7\u00e3o do nosso widget Website Translator para OpenCart. Ao traduzir facilmente o conte\u00fado do seu site, este widget garante que a sua mensagem atraia clientes de diversas comunidades lingu\u00edsticas, ajudando a quebrar as barreiras lingu\u00edsticas e a aumentar o alcance do seu neg\u00f3cio. <\/p><p>Nosso tradutor de sites fornece tradu\u00e7\u00e3o autom\u00e1tica imediata de sites com tecnologia da IA \u200b\u200bdo Google, mantendo mais de 130 idiomas. Ele pode lembrar as escolhas de idioma do visitante, permitindo uma experi\u00eancia de navega\u00e7\u00e3o individual que mant\u00e9m os visitantes envolvidos. Globalize sem esfor\u00e7o seu site OpenCart e conecte-se com v\u00e1rios p\u00fablicos por meio da solu\u00e7\u00e3o de tradu\u00e7\u00e3o de ponta. <\/p><p><b>Promova seus produtos e servi\u00e7os em todo o mundo com o widget de troca de idioma f\u00e1cil de usar! <\/b><\/p><\/div> <div class=\"application-platform-content-item-features application-platform-content-item\" id=\"features\" data-nav-section=\"features\"> <h2>Estes s\u00e3o apenas alguns dos v\u00e1rios recursos do widget: <\/h2><ul><li>Tradu\u00e7\u00e3o autom\u00e1tica instant\u00e2nea de sites<\/li><li>Tradu\u00e7\u00e3o aprimorada pela IA do Google<\/li><li>Suporte para mais de 130 idiomas<\/li><li>Salvar prefer\u00eancias do usu\u00e1rio<\/li><li>V\u00e1rios widgets de modelo estilos<\/li><\/ul><p><a href=\"#demo\">Teste todas as op\u00e7\u00f5es de personaliza\u00e7\u00e3o em uma demonstra\u00e7\u00e3o completa<\/a><\/p><\/div> <div class=\"application-platform-content-item-installation application-platform-content-item\" id=\"installation\" data-nav-section=\"installation\"> <h2>Como fa\u00e7o para integrar o Website Translator em minha p\u00e1gina OpenCart? <\/h2><p>Basta seguir as orienta\u00e7\u00f5es abaixo para come\u00e7ar a usar o widget. <\/p><ol><li><b>Inicie nosso editor gratuito e comece a formar seu instrumento exclusivo. <\/b><br>Escolha o design e as caracter\u00edsticas desej\u00e1veis \u200b\u200bdo plugin e aplique as edi\u00e7\u00f5es. <\/li> <li><b>Copie o c\u00f3digo pessoal que aparece na caixa dos aplicativos Elfsight. <\/b><br>Quando a instala\u00e7\u00e3o da sua ferramenta terminar, copie o c\u00f3digo pessoal na caixa exibida e guarde-o para uso posterior. <\/li> <li><b>Comece a usar a ferramenta no seu site OpenCart. <\/b><br>Integre o c\u00f3digo copiado recentemente em sua p\u00e1gina da web e aplique os ajustes. <\/li> <li><b>Conclu\u00eddo! A incorpora\u00e7\u00e3o foi realizada com sucesso. <\/b><br>Acesse seu site para ver o funcionamento da ferramenta. <\/li><\/ol><p>Supondo que voc\u00ea tenha algum problema, n\u00e3o tenha medo de escrever para nossa equipe de atendimento ao cliente. Nossos especialistas ter\u00e3o prazer em ajud\u00e1-lo com todas as dificuldades que voc\u00ea possa ter com o widget. <\/p><\/div>","protected":false},"excerpt":{"rendered":"","protected":false},"author":9,"featured_media":0,"parent":12676,"menu_order":0,"comment_status":"closed","ping_status":"closed","template":"templates\/template-application-platform.php","meta":{"publish_to_discourse":"","publish_post_category":"","wpdc_auto_publish_overridden":"","wpdc_topic_tags":"","wpdc_pin_topic":"","wpdc_pin_until":"","discourse_post_id":"","discourse_permalink":"","wpdc_publishing_response":"","wpdc_publishing_error":"","footnotes":""},"class_list":["post-13227","page","type-page","status-publish","hentry"],"yoast_head":"<!-- This site is optimized with the Yoast SEO plugin v25.3.1 - https:\/\/yoast.com\/wordpress\/plugins\/seo\/ -->\n<title>Widget tradutor de site - incorporar tradutor de conte\u00fado no OpenCart<\/title>\n<meta name=\"description\" content=\"Adicione um widget Website Translator sem c\u00f3digo ao seu site OpenCart. Experimente a demonstra\u00e7\u00e3o simples da Elfsight para criar facilmente a sua solu\u00e7\u00e3o pessoal.\" \/>\n<meta name=\"robots\" content=\"index, follow, max-snippet:-1, max-image-preview:large, max-video-preview:-1\" \/>\n<link rel=\"canonical\" href=\"https:\/\/elfsight.com\/pt\/website-translator-widget\/opencart\/\" \/>\n<meta property=\"og:locale\" content=\"pt_PT\" \/>\n<meta property=\"og:type\" content=\"article\" \/>\n<meta property=\"og:title\" content=\"Widget tradutor de site - incorporar tradutor de conte\u00fado no OpenCart\" \/>\n<meta property=\"og:description\" content=\"Adicione um widget Website Translator sem c\u00f3digo ao seu site OpenCart. Experimente a demonstra\u00e7\u00e3o simples da Elfsight para criar facilmente a sua solu\u00e7\u00e3o pessoal.\" \/>\n<meta property=\"og:url\" content=\"https:\/\/elfsight.com\/pt\/website-translator-widget\/opencart\/\" \/>\n<meta property=\"og:site_name\" content=\"Elfsight PT\" \/>\n<meta property=\"article:modified_time\" content=\"2024-12-16T17:31:27+00:00\" \/>\n<meta name=\"twitter:card\" content=\"summary_large_image\" \/>\n<meta name=\"twitter:label1\" content=\"Tempo estimado de leitura\" \/>\n\t<meta name=\"twitter:data1\" content=\"2 minutos\" \/>\n<!-- \/ Yoast SEO plugin. -->","yoast_head_json":{"title":"Widget tradutor de site - incorporar tradutor de conte\u00fado no OpenCart","description":"Adicione um widget Website Translator sem c\u00f3digo ao seu site OpenCart. Experimente a demonstra\u00e7\u00e3o simples da Elfsight para criar facilmente a sua solu\u00e7\u00e3o pessoal.","robots":{"index":"index","follow":"follow","max-snippet":"max-snippet:-1","max-image-preview":"max-image-preview:large","max-video-preview":"max-video-preview:-1"},"canonical":"https:\/\/elfsight.com\/pt\/website-translator-widget\/opencart\/","og_locale":"pt_PT","og_type":"article","og_title":"Widget tradutor de site - incorporar tradutor de conte\u00fado no OpenCart","og_description":"Adicione um widget Website Translator sem c\u00f3digo ao seu site OpenCart. Experimente a demonstra\u00e7\u00e3o simples da Elfsight para criar facilmente a sua solu\u00e7\u00e3o pessoal.","og_url":"https:\/\/elfsight.com\/pt\/website-translator-widget\/opencart\/","og_site_name":"Elfsight PT","article_modified_time":"2024-12-16T17:31:27+00:00","twitter_card":"summary_large_image","twitter_misc":{"Tempo estimado de leitura":"2 minutos"},"schema":{"@context":"https:\/\/schema.org","@graph":[{"@type":"WebPage","@id":"https:\/\/elfsight.com\/pt\/website-translator-widget\/opencart\/","url":"https:\/\/elfsight.com\/pt\/website-translator-widget\/opencart\/","name":"Widget tradutor de site - incorporar tradutor de conte\u00fado no OpenCart","isPartOf":{"@id":"https:\/\/elfsight.com\/pt\/#website"},"datePublished":"2024-09-30T18:27:29+00:00","dateModified":"2024-12-16T17:31:27+00:00","description":"Adicione um widget Website Translator sem c\u00f3digo ao seu site OpenCart. Experimente a demonstra\u00e7\u00e3o simples da Elfsight para criar facilmente a sua solu\u00e7\u00e3o pessoal.","breadcrumb":{"@id":"https:\/\/elfsight.com\/pt\/website-translator-widget\/opencart\/#breadcrumb"},"inLanguage":"pt-PT","potentialAction":[{"@type":"ReadAction","target":["https:\/\/elfsight.com\/pt\/website-translator-widget\/opencart\/"]}]},{"@type":"BreadcrumbList","@id":"https:\/\/elfsight.com\/pt\/website-translator-widget\/opencart\/#breadcrumb","itemListElement":[{"@type":"ListItem","position":1,"name":"Home","item":"https:\/\/elfsight.com\/pt\/"},{"@type":"ListItem","position":2,"name":"website translator &#8211; opencart"}]},{"@type":"WebSite","@id":"https:\/\/elfsight.com\/pt\/#website","url":"https:\/\/elfsight.com\/pt\/","name":"Elfsight PT","description":"Just another Elfsight Sites site","potentialAction":[{"@type":"SearchAction","target":{"@type":"EntryPoint","urlTemplate":"https:\/\/elfsight.com\/pt\/?s={search_term_string}"},"query-input":{"@type":"PropertyValueSpecification","valueRequired":true,"valueName":"search_term_string"}}],"inLanguage":"pt-PT"}]}},"meta_box":{"industry":"","seo_heading":"","heading":"","description":"","cta_heading":"","cta_description":"","application":"12670","h1":"Extens\u00e3o do tradutor de sites OpenCart","h1_caption":"Traduza automaticamente o conte\u00fado do seu site em v\u00e1rios idiomas, tornando-o acess\u00edvel a um p\u00fablico global em seu site Opencart sem esfor\u00e7o.","application_category":[],"applications_title":"","applications_request_title":"","applications_request_button_text":"","hero_text":"","hero_video":"","hero_video_schema_markup":"","selling_points_title":"","selling_points_caption":"","selling_points":[],"selling_points_cta_text":"","features_title":"","features":"","ed_cta_examples_text":"","ed_cta_examples_hidden":"","ed_cta_demo_text":"","ed_cta_demo_hidden":"","why_caption":"","why_editor_title":"","why_editor_text":"","why_team_title":"","why_team_text":"","why_service_title":"","why_service_text":"","template_catalog_visible":"","template_catalog_title":"","template_catalog_text":"","template_catalog_categories_visible":"","demo_title":"Crie sua extens\u00e3o do tradutor de sites","demo_caption":"Configure seu tradutor de sites e adicione-o ao seu site OpenCart gratuitamente!","default_faq_hidden":"","app_template_category":[],"platform":"61","template_public_id":"","codecanyon_url":"","codecanyon_item_id":"","codecanyon_price":"","pricing_caption":"","pricing_elfsight_apps_hide_column":"","pricing_elfsight_apps_url":"","pricing_codecanyon_price_caption":"","integration_category":[],"integration_request_title":"","integration_request_cta":"","integration_platform":"","integrations":[],"platform_category":[],"video_schema_markup":"","price":"a partir de $ 0 \/ m\u00eas","trial":"","benefits":[{"text":"Ajuda de instala\u00e7\u00e3o gratuita"},{"text":"Atendimento ao cliente competente"},{"text":"Garantia de reembolso de 14 dias"},{"text":"Melhorias futuras"}],"button_url":"#demo","button_target_blank":"","button_nofollow":"","attributes":[{"name":"Instalar","content":"50,000 - 100,000"},{"name":"Responsivo","content":"Sim"},{"name":"Navegadores compat\u00edveis","content":"Firefox, Safari, Opera, Chrome, Edge"}],"tags":[],"tags_disable_links":"","hide_more_platforms":"","video_object":"","demo_hide_cta":"","demo_hide_cloud_options":"","pricing_title":"","pricing":[{"pricing_icon":"platform","pricing_title":"Elfsight Apps","pricing_title_caption":"Solu\u00e7\u00e3o digital independente de plataforma","pricing_price":"a partir de $ 0 \/ m\u00eas","pricing_price_caption":"comece com um plano gratuito","pricing_benefits":[{"text":"Sites ilimitados"},{"text":"Suporte gratuito da empresa e bem documentado"},{"text":"Assist\u00eancia de instala\u00e7\u00e3o gratuita"},{"text":"Design flex\u00edvel"}],"pricing_button_text":"Adicionar ao site","pricing_button_url":"#demo"}],"related_apps_title":"","related_apps_hidden":"","author":"","image":[],"title":"","job":"","social_networks":[]},"_links":{"self":[{"href":"https:\/\/elfsight.com\/pt\/wp-json\/wp\/v2\/pages\/13227","targetHints":{"allow":["GET"]}}],"collection":[{"href":"https:\/\/elfsight.com\/pt\/wp-json\/wp\/v2\/pages"}],"about":[{"href":"https:\/\/elfsight.com\/pt\/wp-json\/wp\/v2\/types\/page"}],"author":[{"embeddable":true,"href":"https:\/\/elfsight.com\/pt\/wp-json\/wp\/v2\/users\/9"}],"replies":[{"embeddable":true,"href":"https:\/\/elfsight.com\/pt\/wp-json\/wp\/v2\/comments?post=13227"}],"version-history":[{"count":1,"href":"https:\/\/elfsight.com\/pt\/wp-json\/wp\/v2\/pages\/13227\/revisions"}],"predecessor-version":[{"id":13231,"href":"https:\/\/elfsight.com\/pt\/wp-json\/wp\/v2\/pages\/13227\/revisions\/13231"}],"up":[{"embeddable":true,"href":"https:\/\/elfsight.com\/pt\/wp-json\/wp\/v2\/pages\/12676"}],"wp:attachment":[{"href":"https:\/\/elfsight.com\/pt\/wp-json\/wp\/v2\/media?parent=13227"}],"curies":[{"name":"wp","href":"https:\/\/api.w.org\/{rel}","templated":true}]}}