{"id":13222,"date":"2024-09-30T18:27:29","date_gmt":"2024-09-30T18:27:29","guid":{"rendered":"https:\/\/elfsight.com\/pt\/?page_id=13222"},"modified":"2024-12-16T17:31:18","modified_gmt":"2024-12-16T17:31:18","slug":"jquery","status":"publish","type":"page","link":"https:\/\/elfsight.com\/pt\/website-translator-widget\/jquery\/","title":{"rendered":"website translator &#8211; jquery"},"content":{"rendered":"<div class=\"application-platform-content-item-description application-platform-content-item\" id=\"description\" data-nav-section=\"description\"> <h2>Incorpore o tradutor de sites em jQuery com um plugin da Elfsight<\/h2> <p>Uma \u00f3tima ideia para melhorar a presen\u00e7a online da sua empresa e atrair um p\u00fablico internacional p\u00fablico est\u00e1 recebendo nosso widget Tradutor de sites para jQuery. Ao traduzir suavemente o conte\u00fado do seu site, este widget garante que a sua mensagem ressoe junto aos clientes de diferentes origens lingu\u00edsticas, ajudando a superar as barreiras lingu\u00edsticas e a expandir o seu alcance no mercado. <\/p><p>Nosso tradutor de sites oferece tradu\u00e7\u00e3o autom\u00e1tica imediata de sites impulsionada pela IA do Google, com suporte para mais de 130 idiomas. Ele pode lembrar as configura\u00e7\u00f5es de idioma do visitante, permitindo uma experi\u00eancia de navega\u00e7\u00e3o personalizada que mant\u00e9m os visitantes envolvidos. Globalize sem esfor\u00e7o seu site jQuery e conecte-se com v\u00e1rios p\u00fablicos por meio da tecnologia de tradu\u00e7\u00e3o de ponta. <\/p><p><b>Promova seus produtos e servi\u00e7os em todo o mundo com o widget de troca de idioma f\u00e1cil de usar! <\/b><\/p><\/div> <div class=\"application-platform-content-item-features application-platform-content-item\" id=\"features\" data-nav-section=\"features\"> <h2>Abaixo est\u00e3o os principais recursos do widget: <\/h2><ul><li>Tradu\u00e7\u00e3o autom\u00e1tica instant\u00e2nea de sites<\/li><li>Tradu\u00e7\u00e3o aprimorada pela IA do Google<\/li><li>Manuten\u00e7\u00e3o de mais de 130 idiomas<\/li><li>Manuten\u00e7\u00e3o das configura\u00e7\u00f5es do usu\u00e1rio<\/li><li>V\u00e1rios estilos de widgets predefinidos<\/li><\/ul><p><a href=\"#demo\">Explore todos os recursos de personaliza\u00e7\u00e3o em uma demonstra\u00e7\u00e3o completa<\/a><\/p><\/div> <div class=\"application-platform-content-item-installation application-platform-content-item\" id=\"installation\" data-nav-section=\"installation\"> <h2>Como incorporar o Tradutor de sites no meu p\u00e1ginas jQuery? <\/h2><p>Basta aplicar as instru\u00e7\u00f5es abaixo para integrar a ferramenta. <\/p><ol><li><b>Realize nossa demonstra\u00e7\u00e3o gratuita e comece a formar seu plugin personalizado. <\/b><br>Encontre o design desej\u00e1vel e as caracter\u00edsticas funcionais do widget e salve as corre\u00e7\u00f5es. <\/li> <li><b>Receba o c\u00f3digo individual que aparece na caixa dos aplicativos Elfsight. <\/b><br>Ap\u00f3s a conclus\u00e3o da cria\u00e7\u00e3o da sua ferramenta pessoal, copie o c\u00f3digo pessoal na janela que aparece e guarde-o para ocasi\u00f5es posteriores. <\/li> <li><b>Iniciar a utiliza\u00e7\u00e3o do plugin na p\u00e1gina web do jQuery. <\/b><br>Insira o c\u00f3digo salvo anteriormente em seu site e aplique as edi\u00e7\u00f5es. <\/li> <li><b>Conclu\u00eddo! A incorpora\u00e7\u00e3o est\u00e1 totalmente conclu\u00edda. <\/b><br>Acesse sua p\u00e1gina para avaliar o desempenho do widget. <\/li><\/ol><p>Caso tenha d\u00favidas ou tenha alguma complica\u00e7\u00e3o, n\u00e3o hesite em recorrer \u00e0 nossa equipe de suporte. Nosso pessoal est\u00e1 ansioso para resolver todas as d\u00favidas que voc\u00ea possa ter com a ferramenta. <\/p><\/div>","protected":false},"excerpt":{"rendered":"","protected":false},"author":9,"featured_media":0,"parent":12676,"menu_order":0,"comment_status":"closed","ping_status":"closed","template":"templates\/template-application-platform.php","meta":{"publish_to_discourse":"","publish_post_category":"","wpdc_auto_publish_overridden":"","wpdc_topic_tags":"","wpdc_pin_topic":"","wpdc_pin_until":"","discourse_post_id":"","discourse_permalink":"","wpdc_publishing_response":"","wpdc_publishing_error":"","footnotes":""},"class_list":["post-13222","page","type-page","status-publish","hentry"],"yoast_head":"<!-- This site is optimized with the Yoast SEO plugin v25.3.1 - https:\/\/yoast.com\/wordpress\/plugins\/seo\/ -->\n<title>Widget de tradutor de sites - Incorporar tradutor r\u00e1pido em jQuery<\/title>\n<meta name=\"description\" content=\"Adicione um widget Tradutor de sites sem c\u00f3digo ao seu site jQuery. Experimente a demonstra\u00e7\u00e3o r\u00e1pida da Elfsight para construir facilmente a sua solu\u00e7\u00e3o \u00fanica.\" \/>\n<meta name=\"robots\" content=\"index, follow, max-snippet:-1, max-image-preview:large, max-video-preview:-1\" \/>\n<link rel=\"canonical\" href=\"https:\/\/elfsight.com\/pt\/website-translator-widget\/jquery\/\" \/>\n<meta property=\"og:locale\" content=\"pt_PT\" \/>\n<meta property=\"og:type\" content=\"article\" \/>\n<meta property=\"og:title\" content=\"Widget de tradutor de sites - Incorporar tradutor r\u00e1pido em jQuery\" \/>\n<meta property=\"og:description\" content=\"Adicione um widget Tradutor de sites sem c\u00f3digo ao seu site jQuery. Experimente a demonstra\u00e7\u00e3o r\u00e1pida da Elfsight para construir facilmente a sua solu\u00e7\u00e3o \u00fanica.\" \/>\n<meta property=\"og:url\" content=\"https:\/\/elfsight.com\/pt\/website-translator-widget\/jquery\/\" \/>\n<meta property=\"og:site_name\" content=\"Elfsight PT\" \/>\n<meta property=\"article:modified_time\" content=\"2024-12-16T17:31:18+00:00\" \/>\n<meta name=\"twitter:card\" content=\"summary_large_image\" \/>\n<meta name=\"twitter:label1\" content=\"Tempo estimado de leitura\" \/>\n\t<meta name=\"twitter:data1\" content=\"2 minutos\" \/>\n<!-- \/ Yoast SEO plugin. -->","yoast_head_json":{"title":"Widget de tradutor de sites - Incorporar tradutor r\u00e1pido em jQuery","description":"Adicione um widget Tradutor de sites sem c\u00f3digo ao seu site jQuery. Experimente a demonstra\u00e7\u00e3o r\u00e1pida da Elfsight para construir facilmente a sua solu\u00e7\u00e3o \u00fanica.","robots":{"index":"index","follow":"follow","max-snippet":"max-snippet:-1","max-image-preview":"max-image-preview:large","max-video-preview":"max-video-preview:-1"},"canonical":"https:\/\/elfsight.com\/pt\/website-translator-widget\/jquery\/","og_locale":"pt_PT","og_type":"article","og_title":"Widget de tradutor de sites - Incorporar tradutor r\u00e1pido em jQuery","og_description":"Adicione um widget Tradutor de sites sem c\u00f3digo ao seu site jQuery. Experimente a demonstra\u00e7\u00e3o r\u00e1pida da Elfsight para construir facilmente a sua solu\u00e7\u00e3o \u00fanica.","og_url":"https:\/\/elfsight.com\/pt\/website-translator-widget\/jquery\/","og_site_name":"Elfsight PT","article_modified_time":"2024-12-16T17:31:18+00:00","twitter_card":"summary_large_image","twitter_misc":{"Tempo estimado de leitura":"2 minutos"},"schema":{"@context":"https:\/\/schema.org","@graph":[{"@type":"WebPage","@id":"https:\/\/elfsight.com\/pt\/website-translator-widget\/jquery\/","url":"https:\/\/elfsight.com\/pt\/website-translator-widget\/jquery\/","name":"Widget de tradutor de sites - Incorporar tradutor r\u00e1pido em jQuery","isPartOf":{"@id":"https:\/\/elfsight.com\/pt\/#website"},"datePublished":"2024-09-30T18:27:29+00:00","dateModified":"2024-12-16T17:31:18+00:00","description":"Adicione um widget Tradutor de sites sem c\u00f3digo ao seu site jQuery. Experimente a demonstra\u00e7\u00e3o r\u00e1pida da Elfsight para construir facilmente a sua solu\u00e7\u00e3o \u00fanica.","breadcrumb":{"@id":"https:\/\/elfsight.com\/pt\/website-translator-widget\/jquery\/#breadcrumb"},"inLanguage":"pt-PT","potentialAction":[{"@type":"ReadAction","target":["https:\/\/elfsight.com\/pt\/website-translator-widget\/jquery\/"]}]},{"@type":"BreadcrumbList","@id":"https:\/\/elfsight.com\/pt\/website-translator-widget\/jquery\/#breadcrumb","itemListElement":[{"@type":"ListItem","position":1,"name":"Home","item":"https:\/\/elfsight.com\/pt\/"},{"@type":"ListItem","position":2,"name":"website translator &#8211; jquery"}]},{"@type":"WebSite","@id":"https:\/\/elfsight.com\/pt\/#website","url":"https:\/\/elfsight.com\/pt\/","name":"Elfsight PT","description":"Just another Elfsight Sites site","potentialAction":[{"@type":"SearchAction","target":{"@type":"EntryPoint","urlTemplate":"https:\/\/elfsight.com\/pt\/?s={search_term_string}"},"query-input":{"@type":"PropertyValueSpecification","valueRequired":true,"valueName":"search_term_string"}}],"inLanguage":"pt-PT"}]}},"meta_box":{"industry":"","seo_heading":"","heading":"","description":"","cta_heading":"","cta_description":"","application":"12670","h1":"Plug-in tradutor de sites jQuery","h1_caption":"Traduza automaticamente o conte\u00fado do seu site em v\u00e1rios idiomas, tornando-o acess\u00edvel a um p\u00fablico global em seu site jQuery sem esfor\u00e7o.","application_category":[],"applications_title":"","applications_request_title":"","applications_request_button_text":"","hero_text":"","hero_video":"","hero_video_schema_markup":"","selling_points_title":"","selling_points_caption":"","selling_points":[],"selling_points_cta_text":"","features_title":"","features":"","ed_cta_examples_text":"","ed_cta_examples_hidden":"","ed_cta_demo_text":"","ed_cta_demo_hidden":"","why_caption":"","why_editor_title":"","why_editor_text":"","why_team_title":"","why_team_text":"","why_service_title":"","why_service_text":"","template_catalog_visible":"","template_catalog_title":"","template_catalog_text":"","template_catalog_categories_visible":"","demo_title":"Crie seu plugin Tradutor de Sites","demo_caption":"Configure seu tradutor de sites e adicione-o ao seu site jQuery gratuitamente!","default_faq_hidden":"","app_template_category":[],"platform":"55","template_public_id":"","codecanyon_url":"","codecanyon_item_id":"","codecanyon_price":"","pricing_caption":"","pricing_elfsight_apps_hide_column":"","pricing_elfsight_apps_url":"","pricing_codecanyon_price_caption":"","integration_category":[],"integration_request_title":"","integration_request_cta":"","integration_platform":"","integrations":[],"platform_category":[],"video_schema_markup":"","price":"a partir de $ 0 \/ m\u00eas","trial":"","benefits":[{"text":"Ajuda de instala\u00e7\u00e3o gratuita"},{"text":"Atendimento ao cliente eficaz"},{"text":"Garantia de reembolso de 14 dias"},{"text":"Atualiza\u00e7\u00f5es vital\u00edcias"}],"button_url":"#demo","button_target_blank":"","button_nofollow":"","attributes":[{"name":"Instalar","content":"50,000 - 100,000"},{"name":"Responsivo","content":"Sim"},{"name":"Navegadores compat\u00edveis","content":"Firefox, Safari, Opera, Chrome, Edge"}],"tags":[],"tags_disable_links":"","hide_more_platforms":"","video_object":"","demo_hide_cta":"","demo_hide_cloud_options":"","pricing_title":"","pricing":[{"pricing_icon":"platform","pricing_title":"Elfsight Apps","pricing_title_caption":"Solu\u00e7\u00e3o independente de plataforma que funciona em qualquer site","pricing_price":"a partir de $ 0 \/ m\u00eas","pricing_price_caption":"comece com um plano gratuito","pricing_benefits":[{"text":"Sites ilimitados"},{"text":"Suporte dedicado e pontual"},{"text":"Suporte de instala\u00e7\u00e3o gratuito"},{"text":"100% personaliz\u00e1vel"}],"pricing_button_text":"Adicionar ao site","pricing_button_url":"#demo"}],"related_apps_title":"","related_apps_hidden":"","author":"","image":[],"title":"","job":"","social_networks":[]},"_links":{"self":[{"href":"https:\/\/elfsight.com\/pt\/wp-json\/wp\/v2\/pages\/13222","targetHints":{"allow":["GET"]}}],"collection":[{"href":"https:\/\/elfsight.com\/pt\/wp-json\/wp\/v2\/pages"}],"about":[{"href":"https:\/\/elfsight.com\/pt\/wp-json\/wp\/v2\/types\/page"}],"author":[{"embeddable":true,"href":"https:\/\/elfsight.com\/pt\/wp-json\/wp\/v2\/users\/9"}],"replies":[{"embeddable":true,"href":"https:\/\/elfsight.com\/pt\/wp-json\/wp\/v2\/comments?post=13222"}],"version-history":[{"count":1,"href":"https:\/\/elfsight.com\/pt\/wp-json\/wp\/v2\/pages\/13222\/revisions"}],"predecessor-version":[{"id":13226,"href":"https:\/\/elfsight.com\/pt\/wp-json\/wp\/v2\/pages\/13222\/revisions\/13226"}],"up":[{"embeddable":true,"href":"https:\/\/elfsight.com\/pt\/wp-json\/wp\/v2\/pages\/12676"}],"wp:attachment":[{"href":"https:\/\/elfsight.com\/pt\/wp-json\/wp\/v2\/media?parent=13222"}],"curies":[{"name":"wp","href":"https:\/\/api.w.org\/{rel}","templated":true}]}}