{"id":13219,"date":"2024-09-30T18:27:29","date_gmt":"2024-09-30T18:27:29","guid":{"rendered":"https:\/\/elfsight.com\/pt\/?page_id=13219"},"modified":"2024-12-16T17:31:18","modified_gmt":"2024-12-16T17:31:18","slug":"prestashop","status":"publish","type":"page","link":"https:\/\/elfsight.com\/pt\/website-translator-widget\/prestashop\/","title":{"rendered":"website translator &#8211; prestashop"},"content":{"rendered":"<div class=\"application-platform-content-item-description application-platform-content-item\" id=\"description\" data-nav-section=\"description\"> <h2>Incorpore o tradutor de sites no PrestaShop com um plugin Elfsight<\/h2> <p>Uma ideia \u00fatil para elevar a presen\u00e7a online da sua empresa e atrair um p\u00fablico internacional p\u00fablico est\u00e1 incorporando nosso widget Website Translator para PrestaShop. Ao traduzir perfeitamente o conte\u00fado do seu site, este widget garante que a sua mensagem atraia visitantes de diferentes comunidades lingu\u00edsticas, ajudando a lidar com as barreiras lingu\u00edsticas e a ampliar o alcance do seu neg\u00f3cio. <\/p><p>Nosso tradutor de sites oferece tradu\u00e7\u00e3o automatizada imediata de sites, conduzida pela IA do Google, com suporte para mais de 130 idiomas. Ele lembra as configura\u00e7\u00f5es de idioma do usu\u00e1rio, criando uma experi\u00eancia de navega\u00e7\u00e3o personalizada que mant\u00e9m os usu\u00e1rios engajados. Globalize perfeitamente o seu site PrestaShop e conecte-se com v\u00e1rios p\u00fablicos por meio da tecnologia de tradu\u00e7\u00e3o avan\u00e7ada. <\/p><p><b>Ofere\u00e7a seus produtos e servi\u00e7os em todo o mundo com o widget simples de troca de idioma! <\/b><\/p><\/div> <div class=\"application-platform-content-item-features application-platform-content-item\" id=\"features\" data-nav-section=\"features\"> <h2>Aqui est\u00e3o os recursos centrais do widget: <\/h2><ul><li>Tradu\u00e7\u00e3o autom\u00e1tica instant\u00e2nea de sites<\/li><li>Tradu\u00e7\u00e3o baseada em IA do Google<\/li><li>Manuten\u00e7\u00e3o de mais de 130 idiomas<\/li><li>Salvar configura\u00e7\u00f5es do visitante<\/li><li>V\u00e1rios widgets predefinidos estilos<\/li><\/ul><p><a href=\"#demo\">Experimente todas as op\u00e7\u00f5es de personaliza\u00e7\u00e3o na demonstra\u00e7\u00e3o completa<\/a><\/p><\/div> <div class=\"application-platform-content-item-installation application-platform-content-item\" id=\"installation\" data-nav-section=\"installation\"> <h2>Como integro o Website Translator na minha plataforma PrestaShop? <\/h2><p>Basta seguir algumas etapas abaixo para integrar o widget. <\/p><ol><li><b>Inicie nosso editor gratuito e comece a criar seu widget personalizado. <\/b><br>Escolha o layout e os recursos preferidos do plugin e aplique as corre\u00e7\u00f5es. <\/li> <li><b>Receba o seu c\u00f3digo pessoal que aparece na janela das aplica\u00e7\u00f5es Elfsight. <\/b><br>Ap\u00f3s finalizar a customiza\u00e7\u00e3o da sua ferramenta, copie o c\u00f3digo pessoal no pop-up exibido e guarde-o para futuras ocasi\u00f5es. <\/li> <li><b>Inicie o uso do widget na p\u00e1gina inicial do PrestaShop. <\/b><br>Coloque o c\u00f3digo que voc\u00ea salvou recentemente em sua p\u00e1gina e salve os ajustes. <\/li> <li><b>Pronto! A integra\u00e7\u00e3o \u00e9 totalmente realizada. <\/b><br>Acesse seu site para ver como o widget est\u00e1 funcionando. <\/li><\/ol><p>Se voc\u00ea encontrar algum obst\u00e1culo, n\u00e3o hesite em solicitar nossa equipe de suporte. Nosso pessoal est\u00e1 ansioso para resolver todas as dificuldades que voc\u00ea possa ter com a ferramenta. <\/p><\/div>","protected":false},"excerpt":{"rendered":"","protected":false},"author":9,"featured_media":0,"parent":12676,"menu_order":0,"comment_status":"closed","ping_status":"closed","template":"templates\/template-application-platform.php","meta":{"publish_to_discourse":"","publish_post_category":"","wpdc_auto_publish_overridden":"","wpdc_topic_tags":"","wpdc_pin_topic":"","wpdc_pin_until":"","discourse_post_id":"","discourse_permalink":"","wpdc_publishing_response":"","wpdc_publishing_error":"","footnotes":""},"class_list":["post-13219","page","type-page","status-publish","hentry"],"yoast_head":"<!-- This site is optimized with the Yoast SEO plugin v25.3.1 - https:\/\/yoast.com\/wordpress\/plugins\/seo\/ -->\n<title>Widget tradutor de site - Adicionar tradutor de conte\u00fado no PrestaShop<\/title>\n<meta name=\"description\" content=\"Adicione um widget de tradutor de sites integrado ao seu site PrestaShop. Utilize a demonstra\u00e7\u00e3o r\u00e1pida da Elfsight para criar facilmente a sua solu\u00e7\u00e3o personalizada.\" \/>\n<meta name=\"robots\" content=\"index, follow, max-snippet:-1, max-image-preview:large, max-video-preview:-1\" \/>\n<link rel=\"canonical\" href=\"https:\/\/elfsight.com\/pt\/website-translator-widget\/prestashop\/\" \/>\n<meta property=\"og:locale\" content=\"pt_PT\" \/>\n<meta property=\"og:type\" content=\"article\" \/>\n<meta property=\"og:title\" content=\"Widget tradutor de site - Adicionar tradutor de conte\u00fado no PrestaShop\" \/>\n<meta property=\"og:description\" content=\"Adicione um widget de tradutor de sites integrado ao seu site PrestaShop. Utilize a demonstra\u00e7\u00e3o r\u00e1pida da Elfsight para criar facilmente a sua solu\u00e7\u00e3o personalizada.\" \/>\n<meta property=\"og:url\" content=\"https:\/\/elfsight.com\/pt\/website-translator-widget\/prestashop\/\" \/>\n<meta property=\"og:site_name\" content=\"Elfsight PT\" \/>\n<meta property=\"article:modified_time\" content=\"2024-12-16T17:31:18+00:00\" \/>\n<meta name=\"twitter:card\" content=\"summary_large_image\" \/>\n<meta name=\"twitter:label1\" content=\"Tempo estimado de leitura\" \/>\n\t<meta name=\"twitter:data1\" content=\"2 minutos\" \/>\n<!-- \/ Yoast SEO plugin. -->","yoast_head_json":{"title":"Widget tradutor de site - Adicionar tradutor de conte\u00fado no PrestaShop","description":"Adicione um widget de tradutor de sites integrado ao seu site PrestaShop. Utilize a demonstra\u00e7\u00e3o r\u00e1pida da Elfsight para criar facilmente a sua solu\u00e7\u00e3o personalizada.","robots":{"index":"index","follow":"follow","max-snippet":"max-snippet:-1","max-image-preview":"max-image-preview:large","max-video-preview":"max-video-preview:-1"},"canonical":"https:\/\/elfsight.com\/pt\/website-translator-widget\/prestashop\/","og_locale":"pt_PT","og_type":"article","og_title":"Widget tradutor de site - Adicionar tradutor de conte\u00fado no PrestaShop","og_description":"Adicione um widget de tradutor de sites integrado ao seu site PrestaShop. Utilize a demonstra\u00e7\u00e3o r\u00e1pida da Elfsight para criar facilmente a sua solu\u00e7\u00e3o personalizada.","og_url":"https:\/\/elfsight.com\/pt\/website-translator-widget\/prestashop\/","og_site_name":"Elfsight PT","article_modified_time":"2024-12-16T17:31:18+00:00","twitter_card":"summary_large_image","twitter_misc":{"Tempo estimado de leitura":"2 minutos"},"schema":{"@context":"https:\/\/schema.org","@graph":[{"@type":"WebPage","@id":"https:\/\/elfsight.com\/pt\/website-translator-widget\/prestashop\/","url":"https:\/\/elfsight.com\/pt\/website-translator-widget\/prestashop\/","name":"Widget tradutor de site - Adicionar tradutor de conte\u00fado no PrestaShop","isPartOf":{"@id":"https:\/\/elfsight.com\/pt\/#website"},"datePublished":"2024-09-30T18:27:29+00:00","dateModified":"2024-12-16T17:31:18+00:00","description":"Adicione um widget de tradutor de sites integrado ao seu site PrestaShop. Utilize a demonstra\u00e7\u00e3o r\u00e1pida da Elfsight para criar facilmente a sua solu\u00e7\u00e3o personalizada.","breadcrumb":{"@id":"https:\/\/elfsight.com\/pt\/website-translator-widget\/prestashop\/#breadcrumb"},"inLanguage":"pt-PT","potentialAction":[{"@type":"ReadAction","target":["https:\/\/elfsight.com\/pt\/website-translator-widget\/prestashop\/"]}]},{"@type":"BreadcrumbList","@id":"https:\/\/elfsight.com\/pt\/website-translator-widget\/prestashop\/#breadcrumb","itemListElement":[{"@type":"ListItem","position":1,"name":"Home","item":"https:\/\/elfsight.com\/pt\/"},{"@type":"ListItem","position":2,"name":"website translator &#8211; prestashop"}]},{"@type":"WebSite","@id":"https:\/\/elfsight.com\/pt\/#website","url":"https:\/\/elfsight.com\/pt\/","name":"Elfsight PT","description":"Just another Elfsight Sites site","potentialAction":[{"@type":"SearchAction","target":{"@type":"EntryPoint","urlTemplate":"https:\/\/elfsight.com\/pt\/?s={search_term_string}"},"query-input":{"@type":"PropertyValueSpecification","valueRequired":true,"valueName":"search_term_string"}}],"inLanguage":"pt-PT"}]}},"meta_box":{"industry":"","seo_heading":"","heading":"","description":"","cta_heading":"","cta_description":"","application":"12670","h1":"Complemento do tradutor de sites PrestaShop","h1_caption":"Traduza automaticamente o conte\u00fado do seu site em v\u00e1rios idiomas, tornando-o acess\u00edvel a um p\u00fablico global no seu site Prestashop sem esfor\u00e7o.","application_category":[],"applications_title":"","applications_request_title":"","applications_request_button_text":"","hero_text":"","hero_video":"","hero_video_schema_markup":"","selling_points_title":"","selling_points_caption":"","selling_points":[],"selling_points_cta_text":"","features_title":"","features":"","ed_cta_examples_text":"","ed_cta_examples_hidden":"","ed_cta_demo_text":"","ed_cta_demo_hidden":"","why_caption":"","why_editor_title":"","why_editor_text":"","why_team_title":"","why_team_text":"","why_service_title":"","why_service_text":"","template_catalog_visible":"","template_catalog_title":"","template_catalog_text":"","template_catalog_categories_visible":"","demo_title":"Crie seu complemento Tradutor de sites","demo_caption":"Configure seu tradutor de sites e adicione-o ao seu site PrestaShop gratuitamente!","default_faq_hidden":"","app_template_category":[],"platform":"5343","template_public_id":"","codecanyon_url":"","codecanyon_item_id":"","codecanyon_price":"","pricing_caption":"","pricing_elfsight_apps_hide_column":"","pricing_elfsight_apps_url":"","pricing_codecanyon_price_caption":"","integration_category":[],"integration_request_title":"","integration_request_cta":"","integration_platform":"","integrations":[],"platform_category":[],"video_schema_markup":"","price":"a partir de $ 0 \/ m\u00eas","trial":"","benefits":[{"text":"Assist\u00eancia de instala\u00e7\u00e3o gratuita"},{"text":"Suporte excepcional"},{"text":"Garantia de reembolso de 14 dias"},{"text":"Desenvolvimento cont\u00ednuo"}],"button_url":"#demo","button_target_blank":"","button_nofollow":"","attributes":[{"name":"Instalar","content":"50,000 - 100,000"},{"name":"Responsivo","content":"Sim"},{"name":"Navegadores compat\u00edveis","content":"Firefox, Safari, Opera, Chrome, Edge"}],"tags":[],"tags_disable_links":"","hide_more_platforms":"","video_object":"","demo_hide_cta":"","demo_hide_cloud_options":"","pricing_title":"","pricing":[{"pricing_icon":"platform","pricing_title":"Elfsight Apps","pricing_title_caption":"#VALUE!","pricing_price":"a partir de $ 0 \/ m\u00eas","pricing_price_caption":"comece com um plano gratuito","pricing_benefits":[{"text":"#VALUE!"},{"text":"#VALUE!"},{"text":"#VALUE!"},{"text":"#VALUE!"}],"pricing_button_text":"Adicionar ao site","pricing_button_url":"#demo"}],"related_apps_title":"","related_apps_hidden":"","author":"","image":[],"title":"","job":"","social_networks":[]},"_links":{"self":[{"href":"https:\/\/elfsight.com\/pt\/wp-json\/wp\/v2\/pages\/13219","targetHints":{"allow":["GET"]}}],"collection":[{"href":"https:\/\/elfsight.com\/pt\/wp-json\/wp\/v2\/pages"}],"about":[{"href":"https:\/\/elfsight.com\/pt\/wp-json\/wp\/v2\/types\/page"}],"author":[{"embeddable":true,"href":"https:\/\/elfsight.com\/pt\/wp-json\/wp\/v2\/users\/9"}],"replies":[{"embeddable":true,"href":"https:\/\/elfsight.com\/pt\/wp-json\/wp\/v2\/comments?post=13219"}],"version-history":[{"count":1,"href":"https:\/\/elfsight.com\/pt\/wp-json\/wp\/v2\/pages\/13219\/revisions"}],"predecessor-version":[{"id":13223,"href":"https:\/\/elfsight.com\/pt\/wp-json\/wp\/v2\/pages\/13219\/revisions\/13223"}],"up":[{"embeddable":true,"href":"https:\/\/elfsight.com\/pt\/wp-json\/wp\/v2\/pages\/12676"}],"wp:attachment":[{"href":"https:\/\/elfsight.com\/pt\/wp-json\/wp\/v2\/media?parent=13219"}],"curies":[{"name":"wp","href":"https:\/\/api.w.org\/{rel}","templated":true}]}}