{"id":13214,"date":"2024-09-30T18:27:29","date_gmt":"2024-09-30T18:27:29","guid":{"rendered":"https:\/\/elfsight.com\/pt\/?page_id=13214"},"modified":"2024-12-16T17:31:09","modified_gmt":"2024-12-16T17:31:09","slug":"godaddy","status":"publish","type":"page","link":"https:\/\/elfsight.com\/pt\/appointment-booking-widget\/godaddy\/","title":{"rendered":"appointment booking &#8211; godaddy"},"content":{"rendered":"<div class=\"application-platform-content-item-description application-platform-content-item\" id=\"description\" data-nav-section=\"description\"><h2>Incorpore o agendamento de compromissos no GoDaddy com o plug-in Elfsight!<\/h2> <p>O plug-in de agendamento de compromissos est\u00e1 aqui para ajudar clientes em potencial a reservar hor\u00e1rios slots diretamente no seu site GoDaddy, reduzindo a carga de trabalho manual, como monitorar constantemente mensagens, chamadas e e-mails, de voc\u00ea. Funciona como uma recepcionista virtual de prontid\u00e3o 24 horas por dia, tamb\u00e9m capaz de enviar confirma\u00e7\u00f5es automatizadas e sincronizar com integra\u00e7\u00f5es de terceiros, como o Google Agenda.<\/p> <p>Chegou o momento de contar mais sobre seu servi\u00e7o ou evento , defina a dura\u00e7\u00e3o, forne\u00e7a informa\u00e7\u00f5es de contato e decida o pre\u00e7o para facilitar a tomada de decis\u00e3o dos clientes. Al\u00e9m disso, personalize a est\u00e9tica visual do plug-in ajustando elementos e recursos personalizados sem a necessidade de aprimorar as habilidades de codifica\u00e7\u00e3o ou envolver um desenvolvedor!<\/p> <p><b>Amplie a visibilidade do seu neg\u00f3cio e fique dispon\u00edvel para todos os clientes em potencial com reservas on-line para agendamentos em seu site!<\/b><\/p> <\/div> <div class=\"application-platform-content-item-features application-platform-content-item\" id=\"features\" data-nav-section=\"features\"> <h2>Estes s\u00e3o apenas alguns dos poderosos recursos do widget:<\/h2> <ul><li>Apresentar uma descri\u00e7\u00e3o concisa do seu servi\u00e7o (nome, detalhes, foto e dura\u00e7\u00e3o) e configure o pre\u00e7o em v\u00e1rias moedas.<\/li><li>Envie notifica\u00e7\u00f5es autom\u00e1ticas para confirmar os hor\u00e1rios reservados para os clientes e para voc\u00ea.<\/li><li>Sincronize o widget com aplicativos de terceiros, como o Google Agenda, para se manter sempre atualizado.<\/li><li>Exiba suas informa\u00e7\u00f5es de contato comercial como valida\u00e7\u00e3o social e permita que os usu\u00e1rios entrem em contato em caso de circunst\u00e2ncias imprevistas.<\/li><li>Personaliza\u00e7\u00e3o avan\u00e7ada sem necessidade de c\u00f3digo: modelos pr\u00e9-concebidos, cores, layouts acess\u00edveis, fontes, editor CSS personalizado, editor JS personalizado, etc.<\/li><\/ul><p><a href=\"#demo\">Voc\u00ea pode explorar todos os recursos do widget na demonstra\u00e7\u00e3o <\/a><\/p> <\/div> <div class=\"application-platform-content-item-installation application-platform-content-item\" id=\"installation\" data-nav-section=\"installation\"> <h2>Como adiciono a reserva de compromisso ao meu GoDaddy site?<\/h2> <p>Para adicionar o agendamento de compromissos ao seu site GoDaddy, siga estas etapas:<\/p> <ol><li><b>Fa\u00e7a nossa demonstra\u00e7\u00e3o gratuita e comece a criar seu widget de feed personalizado do LinkedIn.<\/b><br> Escolha o design e os par\u00e2metros adequados da ferramenta e aplique as edi\u00e7\u00f5es.<\/li> <li><b>Adquira o seu c\u00f3digo pessoal que aparece no formul\u00e1rio especial nas aplica\u00e7\u00f5es Elfsight.<\/b><br> Assim que terminar a gera\u00e7\u00e3o do seu widget pessoal, copie o c\u00f3digo exclusivo no pop-up e guarde-o para uso futuro.<\/li> <li><b>Inicie a utiliza\u00e7\u00e3o da ferramenta no seu site GoDaddy.<\/b><br> Integre o c\u00f3digo que voc\u00ea copiou recentemente em seu site e aplique as edi\u00e7\u00f5es.<\/li> <li><b>A instala\u00e7\u00e3o foi totalmente conclu\u00edda.<\/b><br> Visite seu site para avaliar o desempenho. do plugin.<\/li><\/ol> <p>Supondo que voc\u00ea tenha alguma dificuldade, n\u00e3o hesite em entrar em contato com nossa equipe de atendimento ao cliente. Nossos especialistas est\u00e3o ansiosos para ajud\u00e1-lo com todos os problemas que voc\u00ea possa ter com o widget.<\/p> <\/div> ","protected":false},"excerpt":{"rendered":"","protected":false},"author":9,"featured_media":0,"parent":13003,"menu_order":0,"comment_status":"closed","ping_status":"closed","template":"templates\/template-application-platform.php","meta":{"publish_to_discourse":"","publish_post_category":"","wpdc_auto_publish_overridden":"","wpdc_topic_tags":"","wpdc_pin_topic":"","wpdc_pin_until":"","discourse_post_id":"","discourse_permalink":"","wpdc_publishing_response":"","wpdc_publishing_error":"","footnotes":""},"class_list":["post-13214","page","type-page","status-publish","hentry"],"yoast_head":"<!-- This site is optimized with the Yoast SEO plugin v25.3.1 - https:\/\/yoast.com\/wordpress\/plugins\/seo\/ -->\n<title>Widget de reserva de compromissos \u2013 Incorporar reserva no site GoDaddy<\/title>\n<meta name=\"description\" content=\"Adicione um aplicativo de reserva de compromissos sem codifica\u00e7\u00e3o ao site da GoDaddy e permita que os clientes reservem vagas com apenas alguns cliques!\" \/>\n<meta name=\"robots\" content=\"index, follow, max-snippet:-1, max-image-preview:large, max-video-preview:-1\" \/>\n<link rel=\"canonical\" href=\"https:\/\/elfsight.com\/pt\/appointment-booking-widget\/godaddy\/\" \/>\n<meta property=\"og:locale\" content=\"pt_PT\" \/>\n<meta property=\"og:type\" content=\"article\" \/>\n<meta property=\"og:title\" content=\"Widget de reserva de compromissos \u2013 Incorporar reserva no site GoDaddy\" \/>\n<meta property=\"og:description\" content=\"Adicione um aplicativo de reserva de compromissos sem codifica\u00e7\u00e3o ao site da GoDaddy e permita que os clientes reservem vagas com apenas alguns cliques!\" \/>\n<meta property=\"og:url\" content=\"https:\/\/elfsight.com\/pt\/appointment-booking-widget\/godaddy\/\" \/>\n<meta property=\"og:site_name\" content=\"Elfsight PT\" \/>\n<meta property=\"article:modified_time\" content=\"2024-12-16T17:31:09+00:00\" \/>\n<meta name=\"twitter:card\" content=\"summary_large_image\" \/>\n<meta name=\"twitter:label1\" content=\"Tempo estimado de leitura\" \/>\n\t<meta name=\"twitter:data1\" content=\"3 minutos\" \/>\n<!-- \/ Yoast SEO plugin. -->","yoast_head_json":{"title":"Widget de reserva de compromissos \u2013 Incorporar reserva no site GoDaddy","description":"Adicione um aplicativo de reserva de compromissos sem codifica\u00e7\u00e3o ao site da GoDaddy e permita que os clientes reservem vagas com apenas alguns cliques!","robots":{"index":"index","follow":"follow","max-snippet":"max-snippet:-1","max-image-preview":"max-image-preview:large","max-video-preview":"max-video-preview:-1"},"canonical":"https:\/\/elfsight.com\/pt\/appointment-booking-widget\/godaddy\/","og_locale":"pt_PT","og_type":"article","og_title":"Widget de reserva de compromissos \u2013 Incorporar reserva no site GoDaddy","og_description":"Adicione um aplicativo de reserva de compromissos sem codifica\u00e7\u00e3o ao site da GoDaddy e permita que os clientes reservem vagas com apenas alguns cliques!","og_url":"https:\/\/elfsight.com\/pt\/appointment-booking-widget\/godaddy\/","og_site_name":"Elfsight PT","article_modified_time":"2024-12-16T17:31:09+00:00","twitter_card":"summary_large_image","twitter_misc":{"Tempo estimado de leitura":"3 minutos"},"schema":{"@context":"https:\/\/schema.org","@graph":[{"@type":"WebPage","@id":"https:\/\/elfsight.com\/pt\/appointment-booking-widget\/godaddy\/","url":"https:\/\/elfsight.com\/pt\/appointment-booking-widget\/godaddy\/","name":"Widget de reserva de compromissos \u2013 Incorporar reserva no site GoDaddy","isPartOf":{"@id":"https:\/\/elfsight.com\/pt\/#website"},"datePublished":"2024-09-30T18:27:29+00:00","dateModified":"2024-12-16T17:31:09+00:00","description":"Adicione um aplicativo de reserva de compromissos sem codifica\u00e7\u00e3o ao site da GoDaddy e permita que os clientes reservem vagas com apenas alguns cliques!","breadcrumb":{"@id":"https:\/\/elfsight.com\/pt\/appointment-booking-widget\/godaddy\/#breadcrumb"},"inLanguage":"pt-PT","potentialAction":[{"@type":"ReadAction","target":["https:\/\/elfsight.com\/pt\/appointment-booking-widget\/godaddy\/"]}]},{"@type":"BreadcrumbList","@id":"https:\/\/elfsight.com\/pt\/appointment-booking-widget\/godaddy\/#breadcrumb","itemListElement":[{"@type":"ListItem","position":1,"name":"Home","item":"https:\/\/elfsight.com\/pt\/"},{"@type":"ListItem","position":2,"name":"appointment booking &#8211; godaddy"}]},{"@type":"WebSite","@id":"https:\/\/elfsight.com\/pt\/#website","url":"https:\/\/elfsight.com\/pt\/","name":"Elfsight PT","description":"Just another Elfsight Sites site","potentialAction":[{"@type":"SearchAction","target":{"@type":"EntryPoint","urlTemplate":"https:\/\/elfsight.com\/pt\/?s={search_term_string}"},"query-input":{"@type":"PropertyValueSpecification","valueRequired":true,"valueName":"search_term_string"}}],"inLanguage":"pt-PT"}]}},"meta_box":{"industry":"","seo_heading":"","heading":"","description":"","cta_heading":"","cta_description":"","application":"13002","h1":"Plug-in de reserva de compromissos GoDaddy","h1_caption":"Permita que os usu\u00e1rios agendem compromissos facilmente diretamente do site GoDaddy, aumentando a conveni\u00eancia e agilizando o processo de reserva.","application_category":[],"applications_title":"","applications_request_title":"","applications_request_button_text":"","hero_text":"","hero_video":"","hero_video_schema_markup":"","selling_points_title":"","selling_points_caption":"","selling_points":[],"selling_points_cta_text":"","features_title":"","features":"","ed_cta_examples_text":"","ed_cta_examples_hidden":"","ed_cta_demo_text":"","ed_cta_demo_hidden":"","why_caption":"","why_editor_title":"","why_editor_text":"","why_team_title":"","why_team_text":"","why_service_title":"","why_service_text":"","template_catalog_visible":"","template_catalog_title":"","template_catalog_text":"","template_catalog_categories_visible":"","demo_title":"Crie seu plugin de reserva de compromisso","demo_caption":"Configure sua reserva de compromisso e adicione-a ao seu site GoDaddy gratuitamente!","default_faq_hidden":"","app_template_category":[],"platform":"4908","template_public_id":"","codecanyon_url":"","codecanyon_item_id":"","codecanyon_price":"","pricing_caption":"","pricing_elfsight_apps_hide_column":"","pricing_elfsight_apps_url":"","pricing_codecanyon_price_caption":"","integration_category":[],"integration_request_title":"","integration_request_cta":"","integration_platform":"","integrations":[],"platform_category":[],"video_schema_markup":"","price":"a partir de $ 0 \/ m\u00eas","trial":"","benefits":[{"text":"Servi\u00e7o de instala\u00e7\u00e3o gratuito"},{"text":"Atendimento ao cliente eficaz"},{"text":"Garantia de devolu\u00e7\u00e3o do dinheiro em 14 dias"},{"text":"Atualiza\u00e7\u00f5es regulares"}],"button_url":"#demo","button_target_blank":"","button_nofollow":"","attributes":[{"name":"Instala\u00e7\u00f5es","content":"1,000 - 5,000"},{"name":"Responsivo","content":"Sim"},{"name":"Navegadores compat\u00edveis","content":"Firefox, Safari, Opera, Chrome, Edge"}],"tags":[],"tags_disable_links":"","hide_more_platforms":"","video_object":"","demo_hide_cta":"","demo_hide_cloud_options":"","pricing_title":"","pricing":[{"pricing_icon":"platform","pricing_title":"Elfsight Apps","pricing_title_caption":"Software independente de plataforma que se adapta a qualquer site","pricing_price":"A partir de $ 0 \/ m\u00eas","pricing_price_caption":"Comece com um plano gratuito","pricing_benefits":[{"text":"Sites ilimitados"},{"text":"Suporte dedicado da empresa e bem documentado"},{"text":"Suporte de instala\u00e7\u00e3o gratuito"},{"text":"Design flex\u00edvel"}],"pricing_button_text":"Adicionar ao site","pricing_button_url":"#demo"}],"related_apps_title":"","related_apps_hidden":"","author":"","image":[],"title":"","job":"","social_networks":[]},"_links":{"self":[{"href":"https:\/\/elfsight.com\/pt\/wp-json\/wp\/v2\/pages\/13214","targetHints":{"allow":["GET"]}}],"collection":[{"href":"https:\/\/elfsight.com\/pt\/wp-json\/wp\/v2\/pages"}],"about":[{"href":"https:\/\/elfsight.com\/pt\/wp-json\/wp\/v2\/types\/page"}],"author":[{"embeddable":true,"href":"https:\/\/elfsight.com\/pt\/wp-json\/wp\/v2\/users\/9"}],"replies":[{"embeddable":true,"href":"https:\/\/elfsight.com\/pt\/wp-json\/wp\/v2\/comments?post=13214"}],"version-history":[{"count":1,"href":"https:\/\/elfsight.com\/pt\/wp-json\/wp\/v2\/pages\/13214\/revisions"}],"predecessor-version":[{"id":13218,"href":"https:\/\/elfsight.com\/pt\/wp-json\/wp\/v2\/pages\/13214\/revisions\/13218"}],"up":[{"embeddable":true,"href":"https:\/\/elfsight.com\/pt\/wp-json\/wp\/v2\/pages\/13003"}],"wp:attachment":[{"href":"https:\/\/elfsight.com\/pt\/wp-json\/wp\/v2\/media?parent=13214"}],"curies":[{"name":"wp","href":"https:\/\/api.w.org\/{rel}","templated":true}]}}