{"id":13213,"date":"2024-09-30T18:27:29","date_gmt":"2024-09-30T18:27:29","guid":{"rendered":"https:\/\/elfsight.com\/pt\/?page_id=13213"},"modified":"2024-12-16T17:31:09","modified_gmt":"2024-12-16T17:31:09","slug":"weebly","status":"publish","type":"page","link":"https:\/\/elfsight.com\/pt\/appointment-booking-widget\/weebly\/","title":{"rendered":"appointment booking &#8211; weebly"},"content":{"rendered":"<div class=\"application-platform-content-item-description application-platform-content-item\" id=\"description\" data-nav-section=\"description\"><h2>Incorpore o agendamento de compromissos no Weebly com o aplicativo Elfsight!<\/h2> <p>O aplicativo de agendamento de compromissos est\u00e1 dispon\u00edvel para ajudar clientes em potencial a reservar hor\u00e1rios convenientemente em seu site do Weebly, reduzindo o esfor\u00e7o manual \u2013 como gerenciar constantemente mensagens, chamadas e e-mails \u2013 de voc\u00ea. Pense nisso como ter uma recepcionista dedicada de prontid\u00e3o 24 horas por dia, que fornece confirma\u00e7\u00f5es automatizadas e pode ser sincronizada com integra\u00e7\u00f5es especializadas, como o Google Agenda.<\/p> <p>Agora \u00e9 o momento ideal para se aprofundar em seu servi\u00e7o ou evento. especifique a dura\u00e7\u00e3o, divulgue detalhes de contato e decida sobre o pre\u00e7o para agilizar a tomada de decis\u00f5es dos clientes. Al\u00e9m disso, personalize a apar\u00eancia do aplicativo ajustando elementos e recursos personalizados, sem a necessidade de refinar o conhecimento de codifica\u00e7\u00e3o ou contratar um desenvolvedor!<\/p> <p><b>Permita que seu neg\u00f3cio prospere e se torne acess\u00edvel a uma clientela mais ampla por meio on-line. agendamento de compromissos em seu site!<\/b><\/p> <\/div> <div class=\"application-platform-content-item-features application-platform-content-item\" id=\"features\" data-nav-section=\"features\"> <h2>Os recursos fundamentais do widget oferecem:<\/h2> <ul><li>Oferece uma explica\u00e7\u00e3o exata do seu servi\u00e7o (nome, detalhes, foto e dura\u00e7\u00e3o) e organize o pre\u00e7o em v\u00e1rias moedas.<\/li><li>Envie notifica\u00e7\u00f5es autom\u00e1ticas para validar os hor\u00e1rios reservados para os clientes e para voc\u00ea.<\/li><li>Sincronize o widget com servi\u00e7os de terceiros, como o Google Agenda, para manter a relev\u00e2ncia constante.<\/li><li>Compartilhe suas informa\u00e7\u00f5es de contato comercial como valida\u00e7\u00e3o social e permita que os usu\u00e1rios entrem em contato em caso de ocorr\u00eancias imprevistas.<\/li> <li>Personaliza\u00e7\u00e3o sem c\u00f3digo com configura\u00e7\u00f5es de design avan\u00e7adas: modelos pr\u00e9-concebidos, cores, layouts, fontes, editor CSS personalizado, editor JS personalizado, etc.<\/li><\/ul><p><a href=\"# demo\">Voc\u00ea pode descobrir todas as funcionalidades do widget na demonstra\u00e7\u00e3o <\/a><\/p> <\/div> <div class=\"application-platform-content-item-installation application-platform-content-item\" id=\"installation\" data-nav-section=\"installation\"> <h2>Como posso incorporar o agendamento de compromissos em meu site do Weebly? <\/h2> <p>Para adicionar o agendamento de compromissos ao seu site do Weebly, siga estas etapas:<\/p> <ol><li><b>Execute nosso editor gratuito e comece a criar seu plugin de feed do LinkedIn personalizado.<\/b><br> Determine o layout adequado e as caracter\u00edsticas funcionais do plugin e salve as edi\u00e7\u00f5es.<\/li> <li><b>Copie o c\u00f3digo exclusivo que aparece no formul\u00e1rio especial nos aplicativos Elfsight.<\/b><br> Logo ap\u00f3s a conclus\u00e3o da instala\u00e7\u00e3o da sua ferramenta, copie o c\u00f3digo exclusivo da janela exibida e salve-o para futuras ocasi\u00f5es.<\/li> <li><b>Comece a usar a ferramenta no seu site do Weebly.<\/b><br> Adicione o c\u00f3digo que voc\u00ea salvou recentemente ao seu site e salve as corre\u00e7\u00f5es.<\/li> <li><b>Pronto! A integra\u00e7\u00e3o est\u00e1 totalmente finalizada.<\/b><br> Visite seu site para verificar como a ferramenta funciona.<\/li><\/ol> <p>Na condi\u00e7\u00e3o de ter d\u00favidas ou encontrar algum problema, sinta-se \u00e0 vontade para escrever para nossa equipe de atendimento ao cliente. Nossos especialistas est\u00e3o ansiosos para ajud\u00e1-lo com todas as d\u00favidas que voc\u00ea possa ter sobre a ferramenta.<\/p> <\/div> ","protected":false},"excerpt":{"rendered":"","protected":false},"author":9,"featured_media":0,"parent":13003,"menu_order":0,"comment_status":"closed","ping_status":"closed","template":"templates\/template-application-platform.php","meta":{"publish_to_discourse":"","publish_post_category":"","wpdc_auto_publish_overridden":"","wpdc_topic_tags":"","wpdc_pin_topic":"","wpdc_pin_until":"","discourse_post_id":"","discourse_permalink":"","wpdc_publishing_response":"","wpdc_publishing_error":"","footnotes":""},"class_list":["post-13213","page","type-page","status-publish","hentry"],"yoast_head":"<!-- This site is optimized with the Yoast SEO plugin v25.3.1 - https:\/\/yoast.com\/wordpress\/plugins\/seo\/ -->\n<title>Widget de reserva de compromissos \u2013 Incorporar reserva no site do Weebly<\/title>\n<meta name=\"description\" content=\"Adicione um aplicativo de reserva de compromissos sem codifica\u00e7\u00e3o ao site do Weebly e permita que os clientes reservem vagas com apenas alguns cliques!\" \/>\n<meta name=\"robots\" content=\"index, follow, max-snippet:-1, max-image-preview:large, max-video-preview:-1\" \/>\n<link rel=\"canonical\" href=\"https:\/\/elfsight.com\/pt\/appointment-booking-widget\/weebly\/\" \/>\n<meta property=\"og:locale\" content=\"pt_PT\" \/>\n<meta property=\"og:type\" content=\"article\" \/>\n<meta property=\"og:title\" content=\"Widget de reserva de compromissos \u2013 Incorporar reserva no site do Weebly\" \/>\n<meta property=\"og:description\" content=\"Adicione um aplicativo de reserva de compromissos sem codifica\u00e7\u00e3o ao site do Weebly e permita que os clientes reservem vagas com apenas alguns cliques!\" \/>\n<meta property=\"og:url\" content=\"https:\/\/elfsight.com\/pt\/appointment-booking-widget\/weebly\/\" \/>\n<meta property=\"og:site_name\" content=\"Elfsight PT\" \/>\n<meta property=\"article:modified_time\" content=\"2024-12-16T17:31:09+00:00\" \/>\n<meta name=\"twitter:card\" content=\"summary_large_image\" \/>\n<meta name=\"twitter:label1\" content=\"Tempo estimado de leitura\" \/>\n\t<meta name=\"twitter:data1\" content=\"3 minutos\" \/>\n<!-- \/ Yoast SEO plugin. -->","yoast_head_json":{"title":"Widget de reserva de compromissos \u2013 Incorporar reserva no site do Weebly","description":"Adicione um aplicativo de reserva de compromissos sem codifica\u00e7\u00e3o ao site do Weebly e permita que os clientes reservem vagas com apenas alguns cliques!","robots":{"index":"index","follow":"follow","max-snippet":"max-snippet:-1","max-image-preview":"max-image-preview:large","max-video-preview":"max-video-preview:-1"},"canonical":"https:\/\/elfsight.com\/pt\/appointment-booking-widget\/weebly\/","og_locale":"pt_PT","og_type":"article","og_title":"Widget de reserva de compromissos \u2013 Incorporar reserva no site do Weebly","og_description":"Adicione um aplicativo de reserva de compromissos sem codifica\u00e7\u00e3o ao site do Weebly e permita que os clientes reservem vagas com apenas alguns cliques!","og_url":"https:\/\/elfsight.com\/pt\/appointment-booking-widget\/weebly\/","og_site_name":"Elfsight PT","article_modified_time":"2024-12-16T17:31:09+00:00","twitter_card":"summary_large_image","twitter_misc":{"Tempo estimado de leitura":"3 minutos"},"schema":{"@context":"https:\/\/schema.org","@graph":[{"@type":"WebPage","@id":"https:\/\/elfsight.com\/pt\/appointment-booking-widget\/weebly\/","url":"https:\/\/elfsight.com\/pt\/appointment-booking-widget\/weebly\/","name":"Widget de reserva de compromissos \u2013 Incorporar reserva no site do Weebly","isPartOf":{"@id":"https:\/\/elfsight.com\/pt\/#website"},"datePublished":"2024-09-30T18:27:29+00:00","dateModified":"2024-12-16T17:31:09+00:00","description":"Adicione um aplicativo de reserva de compromissos sem codifica\u00e7\u00e3o ao site do Weebly e permita que os clientes reservem vagas com apenas alguns cliques!","breadcrumb":{"@id":"https:\/\/elfsight.com\/pt\/appointment-booking-widget\/weebly\/#breadcrumb"},"inLanguage":"pt-PT","potentialAction":[{"@type":"ReadAction","target":["https:\/\/elfsight.com\/pt\/appointment-booking-widget\/weebly\/"]}]},{"@type":"BreadcrumbList","@id":"https:\/\/elfsight.com\/pt\/appointment-booking-widget\/weebly\/#breadcrumb","itemListElement":[{"@type":"ListItem","position":1,"name":"Home","item":"https:\/\/elfsight.com\/pt\/"},{"@type":"ListItem","position":2,"name":"appointment booking &#8211; weebly"}]},{"@type":"WebSite","@id":"https:\/\/elfsight.com\/pt\/#website","url":"https:\/\/elfsight.com\/pt\/","name":"Elfsight PT","description":"Just another Elfsight Sites site","potentialAction":[{"@type":"SearchAction","target":{"@type":"EntryPoint","urlTemplate":"https:\/\/elfsight.com\/pt\/?s={search_term_string}"},"query-input":{"@type":"PropertyValueSpecification","valueRequired":true,"valueName":"search_term_string"}}],"inLanguage":"pt-PT"}]}},"meta_box":{"industry":"","seo_heading":"","heading":"","description":"","cta_heading":"","cta_description":"","application":"13002","h1":"Aplicativo de reserva de compromissos Weebly","h1_caption":"Permita que os usu\u00e1rios agendem compromissos facilmente diretamente do seu site do Weebly, aumentando a conveni\u00eancia e agilizando o processo de reserva.","application_category":[],"applications_title":"","applications_request_title":"","applications_request_button_text":"","hero_text":"","hero_video":"","hero_video_schema_markup":"","selling_points_title":"","selling_points_caption":"","selling_points":[],"selling_points_cta_text":"","features_title":"","features":"","ed_cta_examples_text":"","ed_cta_examples_hidden":"","ed_cta_demo_text":"","ed_cta_demo_hidden":"","why_caption":"","why_editor_title":"","why_editor_text":"","why_team_title":"","why_team_text":"","why_service_title":"","why_service_text":"","template_catalog_visible":"","template_catalog_title":"","template_catalog_text":"","template_catalog_categories_visible":"","demo_title":"Crie seu aplicativo de agendamento de consultas","demo_caption":"Configure sua marca\u00e7\u00e3o de consulta e adicione-a ao seu site do Weebly gratuitamente!","default_faq_hidden":"","app_template_category":[],"platform":"73","template_public_id":"","codecanyon_url":"","codecanyon_item_id":"","codecanyon_price":"","pricing_caption":"","pricing_elfsight_apps_hide_column":"","pricing_elfsight_apps_url":"","pricing_codecanyon_price_caption":"","integration_category":[],"integration_request_title":"","integration_request_cta":"","integration_platform":"","integrations":[],"platform_category":[],"video_schema_markup":"","price":"a partir de $ 0 \/ m\u00eas","trial":"","benefits":[{"text":"Assist\u00eancia de instala\u00e7\u00e3o gratuita"},{"text":"Suporte excepcional"},{"text":"Garantia de reembolso de 14 dias"},{"text":"Melhorias gratuitas cont\u00ednuas"}],"button_url":"#demo","button_target_blank":"","button_nofollow":"","attributes":[{"name":"Instala\u00e7\u00f5es","content":"1,000 - 5,000"},{"name":"Responsivo","content":"Sim"},{"name":"Navegadores compat\u00edveis","content":"Firefox, Safari, Opera, Chrome, Edge"}],"tags":[],"tags_disable_links":"","hide_more_platforms":"","video_object":"","demo_hide_cta":"","demo_hide_cloud_options":"","pricing_title":"","pricing":[{"pricing_icon":"platform","pricing_title":"Elfsight Apps","pricing_title_caption":"Solu\u00e7\u00e3o digital multiplataforma que se adapta a qualquer site","pricing_price":"A partir de $ 0 \/ m\u00eas","pricing_price_caption":"Comece com um plano gratuito","pricing_benefits":[{"text":"Sites ilimitados"},{"text":"Suporte ao cliente premium"},{"text":"Suporte de instala\u00e7\u00e3o gratuito"},{"text":"Totalmente personaliz\u00e1vel"}],"pricing_button_text":"Adicionar ao site","pricing_button_url":"#demo"}],"related_apps_title":"","related_apps_hidden":"","author":"","image":[],"title":"","job":"","social_networks":[]},"_links":{"self":[{"href":"https:\/\/elfsight.com\/pt\/wp-json\/wp\/v2\/pages\/13213","targetHints":{"allow":["GET"]}}],"collection":[{"href":"https:\/\/elfsight.com\/pt\/wp-json\/wp\/v2\/pages"}],"about":[{"href":"https:\/\/elfsight.com\/pt\/wp-json\/wp\/v2\/types\/page"}],"author":[{"embeddable":true,"href":"https:\/\/elfsight.com\/pt\/wp-json\/wp\/v2\/users\/9"}],"replies":[{"embeddable":true,"href":"https:\/\/elfsight.com\/pt\/wp-json\/wp\/v2\/comments?post=13213"}],"version-history":[{"count":1,"href":"https:\/\/elfsight.com\/pt\/wp-json\/wp\/v2\/pages\/13213\/revisions"}],"predecessor-version":[{"id":13217,"href":"https:\/\/elfsight.com\/pt\/wp-json\/wp\/v2\/pages\/13213\/revisions\/13217"}],"up":[{"embeddable":true,"href":"https:\/\/elfsight.com\/pt\/wp-json\/wp\/v2\/pages\/13003"}],"wp:attachment":[{"href":"https:\/\/elfsight.com\/pt\/wp-json\/wp\/v2\/media?parent=13213"}],"curies":[{"name":"wp","href":"https:\/\/api.w.org\/{rel}","templated":true}]}}