{"id":13212,"date":"2024-09-30T18:27:29","date_gmt":"2024-09-30T18:27:29","guid":{"rendered":"https:\/\/elfsight.com\/pt\/?page_id=13212"},"modified":"2025-03-04T04:25:53","modified_gmt":"2025-03-04T04:25:53","slug":"facebook","status":"publish","type":"page","link":"https:\/\/elfsight.com\/pt\/appointment-booking-widget\/facebook\/","title":{"rendered":"appointment booking &#8211; facebook page"},"content":{"rendered":"\n<div class=\"application-platform-content-item-description application-platform-content-item\" id=\"description\" data-nav-section=\"description\"><h2>Incorpore a marca\u00e7\u00e3o de consultas na p\u00e1gina do Facebook com o widget da Elfsight!<\/h2> <p>O widget de marca\u00e7\u00e3o de consultas est\u00e1 aqui para ajudar potenciais clientes a se protegerem hor\u00e1rios convenientes no site da sua p\u00e1gina do Facebook, minimizando o trabalho manual &#8211; como estar constantemente dispon\u00edvel em todos os momentos para nunca perder mensagens, chamadas e e-mails &#8211; seus. Ele atua como uma recepcionista dedicada, de prontid\u00e3o 24 horas por dia, que envia confirma\u00e7\u00f5es automatizadas e pode ser conectada a integra\u00e7\u00f5es especializadas, como o Google Agenda.<\/p> <p>Este \u00e9 o momento certo para elaborar mais sobre seu servi\u00e7o ou evento, especifique o prazo, forne\u00e7a informa\u00e7\u00f5es de contato e defina o pre\u00e7o para tornar mais f\u00e1cil para os clientes se decidirem. Al\u00e9m disso, personalize a apar\u00eancia do widget ajustando elementos e recursos personalizados, sem a necessidade de aperfei\u00e7oar as habilidades de codifica\u00e7\u00e3o ou contratar um programador qualificado!<\/p> <p><b>Deixe seu neg\u00f3cio bombar e fique dispon\u00edvel para um p\u00fablico mais amplo. clientela por meio de agendamento on-line para agendamentos em seu site!<\/b><\/p> <\/div> <div class=\"application-platform-content-item-features application-platform-content-item\" id=\"features\" data-nav-section=\"features\"> <h2>Esses s\u00e3o apenas alguns dos amplos recursos do widget:<\/h2> <ul> <li>Forne\u00e7a uma descri\u00e7\u00e3o concisa do seu servi\u00e7o (nome, detalhes, foto e dura\u00e7\u00e3o) e estabele\u00e7a o pre\u00e7o em v\u00e1rias moedas.<\/li><li>Envie alertas autom\u00e1ticos para confirmar os hor\u00e1rios reservados para os clientes e para voc\u00ea mesmo.<\/li> <li>Sincronize o widget com aplicativos terceirizados, como o Google Agenda, para garantir atualiza\u00e7\u00f5es constantes.<\/li><li>Compartilhe suas informa\u00e7\u00f5es de contato comercial como prova social e permita que os usu\u00e1rios entrem em contato com voc\u00ea em caso de circunst\u00e2ncias imprevistas.<\/li><li>Personaliza\u00e7\u00e3o avan\u00e7ada sem necessidade de c\u00f3digo: modelos pr\u00e9-concebidos, cores, layouts, fontes, editor CSS personalizado, editor JS personalizado, etc.<\/li><\/ul><p><a href=\" #demo\">Basta verificar esta demonstra\u00e7\u00e3o para ver quanto vale o widget<\/a><\/p> <\/div> <div class=\"application-platform-content-item-installation application-platform-content-item\" id=\"installation\" data-nav-section=\"installation\"> <h2>Como incorporar o agendamento de compromissos no site da minha p\u00e1gina do Facebook? <\/h2> <div class=\"tip-yellow tip\"><b>Devido \u00e0s mudan\u00e7as recentes no Facebook e \u00e0 transi\u00e7\u00e3o para a Nova Experi\u00eancia de P\u00e1gina, o uso atualmente s\u00f3 \u00e9 poss\u00edvel adicionando um link direto ao widget. Estamos procurando ativamente por uma solu\u00e7\u00e3o e atualizaremos a configura\u00e7\u00e3o da p\u00e1gina do Facebook assim que encontrarmos uma maneira.<\/b><\/div><p>Para incorporar o agendamento de compromissos no site da sua p\u00e1gina do Facebook, siga estas etapas abaixo:<\/p> <ol><li><b>Gerencie nosso configurador gratuito e comece a moldar seu widget de feed personalizado do LinkedIn.<\/b><br> Determine o layout e os recursos preferidos do plug-in e aplique as edi\u00e7\u00f5es.<\/li> <li><b>Adquira o seu c\u00f3digo pessoal mostrado na caixa nas aplica\u00e7\u00f5es Elfsight.<\/b><br> Depois de conclu\u00edda a configura\u00e7\u00e3o do seu plugin, copie o c\u00f3digo individual no pop-up que aparece e guarde-o para utiliza\u00e7\u00e3o posterior.<\/li> <li><b>Comece a usar a ferramenta no site da sua p\u00e1gina do Facebook.<\/b><br> Integre o c\u00f3digo salvo recentemente no seu site e aplique as melhorias.<\/li> <li><b>Voc\u00ea pronto! A integra\u00e7\u00e3o \u00e9 totalmente realizada.<\/b><br> Visite seu site para inspecionar como est\u00e1 o funcionamento do widget.<\/li><\/ol> <p>Caso voc\u00ea tenha algum obst\u00e1culo, n\u00e3o tenha medo de entrar em contato com nosso pessoal de apoio. Nosso pessoal ficar\u00e1 feliz em ajud\u00e1-lo com todos os problemas que voc\u00ea possa ter com o plugin.<\/p> <\/div>\n","protected":false},"excerpt":{"rendered":"","protected":false},"author":9,"featured_media":0,"parent":13003,"menu_order":0,"comment_status":"closed","ping_status":"closed","template":"templates\/template-application-platform.php","meta":{"publish_to_discourse":"","publish_post_category":"","wpdc_auto_publish_overridden":"","wpdc_topic_tags":"","wpdc_pin_topic":"","wpdc_pin_until":"","discourse_post_id":"","discourse_permalink":"","wpdc_publishing_response":"","wpdc_publishing_error":"","footnotes":""},"class_list":["post-13212","page","type-page","status-publish","hentry"],"yoast_head":"<!-- This site is optimized with the Yoast SEO plugin v25.3.1 - https:\/\/yoast.com\/wordpress\/plugins\/seo\/ -->\n<title>Widget de reserva de compromissos \u2013 Incorporar reserva no site da p\u00e1gina do Facebook<\/title>\n<meta name=\"description\" content=\"Adicione um aplicativo de reserva de compromissos sem codifica\u00e7\u00e3o ao site da p\u00e1gina do Facebook e permita que os clientes reservem vagas com apenas alguns cliques!\" \/>\n<meta name=\"robots\" content=\"index, follow, max-snippet:-1, max-image-preview:large, max-video-preview:-1\" \/>\n<link rel=\"canonical\" href=\"https:\/\/elfsight.com\/pt\/appointment-booking-widget\/facebook\/\" \/>\n<meta property=\"og:locale\" content=\"pt_PT\" \/>\n<meta property=\"og:type\" content=\"article\" \/>\n<meta property=\"og:title\" content=\"Widget de reserva de compromissos \u2013 Incorporar reserva no site da p\u00e1gina do Facebook\" \/>\n<meta property=\"og:description\" content=\"Adicione um aplicativo de reserva de compromissos sem codifica\u00e7\u00e3o ao site da p\u00e1gina do Facebook e permita que os clientes reservem vagas com apenas alguns cliques!\" \/>\n<meta property=\"og:url\" content=\"https:\/\/elfsight.com\/pt\/appointment-booking-widget\/facebook\/\" \/>\n<meta property=\"og:site_name\" content=\"Elfsight PT\" \/>\n<meta property=\"article:modified_time\" content=\"2025-03-04T04:25:53+00:00\" \/>\n<meta name=\"twitter:card\" content=\"summary_large_image\" \/>\n<meta name=\"twitter:label1\" content=\"Tempo estimado de leitura\" \/>\n\t<meta name=\"twitter:data1\" content=\"3 minutos\" \/>\n<!-- \/ Yoast SEO plugin. -->","yoast_head_json":{"title":"Widget de reserva de compromissos \u2013 Incorporar reserva no site da p\u00e1gina do Facebook","description":"Adicione um aplicativo de reserva de compromissos sem codifica\u00e7\u00e3o ao site da p\u00e1gina do Facebook e permita que os clientes reservem vagas com apenas alguns cliques!","robots":{"index":"index","follow":"follow","max-snippet":"max-snippet:-1","max-image-preview":"max-image-preview:large","max-video-preview":"max-video-preview:-1"},"canonical":"https:\/\/elfsight.com\/pt\/appointment-booking-widget\/facebook\/","og_locale":"pt_PT","og_type":"article","og_title":"Widget de reserva de compromissos \u2013 Incorporar reserva no site da p\u00e1gina do Facebook","og_description":"Adicione um aplicativo de reserva de compromissos sem codifica\u00e7\u00e3o ao site da p\u00e1gina do Facebook e permita que os clientes reservem vagas com apenas alguns cliques!","og_url":"https:\/\/elfsight.com\/pt\/appointment-booking-widget\/facebook\/","og_site_name":"Elfsight PT","article_modified_time":"2025-03-04T04:25:53+00:00","twitter_card":"summary_large_image","twitter_misc":{"Tempo estimado de leitura":"3 minutos"},"schema":{"@context":"https:\/\/schema.org","@graph":[{"@type":"WebPage","@id":"https:\/\/elfsight.com\/pt\/appointment-booking-widget\/facebook\/","url":"https:\/\/elfsight.com\/pt\/appointment-booking-widget\/facebook\/","name":"Widget de reserva de compromissos \u2013 Incorporar reserva no site da p\u00e1gina do Facebook","isPartOf":{"@id":"https:\/\/elfsight.com\/pt\/#website"},"datePublished":"2024-09-30T18:27:29+00:00","dateModified":"2025-03-04T04:25:53+00:00","description":"Adicione um aplicativo de reserva de compromissos sem codifica\u00e7\u00e3o ao site da p\u00e1gina do Facebook e permita que os clientes reservem vagas com apenas alguns cliques!","breadcrumb":{"@id":"https:\/\/elfsight.com\/pt\/appointment-booking-widget\/facebook\/#breadcrumb"},"inLanguage":"pt-PT","potentialAction":[{"@type":"ReadAction","target":["https:\/\/elfsight.com\/pt\/appointment-booking-widget\/facebook\/"]}]},{"@type":"BreadcrumbList","@id":"https:\/\/elfsight.com\/pt\/appointment-booking-widget\/facebook\/#breadcrumb","itemListElement":[{"@type":"ListItem","position":1,"name":"Home","item":"https:\/\/elfsight.com\/pt\/"},{"@type":"ListItem","position":2,"name":"Appointment Booking","item":"https:\/\/elfsight.com\/pt\/appointment-booking-widget\/"},{"@type":"ListItem","position":3,"name":"appointment booking &#8211; facebook page"}]},{"@type":"WebSite","@id":"https:\/\/elfsight.com\/pt\/#website","url":"https:\/\/elfsight.com\/pt\/","name":"Elfsight PT","description":"Just another Elfsight Sites site","potentialAction":[{"@type":"SearchAction","target":{"@type":"EntryPoint","urlTemplate":"https:\/\/elfsight.com\/pt\/?s={search_term_string}"},"query-input":{"@type":"PropertyValueSpecification","valueRequired":true,"valueName":"search_term_string"}}],"inLanguage":"pt-PT"}]}},"meta_box":{"industry":"","seo_heading":"","heading":"","description":"","cta_heading":"","cta_description":"","application":"13002","h1":"Widget de reserva de compromissos na p\u00e1gina do Facebook","h1_caption":"Permita que os usu\u00e1rios agendem compromissos facilmente diretamente de sua p\u00e1gina do Facebook, aumentando a conveni\u00eancia e agilizando o processo de reserva.","application_category":[],"applications_title":"","applications_request_title":"","applications_request_button_text":"","hero_text":"","hero_video":"","hero_video_schema_markup":"","selling_points_title":"","selling_points_caption":"","selling_points":[],"selling_points_cta_text":"","features_title":"","features":"","ed_cta_examples_text":"","ed_cta_examples_hidden":"","ed_cta_demo_text":"","ed_cta_demo_hidden":"","why_caption":"","why_editor_title":"","why_editor_text":"","why_team_title":"","why_team_text":"","why_service_title":"","why_service_text":"","template_catalog_visible":"0","template_catalog_title":"","template_catalog_text":"","template_catalog_categories_visible":"","demo_title":"Crie seu widget de reserva de compromisso","demo_caption":"Configure sua marca\u00e7\u00e3o de consulta e adicione-a gratuitamente ao site da sua p\u00e1gina do Facebook!","default_faq_hidden":"","app_template_category":[],"platform":"103","template_public_id":"","codecanyon_url":"","codecanyon_item_id":"","codecanyon_price":"","pricing_caption":"","pricing_elfsight_apps_hide_column":"","pricing_elfsight_apps_url":"","pricing_codecanyon_price_caption":"","integration_category":[],"integration_request_title":"","integration_request_cta":"","integration_platform":"","integrations":[],"platform_category":[],"video_schema_markup":"","price":"a partir de $ 0 \/ m\u00eas","trial":"","benefits":[{"text":"Servi\u00e7o de instala\u00e7\u00e3o gratuito"},{"text":"Suporte ao cliente experiente"},{"text":"Garantia de devolu\u00e7\u00e3o do dinheiro em 14 dias"},{"text":"Atualizando constantemente"}],"button_url":"#demo","button_target_blank":"0","button_nofollow":"0","attributes":[{"name":"Instala\u00e7\u00f5es","content":"1,000 - 5,000"},{"name":"Responsivo","content":"Sim"},{"name":"Navegadores compat\u00edveis","content":"Firefox, Safari, Opera, Chrome, Edge"}],"tags":[],"tags_disable_links":"0","hide_more_platforms":"0","video_object":"","demo_hide_cta":"0","demo_hide_cloud_options":"0","pricing_title":"","pricing":[{"pricing_icon":"platform","pricing_title":"Elfsight Apps","pricing_title_caption":"Solu\u00e7\u00e3o digital multiplataforma que funciona em qualquer site","pricing_price":"A partir de $ 0 \/ m\u00eas","pricing_price_caption":"Comece com um plano gratuito","pricing_benefits":[{"text":"Sites ilimitados"},{"text":"Suporte r\u00e1pido ao cliente"},{"text":"Suporte de instala\u00e7\u00e3o gratuito"},{"text":"Design flex\u00edvel"}],"pricing_button_text":"Adicionar ao site","pricing_button_url":"#demo"}],"related_apps_title":"","related_apps_hidden":"0","author":"","image":[],"title":"","job":"","social_networks":[]},"_links":{"self":[{"href":"https:\/\/elfsight.com\/pt\/wp-json\/wp\/v2\/pages\/13212","targetHints":{"allow":["GET"]}}],"collection":[{"href":"https:\/\/elfsight.com\/pt\/wp-json\/wp\/v2\/pages"}],"about":[{"href":"https:\/\/elfsight.com\/pt\/wp-json\/wp\/v2\/types\/page"}],"author":[{"embeddable":true,"href":"https:\/\/elfsight.com\/pt\/wp-json\/wp\/v2\/users\/9"}],"replies":[{"embeddable":true,"href":"https:\/\/elfsight.com\/pt\/wp-json\/wp\/v2\/comments?post=13212"}],"version-history":[{"count":2,"href":"https:\/\/elfsight.com\/pt\/wp-json\/wp\/v2\/pages\/13212\/revisions"}],"predecessor-version":[{"id":14205,"href":"https:\/\/elfsight.com\/pt\/wp-json\/wp\/v2\/pages\/13212\/revisions\/14205"}],"up":[{"embeddable":true,"href":"https:\/\/elfsight.com\/pt\/wp-json\/wp\/v2\/pages\/13003"}],"wp:attachment":[{"href":"https:\/\/elfsight.com\/pt\/wp-json\/wp\/v2\/media?parent=13212"}],"curies":[{"name":"wp","href":"https:\/\/api.w.org\/{rel}","templated":true}]}}