{"id":13211,"date":"2024-09-30T18:27:29","date_gmt":"2024-09-30T18:27:29","guid":{"rendered":"https:\/\/elfsight.com\/pt\/?page_id=13211"},"modified":"2025-03-04T04:20:24","modified_gmt":"2025-03-04T04:20:24","slug":"bigcommerce","status":"publish","type":"page","link":"https:\/\/elfsight.com\/pt\/appointment-booking-widget\/bigcommerce\/","title":{"rendered":"appointment booking &#8211; bigcommerce"},"content":{"rendered":"\n<div class=\"application-platform-content-item-description application-platform-content-item\" id=\"description\" data-nav-section=\"description\"><h2>Incorpore a reserva de compromissos no BigCommerce com o aplicativo Elfsight!<\/h2> <p>O aplicativo de reserva de compromissos est\u00e1 \u00e0 sua disposi\u00e7\u00e3o para ajudar clientes em potencial na reserva de hor\u00e1rios de maneira conveniente em seu site do BigCommerce, facilitando o trabalho manual &#8211; como monitorar constantemente mensagens, chamadas e e-mails &#8211; seus. Pense nisso como ter uma recepcionista de plant\u00e3o trabalhando 24 horas por dia, 7 dias por semana, que fornece confirma\u00e7\u00f5es automatizadas e pode ser conectada a integra\u00e7\u00f5es externas, como o Google Agenda.<\/p> <p>Este \u00e9 o momento perfeito para elaborar mais sobre seu servi\u00e7o ou ocasi\u00e3o, especifique a dura\u00e7\u00e3o, divulgue informa\u00e7\u00f5es de contato e defina o pre\u00e7o para agilizar o processo de tomada de decis\u00e3o dos clientes. Al\u00e9m disso, personalize a est\u00e9tica visual do aplicativo ajustando elementos e recursos personalizados sem a necessidade de melhorar as habilidades de programa\u00e7\u00e3o ou recrutar um desenvolvedor qualificado!<\/p> <p><b>Deixe seu neg\u00f3cio bombar e fique dispon\u00edvel para uma clientela maior por meio de agendamento on-line para compromissos em seu site!<\/b><\/p> <\/div> <div class=\"application-platform-content-item-features application-platform-content-item\" id=\"features\" data-nav-section=\"features\"> <h2>Oferecemos recursos \u00fateis e r\u00e1pidos, veja alguns deles:<\/h2> <ul> <li>Forne\u00e7a uma descri\u00e7\u00e3o concisa do seu servi\u00e7o (nome, detalhes, foto e dura\u00e7\u00e3o) e defina o pre\u00e7o em diversas moedas.<\/li><li>Envie notifica\u00e7\u00f5es autom\u00e1ticas para validar os compromissos agendados para os clientes e para voc\u00ea mesmo.<\/li> <li>Sincronize o widget com integra\u00e7\u00f5es de terceiros, como o Google Agenda, para permanecer sempre atualizado.<\/li><li>Exiba suas informa\u00e7\u00f5es de contato comercial para dar credibilidade e permitir que os usu\u00e1rios entrem em contato em caso de circunst\u00e2ncias imprevistas. <\/li><li>Personaliza\u00e7\u00e3o sem c\u00f3digo com configura\u00e7\u00f5es de design avan\u00e7adas: modelos pr\u00e9-fabricados, cores, layouts elegantes, fontes, editor CSS personalizado, editor JS personalizado e muito mais.<\/li><\/ul><p> <a href=\"#demo\">Voc\u00ea pode conferir todos os recursos do widget na demonstra\u00e7\u00e3o nesta p\u00e1gina<\/a><\/p> <\/div> <div class=\"application-platform-content-item-installation application-platform-content-item\" id=\"installation\" data-nav-section=\"installation\"> <h2>Como pode Incorporei o agendamento de compromissos no meu site do BigCommerce?<\/h2> <p>Para adicionar o agendamento de compromissos ao seu site do BigCommerce, execute as seguintes a\u00e7\u00f5es:<\/p> <ol><li><b>Utilize nosso servi\u00e7o gratuito demonstra\u00e7\u00e3o e comece a criar seu widget personalizado de feed do LinkedIn.<\/b><br> Especifique o design personalizado e as caracter\u00edsticas do plug-in e aplique as modifica\u00e7\u00f5es.<\/li> <li><b>Copie o c\u00f3digo pessoal mostrado na janela em Aplicativos Elfsight.<\/b><br> Ap\u00f3s a conclus\u00e3o da cria\u00e7\u00e3o da sua ferramenta pessoal, copie o c\u00f3digo individual do pop-up e salve-o para ocasi\u00f5es futuras.<\/li> <li><b>Comece a usar a ferramenta em seu site BigCommerce.<\/b><br> Insira o c\u00f3digo que voc\u00ea salvou recentemente em seu site e aplique as modifica\u00e7\u00f5es.<\/li> <li><b>A configura\u00e7\u00e3o est\u00e1 totalmente realizada.<\/b><br> Acesse seu site para verificar como a ferramenta funciona.<\/li><\/ol> <p>Caso tenha d\u00favidas ou encontre algum obst\u00e1culo, entre em contato com nossa equipe de suporte. Nosso pessoal est\u00e1 ansioso para resolver todas as dificuldades que voc\u00ea possa ter com o plugin.<\/p> <\/div>\n","protected":false},"excerpt":{"rendered":"","protected":false},"author":9,"featured_media":0,"parent":13003,"menu_order":0,"comment_status":"closed","ping_status":"closed","template":"templates\/template-application-platform.php","meta":{"publish_to_discourse":"","publish_post_category":"","wpdc_auto_publish_overridden":"","wpdc_topic_tags":"","wpdc_pin_topic":"","wpdc_pin_until":"","discourse_post_id":"","discourse_permalink":"","wpdc_publishing_response":"","wpdc_publishing_error":"","footnotes":""},"class_list":["post-13211","page","type-page","status-publish","hentry"],"yoast_head":"<!-- This site is optimized with the Yoast SEO plugin v25.3.1 - https:\/\/yoast.com\/wordpress\/plugins\/seo\/ -->\n<title>Widget de reserva de compromissos \u2013 Incorporar reserva no site BigCommerce<\/title>\n<meta name=\"description\" content=\"Adicione um aplicativo de reserva de compromissos sem codifica\u00e7\u00e3o ao site do BigCommerce e permita que os clientes reservem vagas com apenas alguns cliques!\" \/>\n<meta name=\"robots\" content=\"index, follow, max-snippet:-1, max-image-preview:large, max-video-preview:-1\" \/>\n<link rel=\"canonical\" href=\"https:\/\/elfsight.com\/pt\/appointment-booking-widget\/bigcommerce\/\" \/>\n<meta property=\"og:locale\" content=\"pt_PT\" \/>\n<meta property=\"og:type\" content=\"article\" \/>\n<meta property=\"og:title\" content=\"Widget de reserva de compromissos \u2013 Incorporar reserva no site BigCommerce\" \/>\n<meta property=\"og:description\" content=\"Adicione um aplicativo de reserva de compromissos sem codifica\u00e7\u00e3o ao site do BigCommerce e permita que os clientes reservem vagas com apenas alguns cliques!\" \/>\n<meta property=\"og:url\" content=\"https:\/\/elfsight.com\/pt\/appointment-booking-widget\/bigcommerce\/\" \/>\n<meta property=\"og:site_name\" content=\"Elfsight PT\" \/>\n<meta property=\"article:modified_time\" content=\"2025-03-04T04:20:24+00:00\" \/>\n<meta name=\"twitter:card\" content=\"summary_large_image\" \/>\n<meta name=\"twitter:label1\" content=\"Tempo estimado de leitura\" \/>\n\t<meta name=\"twitter:data1\" content=\"3 minutos\" \/>\n<!-- \/ Yoast SEO plugin. -->","yoast_head_json":{"title":"Widget de reserva de compromissos \u2013 Incorporar reserva no site BigCommerce","description":"Adicione um aplicativo de reserva de compromissos sem codifica\u00e7\u00e3o ao site do BigCommerce e permita que os clientes reservem vagas com apenas alguns cliques!","robots":{"index":"index","follow":"follow","max-snippet":"max-snippet:-1","max-image-preview":"max-image-preview:large","max-video-preview":"max-video-preview:-1"},"canonical":"https:\/\/elfsight.com\/pt\/appointment-booking-widget\/bigcommerce\/","og_locale":"pt_PT","og_type":"article","og_title":"Widget de reserva de compromissos \u2013 Incorporar reserva no site BigCommerce","og_description":"Adicione um aplicativo de reserva de compromissos sem codifica\u00e7\u00e3o ao site do BigCommerce e permita que os clientes reservem vagas com apenas alguns cliques!","og_url":"https:\/\/elfsight.com\/pt\/appointment-booking-widget\/bigcommerce\/","og_site_name":"Elfsight PT","article_modified_time":"2025-03-04T04:20:24+00:00","twitter_card":"summary_large_image","twitter_misc":{"Tempo estimado de leitura":"3 minutos"},"schema":{"@context":"https:\/\/schema.org","@graph":[{"@type":"WebPage","@id":"https:\/\/elfsight.com\/pt\/appointment-booking-widget\/bigcommerce\/","url":"https:\/\/elfsight.com\/pt\/appointment-booking-widget\/bigcommerce\/","name":"Widget de reserva de compromissos \u2013 Incorporar reserva no site BigCommerce","isPartOf":{"@id":"https:\/\/elfsight.com\/pt\/#website"},"datePublished":"2024-09-30T18:27:29+00:00","dateModified":"2025-03-04T04:20:24+00:00","description":"Adicione um aplicativo de reserva de compromissos sem codifica\u00e7\u00e3o ao site do BigCommerce e permita que os clientes reservem vagas com apenas alguns cliques!","breadcrumb":{"@id":"https:\/\/elfsight.com\/pt\/appointment-booking-widget\/bigcommerce\/#breadcrumb"},"inLanguage":"pt-PT","potentialAction":[{"@type":"ReadAction","target":["https:\/\/elfsight.com\/pt\/appointment-booking-widget\/bigcommerce\/"]}]},{"@type":"BreadcrumbList","@id":"https:\/\/elfsight.com\/pt\/appointment-booking-widget\/bigcommerce\/#breadcrumb","itemListElement":[{"@type":"ListItem","position":1,"name":"Home","item":"https:\/\/elfsight.com\/pt\/"},{"@type":"ListItem","position":2,"name":"Appointment Booking","item":"https:\/\/elfsight.com\/pt\/appointment-booking-widget\/"},{"@type":"ListItem","position":3,"name":"appointment booking &#8211; bigcommerce"}]},{"@type":"WebSite","@id":"https:\/\/elfsight.com\/pt\/#website","url":"https:\/\/elfsight.com\/pt\/","name":"Elfsight PT","description":"Just another Elfsight Sites site","potentialAction":[{"@type":"SearchAction","target":{"@type":"EntryPoint","urlTemplate":"https:\/\/elfsight.com\/pt\/?s={search_term_string}"},"query-input":{"@type":"PropertyValueSpecification","valueRequired":true,"valueName":"search_term_string"}}],"inLanguage":"pt-PT"}]}},"meta_box":{"industry":"","seo_heading":"","heading":"","description":"","cta_heading":"","cta_description":"","application":"13002","h1":"Aplicativo de reserva de compromissos BigCommerce","h1_caption":"Permita que os usu\u00e1rios agendem compromissos facilmente diretamente do site do BigCommere, aumentando a conveni\u00eancia e agilizando o processo de reserva.","application_category":[],"applications_title":"","applications_request_title":"","applications_request_button_text":"","hero_text":"","hero_video":"","hero_video_schema_markup":"","selling_points_title":"","selling_points_caption":"","selling_points":[],"selling_points_cta_text":"","features_title":"","features":"","ed_cta_examples_text":"","ed_cta_examples_hidden":"","ed_cta_demo_text":"","ed_cta_demo_hidden":"","why_caption":"","why_editor_title":"","why_editor_text":"","why_team_title":"","why_team_text":"","why_service_title":"","why_service_text":"","template_catalog_visible":"0","template_catalog_title":"","template_catalog_text":"","template_catalog_categories_visible":"","demo_title":"Crie seu aplicativo de agendamento de consultas","demo_caption":"Configure sua reserva de compromisso e adicione-a ao seu site BigCommerce gratuitamente!","default_faq_hidden":"","app_template_category":[],"platform":"43","template_public_id":"","codecanyon_url":"","codecanyon_item_id":"","codecanyon_price":"","pricing_caption":"","pricing_elfsight_apps_hide_column":"","pricing_elfsight_apps_url":"","pricing_codecanyon_price_caption":"","integration_category":[],"integration_request_title":"","integration_request_cta":"","integration_platform":"","integrations":[],"platform_category":[],"video_schema_markup":"","price":"a partir de $ 0 \/ m\u00eas","trial":"","benefits":[{"text":"Servi\u00e7o de instala\u00e7\u00e3o gratuito"},{"text":"Atendimento ao cliente profissional"},{"text":"Garantia de devolu\u00e7\u00e3o do dinheiro em 14 dias"},{"text":"Melhorias regulares"}],"button_url":"#demo","button_target_blank":"0","button_nofollow":"0","attributes":[{"name":"Instala\u00e7\u00f5es","content":"1,000 - 5,000"},{"name":"Responsivo","content":"Sim"},{"name":"Navegadores compat\u00edveis","content":"Firefox, Safari, Opera, Chrome, Edge"}],"tags":[],"tags_disable_links":"0","hide_more_platforms":"0","video_object":"","demo_hide_cta":"0","demo_hide_cloud_options":"0","pricing_title":"","pricing":[{"pricing_icon":"platform","pricing_title":"Elfsight Apps","pricing_title_caption":"Solu\u00e7\u00e3o digital multiplataforma que funciona em qualquer site","pricing_price":"A partir de $ 0 \/ m\u00eas","pricing_price_caption":"Comece com um plano gratuito","pricing_benefits":[{"text":"Sites ilimitados"},{"text":"Suporte r\u00e1pido da empresa e bem documentado"},{"text":"Servi\u00e7o de instala\u00e7\u00e3o gratuito"},{"text":"100% personaliz\u00e1vel"}],"pricing_button_text":"Adicionar ao site","pricing_button_url":"#demo"}],"related_apps_title":"","related_apps_hidden":"0","author":"","image":[],"title":"","job":"","social_networks":[]},"_links":{"self":[{"href":"https:\/\/elfsight.com\/pt\/wp-json\/wp\/v2\/pages\/13211","targetHints":{"allow":["GET"]}}],"collection":[{"href":"https:\/\/elfsight.com\/pt\/wp-json\/wp\/v2\/pages"}],"about":[{"href":"https:\/\/elfsight.com\/pt\/wp-json\/wp\/v2\/types\/page"}],"author":[{"embeddable":true,"href":"https:\/\/elfsight.com\/pt\/wp-json\/wp\/v2\/users\/9"}],"replies":[{"embeddable":true,"href":"https:\/\/elfsight.com\/pt\/wp-json\/wp\/v2\/comments?post=13211"}],"version-history":[{"count":2,"href":"https:\/\/elfsight.com\/pt\/wp-json\/wp\/v2\/pages\/13211\/revisions"}],"predecessor-version":[{"id":14201,"href":"https:\/\/elfsight.com\/pt\/wp-json\/wp\/v2\/pages\/13211\/revisions\/14201"}],"up":[{"embeddable":true,"href":"https:\/\/elfsight.com\/pt\/wp-json\/wp\/v2\/pages\/13003"}],"wp:attachment":[{"href":"https:\/\/elfsight.com\/pt\/wp-json\/wp\/v2\/media?parent=13211"}],"curies":[{"name":"wp","href":"https:\/\/api.w.org\/{rel}","templated":true}]}}