{"id":13206,"date":"2024-09-30T18:27:29","date_gmt":"2024-09-30T18:27:29","guid":{"rendered":"https:\/\/elfsight.com\/pt\/?page_id=13206"},"modified":"2025-03-04T04:23:32","modified_gmt":"2025-03-04T04:23:32","slug":"blogger","status":"publish","type":"page","link":"https:\/\/elfsight.com\/pt\/appointment-booking-widget\/blogger\/","title":{"rendered":"appointment booking &#8211; blogger"},"content":{"rendered":"\n<div class=\"application-platform-content-item-description application-platform-content-item\" id=\"description\" data-nav-section=\"description\"><h2>Incorpore a marca\u00e7\u00e3o de compromissos no Blogger com o widget Elfsight!<\/h2> <p>O widget Reserva de compromissos est\u00e1 aqui para ajudar potenciais clientes a garantir tempo convenientemente em seu site do Blogger e tire de voc\u00ea o fardo de tarefas pr\u00e1ticas, como monitorar constantemente mensagens, chamadas e e-mails. Atua como recepcionista virtual trabalhando 24 horas por dia, 7 dias por semana, tamb\u00e9m capaz de enviar confirma\u00e7\u00f5es automatizadas e se conectar com integra\u00e7\u00f5es externas, como Google Calendar.<\/p> <p>Chegou o momento de se aprofundar no seu servi\u00e7o ou evento, especifique o prazo, divulgar informa\u00e7\u00f5es de contato e decidir sobre o pre\u00e7o para facilitar a decis\u00e3o dos clientes. Al\u00e9m disso, personalize a apar\u00eancia do widget modificando elementos e recursos personalizados sem a necessidade de aperfei\u00e7oar o conhecimento de programa\u00e7\u00e3o ou contratar um programador qualificado!<\/p> <p><b>Deixe seu neg\u00f3cio bombar e estar ao alcance de um p\u00fablico mais amplo oferecendo agendamento on-line para compromissos em seu site!<\/b><\/p> <\/div> <div class=\"application-platform-content-item-features application-platform-content-item\" id=\"features\" data-nav-section=\"features\"> <h2>Encontre abaixo os principais recursos do widget:<\/h2> <ul><li>Ofere\u00e7a uma vis\u00e3o geral abrangente do seu servi\u00e7o (nome, detalhes, foto e dura\u00e7\u00e3o) e configure os pre\u00e7os em diferentes moedas.<\/li><li>Envie notifica\u00e7\u00f5es autom\u00e1ticas para validar os compromissos reservados para os clientes e para voc\u00ea mesmo.<\/li> <li>Conecte o widget a servi\u00e7os terceirizados, como o Google Agenda, para manter atualiza\u00e7\u00f5es constantes.<\/li><li>Compartilhe suas informa\u00e7\u00f5es de contato comercial como valida\u00e7\u00e3o social e permita que os usu\u00e1rios entrem em contato com voc\u00ea em caso de cen\u00e1rios imprevistos.<\/li><li>Personaliza\u00e7\u00e3o sem c\u00f3digo com configura\u00e7\u00f5es de design avan\u00e7adas: modelos prontos para uso, cores, layouts, fontes, editor CSS personalizado, editor JS personalizado e muito mais.<\/li><\/ul><p><a href=\"#demo\">Experimente todas as configura\u00e7\u00f5es na demonstra\u00e7\u00e3o completa<\/a><\/p> <\/div> <div class=\"application-platform-content-item-installation application-platform-content-item\" id=\"installation\" data-nav-section=\"installation\"> <h2>Como adicionar o agendamento de compromissos ao meu site do Blogger?<\/h2> <p>Se voc\u00ea deseja adicionar o agendamento de compromissos ao seu site do Blogger, siga estas etapas:<\/p> <ol><li><b>Inicie nossa demonstra\u00e7\u00e3o gratuita e comece a moldar seu plugin de feed personalizado do LinkedIn.<\/b><br> Determine a interface e as especifica\u00e7\u00f5es desej\u00e1veis \u200b\u200bda ferramenta e aplique as edi\u00e7\u00f5es.<\/li> <li><b>Obtenha seu c\u00f3digo exclusivo que \u00e9 mostrado na janela dos aplicativos Elfsight.<\/b> <br> Assim que a personaliza\u00e7\u00e3o da sua ferramenta pessoal for conclu\u00edda, copie o c\u00f3digo individual na caixa exibida e guarde-o para uso posterior.<\/li> <li><b>Comece a usar o widget no seu site do Blogger.<\/b><br> Implemente o c\u00f3digo copiado anteriormente em seu site e aplique as corre\u00e7\u00f5es.<\/li> <li><b>A instala\u00e7\u00e3o est\u00e1 totalmente finalizada.<\/b><br> Visite seu site para fazer uma visita. veja como o plugin funciona.<\/li><\/ol> <p>Caso tenha d\u00favidas ou enfrente algumas complica\u00e7\u00f5es, n\u00e3o tenha medo de recorrer \u00e0 nossa equipe de atendimento ao cliente. Nossos consultores est\u00e3o ansiosos para ajud\u00e1-lo com todos os problemas que voc\u00ea possa ter com a ferramenta.<\/p> <\/div>\n","protected":false},"excerpt":{"rendered":"","protected":false},"author":9,"featured_media":0,"parent":13003,"menu_order":0,"comment_status":"closed","ping_status":"closed","template":"templates\/template-application-platform.php","meta":{"publish_to_discourse":"","publish_post_category":"","wpdc_auto_publish_overridden":"","wpdc_topic_tags":"","wpdc_pin_topic":"","wpdc_pin_until":"","discourse_post_id":"","discourse_permalink":"","wpdc_publishing_response":"","wpdc_publishing_error":"","footnotes":""},"class_list":["post-13206","page","type-page","status-publish","hentry"],"yoast_head":"<!-- This site is optimized with the Yoast SEO plugin v25.3.1 - https:\/\/yoast.com\/wordpress\/plugins\/seo\/ -->\n<title>Widget de reserva de compromissos \u2013 Incorporar reserva no site do Blogger<\/title>\n<meta name=\"description\" content=\"Adicione um aplicativo de reserva de compromissos sem codifica\u00e7\u00e3o ao site do Blogger e permita que os clientes reservem vagas com apenas alguns cliques!\" \/>\n<meta name=\"robots\" content=\"index, follow, max-snippet:-1, max-image-preview:large, max-video-preview:-1\" \/>\n<link rel=\"canonical\" href=\"https:\/\/elfsight.com\/pt\/appointment-booking-widget\/blogger\/\" \/>\n<meta property=\"og:locale\" content=\"pt_PT\" \/>\n<meta property=\"og:type\" content=\"article\" \/>\n<meta property=\"og:title\" content=\"Widget de reserva de compromissos \u2013 Incorporar reserva no site do Blogger\" \/>\n<meta property=\"og:description\" content=\"Adicione um aplicativo de reserva de compromissos sem codifica\u00e7\u00e3o ao site do Blogger e permita que os clientes reservem vagas com apenas alguns cliques!\" \/>\n<meta property=\"og:url\" content=\"https:\/\/elfsight.com\/pt\/appointment-booking-widget\/blogger\/\" \/>\n<meta property=\"og:site_name\" content=\"Elfsight PT\" \/>\n<meta property=\"article:modified_time\" content=\"2025-03-04T04:23:32+00:00\" \/>\n<meta name=\"twitter:card\" content=\"summary_large_image\" \/>\n<meta name=\"twitter:label1\" content=\"Tempo estimado de leitura\" \/>\n\t<meta name=\"twitter:data1\" content=\"3 minutos\" \/>\n<!-- \/ Yoast SEO plugin. -->","yoast_head_json":{"title":"Widget de reserva de compromissos \u2013 Incorporar reserva no site do Blogger","description":"Adicione um aplicativo de reserva de compromissos sem codifica\u00e7\u00e3o ao site do Blogger e permita que os clientes reservem vagas com apenas alguns cliques!","robots":{"index":"index","follow":"follow","max-snippet":"max-snippet:-1","max-image-preview":"max-image-preview:large","max-video-preview":"max-video-preview:-1"},"canonical":"https:\/\/elfsight.com\/pt\/appointment-booking-widget\/blogger\/","og_locale":"pt_PT","og_type":"article","og_title":"Widget de reserva de compromissos \u2013 Incorporar reserva no site do Blogger","og_description":"Adicione um aplicativo de reserva de compromissos sem codifica\u00e7\u00e3o ao site do Blogger e permita que os clientes reservem vagas com apenas alguns cliques!","og_url":"https:\/\/elfsight.com\/pt\/appointment-booking-widget\/blogger\/","og_site_name":"Elfsight PT","article_modified_time":"2025-03-04T04:23:32+00:00","twitter_card":"summary_large_image","twitter_misc":{"Tempo estimado de leitura":"3 minutos"},"schema":{"@context":"https:\/\/schema.org","@graph":[{"@type":"WebPage","@id":"https:\/\/elfsight.com\/pt\/appointment-booking-widget\/blogger\/","url":"https:\/\/elfsight.com\/pt\/appointment-booking-widget\/blogger\/","name":"Widget de reserva de compromissos \u2013 Incorporar reserva no site do Blogger","isPartOf":{"@id":"https:\/\/elfsight.com\/pt\/#website"},"datePublished":"2024-09-30T18:27:29+00:00","dateModified":"2025-03-04T04:23:32+00:00","description":"Adicione um aplicativo de reserva de compromissos sem codifica\u00e7\u00e3o ao site do Blogger e permita que os clientes reservem vagas com apenas alguns cliques!","breadcrumb":{"@id":"https:\/\/elfsight.com\/pt\/appointment-booking-widget\/blogger\/#breadcrumb"},"inLanguage":"pt-PT","potentialAction":[{"@type":"ReadAction","target":["https:\/\/elfsight.com\/pt\/appointment-booking-widget\/blogger\/"]}]},{"@type":"BreadcrumbList","@id":"https:\/\/elfsight.com\/pt\/appointment-booking-widget\/blogger\/#breadcrumb","itemListElement":[{"@type":"ListItem","position":1,"name":"Home","item":"https:\/\/elfsight.com\/pt\/"},{"@type":"ListItem","position":2,"name":"Appointment Booking","item":"https:\/\/elfsight.com\/pt\/appointment-booking-widget\/"},{"@type":"ListItem","position":3,"name":"appointment booking &#8211; blogger"}]},{"@type":"WebSite","@id":"https:\/\/elfsight.com\/pt\/#website","url":"https:\/\/elfsight.com\/pt\/","name":"Elfsight PT","description":"Just another Elfsight Sites site","potentialAction":[{"@type":"SearchAction","target":{"@type":"EntryPoint","urlTemplate":"https:\/\/elfsight.com\/pt\/?s={search_term_string}"},"query-input":{"@type":"PropertyValueSpecification","valueRequired":true,"valueName":"search_term_string"}}],"inLanguage":"pt-PT"}]}},"meta_box":{"industry":"","seo_heading":"","heading":"","description":"","cta_heading":"","cta_description":"","application":"13002","h1":"Widget de reserva de compromisso do Blogger","h1_caption":"Permita que os usu\u00e1rios agendem compromissos facilmente diretamente do site do Blogger, aumentando a conveni\u00eancia e agilizando o processo de reserva.","application_category":[],"applications_title":"","applications_request_title":"","applications_request_button_text":"","hero_text":"","hero_video":"","hero_video_schema_markup":"","selling_points_title":"","selling_points_caption":"","selling_points":[],"selling_points_cta_text":"","features_title":"","features":"","ed_cta_examples_text":"","ed_cta_examples_hidden":"","ed_cta_demo_text":"","ed_cta_demo_hidden":"","why_caption":"","why_editor_title":"","why_editor_text":"","why_team_title":"","why_team_text":"","why_service_title":"","why_service_text":"","template_catalog_visible":"0","template_catalog_title":"","template_catalog_text":"","template_catalog_categories_visible":"","demo_title":"Crie seu widget de reserva de compromisso","demo_caption":"Configure seu agendamento e adicione-o ao site do Blogger gratuitamente!","default_faq_hidden":"","app_template_category":[],"platform":"46","template_public_id":"","codecanyon_url":"","codecanyon_item_id":"","codecanyon_price":"","pricing_caption":"","pricing_elfsight_apps_hide_column":"","pricing_elfsight_apps_url":"","pricing_codecanyon_price_caption":"","integration_category":[],"integration_request_title":"","integration_request_cta":"","integration_platform":"","integrations":[],"platform_category":[],"video_schema_markup":"","price":"a partir de $ 0 \/ m\u00eas","trial":"","benefits":[{"text":"Assist\u00eancia de instala\u00e7\u00e3o gratuita"},{"text":"Suporte excepcional"},{"text":"Garantia de reembolso de 14 dias"},{"text":"Atualiza\u00e7\u00f5es gratuitas cont\u00ednuas"}],"button_url":"#demo","button_target_blank":"0","button_nofollow":"0","attributes":[{"name":"Instala\u00e7\u00f5es","content":"1,000 - 5,000"},{"name":"Responsivo","content":"Sim"},{"name":"Navegadores compat\u00edveis","content":"Firefox, Safari, Opera, Chrome, Edge"}],"tags":[],"tags_disable_links":"0","hide_more_platforms":"0","video_object":"","demo_hide_cta":"0","demo_hide_cloud_options":"0","pricing_title":"","pricing":[{"pricing_icon":"platform","pricing_title":"Elfsight Apps","pricing_title_caption":"Vers\u00e3o multiplataforma que funciona em qualquer site","pricing_price":"A partir de $ 0 \/ m\u00eas","pricing_price_caption":"Comece com um plano gratuito","pricing_benefits":[{"text":"Sites ilimitados"},{"text":"Suporte gratuito ao cliente"},{"text":"Suporte de instala\u00e7\u00e3o gratuito"},{"text":"Totalmente personaliz\u00e1vel"}],"pricing_button_text":"Adicionar ao site","pricing_button_url":"#demo"}],"related_apps_title":"","related_apps_hidden":"0","author":"","image":[],"title":"","job":"","social_networks":[]},"_links":{"self":[{"href":"https:\/\/elfsight.com\/pt\/wp-json\/wp\/v2\/pages\/13206","targetHints":{"allow":["GET"]}}],"collection":[{"href":"https:\/\/elfsight.com\/pt\/wp-json\/wp\/v2\/pages"}],"about":[{"href":"https:\/\/elfsight.com\/pt\/wp-json\/wp\/v2\/types\/page"}],"author":[{"embeddable":true,"href":"https:\/\/elfsight.com\/pt\/wp-json\/wp\/v2\/users\/9"}],"replies":[{"embeddable":true,"href":"https:\/\/elfsight.com\/pt\/wp-json\/wp\/v2\/comments?post=13206"}],"version-history":[{"count":3,"href":"https:\/\/elfsight.com\/pt\/wp-json\/wp\/v2\/pages\/13206\/revisions"}],"predecessor-version":[{"id":14203,"href":"https:\/\/elfsight.com\/pt\/wp-json\/wp\/v2\/pages\/13206\/revisions\/14203"}],"up":[{"embeddable":true,"href":"https:\/\/elfsight.com\/pt\/wp-json\/wp\/v2\/pages\/13003"}],"wp:attachment":[{"href":"https:\/\/elfsight.com\/pt\/wp-json\/wp\/v2\/media?parent=13206"}],"curies":[{"name":"wp","href":"https:\/\/api.w.org\/{rel}","templated":true}]}}