{"id":13204,"date":"2024-09-30T18:27:29","date_gmt":"2024-09-30T18:27:29","guid":{"rendered":"https:\/\/elfsight.com\/pt\/?page_id=13204"},"modified":"2025-03-04T04:32:56","modified_gmt":"2025-03-04T04:32:56","slug":"magento","status":"publish","type":"page","link":"https:\/\/elfsight.com\/pt\/appointment-booking-widget\/magento\/","title":{"rendered":"appointment booking &#8211; magento"},"content":{"rendered":"\n<div class=\"application-platform-content-item-description application-platform-content-item\" id=\"description\" data-nav-section=\"description\"><h2>Incorpore o agendamento de compromissos no Magento com a extens\u00e3o Elfsight!<\/h2> <p>A extens\u00e3o de agendamento de compromissos est\u00e1 aqui para ajudar poss\u00edveis clientes a fazer reservas slots diretamente no seu site Magento, aliviando a carga do trabalho manual &#8211; como estar constantemente dispon\u00edvel em todos os momentos para evitar a perda de mensagens, chamadas e e-mails &#8211; seus. Ele funciona como um assistente virtual que funciona 24 horas por dia, 7 dias por semana, que entrega confirma\u00e7\u00f5es automatizadas e pode ser conectado a aplicativos terceirizados, como o Google Agenda.<\/p> <p>Agora \u00e9 o momento ideal para se aprofundar no seu servi\u00e7o ou evento, delinear o dura\u00e7\u00e3o, forne\u00e7a informa\u00e7\u00f5es de contato e defina o pre\u00e7o para facilitar a tomada de decis\u00e3o dos clientes. Al\u00e9m disso, personalize a apar\u00eancia da extens\u00e3o ajustando elementos e recursos personalizados sem a necessidade de melhorar o conhecimento de codifica\u00e7\u00e3o ou contratar um programador!<\/p> <p><b>Amplie a exposi\u00e7\u00e3o do seu neg\u00f3cio e fique dispon\u00edvel para uma base de clientes mais ampla. oferecendo agendamento on-line para compromissos em seu site!<\/b><\/p> <\/div> <div class=\"application-platform-content-item-features application-platform-content-item\" id=\"features\" data-nav-section=\"features\"> <h2>Aqui est\u00e3o os recursos essenciais do widget:<\/h2> <ul><li>Forne\u00e7a uma descri\u00e7\u00e3o clara do seu servi\u00e7o (nome, detalhes, foto e dura\u00e7\u00e3o) e organize os pre\u00e7os em diferentes moedas.<\/li><li>Envie alertas autom\u00e1ticos para confirmar os hor\u00e1rios reservados para os clientes e para voc\u00ea mesmo.<\/li><li>Sincronize o widget com integra\u00e7\u00f5es externas, como o Google Agenda, para manter a relev\u00e2ncia em tempo real.<\/li><li>Apresente suas informa\u00e7\u00f5es de contato comercial como valida\u00e7\u00e3o social e permita que os usu\u00e1rios entrem em contato com voc\u00ea em caso de circunst\u00e2ncias inesperadas. <\/li><li>Personaliza\u00e7\u00e3o sem c\u00f3digo com configura\u00e7\u00f5es de design avan\u00e7adas: modelos pr\u00e9-concebidos, cores, layouts, fontes, editor CSS personalizado, editor JS personalizado, etc.<\/li><\/ul><p><a href=\"#demo\">Voc\u00ea pode ver como o widget funciona experimentando a demonstra\u00e7\u00e3o<\/a><\/p> <\/div> <div class=\"application-platform-content-item-installation application-platform-content-item\" id=\"installation\" data-nav-section=\"installation\"> <h2>Como posso incorporar o agendamento de compromissos no meu site Magento?<\/h2> <p>Se voc\u00ea deseja adicionar o agendamento de consultas ao seu site Magento, siga os passos abaixo:<\/p> <ol><li><b>Utilize nosso configurador gratuito e comece formando o seu plugin personalizado do LinkedIn Feed.<\/b><br> Escolha o layout personalizado e os par\u00e2metros do plugin e aplique as corre\u00e7\u00f5es.<\/li> <li><b>Copie o seu c\u00f3digo exclusivo que aparece na janela dos aplicativos Elfsight.<\/b><br> Assim que o estabelecimento de sua ferramenta for conclu\u00eddo, copie o c\u00f3digo individual no pop-up que aparece e salve-o para uso futuro.<\/li> <li><b>Entre usando o widget em seu site Magento.<\/b><br>Incorpore o c\u00f3digo copiado recentemente em seu site e aplique as modifica\u00e7\u00f5es.<\/li> <li><b>A instala\u00e7\u00e3o foi realizada com sucesso.<\/b><br> V\u00e1 para seu site Magento.<\/b><br>Incorpore o c\u00f3digo copiado recentemente em seu site e aplique as modifica\u00e7\u00f5es.<\/li> <li><b>A instala\u00e7\u00e3o foi realizada com sucesso.<\/b><br> V\u00e1 para seu site Magento. website para observar como a ferramenta funciona.<\/li><\/ol> <p>Caso voc\u00ea tenha alguma dificuldade, sinta-se \u00e0 vontade para recorrer \u00e0 nossa equipe de suporte. Nossos especialistas ter\u00e3o prazer em resolver todas as d\u00favidas que voc\u00ea possa ter com o plugin.<\/p> <\/div>\n","protected":false},"excerpt":{"rendered":"","protected":false},"author":9,"featured_media":0,"parent":13003,"menu_order":0,"comment_status":"closed","ping_status":"closed","template":"templates\/template-application-platform.php","meta":{"publish_to_discourse":"","publish_post_category":"","wpdc_auto_publish_overridden":"","wpdc_topic_tags":"","wpdc_pin_topic":"","wpdc_pin_until":"","discourse_post_id":"","discourse_permalink":"","wpdc_publishing_response":"","wpdc_publishing_error":"","footnotes":""},"class_list":["post-13204","page","type-page","status-publish","hentry"],"yoast_head":"<!-- This site is optimized with the Yoast SEO plugin v25.3.1 - https:\/\/yoast.com\/wordpress\/plugins\/seo\/ -->\n<title>Widget de reserva de compromissos \u2013 Incorporar reserva no site Magento<\/title>\n<meta name=\"description\" content=\"Adicione um aplicativo de reserva de compromissos sem codifica\u00e7\u00e3o ao site Magento e permita que os clientes reservem vagas com apenas alguns cliques!\" \/>\n<meta name=\"robots\" content=\"index, follow, max-snippet:-1, max-image-preview:large, max-video-preview:-1\" \/>\n<link rel=\"canonical\" href=\"https:\/\/elfsight.com\/pt\/appointment-booking-widget\/magento\/\" \/>\n<meta property=\"og:locale\" content=\"pt_PT\" \/>\n<meta property=\"og:type\" content=\"article\" \/>\n<meta property=\"og:title\" content=\"Widget de reserva de compromissos \u2013 Incorporar reserva no site Magento\" \/>\n<meta property=\"og:description\" content=\"Adicione um aplicativo de reserva de compromissos sem codifica\u00e7\u00e3o ao site Magento e permita que os clientes reservem vagas com apenas alguns cliques!\" \/>\n<meta property=\"og:url\" content=\"https:\/\/elfsight.com\/pt\/appointment-booking-widget\/magento\/\" \/>\n<meta property=\"og:site_name\" content=\"Elfsight PT\" \/>\n<meta property=\"article:modified_time\" content=\"2025-03-04T04:32:56+00:00\" \/>\n<meta name=\"twitter:card\" content=\"summary_large_image\" \/>\n<meta name=\"twitter:label1\" content=\"Tempo estimado de leitura\" \/>\n\t<meta name=\"twitter:data1\" content=\"3 minutos\" \/>\n<!-- \/ Yoast SEO plugin. -->","yoast_head_json":{"title":"Widget de reserva de compromissos \u2013 Incorporar reserva no site Magento","description":"Adicione um aplicativo de reserva de compromissos sem codifica\u00e7\u00e3o ao site Magento e permita que os clientes reservem vagas com apenas alguns cliques!","robots":{"index":"index","follow":"follow","max-snippet":"max-snippet:-1","max-image-preview":"max-image-preview:large","max-video-preview":"max-video-preview:-1"},"canonical":"https:\/\/elfsight.com\/pt\/appointment-booking-widget\/magento\/","og_locale":"pt_PT","og_type":"article","og_title":"Widget de reserva de compromissos \u2013 Incorporar reserva no site Magento","og_description":"Adicione um aplicativo de reserva de compromissos sem codifica\u00e7\u00e3o ao site Magento e permita que os clientes reservem vagas com apenas alguns cliques!","og_url":"https:\/\/elfsight.com\/pt\/appointment-booking-widget\/magento\/","og_site_name":"Elfsight PT","article_modified_time":"2025-03-04T04:32:56+00:00","twitter_card":"summary_large_image","twitter_misc":{"Tempo estimado de leitura":"3 minutos"},"schema":{"@context":"https:\/\/schema.org","@graph":[{"@type":"WebPage","@id":"https:\/\/elfsight.com\/pt\/appointment-booking-widget\/magento\/","url":"https:\/\/elfsight.com\/pt\/appointment-booking-widget\/magento\/","name":"Widget de reserva de compromissos \u2013 Incorporar reserva no site Magento","isPartOf":{"@id":"https:\/\/elfsight.com\/pt\/#website"},"datePublished":"2024-09-30T18:27:29+00:00","dateModified":"2025-03-04T04:32:56+00:00","description":"Adicione um aplicativo de reserva de compromissos sem codifica\u00e7\u00e3o ao site Magento e permita que os clientes reservem vagas com apenas alguns cliques!","breadcrumb":{"@id":"https:\/\/elfsight.com\/pt\/appointment-booking-widget\/magento\/#breadcrumb"},"inLanguage":"pt-PT","potentialAction":[{"@type":"ReadAction","target":["https:\/\/elfsight.com\/pt\/appointment-booking-widget\/magento\/"]}]},{"@type":"BreadcrumbList","@id":"https:\/\/elfsight.com\/pt\/appointment-booking-widget\/magento\/#breadcrumb","itemListElement":[{"@type":"ListItem","position":1,"name":"Home","item":"https:\/\/elfsight.com\/pt\/"},{"@type":"ListItem","position":2,"name":"Appointment Booking","item":"https:\/\/elfsight.com\/pt\/appointment-booking-widget\/"},{"@type":"ListItem","position":3,"name":"appointment booking &#8211; magento"}]},{"@type":"WebSite","@id":"https:\/\/elfsight.com\/pt\/#website","url":"https:\/\/elfsight.com\/pt\/","name":"Elfsight PT","description":"Just another Elfsight Sites site","potentialAction":[{"@type":"SearchAction","target":{"@type":"EntryPoint","urlTemplate":"https:\/\/elfsight.com\/pt\/?s={search_term_string}"},"query-input":{"@type":"PropertyValueSpecification","valueRequired":true,"valueName":"search_term_string"}}],"inLanguage":"pt-PT"}]}},"meta_box":{"industry":"","seo_heading":"","heading":"","description":"","cta_heading":"","cta_description":"","application":"13002","h1":"Extens\u00e3o de reserva de compromisso Magento","h1_caption":"Permita que os usu\u00e1rios agendem compromissos facilmente diretamente do seu site Magento, aumentando a conveni\u00eancia e agilizando o processo de reserva.","application_category":[],"applications_title":"","applications_request_title":"","applications_request_button_text":"","hero_text":"","hero_video":"","hero_video_schema_markup":"","selling_points_title":"","selling_points_caption":"","selling_points":[],"selling_points_cta_text":"","features_title":"","features":"","ed_cta_examples_text":"","ed_cta_examples_hidden":"","ed_cta_demo_text":"","ed_cta_demo_hidden":"","why_caption":"","why_editor_title":"","why_editor_text":"","why_team_title":"","why_team_text":"","why_service_title":"","why_service_text":"","template_catalog_visible":"0","template_catalog_title":"","template_catalog_text":"","template_catalog_categories_visible":"","demo_title":"Crie sua extens\u00e3o de agendamento de compromisso","demo_caption":"Configure sua marca\u00e7\u00e3o de consulta e adicione-a ao seu site Magento gratuitamente!","default_faq_hidden":"","app_template_category":[],"platform":"58","template_public_id":"","codecanyon_url":"","codecanyon_item_id":"","codecanyon_price":"","pricing_caption":"","pricing_elfsight_apps_hide_column":"","pricing_elfsight_apps_url":"","pricing_codecanyon_price_caption":"","integration_category":[],"integration_request_title":"","integration_request_cta":"","integration_platform":"","integrations":[],"platform_category":[],"video_schema_markup":"","price":"a partir de $ 0 \/ m\u00eas","trial":"","benefits":[{"text":"Ajuda de instala\u00e7\u00e3o gratuita"},{"text":"Suporte excepcional"},{"text":"Garantia de devolu\u00e7\u00e3o do dinheiro em 14 dias"},{"text":"Melhorias cont\u00ednuas"}],"button_url":"#demo","button_target_blank":"0","button_nofollow":"0","attributes":[{"name":"Instala\u00e7\u00f5es","content":"1,000 - 5,000"},{"name":"Responsivo","content":"Sim"},{"name":"Navegadores compat\u00edveis","content":"Firefox, Safari, Opera, Chrome, Edge"}],"tags":[],"tags_disable_links":"0","hide_more_platforms":"0","video_object":"","demo_hide_cta":"0","demo_hide_cloud_options":"0","pricing_title":"","pricing":[{"pricing_icon":"platform","pricing_title":"Elfsight Apps","pricing_title_caption":"Software independente de plataforma que se adapta a qualquer site","pricing_price":"A partir de $ 0 \/ m\u00eas","pricing_price_caption":"Comece com um plano gratuito","pricing_benefits":[{"text":"Sites ilimitados"},{"text":"Suporte dedicado \u00e0 empresa"},{"text":"Servi\u00e7o de instala\u00e7\u00e3o gratuito"},{"text":"100% personaliz\u00e1vel"}],"pricing_button_text":"Adicionar ao site","pricing_button_url":"#demo"}],"related_apps_title":"","related_apps_hidden":"0","author":"","image":[],"title":"","job":"","social_networks":[]},"_links":{"self":[{"href":"https:\/\/elfsight.com\/pt\/wp-json\/wp\/v2\/pages\/13204","targetHints":{"allow":["GET"]}}],"collection":[{"href":"https:\/\/elfsight.com\/pt\/wp-json\/wp\/v2\/pages"}],"about":[{"href":"https:\/\/elfsight.com\/pt\/wp-json\/wp\/v2\/types\/page"}],"author":[{"embeddable":true,"href":"https:\/\/elfsight.com\/pt\/wp-json\/wp\/v2\/users\/9"}],"replies":[{"embeddable":true,"href":"https:\/\/elfsight.com\/pt\/wp-json\/wp\/v2\/comments?post=13204"}],"version-history":[{"count":2,"href":"https:\/\/elfsight.com\/pt\/wp-json\/wp\/v2\/pages\/13204\/revisions"}],"predecessor-version":[{"id":14208,"href":"https:\/\/elfsight.com\/pt\/wp-json\/wp\/v2\/pages\/13204\/revisions\/14208"}],"up":[{"embeddable":true,"href":"https:\/\/elfsight.com\/pt\/wp-json\/wp\/v2\/pages\/13003"}],"wp:attachment":[{"href":"https:\/\/elfsight.com\/pt\/wp-json\/wp\/v2\/media?parent=13204"}],"curies":[{"name":"wp","href":"https:\/\/api.w.org\/{rel}","templated":true}]}}