{"id":13190,"date":"2024-09-30T18:27:29","date_gmt":"2024-09-30T18:27:29","guid":{"rendered":"https:\/\/elfsight.com\/pt\/?page_id=13190"},"modified":"2025-03-04T04:42:20","modified_gmt":"2025-03-04T04:42:20","slug":"webnode","status":"publish","type":"page","link":"https:\/\/elfsight.com\/pt\/appointment-booking-widget\/webnode\/","title":{"rendered":"appointment booking &#8211; webnode"},"content":{"rendered":"\n<div class=\"application-platform-content-item-description application-platform-content-item\" id=\"description\" data-nav-section=\"description\"><h2>Incorpore o agendamento de compromissos no Webnode com o widget Elfsight!<\/h2> <p>O widget de agendamento de compromissos est\u00e1 aqui para ajudar clientes em potencial a reservar hor\u00e1rios slots diretamente no seu site Webnode, minimizando o trabalho manual \u2013 como monitorar constantemente mensagens, chamadas e e-mails \u2013 de voc\u00ea. Ele opera como uma recepcionista dedicada, de prontid\u00e3o 24 horas por dia, que fornece alertas automatizados e pode ser conectada a integra\u00e7\u00f5es externas, como o Google Agenda.<\/p> <p>Este \u00e9 o momento certo para elaborar mais sobre seu servi\u00e7o ou evento, especifique o prazo, compartilhe informa\u00e7\u00f5es de contato e esclare\u00e7a os pre\u00e7os para facilitar aos clientes a tomada de decis\u00f5es informadas. Al\u00e9m do mais, personalize a apar\u00eancia do widget ajustando elementos e recursos personalizados sem a necessidade de dominar o conhecimento de programa\u00e7\u00e3o ou contratar um programador!<\/p> <p><b>Permita que seu neg\u00f3cio flores\u00e7a e seja acess\u00edvel a um p\u00fablico mais amplo oferecendo agendamento on-line para compromissos em seu site!<\/b><\/p> <\/div> <div class=\"application-platform-content-item-features application-platform-content-item\" id=\"features\" data-nav-section=\"features\"> <h2>Os recursos essenciais do widget cont\u00eam:<\/h2> <ul><li>Apresente um retrato abrangente do seu servi\u00e7o (nome, detalhes, foto e dura\u00e7\u00e3o) e organize os pre\u00e7os em diversas moedas.<\/li><li>Envie alertas automatizados para verificar os agendamentos seguros para os clientes e para voc\u00ea mesmo.<\/li><li>Sincronize o widget com aplicativos terceirizados, como o Google Agenda, para se manter sempre atualizado.<\/li><li>Apresente suas informa\u00e7\u00f5es de contato comercial para ter credibilidade e permitir que os usu\u00e1rios entrem em contato em caso de imprevisto ocorr\u00eancias.<\/li><li>Personaliza\u00e7\u00e3o sem c\u00f3digo com configura\u00e7\u00f5es de design avan\u00e7adas: modelos prontos para uso, cores, v\u00e1rios layouts de layout, fontes, editor CSS personalizado, editor JS personalizado, etc.<\/li><\/ul><p><a href=\"#demo\">Basta verificar esta demonstra\u00e7\u00e3o para entender a funcionalidade do widget<\/a><\/p> <\/div> <div class=\"application-platform-content-item-installation application-platform-content-item\" id=\"installation\" data-nav-section=\"installation\"> <h2>Como adiciono o agendamento de compromissos ao meu site Webnode?<\/h2> <p>Para adicionar o agendamento de compromissos ao seu site Webnode, fa\u00e7a o seguinte:<\/p> <ol><li><b>Iniciar nosso configurador gratuito e comece a criar seu plug-in de feed personalizado do LinkedIn.<\/b><br> Determine a forma e os recursos preferidos da ferramenta e salve as corre\u00e7\u00f5es.<\/li> <li><b>Copie seu c\u00f3digo pessoal que \u00e9 mostrado no formul\u00e1rio especial da Elfsight Aplicativos.<\/b><br> Ap\u00f3s a conclus\u00e3o da gera\u00e7\u00e3o do seu plug-in pessoal, copie o c\u00f3digo individual na caixa exibida e salve-o para uso posterior.<\/li> <li><b>Comece a usar a ferramenta no seu site Webnode.<\/b><br> Adicione o c\u00f3digo copiado anteriormente ao seu site e salve as modifica\u00e7\u00f5es.<\/li> <li><b>Pronto! A integra\u00e7\u00e3o est\u00e1 totalmente realizada.<\/b><br> Acesse seu site para ver o funcionamento do plugin.<\/li><\/ol> <p>Caso tenha d\u00favidas ou encontre alguma dificuldade, n\u00e3o hesite para se dirigir \u00e0 nossa equipe de atendimento ao cliente. Nossos consultores ter\u00e3o prazer em resolver todas as d\u00favidas que voc\u00ea possa ter sobre o produto.<\/p> <\/div>\n","protected":false},"excerpt":{"rendered":"","protected":false},"author":9,"featured_media":0,"parent":13003,"menu_order":0,"comment_status":"closed","ping_status":"closed","template":"templates\/template-application-platform.php","meta":{"publish_to_discourse":"","publish_post_category":"","wpdc_auto_publish_overridden":"","wpdc_topic_tags":"","wpdc_pin_topic":"","wpdc_pin_until":"","discourse_post_id":"","discourse_permalink":"","wpdc_publishing_response":"","wpdc_publishing_error":"","footnotes":""},"class_list":["post-13190","page","type-page","status-publish","hentry"],"yoast_head":"<!-- This site is optimized with the Yoast SEO plugin v25.3.1 - https:\/\/yoast.com\/wordpress\/plugins\/seo\/ -->\n<title>Widget de reserva de compromissos \u2014 Incorporar reserva no site Webnode<\/title>\n<meta name=\"description\" content=\"Adicione um aplicativo de agendamento de compromissos sem codifica\u00e7\u00e3o ao site Webnode e permita que os clientes reservem vagas com apenas alguns cliques!\" \/>\n<meta name=\"robots\" content=\"index, follow, max-snippet:-1, max-image-preview:large, max-video-preview:-1\" \/>\n<link rel=\"canonical\" href=\"https:\/\/elfsight.com\/pt\/appointment-booking-widget\/webnode\/\" \/>\n<meta property=\"og:locale\" content=\"pt_PT\" \/>\n<meta property=\"og:type\" content=\"article\" \/>\n<meta property=\"og:title\" content=\"Widget de reserva de compromissos \u2014 Incorporar reserva no site Webnode\" \/>\n<meta property=\"og:description\" content=\"Adicione um aplicativo de agendamento de compromissos sem codifica\u00e7\u00e3o ao site Webnode e permita que os clientes reservem vagas com apenas alguns cliques!\" \/>\n<meta property=\"og:url\" content=\"https:\/\/elfsight.com\/pt\/appointment-booking-widget\/webnode\/\" \/>\n<meta property=\"og:site_name\" content=\"Elfsight PT\" \/>\n<meta property=\"article:modified_time\" content=\"2025-03-04T04:42:20+00:00\" \/>\n<meta name=\"twitter:card\" content=\"summary_large_image\" \/>\n<meta name=\"twitter:label1\" content=\"Tempo estimado de leitura\" \/>\n\t<meta name=\"twitter:data1\" content=\"3 minutos\" \/>\n<!-- \/ Yoast SEO plugin. -->","yoast_head_json":{"title":"Widget de reserva de compromissos \u2014 Incorporar reserva no site Webnode","description":"Adicione um aplicativo de agendamento de compromissos sem codifica\u00e7\u00e3o ao site Webnode e permita que os clientes reservem vagas com apenas alguns cliques!","robots":{"index":"index","follow":"follow","max-snippet":"max-snippet:-1","max-image-preview":"max-image-preview:large","max-video-preview":"max-video-preview:-1"},"canonical":"https:\/\/elfsight.com\/pt\/appointment-booking-widget\/webnode\/","og_locale":"pt_PT","og_type":"article","og_title":"Widget de reserva de compromissos \u2014 Incorporar reserva no site Webnode","og_description":"Adicione um aplicativo de agendamento de compromissos sem codifica\u00e7\u00e3o ao site Webnode e permita que os clientes reservem vagas com apenas alguns cliques!","og_url":"https:\/\/elfsight.com\/pt\/appointment-booking-widget\/webnode\/","og_site_name":"Elfsight PT","article_modified_time":"2025-03-04T04:42:20+00:00","twitter_card":"summary_large_image","twitter_misc":{"Tempo estimado de leitura":"3 minutos"},"schema":{"@context":"https:\/\/schema.org","@graph":[{"@type":"WebPage","@id":"https:\/\/elfsight.com\/pt\/appointment-booking-widget\/webnode\/","url":"https:\/\/elfsight.com\/pt\/appointment-booking-widget\/webnode\/","name":"Widget de reserva de compromissos \u2014 Incorporar reserva no site Webnode","isPartOf":{"@id":"https:\/\/elfsight.com\/pt\/#website"},"datePublished":"2024-09-30T18:27:29+00:00","dateModified":"2025-03-04T04:42:20+00:00","description":"Adicione um aplicativo de agendamento de compromissos sem codifica\u00e7\u00e3o ao site Webnode e permita que os clientes reservem vagas com apenas alguns cliques!","breadcrumb":{"@id":"https:\/\/elfsight.com\/pt\/appointment-booking-widget\/webnode\/#breadcrumb"},"inLanguage":"pt-PT","potentialAction":[{"@type":"ReadAction","target":["https:\/\/elfsight.com\/pt\/appointment-booking-widget\/webnode\/"]}]},{"@type":"BreadcrumbList","@id":"https:\/\/elfsight.com\/pt\/appointment-booking-widget\/webnode\/#breadcrumb","itemListElement":[{"@type":"ListItem","position":1,"name":"Home","item":"https:\/\/elfsight.com\/pt\/"},{"@type":"ListItem","position":2,"name":"Appointment Booking","item":"https:\/\/elfsight.com\/pt\/appointment-booking-widget\/"},{"@type":"ListItem","position":3,"name":"appointment booking &#8211; webnode"}]},{"@type":"WebSite","@id":"https:\/\/elfsight.com\/pt\/#website","url":"https:\/\/elfsight.com\/pt\/","name":"Elfsight PT","description":"Just another Elfsight Sites site","potentialAction":[{"@type":"SearchAction","target":{"@type":"EntryPoint","urlTemplate":"https:\/\/elfsight.com\/pt\/?s={search_term_string}"},"query-input":{"@type":"PropertyValueSpecification","valueRequired":true,"valueName":"search_term_string"}}],"inLanguage":"pt-PT"}]}},"meta_box":{"industry":"","seo_heading":"","heading":"","description":"","cta_heading":"","cta_description":"","application":"13002","h1":"Widget de reserva de compromissos Webnode","h1_caption":"Permita que os usu\u00e1rios agendem compromissos facilmente diretamente do seu site Webnode, aumentando a conveni\u00eancia e agilizando o processo de reserva.","application_category":[],"applications_title":"","applications_request_title":"","applications_request_button_text":"","hero_text":"","hero_video":"","hero_video_schema_markup":"","selling_points_title":"","selling_points_caption":"","selling_points":[],"selling_points_cta_text":"","features_title":"","features":"","ed_cta_examples_text":"","ed_cta_examples_hidden":"","ed_cta_demo_text":"","ed_cta_demo_hidden":"","why_caption":"","why_editor_title":"","why_editor_text":"","why_team_title":"","why_team_text":"","why_service_title":"","why_service_text":"","template_catalog_visible":"0","template_catalog_title":"","template_catalog_text":"","template_catalog_categories_visible":"","demo_title":"Crie seu widget de reserva de compromisso","demo_caption":"Configure seu agendamento e adicione-o ao seu site Webnode gratuitamente!","default_faq_hidden":"","app_template_category":[],"platform":"4917","template_public_id":"","codecanyon_url":"","codecanyon_item_id":"","codecanyon_price":"","pricing_caption":"","pricing_elfsight_apps_hide_column":"","pricing_elfsight_apps_url":"","pricing_codecanyon_price_caption":"","integration_category":[],"integration_request_title":"","integration_request_cta":"","integration_platform":"","integrations":[],"platform_category":[],"video_schema_markup":"","price":"a partir de $ 0 \/ m\u00eas","trial":"","benefits":[{"text":"Assist\u00eancia de instala\u00e7\u00e3o gratuita"},{"text":"Atendimento ao cliente profissional"},{"text":"Garantia de devolu\u00e7\u00e3o do dinheiro em 14 dias"},{"text":"Melhorias cont\u00ednuas"}],"button_url":"#demo","button_target_blank":"0","button_nofollow":"0","attributes":[{"name":"Instala\u00e7\u00f5es","content":"1,000 - 5,000"},{"name":"Responsivo","content":"Sim"},{"name":"Navegadores compat\u00edveis","content":"Firefox, Safari, Opera, Chrome, Edge"}],"tags":[],"tags_disable_links":"0","hide_more_platforms":"0","video_object":"","demo_hide_cta":"0","demo_hide_cloud_options":"0","pricing_title":"","pricing":[{"pricing_icon":"platform","pricing_title":"Elfsight Apps","pricing_title_caption":"Software multiplataforma que funciona em qualquer site","pricing_price":"A partir de $ 0 \/ m\u00eas","pricing_price_caption":"Comece com um plano gratuito","pricing_benefits":[{"text":"Sites ilimitados"},{"text":"Suporte profissional da empresa"},{"text":"Assist\u00eancia de instala\u00e7\u00e3o gratuita"},{"text":"Design flex\u00edvel"}],"pricing_button_text":"Adicionar ao site","pricing_button_url":"#demo"}],"related_apps_title":"","related_apps_hidden":"0","author":"","image":[],"title":"","job":"","social_networks":[]},"_links":{"self":[{"href":"https:\/\/elfsight.com\/pt\/wp-json\/wp\/v2\/pages\/13190","targetHints":{"allow":["GET"]}}],"collection":[{"href":"https:\/\/elfsight.com\/pt\/wp-json\/wp\/v2\/pages"}],"about":[{"href":"https:\/\/elfsight.com\/pt\/wp-json\/wp\/v2\/types\/page"}],"author":[{"embeddable":true,"href":"https:\/\/elfsight.com\/pt\/wp-json\/wp\/v2\/users\/9"}],"replies":[{"embeddable":true,"href":"https:\/\/elfsight.com\/pt\/wp-json\/wp\/v2\/comments?post=13190"}],"version-history":[{"count":2,"href":"https:\/\/elfsight.com\/pt\/wp-json\/wp\/v2\/pages\/13190\/revisions"}],"predecessor-version":[{"id":14213,"href":"https:\/\/elfsight.com\/pt\/wp-json\/wp\/v2\/pages\/13190\/revisions\/14213"}],"up":[{"embeddable":true,"href":"https:\/\/elfsight.com\/pt\/wp-json\/wp\/v2\/pages\/13003"}],"wp:attachment":[{"href":"https:\/\/elfsight.com\/pt\/wp-json\/wp\/v2\/media?parent=13190"}],"curies":[{"name":"wp","href":"https:\/\/api.w.org\/{rel}","templated":true}]}}