{"id":13188,"date":"2024-09-30T18:27:29","date_gmt":"2024-09-30T18:27:29","guid":{"rendered":"https:\/\/elfsight.com\/pt\/?page_id=13188"},"modified":"2025-03-04T04:49:05","modified_gmt":"2025-03-04T04:49:05","slug":"prestashop","status":"publish","type":"page","link":"https:\/\/elfsight.com\/pt\/appointment-booking-widget\/prestashop\/","title":{"rendered":"appointment booking &#8211; prestashop"},"content":{"rendered":"\n<div class=\"application-platform-content-item-description application-platform-content-item\" id=\"description\" data-nav-section=\"description\"><h2>Incorpore a reserva de compromissos no PrestaShop com o complemento Elfsight!<\/h2> <p>O complemento Reserva de compromissos est\u00e1 \u00e0 sua disposi\u00e7\u00e3o para ajudar clientes em potencial em garantir intervalos de tempo diretamente no seu site PrestaShop, reduzindo as tarefas pr\u00e1ticas \u2013 como gerenciar constantemente mensagens, chamadas e e-mails \u2013 de voc\u00ea. Pense nisso como ter um assistente de plant\u00e3o trabalhando 24 horas por dia, 7 dias por semana, que envia notifica\u00e7\u00f5es automatizadas e pode ser sincronizado com aplicativos especializados, como o Google Agenda.<\/p> <p>\u00c9 hora de se aprofundar no seu servi\u00e7o ou ocasi\u00e3o, definir o dura\u00e7\u00e3o, divulgar detalhes de contato e estabelecer pre\u00e7os para simplificar o processo de tomada de decis\u00e3o dos clientes. Al\u00e9m disso, voc\u00ea pode escolher a est\u00e9tica visual do complemento ajustando elementos e recursos personalizados sem a necessidade de aperfei\u00e7oar o conhecimento de programa\u00e7\u00e3o ou contratar um programador qualificado!<\/p> <p><b>Aumente o alcance do seu neg\u00f3cio e fique ao alcance de uma clientela maior com agendamento on-line para compromissos em seu site!<\/b><\/p> <\/div> <div class=\"application-platform-content-item-features application-platform-content-item\" id=\"features\" data-nav-section=\"features\"> <h2>Estes s\u00e3o apenas alguns dos recursos avan\u00e7ados do widget:<\/h2> <ul><li>Forne\u00e7a uma descri\u00e7\u00e3o exata do seu servi\u00e7o (nome, detalhes, foto e dura\u00e7\u00e3o) e configure o pre\u00e7o em diferentes moedas.<\/li><li>Envie notifica\u00e7\u00f5es autom\u00e1ticas para validar os hor\u00e1rios reservados para os clientes e para voc\u00ea mesmo.<\/li><li>Sincronize o widget com servi\u00e7os de terceiros, como o Google Agenda, para garantir atualiza\u00e7\u00f5es constantes.<\/li><li>Compartilhe os detalhes de contato da sua empresa como valida\u00e7\u00e3o social e permita que os usu\u00e1rios entrem em contato caso de circunst\u00e2ncias imprevistas.<\/li><li>Personaliza\u00e7\u00e3o avan\u00e7ada sem necessidade de c\u00f3digo: modelos pr\u00e9-concebidos, cores, layouts, fontes, editor CSS personalizado, editor JS personalizado, etc.<\/li><\/ul><p><a href=\"#demo\">Voc\u00ea pode explorar todas as funcionalidades do widget na demonstra\u00e7\u00e3o aqui<\/a><\/p> <\/div> <div class=\"application-platform-content-item-installation application-platform-content-item\" id=\"installation\" data-nav-section=\"installation\"> <h2>Como posso adicionar o agendamento de consultas ao meu site PrestaShop?<\/h2> <p>Se voc\u00ea deseja adicionar o agendamento de consultas ao seu site PrestaShop, execute as seguintes etapas:<\/p> <ol><li><b>Use nosso servi\u00e7o gratuito editor e comece a criar seu pr\u00f3prio widget de feed do LinkedIn.<\/b><br> Escolha o design selecionado e as caracter\u00edsticas do plugin e aplique as edi\u00e7\u00f5es.<\/li> <li><b>Adquira seu c\u00f3digo individual que aparece na janela nas aplica\u00e7\u00f5es Elfsight.<\/b><br> Assim que a cria\u00e7\u00e3o do seu widget terminar, copie o c\u00f3digo exclusivo da janela que aparece e guarde-o para uso posterior.<\/li> <li><b>Inicie a utiliza\u00e7\u00e3o do o widget no seu site PrestaShop.<\/b><br> Incorpore o c\u00f3digo salvo anteriormente em seu site e aplique as corre\u00e7\u00f5es.<\/li> <li><b>A configura\u00e7\u00e3o foi finalizada com sucesso.<\/b><br> Visite seu site para observar o funcionamento do widget.<\/li><\/ol> <p>Na condi\u00e7\u00e3o de enfrentar d\u00favidas ou encontrar alguma dificuldade, n\u00e3o tenha medo de recorrer \u00e0 nossa equipe de suporte. Nossos especialistas est\u00e3o ansiosos para resolver todos os problemas que voc\u00ea possa ter com o widget.<\/p> <\/div>\n","protected":false},"excerpt":{"rendered":"","protected":false},"author":9,"featured_media":0,"parent":13003,"menu_order":0,"comment_status":"closed","ping_status":"closed","template":"templates\/template-application-platform.php","meta":{"publish_to_discourse":"","publish_post_category":"","wpdc_auto_publish_overridden":"","wpdc_topic_tags":"","wpdc_pin_topic":"","wpdc_pin_until":"","discourse_post_id":"","discourse_permalink":"","wpdc_publishing_response":"","wpdc_publishing_error":"","footnotes":""},"class_list":["post-13188","page","type-page","status-publish","hentry"],"yoast_head":"<!-- This site is optimized with the Yoast SEO plugin v25.3.1 - https:\/\/yoast.com\/wordpress\/plugins\/seo\/ -->\n<title>Widget de reserva de compromissos \u2014 Incorporar reserva no site PrestaShop<\/title>\n<meta name=\"description\" content=\"Adicione um aplicativo de reserva de compromissos sem codifica\u00e7\u00e3o ao site PrestaShop e permita que os clientes reservem vagas com apenas alguns cliques!\" \/>\n<meta name=\"robots\" content=\"index, follow, max-snippet:-1, max-image-preview:large, max-video-preview:-1\" \/>\n<link rel=\"canonical\" href=\"https:\/\/elfsight.com\/pt\/appointment-booking-widget\/prestashop\/\" \/>\n<meta property=\"og:locale\" content=\"pt_PT\" \/>\n<meta property=\"og:type\" content=\"article\" \/>\n<meta property=\"og:title\" content=\"Widget de reserva de compromissos \u2014 Incorporar reserva no site PrestaShop\" \/>\n<meta property=\"og:description\" content=\"Adicione um aplicativo de reserva de compromissos sem codifica\u00e7\u00e3o ao site PrestaShop e permita que os clientes reservem vagas com apenas alguns cliques!\" \/>\n<meta property=\"og:url\" content=\"https:\/\/elfsight.com\/pt\/appointment-booking-widget\/prestashop\/\" \/>\n<meta property=\"og:site_name\" content=\"Elfsight PT\" \/>\n<meta property=\"article:modified_time\" content=\"2025-03-04T04:49:05+00:00\" \/>\n<meta name=\"twitter:card\" content=\"summary_large_image\" \/>\n<meta name=\"twitter:label1\" content=\"Tempo estimado de leitura\" \/>\n\t<meta name=\"twitter:data1\" content=\"3 minutos\" \/>\n<!-- \/ Yoast SEO plugin. -->","yoast_head_json":{"title":"Widget de reserva de compromissos \u2014 Incorporar reserva no site PrestaShop","description":"Adicione um aplicativo de reserva de compromissos sem codifica\u00e7\u00e3o ao site PrestaShop e permita que os clientes reservem vagas com apenas alguns cliques!","robots":{"index":"index","follow":"follow","max-snippet":"max-snippet:-1","max-image-preview":"max-image-preview:large","max-video-preview":"max-video-preview:-1"},"canonical":"https:\/\/elfsight.com\/pt\/appointment-booking-widget\/prestashop\/","og_locale":"pt_PT","og_type":"article","og_title":"Widget de reserva de compromissos \u2014 Incorporar reserva no site PrestaShop","og_description":"Adicione um aplicativo de reserva de compromissos sem codifica\u00e7\u00e3o ao site PrestaShop e permita que os clientes reservem vagas com apenas alguns cliques!","og_url":"https:\/\/elfsight.com\/pt\/appointment-booking-widget\/prestashop\/","og_site_name":"Elfsight PT","article_modified_time":"2025-03-04T04:49:05+00:00","twitter_card":"summary_large_image","twitter_misc":{"Tempo estimado de leitura":"3 minutos"},"schema":{"@context":"https:\/\/schema.org","@graph":[{"@type":"WebPage","@id":"https:\/\/elfsight.com\/pt\/appointment-booking-widget\/prestashop\/","url":"https:\/\/elfsight.com\/pt\/appointment-booking-widget\/prestashop\/","name":"Widget de reserva de compromissos \u2014 Incorporar reserva no site PrestaShop","isPartOf":{"@id":"https:\/\/elfsight.com\/pt\/#website"},"datePublished":"2024-09-30T18:27:29+00:00","dateModified":"2025-03-04T04:49:05+00:00","description":"Adicione um aplicativo de reserva de compromissos sem codifica\u00e7\u00e3o ao site PrestaShop e permita que os clientes reservem vagas com apenas alguns cliques!","breadcrumb":{"@id":"https:\/\/elfsight.com\/pt\/appointment-booking-widget\/prestashop\/#breadcrumb"},"inLanguage":"pt-PT","potentialAction":[{"@type":"ReadAction","target":["https:\/\/elfsight.com\/pt\/appointment-booking-widget\/prestashop\/"]}]},{"@type":"BreadcrumbList","@id":"https:\/\/elfsight.com\/pt\/appointment-booking-widget\/prestashop\/#breadcrumb","itemListElement":[{"@type":"ListItem","position":1,"name":"Home","item":"https:\/\/elfsight.com\/pt\/"},{"@type":"ListItem","position":2,"name":"Appointment Booking","item":"https:\/\/elfsight.com\/pt\/appointment-booking-widget\/"},{"@type":"ListItem","position":3,"name":"appointment booking &#8211; prestashop"}]},{"@type":"WebSite","@id":"https:\/\/elfsight.com\/pt\/#website","url":"https:\/\/elfsight.com\/pt\/","name":"Elfsight PT","description":"Just another Elfsight Sites site","potentialAction":[{"@type":"SearchAction","target":{"@type":"EntryPoint","urlTemplate":"https:\/\/elfsight.com\/pt\/?s={search_term_string}"},"query-input":{"@type":"PropertyValueSpecification","valueRequired":true,"valueName":"search_term_string"}}],"inLanguage":"pt-PT"}]}},"meta_box":{"industry":"","seo_heading":"","heading":"","description":"","cta_heading":"","cta_description":"","application":"13002","h1":"Complemento de reserva de compromisso PrestaShop","h1_caption":"Permita que os usu\u00e1rios agendem compromissos facilmente diretamente do site Prestashop, aumentando a conveni\u00eancia e agilizando o processo de reserva.","application_category":[],"applications_title":"","applications_request_title":"","applications_request_button_text":"","hero_text":"","hero_video":"","hero_video_schema_markup":"","selling_points_title":"","selling_points_caption":"","selling_points":[],"selling_points_cta_text":"","features_title":"","features":"","ed_cta_examples_text":"","ed_cta_examples_hidden":"","ed_cta_demo_text":"","ed_cta_demo_hidden":"","why_caption":"","why_editor_title":"","why_editor_text":"","why_team_title":"","why_team_text":"","why_service_title":"","why_service_text":"","template_catalog_visible":"0","template_catalog_title":"","template_catalog_text":"","template_catalog_categories_visible":"","demo_title":"Crie seu complemento de reserva de compromisso","demo_caption":"Configure sua marca\u00e7\u00e3o de consulta e adicione-a ao seu site PrestaShop gratuitamente!","default_faq_hidden":"","app_template_category":[],"platform":"5343","template_public_id":"","codecanyon_url":"","codecanyon_item_id":"","codecanyon_price":"","pricing_caption":"","pricing_elfsight_apps_hide_column":"","pricing_elfsight_apps_url":"","pricing_codecanyon_price_caption":"","integration_category":[],"integration_request_title":"","integration_request_cta":"","integration_platform":"","integrations":[],"platform_category":[],"video_schema_markup":"","price":"a partir de $ 0 \/ m\u00eas","trial":"","benefits":[{"text":"Servi\u00e7o de instala\u00e7\u00e3o gratuito"},{"text":"Suporte premium"},{"text":"Garantia de devolu\u00e7\u00e3o do dinheiro em 14 dias"},{"text":"Atualizando constantemente"}],"button_url":"#demo","button_target_blank":"0","button_nofollow":"0","attributes":[{"name":"Instala\u00e7\u00f5es","content":"1,000 - 5,000"},{"name":"Responsivo","content":"Sim"},{"name":"Navegadores compat\u00edveis","content":"Firefox, Safari, Opera, Chrome, Edge"}],"tags":[],"tags_disable_links":"0","hide_more_platforms":"0","video_object":"","demo_hide_cta":"0","demo_hide_cloud_options":"0","pricing_title":"","pricing":[{"pricing_icon":"platform","pricing_title":"Elfsight Apps","pricing_title_caption":"Vers\u00e3o independente de plataforma que se adapta a qualquer site","pricing_price":"A partir de $ 0 \/ m\u00eas","pricing_price_caption":"Comece com um plano gratuito","pricing_benefits":[{"text":"Sites ilimitados"},{"text":"Suporte ao cliente dedicado e bem documentado"},{"text":"Ajuda de instala\u00e7\u00e3o gratuita"},{"text":"100% personaliz\u00e1vel"}],"pricing_button_text":"Adicionar ao site","pricing_button_url":"#demo"}],"related_apps_title":"","related_apps_hidden":"0","author":"","image":[],"title":"","job":"","social_networks":[]},"_links":{"self":[{"href":"https:\/\/elfsight.com\/pt\/wp-json\/wp\/v2\/pages\/13188","targetHints":{"allow":["GET"]}}],"collection":[{"href":"https:\/\/elfsight.com\/pt\/wp-json\/wp\/v2\/pages"}],"about":[{"href":"https:\/\/elfsight.com\/pt\/wp-json\/wp\/v2\/types\/page"}],"author":[{"embeddable":true,"href":"https:\/\/elfsight.com\/pt\/wp-json\/wp\/v2\/users\/9"}],"replies":[{"embeddable":true,"href":"https:\/\/elfsight.com\/pt\/wp-json\/wp\/v2\/comments?post=13188"}],"version-history":[{"count":2,"href":"https:\/\/elfsight.com\/pt\/wp-json\/wp\/v2\/pages\/13188\/revisions"}],"predecessor-version":[{"id":14214,"href":"https:\/\/elfsight.com\/pt\/wp-json\/wp\/v2\/pages\/13188\/revisions\/14214"}],"up":[{"embeddable":true,"href":"https:\/\/elfsight.com\/pt\/wp-json\/wp\/v2\/pages\/13003"}],"wp:attachment":[{"href":"https:\/\/elfsight.com\/pt\/wp-json\/wp\/v2\/media?parent=13188"}],"curies":[{"name":"wp","href":"https:\/\/api.w.org\/{rel}","templated":true}]}}