{"id":13181,"date":"2024-08-01T13:16:37","date_gmt":"2024-08-01T13:16:37","guid":{"rendered":"https:\/\/elfsight.com\/pt\/?page_id=13181"},"modified":"2025-05-30T13:10:10","modified_gmt":"2025-05-30T13:10:10","slug":"html","status":"publish","type":"page","link":"https:\/\/elfsight.com\/pt\/flipbook-widget\/html\/","title":{"rendered":"Flipbook &#8211; HTML"},"content":{"rendered":"<div class=\"application-platform-content-item-description application-platform-content-item\" id=\"description\" data-nav-section=\"description\"><h2>Como o widget Flipbook para HTML pode aumentar o engajamento em seu site<\/h2><p>O widget Flipbook para HTML permite adicionar uma exibi\u00e7\u00e3o de conte\u00fado din\u00e2mica e interativa ao seu site com apenas alguns cliques. Este widget transforma qualquer documento, apresenta\u00e7\u00e3o ou e-book em um formato visualmente atraente, que os visitantes podem navegar facilmente. Ao incorporar esse recurso, voc\u00ea proporciona uma experi\u00eancia envolvente e imersiva, que aumenta a intera\u00e7\u00e3o do usu\u00e1rio e torna seu conte\u00fado mais atraente.<\/p><p>Seja voc\u00ea um editor, profissional de marketing ou propriet\u00e1rio de uma empresa, este widget personaliz\u00e1vel oferece uma maneira simples de exibir conte\u00fado digital. Ele se integra perfeitamente ao design do seu site, proporcionando um visual elegante que pode ser adaptado \u00e0 sua marca. Com um processo de configura\u00e7\u00e3o f\u00e1cil e sem necessidade de habilidades de codifica\u00e7\u00e3o, ele \u00e9 perfeito para usu\u00e1rios de todos os n\u00edveis de experi\u00eancia.<\/p><p><b>Comece a usar este poderoso widget em seu site HTML hoje mesmo \u2014 experimente gratuitamente e aumente o engajamento incorporando seu conte\u00fado em apenas algumas etapas simples.<\/b><\/p><\/div><div class=\"application-platform-content-item-features application-platform-content-item\" id=\"features\" data-nav-section=\"features\"><h2>Principais recursos do widget Flipbook HTML<\/h2><p>O widget Flipbook oferece uma variedade de recursos poderosos que elevar\u00e3o a experi\u00eancia do usu\u00e1rio em seu site:<\/p><ul> <li><strong>Design totalmente personaliz\u00e1vel:<\/strong> ajuste a apar\u00eancia do flipbook para combinar com a marca do seu site. Personalize cores, fontes e bot\u00f5es para garantir que ele se alinhe perfeitamente com sua est\u00e9tica geral.<\/li> <li><strong>Experi\u00eancia interativa do usu\u00e1rio:<\/strong> Os visitantes podem interagir com seu conte\u00fado folheando as p\u00e1ginas, proporcionando uma experi\u00eancia imersiva que mant\u00e9m os usu\u00e1rios em seu site por mais tempo.<\/li> <li><strong>Suporte para v\u00e1rios tipos de conte\u00fado:<\/strong> Seja um PDF, galeria de imagens ou apresenta\u00e7\u00e3o, o Elfsight funciona com uma variedade de formatos de conte\u00fado, tornando-o vers\u00e1til para diferentes casos de uso.<\/li> <li><strong>Responsivo e compat\u00edvel com dispositivos m\u00f3veis:<\/strong> Otimizado para todos os dispositivos, garantindo que os usu\u00e1rios tenham uma experi\u00eancia consistente, estejam eles em um desktop, tablet ou smartphone.<\/li> <li><strong>Integra\u00e7\u00e3o r\u00e1pida e f\u00e1cil:<\/strong> Incorpore o widget em seu site de forma r\u00e1pida e f\u00e1cil. N\u00e3o \u00e9 necess\u00e1rio programar \u2014 basta copiar e colar o c\u00f3digo gerado em suas p\u00e1ginas HTML.<\/li> <li><strong>Op\u00e7\u00f5es de personaliza\u00e7\u00e3o:<\/strong> Personalize a velocidade de virada de p\u00e1gina, os efeitos de transi\u00e7\u00e3o e muito mais, permitindo uma experi\u00eancia do usu\u00e1rio mais personalizada.<\/li><\/ul><p><a href=\"#demo\">Explore todos os recursos do editor intuitivo agora mesmo, sem precisar se cadastrar, e veja como ele aprimora seu site!<\/a><\/p><\/div><div class=\"application-platform-content-item-installation application-platform-content-item\" id=\"installation\" data-nav-section=\"installation\"><h2>Como adicionar um flipbook ao HTML<\/h2><p>Incorporar o c\u00f3digo HTML de um flipbook \u00e9 f\u00e1cil com o Elfsight e n\u00e3o requer habilidades de programa\u00e7\u00e3o. Siga estas etapas simples para integrar o widget:<\/p><ol> <li><strong>Selecione seu modelo:<\/strong> Acesse o editor Elfsight e escolha o modelo que melhor se adapta \u00e0s necessidades de estilo e funcionalidade do seu site.<\/li> <li><strong>Personalize seu widget:<\/strong> Adapte as configura\u00e7\u00f5es, o design e o conte\u00fado. Ajuste fontes, cores e muito mais para combinar com a est\u00e9tica do seu site.<\/li> <li><strong>Copie o c\u00f3digo HTML:<\/strong> Quando estiver satisfeito com a personaliza\u00e7\u00e3o, copie o c\u00f3digo gerado.<\/li> <li><strong>Incorpore o c\u00f3digo:<\/strong> Cole o c\u00f3digo na se\u00e7\u00e3o apropriada do HTML do seu site, em um bloco de c\u00f3digo ou diretamente nas configura\u00e7\u00f5es da sua p\u00e1gina.<\/li> <li><strong>Publique e aproveite:<\/strong> Salve suas altera\u00e7\u00f5es e publique seu site para ativar o widget. Seus visitantes agora podem navegar pelo seu conte\u00fado de forma interativa e envolvente.<\/li><\/ol><p>Deseja instru\u00e7\u00f5es mais detalhadas? Explore nosso guia sobre <a href=\"https:\/\/elfsight.com\/blog\/how-to-embed-flipbook-on-website\/\" target=\"_blank\">como incorporar um flipbook em seu site<\/a>.<\/p><p>Se precisar de ajuda com a instala\u00e7\u00e3o ou encontrar algum problema, entre em contato com nossa equipe de suporte. Teremos prazer em ajudar com a configura\u00e7\u00e3o do c\u00f3digo HTML para garantir que tudo funcione perfeitamente.<\/p><\/div><div class=\"faq\" data-component=\"FAQ\"><div class=\"faq-item\">\r\n\t\t\t\t\t<div class=\"faq-item-question\">\r\n\t\t\t\t\t\t<h3 class=\"faq-item-question-text\">O que \u00e9 um widget Flipbook?<\/h3>\r\n\r\n\t\t\t\t\t\t<div class=\"faq-item-question-icon\"><\/div>\r\n\t\t\t\t\t<\/div>\r\n\r\n\t\t\t\t\t<div class=\"faq-item-answer\">\r\n\t\t\t\t\t\t<div class=\"faq-item-answer-text\">Um Flipbook \u00e9 um widget que permite exibir seus documentos, apresenta\u00e7\u00f5es ou outro conte\u00fado em um formato interativo, com a possibilidade de virar as p\u00e1ginas. \u00c9 uma \u00f3tima maneira de envolver os visitantes do seu site, oferecendo a eles uma experi\u00eancia de navega\u00e7\u00e3o imersiva.<\/div>\r\n\t\t\t\t\t<\/div>\r\n\t\t\t\t<\/div><div class=\"faq-item\">\r\n\t\t\t\t\t<div class=\"faq-item-question\">\r\n\t\t\t\t\t\t<h3 class=\"faq-item-question-text\">Posso personalizar o Flipbook do Elfsight?<\/h3>\r\n\r\n\t\t\t\t\t\t<div class=\"faq-item-question-icon\"><\/div>\r\n\t\t\t\t\t<\/div>\r\n\r\n\t\t\t\t\t<div class=\"faq-item-answer\">\r\n\t\t\t\t\t\t<div class=\"faq-item-answer-text\">Sim, todos os widgets do Elfsight s\u00e3o totalmente personaliz\u00e1veis. Voc\u00ea pode ajustar o design, o layout, as cores e at\u00e9 mesmo controlar a velocidade de virada de p\u00e1gina e os efeitos para garantir que o widget complemente a est\u00e9tica do seu site.<\/div>\r\n\t\t\t\t\t<\/div>\r\n\t\t\t\t<\/div><div class=\"faq-item\">\r\n\t\t\t\t\t<div class=\"faq-item-question\">\r\n\t\t\t\t\t\t<h3 class=\"faq-item-question-text\">O Flipbook \u00e9 compat\u00edvel com dispositivos m\u00f3veis?<\/h3>\r\n\r\n\t\t\t\t\t\t<div class=\"faq-item-question-icon\"><\/div>\r\n\t\t\t\t\t<\/div>\r\n\r\n\t\t\t\t\t<div class=\"faq-item-answer\">\r\n\t\t\t\t\t\t<div class=\"faq-item-answer-text\">Com certeza! O widget Flipbook \u00e9 responsivo, garantindo uma \u00f3tima apar\u00eancia e um funcionamento perfeito em todos os dispositivos, incluindo desktops, tablets e smartphones.<\/div>\r\n\t\t\t\t\t<\/div>\r\n\t\t\t\t<\/div><div class=\"faq-item\">\r\n\t\t\t\t\t<div class=\"faq-item-question\">\r\n\t\t\t\t\t\t<h3 class=\"faq-item-question-text\">Preciso de alguma habilidade de programa\u00e7\u00e3o para usar o Flip Book?<\/h3>\r\n\r\n\t\t\t\t\t\t<div class=\"faq-item-question-icon\"><\/div>\r\n\t\t\t\t\t<\/div>\r\n\r\n\t\t\t\t\t<div class=\"faq-item-answer\">\r\n\t\t\t\t\t\t<div class=\"faq-item-answer-text\">N\u00e3o, voc\u00ea n\u00e3o precisa de nenhum conhecimento de programa\u00e7\u00e3o para usar o widget. Ele foi projetado para ser f\u00e1cil de usar e voc\u00ea pode incorpor\u00e1-lo ao seu site HTML em apenas alguns passos simples.<\/div>\r\n\t\t\t\t\t<\/div>\r\n\t\t\t\t<\/div><div class=\"faq-item\">\r\n\t\t\t\t\t<div class=\"faq-item-question\">\r\n\t\t\t\t\t\t<h3 class=\"faq-item-question-text\">Onde posso obter o c\u00f3digo HTML do Flipbook?<\/h3>\r\n\r\n\t\t\t\t\t\t<div class=\"faq-item-question-icon\"><\/div>\r\n\t\t\t\t\t<\/div>\r\n\r\n\t\t\t\t\t<div class=\"faq-item-answer\">\r\n\t\t\t\t\t\t<div class=\"faq-item-answer-text\">Depois de personalizar seu widget no editor Elfsight, voc\u00ea poder\u00e1 gerar o c\u00f3digo HTML gratuito do flip book e copi\u00e1-lo diretamente do painel. Voc\u00ea poder\u00e1 ent\u00e3o incorporar esse c\u00f3digo ao seu site.<\/div>\r\n\t\t\t\t\t<\/div>\r\n\t\t\t\t<\/div><\/div>","protected":false},"excerpt":{"rendered":"","protected":false},"author":9,"featured_media":0,"parent":12677,"menu_order":0,"comment_status":"closed","ping_status":"closed","template":"templates\/template-application-platform.php","meta":{"publish_to_discourse":"","publish_post_category":"","wpdc_auto_publish_overridden":"","wpdc_topic_tags":"","wpdc_pin_topic":"","wpdc_pin_until":"","discourse_post_id":"","discourse_permalink":"","wpdc_publishing_response":"","wpdc_publishing_error":"","footnotes":""},"class_list":["post-13181","page","type-page","status-publish","hentry"],"yoast_head":"<!-- This site is optimized with the Yoast SEO plugin v25.3.1 - https:\/\/yoast.com\/wordpress\/plugins\/seo\/ -->\n<title>Flipbook em HTML - Adicione um flipbook ao seu site em HTML [de gra\u00e7a]<\/title>\n<meta name=\"description\" content=\"Adicione um widget Flipbook personaliz\u00e1vel e sem c\u00f3digo ao seu site HTML para melhorar a exibi\u00e7\u00e3o do conte\u00fado e o envolvimento do usu\u00e1rio.\" \/>\n<meta name=\"robots\" content=\"index, follow, max-snippet:-1, max-image-preview:large, max-video-preview:-1\" \/>\n<link rel=\"canonical\" href=\"https:\/\/elfsight.com\/pt\/flipbook-widget\/html\/\" \/>\n<meta property=\"og:locale\" content=\"pt_PT\" \/>\n<meta property=\"og:type\" content=\"article\" \/>\n<meta property=\"og:title\" content=\"Flipbook em HTML - Adicione um flipbook ao seu site em HTML [de gra\u00e7a]\" \/>\n<meta property=\"og:description\" content=\"Adicione um widget Flipbook personaliz\u00e1vel e sem c\u00f3digo ao seu site HTML para melhorar a exibi\u00e7\u00e3o do conte\u00fado e o envolvimento do usu\u00e1rio.\" \/>\n<meta property=\"og:url\" content=\"https:\/\/elfsight.com\/pt\/flipbook-widget\/html\/\" \/>\n<meta property=\"og:site_name\" content=\"Elfsight PT\" \/>\n<meta property=\"article:modified_time\" content=\"2025-05-30T13:10:10+00:00\" \/>\n<meta name=\"twitter:card\" content=\"summary_large_image\" \/>\n<meta name=\"twitter:label1\" content=\"Tempo estimado de leitura\" \/>\n\t<meta name=\"twitter:data1\" content=\"4 minutos\" \/>\n<!-- \/ Yoast SEO plugin. -->","yoast_head_json":{"title":"Flipbook em HTML - Adicione um flipbook ao seu site em HTML [de gra\u00e7a]","description":"Adicione um widget Flipbook personaliz\u00e1vel e sem c\u00f3digo ao seu site HTML para melhorar a exibi\u00e7\u00e3o do conte\u00fado e o envolvimento do usu\u00e1rio.","robots":{"index":"index","follow":"follow","max-snippet":"max-snippet:-1","max-image-preview":"max-image-preview:large","max-video-preview":"max-video-preview:-1"},"canonical":"https:\/\/elfsight.com\/pt\/flipbook-widget\/html\/","og_locale":"pt_PT","og_type":"article","og_title":"Flipbook em HTML - Adicione um flipbook ao seu site em HTML [de gra\u00e7a]","og_description":"Adicione um widget Flipbook personaliz\u00e1vel e sem c\u00f3digo ao seu site HTML para melhorar a exibi\u00e7\u00e3o do conte\u00fado e o envolvimento do usu\u00e1rio.","og_url":"https:\/\/elfsight.com\/pt\/flipbook-widget\/html\/","og_site_name":"Elfsight PT","article_modified_time":"2025-05-30T13:10:10+00:00","twitter_card":"summary_large_image","twitter_misc":{"Tempo estimado de leitura":"4 minutos"},"schema":{"@context":"https:\/\/schema.org","@graph":[{"@type":"WebPage","@id":"https:\/\/elfsight.com\/pt\/flipbook-widget\/html\/","url":"https:\/\/elfsight.com\/pt\/flipbook-widget\/html\/","name":"Flipbook em HTML - Adicione um flipbook ao seu site em HTML [de gra\u00e7a]","isPartOf":{"@id":"https:\/\/elfsight.com\/pt\/#website"},"datePublished":"2024-08-01T13:16:37+00:00","dateModified":"2025-05-30T13:10:10+00:00","description":"Adicione um widget Flipbook personaliz\u00e1vel e sem c\u00f3digo ao seu site HTML para melhorar a exibi\u00e7\u00e3o do conte\u00fado e o envolvimento do usu\u00e1rio.","breadcrumb":{"@id":"https:\/\/elfsight.com\/pt\/flipbook-widget\/html\/#breadcrumb"},"inLanguage":"pt-PT","potentialAction":[{"@type":"ReadAction","target":["https:\/\/elfsight.com\/pt\/flipbook-widget\/html\/"]}]},{"@type":"BreadcrumbList","@id":"https:\/\/elfsight.com\/pt\/flipbook-widget\/html\/#breadcrumb","itemListElement":[{"@type":"ListItem","position":1,"name":"Home","item":"https:\/\/elfsight.com\/pt\/"},{"@type":"ListItem","position":2,"name":"Flipbook","item":"https:\/\/elfsight.com\/pt\/flipbook-widget\/"},{"@type":"ListItem","position":3,"name":"Flipbook &#8211; HTML"}]},{"@type":"WebSite","@id":"https:\/\/elfsight.com\/pt\/#website","url":"https:\/\/elfsight.com\/pt\/","name":"Elfsight PT","description":"Just another Elfsight Sites site","potentialAction":[{"@type":"SearchAction","target":{"@type":"EntryPoint","urlTemplate":"https:\/\/elfsight.com\/pt\/?s={search_term_string}"},"query-input":{"@type":"PropertyValueSpecification","valueRequired":true,"valueName":"search_term_string"}}],"inLanguage":"pt-PT"}]}},"meta_box":{"industry":"","seo_heading":"","heading":"","description":"","cta_heading":"","cta_description":"","application":"12671","h1":"Widget de flipbook em HTML","h1_caption":"Aprimore seu site em HTML com uma exibi\u00e7\u00e3o de conte\u00fado interativa e personaliz\u00e1vel. Envolva os visitantes e impulsione a intera\u00e7\u00e3o dos usu\u00e1rios incorporando um flipbook din\u00e2mico com facilidade.","application_category":[],"applications_title":"","applications_request_title":"","applications_request_button_text":"","hero_text":"","hero_video":"","hero_video_schema_markup":"","selling_points_title":"","selling_points_caption":"","selling_points":[],"selling_points_cta_text":"","features_title":"","features":"","ed_cta_examples_text":"","ed_cta_examples_hidden":"","ed_cta_demo_text":"","ed_cta_demo_hidden":"","why_caption":"","why_editor_title":"","why_editor_text":"","why_team_title":"","why_team_text":"","why_service_title":"","why_service_text":"","template_catalog_visible":"","template_catalog_title":"","template_catalog_text":"","template_catalog_categories_visible":"","demo_title":"Crie seu widget Flipbook","demo_caption":"Configure seu widget e adicione-o ao seu site HTML gratuitamente!","default_faq_hidden":"","app_template_category":[],"platform":"49","template_public_id":"","codecanyon_url":"","codecanyon_item_id":"","codecanyon_price":"","pricing_caption":"","pricing_elfsight_apps_hide_column":"","pricing_elfsight_apps_url":"","pricing_codecanyon_price_caption":"","integration_category":[],"integration_request_title":"","integration_request_cta":"","integration_platform":"","integrations":[],"platform_category":[],"video_schema_markup":"","price":"a partir de $ 0 \/ m\u00eas","trial":"","benefits":[{"text":"Servi\u00e7o de instala\u00e7\u00e3o gratuito"},{"text":"Suporte ao cliente experiente"},{"text":"Garantia de reembolso de 14 dias"},{"text":"Melhorias regulares"}],"button_url":"#demo","button_target_blank":"0","button_nofollow":"","attributes":[{"name":"Instala\u00e7\u00f5es","content":"50,000 - 100,000","_state":""},{"name":"Responsivo","content":"Yes","_state":""},{"name":"Navegadores compat\u00edveis","content":"Firefox, Safari, Opera, Chrome, Edge","_state":""}],"tags":[],"tags_disable_links":"","hide_more_platforms":"","video_object":"","demo_hide_cta":"","demo_hide_cloud_options":"","pricing_title":"","pricing":[{"pricing_icon":"platform","pricing_title":"Elfsight Apps","pricing_title_caption":"Vers\u00e3o independente de plataforma","pricing_price":"a partir de $ 0 \/ m\u00eas","pricing_price_caption":"comece com um plano gratuito","pricing_benefits":[{"text":"Dom\u00ednios ilimitados"},{"text":"Suporte r\u00e1pido da empresa e bem documentado"},{"text":"Servi\u00e7o de instala\u00e7\u00e3o gratuito"},{"text":"Design flex\u00edvel"}],"pricing_button_text":"Adicionar ao site","pricing_button_url":"#demo"}],"related_apps_title":"","related_apps_hidden":"","author":"","image":[],"title":"","job":"","social_networks":[]},"_links":{"self":[{"href":"https:\/\/elfsight.com\/pt\/wp-json\/wp\/v2\/pages\/13181","targetHints":{"allow":["GET"]}}],"collection":[{"href":"https:\/\/elfsight.com\/pt\/wp-json\/wp\/v2\/pages"}],"about":[{"href":"https:\/\/elfsight.com\/pt\/wp-json\/wp\/v2\/types\/page"}],"author":[{"embeddable":true,"href":"https:\/\/elfsight.com\/pt\/wp-json\/wp\/v2\/users\/9"}],"replies":[{"embeddable":true,"href":"https:\/\/elfsight.com\/pt\/wp-json\/wp\/v2\/comments?post=13181"}],"version-history":[{"count":2,"href":"https:\/\/elfsight.com\/pt\/wp-json\/wp\/v2\/pages\/13181\/revisions"}],"predecessor-version":[{"id":14983,"href":"https:\/\/elfsight.com\/pt\/wp-json\/wp\/v2\/pages\/13181\/revisions\/14983"}],"up":[{"embeddable":true,"href":"https:\/\/elfsight.com\/pt\/wp-json\/wp\/v2\/pages\/12677"}],"wp:attachment":[{"href":"https:\/\/elfsight.com\/pt\/wp-json\/wp\/v2\/media?parent=13181"}],"curies":[{"name":"wp","href":"https:\/\/api.w.org\/{rel}","templated":true}]}}