{"id":13180,"date":"2024-08-01T13:20:18","date_gmt":"2024-08-01T13:20:18","guid":{"rendered":"https:\/\/elfsight.com\/pt\/?page_id=13180"},"modified":"2025-05-30T13:10:10","modified_gmt":"2025-05-30T13:10:10","slug":"webflow","status":"publish","type":"page","link":"https:\/\/elfsight.com\/pt\/flipbook-widget\/webflow\/","title":{"rendered":"Flipbook &#8211; Webflow"},"content":{"rendered":"<div class=\"application-platform-content-item-description application-platform-content-item\" id=\"description\" data-nav-section=\"description\"> <h2>Incorpore o Flipbook ao Webflow com um widget Elfsight<\/h2> <p>O widget Flipbook para Webflow \u00e9 um \u00f3timo m\u00e9todo para apresentar materiais visuais no site. O widget transforma seus arquivos PDF em revistas interativas com p\u00e1ginas animadas e navega\u00e7\u00e3o avan\u00e7ada. Ele serve para exibir peri\u00f3dicos, cat\u00e1logos, manuais e materiais promocionais de uma forma agrad\u00e1vel para o leitor, aumentando assim o conhecimento da marca e a acessibilidade do conte\u00fado. <\/p><p>Voc\u00ea pode enviar rapidamente um link para sua revista em PDF, compartilh\u00e1-la nas redes sociais e fornecer aos usu\u00e1rios uma maneira clara de imprimi-la ou baix\u00e1-la. Al\u00e9m disso, o widget \u00e9 totalmente personaliz\u00e1vel para combinar com as cores do seu site ou da sua marca. O Flipbook carrega rapidamente em suas p\u00e1ginas e tem uma apar\u00eancia incr\u00edvel em qualquer dispositivo. <\/p><p><b>Crie seu livreto interativo personalizado para uma melhor apresenta\u00e7\u00e3o de seus produtos e conquistas. <\/b><\/p><\/div> <div class=\"application-platform-content-item-features application-platform-content-item\" id=\"features\" data-nav-section=\"features\"> <h2>Aqui est\u00e3o os principais recursos do widget: <\/h2><ul><li><b>Virada de p\u00e1ginas realista para seu PDF incorporado. <\/b> Basta adicionar qualquer arquivo PDF para anim\u00e1-lo com efeitos aut\u00eanticos de virada de p\u00e1gina e som de papel para uma experi\u00eancia agrad\u00e1vel ao cliente. <\/li><li><b>Pesquise, amplie e reduza, pule para o in\u00edcio ou fim. <\/b>O Flipbook oferece v\u00e1rios bot\u00f5es e elementos interativos para trabalhar com o cat\u00e1logo e inspecion\u00e1-lo convenientemente. <\/li><li><b>Compartilhe, baixe ou imprima o livreto facilmente. <\/b>\u00c9 poss\u00edvel enviar um link para o cat\u00e1logo, compartilh\u00e1-lo nas redes sociais ou oferecer a oportunidade de baix\u00e1-lo e imprimi-lo para o visualizador. <\/li><li><b>Mais modos de visualiza\u00e7\u00e3o para uma melhor apresenta\u00e7\u00e3o. <\/b>Os modos de visualiza\u00e7\u00e3o Miniatura, P\u00e1gina \u00danica e Tela Cheia est\u00e3o dispon\u00edveis para o Flipbook para melhorar ainda mais a navega\u00e7\u00e3o. <\/li><li><b>Personaliza\u00e7\u00e3o, otimiza\u00e7\u00e3o e localiza\u00e7\u00e3o avan\u00e7adas. <\/b>O Flipbook oferece diversas configura\u00e7\u00f5es de personaliza\u00e7\u00e3o, tem uma apar\u00eancia incr\u00edvel em qualquer dispositivo e est\u00e1 localizado para 76 pa\u00edses. <\/li><\/ul><p><a href=\"#demo\">Voc\u00ea pode testar a funcionalidade completa do widget na demonstra\u00e7\u00e3o nesta p\u00e1gina<\/a><\/p><\/div> <div class=\"application-platform-content-item-installation application-platform-content-item\" id=\"installation\" data-nav-section=\"installation\"> <h2>Como incorporar o Flipbook na minha p\u00e1gina do Webflow? <\/h2><p>Oferecemos um guia simples para incorporar o widget no seu site do Webflow. Leva apenas alguns minutos e n\u00e3o requer nenhuma codifica\u00e7\u00e3o.<\/p> <ol><li><strong>Crie seu widget Flipbook personalizado<\/strong><br> Comece com qualquer modelo no editor, conecte seu perfil ou as hashtags desejadas e personalize o widget de acordo com o estilo e as configura\u00e7\u00f5es desejados. <\/li><li><strong>Obtenha o c\u00f3digo personalizado para incorporar o widget<\/strong><br> Assim que terminar de criar seu widget, voc\u00ea receber\u00e1 um c\u00f3digo HTML individual no seu painel. Copie o c\u00f3digo que cont\u00e9m todos os detalhes sobre o ajuste do seu widget. <\/li> <li><strong>Exiba o widget no seu site Webflow<\/strong><br> Selecione as \u00e1reas do seu site onde deseja exibir o widget e cole o c\u00f3digo l\u00e1. Salve as altera\u00e7\u00f5es. <\/li> <\/ol><p>Pronto! Agora, verifique como o widget est\u00e1 funcionando no seu site. <\/p><p>Se voc\u00ea tiver alguma dificuldade ao incorporar o widget em um site, basta entrar em contato com nosso atendimento ao cliente. Teremos prazer em explicar como adicionar e ajustar seu Flipbook.<\/p><\/div>","protected":false},"excerpt":{"rendered":"","protected":false},"author":9,"featured_media":0,"parent":12677,"menu_order":0,"comment_status":"closed","ping_status":"closed","template":"templates\/template-application-platform.php","meta":{"publish_to_discourse":"","publish_post_category":"","wpdc_auto_publish_overridden":"","wpdc_topic_tags":"","wpdc_pin_topic":"","wpdc_pin_until":"","discourse_post_id":"","discourse_permalink":"","wpdc_publishing_response":"","wpdc_publishing_error":"","footnotes":""},"class_list":["post-13180","page","type-page","status-publish","hentry"],"yoast_head":"<!-- This site is optimized with the Yoast SEO plugin v25.3.1 - https:\/\/yoast.com\/wordpress\/plugins\/seo\/ -->\n<title>Widget Flipbook do Webflow - Incorpore um Flipbook no seu site Webflow<\/title>\n<meta name=\"description\" content=\"Adicione um widget Flipbook sem c\u00f3digo ao seu site Webflow. Use a demonstra\u00e7\u00e3o r\u00e1pida da Elfsight para gerar sua solu\u00e7\u00e3o personalizada sem esfor\u00e7o.\" \/>\n<meta name=\"robots\" content=\"index, follow, max-snippet:-1, max-image-preview:large, max-video-preview:-1\" \/>\n<link rel=\"canonical\" href=\"https:\/\/elfsight.com\/pt\/flipbook-widget\/webflow\/\" \/>\n<meta property=\"og:locale\" content=\"pt_PT\" \/>\n<meta property=\"og:type\" content=\"article\" \/>\n<meta property=\"og:title\" content=\"Widget Flipbook do Webflow - Incorpore um Flipbook no seu site Webflow\" \/>\n<meta property=\"og:description\" content=\"Adicione um widget Flipbook sem c\u00f3digo ao seu site Webflow. Use a demonstra\u00e7\u00e3o r\u00e1pida da Elfsight para gerar sua solu\u00e7\u00e3o personalizada sem esfor\u00e7o.\" \/>\n<meta property=\"og:url\" content=\"https:\/\/elfsight.com\/pt\/flipbook-widget\/webflow\/\" \/>\n<meta property=\"og:site_name\" content=\"Elfsight PT\" \/>\n<meta property=\"article:modified_time\" content=\"2025-05-30T13:10:10+00:00\" \/>\n<meta name=\"twitter:card\" content=\"summary_large_image\" \/>\n<meta name=\"twitter:label1\" content=\"Tempo estimado de leitura\" \/>\n\t<meta name=\"twitter:data1\" content=\"3 minutos\" \/>\n<!-- \/ Yoast SEO plugin. -->","yoast_head_json":{"title":"Widget Flipbook do Webflow - Incorpore um Flipbook no seu site Webflow","description":"Adicione um widget Flipbook sem c\u00f3digo ao seu site Webflow. Use a demonstra\u00e7\u00e3o r\u00e1pida da Elfsight para gerar sua solu\u00e7\u00e3o personalizada sem esfor\u00e7o.","robots":{"index":"index","follow":"follow","max-snippet":"max-snippet:-1","max-image-preview":"max-image-preview:large","max-video-preview":"max-video-preview:-1"},"canonical":"https:\/\/elfsight.com\/pt\/flipbook-widget\/webflow\/","og_locale":"pt_PT","og_type":"article","og_title":"Widget Flipbook do Webflow - Incorpore um Flipbook no seu site Webflow","og_description":"Adicione um widget Flipbook sem c\u00f3digo ao seu site Webflow. Use a demonstra\u00e7\u00e3o r\u00e1pida da Elfsight para gerar sua solu\u00e7\u00e3o personalizada sem esfor\u00e7o.","og_url":"https:\/\/elfsight.com\/pt\/flipbook-widget\/webflow\/","og_site_name":"Elfsight PT","article_modified_time":"2025-05-30T13:10:10+00:00","twitter_card":"summary_large_image","twitter_misc":{"Tempo estimado de leitura":"3 minutos"},"schema":{"@context":"https:\/\/schema.org","@graph":[{"@type":"WebPage","@id":"https:\/\/elfsight.com\/pt\/flipbook-widget\/webflow\/","url":"https:\/\/elfsight.com\/pt\/flipbook-widget\/webflow\/","name":"Widget Flipbook do Webflow - Incorpore um Flipbook no seu site Webflow","isPartOf":{"@id":"https:\/\/elfsight.com\/pt\/#website"},"datePublished":"2024-08-01T13:20:18+00:00","dateModified":"2025-05-30T13:10:10+00:00","description":"Adicione um widget Flipbook sem c\u00f3digo ao seu site Webflow. Use a demonstra\u00e7\u00e3o r\u00e1pida da Elfsight para gerar sua solu\u00e7\u00e3o personalizada sem esfor\u00e7o.","breadcrumb":{"@id":"https:\/\/elfsight.com\/pt\/flipbook-widget\/webflow\/#breadcrumb"},"inLanguage":"pt-PT","potentialAction":[{"@type":"ReadAction","target":["https:\/\/elfsight.com\/pt\/flipbook-widget\/webflow\/"]}]},{"@type":"BreadcrumbList","@id":"https:\/\/elfsight.com\/pt\/flipbook-widget\/webflow\/#breadcrumb","itemListElement":[{"@type":"ListItem","position":1,"name":"Home","item":"https:\/\/elfsight.com\/pt\/"},{"@type":"ListItem","position":2,"name":"Flipbook","item":"https:\/\/elfsight.com\/pt\/flipbook-widget\/"},{"@type":"ListItem","position":3,"name":"Flipbook &#8211; Webflow"}]},{"@type":"WebSite","@id":"https:\/\/elfsight.com\/pt\/#website","url":"https:\/\/elfsight.com\/pt\/","name":"Elfsight PT","description":"Just another Elfsight Sites site","potentialAction":[{"@type":"SearchAction","target":{"@type":"EntryPoint","urlTemplate":"https:\/\/elfsight.com\/pt\/?s={search_term_string}"},"query-input":{"@type":"PropertyValueSpecification","valueRequired":true,"valueName":"search_term_string"}}],"inLanguage":"pt-PT"}]}},"meta_box":{"industry":"","seo_heading":"","heading":"","description":"","cta_heading":"","cta_description":"","application":"12671","h1":"Widget Flipbook do Webflow","h1_caption":"Converta PDFs ou imagens em flipbooks interativos, oferecendo uma maneira mais envolvente de apresentar documentos ou cat\u00e1logos no seu site Webflow sem esfor\u00e7o.","application_category":[],"applications_title":"","applications_request_title":"","applications_request_button_text":"","hero_text":"","hero_video":"","hero_video_schema_markup":"","selling_points_title":"","selling_points_caption":"","selling_points":[],"selling_points_cta_text":"","features_title":"","features":"","ed_cta_examples_text":"","ed_cta_examples_hidden":"","ed_cta_demo_text":"","ed_cta_demo_hidden":"","why_caption":"","why_editor_title":"","why_editor_text":"","why_team_title":"","why_team_text":"","why_service_title":"","why_service_text":"","template_catalog_visible":"","template_catalog_title":"","template_catalog_text":"","template_catalog_categories_visible":"","demo_title":"Crie seu widget Flipbook","demo_caption":"Configure seu Flipbook e adicione-o ao seu site Webflow gratuitamente!","default_faq_hidden":"","app_template_category":[],"platform":"70","template_public_id":"","codecanyon_url":"","codecanyon_item_id":"","codecanyon_price":"","pricing_caption":"","pricing_elfsight_apps_hide_column":"","pricing_elfsight_apps_url":"","pricing_codecanyon_price_caption":"","integration_category":[],"integration_request_title":"","integration_request_cta":"","integration_platform":"","integrations":[],"platform_category":[],"video_schema_markup":"","price":"a partir de $ 0 \/ m\u00eas","trial":"","benefits":[{"text":"Servi\u00e7o de instala\u00e7\u00e3o gratuito"},{"text":"Suporte Excepcional"},{"text":"Garantia de reembolso de 14 dias"},{"text":"Atualiza\u00e7\u00f5es cont\u00ednuas"}],"button_url":"#demo","button_target_blank":"0","button_nofollow":"","attributes":[{"name":"Instala\u00e7\u00f5es","content":"50,000 - 100,000","_state":""},{"name":"Responsivo","content":"Yes","_state":""},{"name":"Navegadores compat\u00edveis","content":"Firefox, Safari, Opera, Chrome, Edge","_state":""}],"tags":[],"tags_disable_links":"","hide_more_platforms":"","video_object":"","demo_hide_cta":"","demo_hide_cloud_options":"","pricing_title":"","pricing":[{"pricing_icon":"platform","pricing_title":"Elfsight Apps","pricing_title_caption":"Vers\u00e3o multiplataforma que funciona em qualquer site","pricing_price":"a partir de $ 0 \/ m\u00eas","pricing_price_caption":"comece com um plano gratuito","pricing_benefits":[{"text":"Sites ilimitados"},{"text":"Suporte ao cliente r\u00e1pido e bem documentado"},{"text":"Suporte de instala\u00e7\u00e3o gratuito"},{"text":"Totalmente personaliz\u00e1vel"}],"pricing_button_text":"Adicionar ao site","pricing_button_url":"#demo"}],"related_apps_title":"","related_apps_hidden":"","author":"","image":[],"title":"","job":"","social_networks":[]},"_links":{"self":[{"href":"https:\/\/elfsight.com\/pt\/wp-json\/wp\/v2\/pages\/13180","targetHints":{"allow":["GET"]}}],"collection":[{"href":"https:\/\/elfsight.com\/pt\/wp-json\/wp\/v2\/pages"}],"about":[{"href":"https:\/\/elfsight.com\/pt\/wp-json\/wp\/v2\/types\/page"}],"author":[{"embeddable":true,"href":"https:\/\/elfsight.com\/pt\/wp-json\/wp\/v2\/users\/9"}],"replies":[{"embeddable":true,"href":"https:\/\/elfsight.com\/pt\/wp-json\/wp\/v2\/comments?post=13180"}],"version-history":[{"count":2,"href":"https:\/\/elfsight.com\/pt\/wp-json\/wp\/v2\/pages\/13180\/revisions"}],"predecessor-version":[{"id":14982,"href":"https:\/\/elfsight.com\/pt\/wp-json\/wp\/v2\/pages\/13180\/revisions\/14982"}],"up":[{"embeddable":true,"href":"https:\/\/elfsight.com\/pt\/wp-json\/wp\/v2\/pages\/12677"}],"wp:attachment":[{"href":"https:\/\/elfsight.com\/pt\/wp-json\/wp\/v2\/media?parent=13180"}],"curies":[{"name":"wp","href":"https:\/\/api.w.org\/{rel}","templated":true}]}}