{"id":13179,"date":"2024-08-01T13:24:15","date_gmt":"2024-08-01T13:24:15","guid":{"rendered":"https:\/\/elfsight.com\/pt\/?page_id=13179"},"modified":"2025-05-30T13:10:02","modified_gmt":"2025-05-30T13:10:02","slug":"wordpress","status":"publish","type":"page","link":"https:\/\/elfsight.com\/pt\/flipbook-widget\/wordpress\/","title":{"rendered":"Flipbook &#8211; WordPress"},"content":{"rendered":"<div class=\"application-platform-content-item-description application-platform-content-item\" id=\"description\" data-nav-section=\"description\"><h2>Plugin de Flipbook para WordPress para Maior Engajamento do Usu\u00e1rio<\/h2> <p>O Flipbook da Elfsight \u00e9 uma maneira inteligente de apresentar seu conte\u00fado em um formato envolvente, moderno e visualmente atraente. Seja para exibir cat\u00e1logos, brochuras, relat\u00f3rios ou revistas, o layout de um flipbook imita o virar de p\u00e1gina no mundo real, proporcionando uma experi\u00eancia mais imersiva do que um download de PDF est\u00e1tico. O plugin \u00e9 perfeito para empresas, educadores, editores e profissionais de marketing que buscam aprimorar a forma como compartilham documentos digitais em seus sites. Com integra\u00e7\u00e3o perfeita e controles intuitivos, seus visitantes podem se divertir folheando as p\u00e1ginas sem sair do seu site.<\/p> <p><b>Transforme a apresenta\u00e7\u00e3o do seu conte\u00fado, comece a usar o plugin flipbook da Elfsight gratuitamente hoje mesmo!<\/b><\/p><\/div><div class=\"application-platform-content-item-features application-platform-content-item\" id=\"features\" data-nav-section=\"features\"><h2>Principais recursos do PDF Flipbook para WordPress<\/h2> <p>O Elfsight vem com um poderoso conjunto de recursos projetados para aprimorar a visualiza\u00e7\u00e3o de documentos e elevar o envolvimento do usu\u00e1rio em seu site. Os principais destaques incluem:<\/p> <ul> <li><strong>Visualizador de PDF interativo:<\/strong> Transforme qualquer documento padr\u00e3o em um flip book digital com efeitos realistas de virada de p\u00e1gina.<\/li> <li><strong>Design responsivo para dispositivos m\u00f3veis:<\/strong> O Elfsight funciona perfeitamente em todos os dispositivos, incluindo smartphones e tablets.<\/li> <li><strong>Interface personaliz\u00e1vel:<\/strong> Ajuste cores, estilos de bot\u00f5es, op\u00e7\u00f5es de zoom e muito mais para combinar com sua marca.<\/li> <li><strong>Carregamento r\u00e1pido de PDF:<\/strong> Otimize a renderiza\u00e7\u00e3o de arquivos para uma experi\u00eancia de visualiza\u00e7\u00e3o suave e sem atrasos.<\/li> <\/ul> <p><a href=\"#demo\">Experimente todos os recursos do melhor plugin de flipbook no editor gratuito agora \u2013 sem necessidade de inscri\u00e7\u00e3o!<\/a><\/p><\/div><div class=\"application-platform-content-item-installation application-platform-content-item\" id=\"installation\" data-nav-section=\"installation\"><h2>Como adicionar o Flipbook ao WordPress<\/h2> <p>Siga estas etapas simples para integrar o plugin Flipbook ao seu Site WordPress usando Elfsight. Nenhuma habilidade de codifica\u00e7\u00e3o necess\u00e1ria:<\/p> <ol><li><strong>Selecione seu modelo:<\/strong> Abra o editor Elfsight e escolha o modelo que se adapta ao seu tipo de conte\u00fado, seja um cat\u00e1logo de produtos ou uma revista digital.<\/li> <li><strong>Personalize seu widget:<\/strong> Estilize a interface, carregue seu PDF, ajuste a anima\u00e7\u00e3o de virar a p\u00e1gina e ajuste as configura\u00e7\u00f5es conforme sua prefer\u00eancia.<\/li> <li><strong>Copie o c\u00f3digo gerado:<\/strong> Quando estiver satisfeito, copie o c\u00f3digo HTML gerado automaticamente pelo plugin.<\/li> <li><strong>Incorpore o c\u00f3digo:<\/strong> V\u00e1 para o painel do WordPress, abra a p\u00e1gina\/postagem onde deseja o flipbook, insira um bloco HTML personalizado e cole o c\u00f3digo.<\/li><\/ol> <p>Leia as instru\u00e7\u00f5es completas sobre <a href=\"https:\/\/elfsight.com\/blog\/how-to-embed-flipbook-on-website\/\" target=\"_blank\" rel=\"noopener\">como incorporar um flipbook ao seu website<\/a>. Se tiver algum problema ou preferir uma configura\u00e7\u00e3o autom\u00e1tica, nossa equipe pode ajudar \u2013 basta entrar em contato com nossa equipe de suporte.<\/p><\/div><div class=\"faq\" data-component=\"FAQ\"><div class=\"faq-item\">\r\n\t\t\t\t\t<div class=\"faq-item-question\">\r\n\t\t\t\t\t\t<h3 class=\"faq-item-question-text\">Posso usar o Flipbook da Elfsight gratuitamente?<\/h3>\r\n\r\n\t\t\t\t\t\t<div class=\"faq-item-question-icon\"><\/div>\r\n\t\t\t\t\t<\/div>\r\n\r\n\t\t\t\t\t<div class=\"faq-item-answer\">\r\n\t\t\t\t\t\t<div class=\"faq-item-answer-text\">Sim, a Elfsight oferece um plano gratuito, para que voc\u00ea possa come\u00e7ar a usar o Flipbook com todos os recursos b\u00e1sicos. Voc\u00ea pode fazer upgrade para acessar funcionalidades premium a qualquer momento. <\/div>\r\n\t\t\t\t\t<\/div>\r\n\t\t\t\t<\/div><div class=\"faq-item\">\r\n\t\t\t\t\t<div class=\"faq-item-question\">\r\n\t\t\t\t\t\t<h3 class=\"faq-item-question-text\">O plugin \u00e9 responsivo para dispositivos m\u00f3veis?<\/h3>\r\n\r\n\t\t\t\t\t\t<div class=\"faq-item-question-icon\"><\/div>\r\n\t\t\t\t\t<\/div>\r\n\r\n\t\t\t\t\t<div class=\"faq-item-answer\">\r\n\t\t\t\t\t\t<div class=\"faq-item-answer-text\">Com certeza. O plugin \u00e9 totalmente responsivo e garante que seu flipbook tenha uma \u00f3tima apar\u00eancia e funcione perfeitamente em desktops, tablets e smartphones. <\/div>\r\n\t\t\t\t\t<\/div>\r\n\t\t\t\t<\/div><div class=\"faq-item\">\r\n\t\t\t\t\t<div class=\"faq-item-question\">\r\n\t\t\t\t\t\t<h3 class=\"faq-item-question-text\">Como personalizo a apar\u00eancia do meu flipbook?<\/h3>\r\n\r\n\t\t\t\t\t\t<div class=\"faq-item-question-icon\"><\/div>\r\n\t\t\t\t\t<\/div>\r\n\r\n\t\t\t\t\t<div class=\"faq-item-answer\">\r\n\t\t\t\t\t\t<div class=\"faq-item-answer-text\">Usando o editor visual da Elfsight, voc\u00ea pode ajustar cores, estilos de bot\u00f5es, tamanho, efeitos de virada de p\u00e1gina e muito mais. Isso ajuda o plugin a se integrar perfeitamente \u00e0 identidade visual do seu site. <\/div>\r\n\t\t\t\t\t<\/div>\r\n\t\t\t\t<\/div><div class=\"faq-item\">\r\n\t\t\t\t\t<div class=\"faq-item-question\">\r\n\t\t\t\t\t\t<h3 class=\"faq-item-question-text\">Posso atualizar o conte\u00fado do widget sem editar o site toda vez?<\/h3>\r\n\r\n\t\t\t\t\t\t<div class=\"faq-item-question-icon\"><\/div>\r\n\t\t\t\t\t<\/div>\r\n\r\n\t\t\t\t\t<div class=\"faq-item-answer\">\r\n\t\t\t\t\t\t<div class=\"faq-item-answer-text\">Sim, voc\u00ea pode atualizar o conte\u00fado diretamente no seu painel do Elfsight, e as altera\u00e7\u00f5es aparecer\u00e3o no seu site em tempo real \u2013 sem necessidade de reincorporar nada.<\/div>\r\n\t\t\t\t\t<\/div>\r\n\t\t\t\t<\/div><div class=\"faq-item\">\r\n\t\t\t\t\t<div class=\"faq-item-question\">\r\n\t\t\t\t\t\t<h3 class=\"faq-item-question-text\">O widget deixa meu site lento?<\/h3>\r\n\r\n\t\t\t\t\t\t<div class=\"faq-item-question-icon\"><\/div>\r\n\t\t\t\t\t<\/div>\r\n\r\n\t\t\t\t\t<div class=\"faq-item-answer\">\r\n\t\t\t\t\t\t<div class=\"faq-item-answer-text\">Os widgets do Elfsight s\u00e3o leves e hospedados na nuvem, o que significa que eles carregam de forma ass\u00edncrona e n\u00e3o afetam o desempenho do seu site.<\/div>\r\n\t\t\t\t\t<\/div>\r\n\t\t\t\t<\/div><\/div>","protected":false},"excerpt":{"rendered":"","protected":false},"author":9,"featured_media":0,"parent":12677,"menu_order":0,"comment_status":"closed","ping_status":"closed","template":"templates\/template-application-platform.php","meta":{"publish_to_discourse":"","publish_post_category":"","wpdc_auto_publish_overridden":"","wpdc_topic_tags":"","wpdc_pin_topic":"","wpdc_pin_until":"","discourse_post_id":"","discourse_permalink":"","wpdc_publishing_response":"","wpdc_publishing_error":"","footnotes":""},"class_list":["post-13179","page","type-page","status-publish","hentry"],"yoast_head":"<!-- This site is optimized with the Yoast SEO plugin v25.3.1 - https:\/\/yoast.com\/wordpress\/plugins\/seo\/ -->\n<title>Plugin Flipbook para WordPress \u2013 Adicione um Flipbook em PDF ao WordPress [Gr\u00e1tis]<\/title>\n<meta name=\"description\" content=\"Adicione o melhor plugin PDF Flipbook para WordPress para aumentar o engajamento e apresentar conte\u00fado em um formato din\u00e2mico.\" \/>\n<meta name=\"robots\" content=\"index, follow, max-snippet:-1, max-image-preview:large, max-video-preview:-1\" \/>\n<link rel=\"canonical\" href=\"https:\/\/elfsight.com\/pt\/flipbook-widget\/wordpress\/\" \/>\n<meta property=\"og:locale\" content=\"pt_PT\" \/>\n<meta property=\"og:type\" content=\"article\" \/>\n<meta property=\"og:title\" content=\"Plugin Flipbook para WordPress \u2013 Adicione um Flipbook em PDF ao WordPress [Gr\u00e1tis]\" \/>\n<meta property=\"og:description\" content=\"Adicione o melhor plugin PDF Flipbook para WordPress para aumentar o engajamento e apresentar conte\u00fado em um formato din\u00e2mico.\" \/>\n<meta property=\"og:url\" content=\"https:\/\/elfsight.com\/pt\/flipbook-widget\/wordpress\/\" \/>\n<meta property=\"og:site_name\" content=\"Elfsight PT\" \/>\n<meta property=\"article:modified_time\" content=\"2025-05-30T13:10:02+00:00\" \/>\n<meta name=\"twitter:card\" content=\"summary_large_image\" \/>\n<meta name=\"twitter:label1\" content=\"Tempo estimado de leitura\" \/>\n\t<meta name=\"twitter:data1\" content=\"3 minutos\" \/>\n<!-- \/ Yoast SEO plugin. -->","yoast_head_json":{"title":"Plugin Flipbook para WordPress \u2013 Adicione um Flipbook em PDF ao WordPress [Gr\u00e1tis]","description":"Adicione o melhor plugin PDF Flipbook para WordPress para aumentar o engajamento e apresentar conte\u00fado em um formato din\u00e2mico.","robots":{"index":"index","follow":"follow","max-snippet":"max-snippet:-1","max-image-preview":"max-image-preview:large","max-video-preview":"max-video-preview:-1"},"canonical":"https:\/\/elfsight.com\/pt\/flipbook-widget\/wordpress\/","og_locale":"pt_PT","og_type":"article","og_title":"Plugin Flipbook para WordPress \u2013 Adicione um Flipbook em PDF ao WordPress [Gr\u00e1tis]","og_description":"Adicione o melhor plugin PDF Flipbook para WordPress para aumentar o engajamento e apresentar conte\u00fado em um formato din\u00e2mico.","og_url":"https:\/\/elfsight.com\/pt\/flipbook-widget\/wordpress\/","og_site_name":"Elfsight PT","article_modified_time":"2025-05-30T13:10:02+00:00","twitter_card":"summary_large_image","twitter_misc":{"Tempo estimado de leitura":"3 minutos"},"schema":{"@context":"https:\/\/schema.org","@graph":[{"@type":"WebPage","@id":"https:\/\/elfsight.com\/pt\/flipbook-widget\/wordpress\/","url":"https:\/\/elfsight.com\/pt\/flipbook-widget\/wordpress\/","name":"Plugin Flipbook para WordPress \u2013 Adicione um Flipbook em PDF ao WordPress [Gr\u00e1tis]","isPartOf":{"@id":"https:\/\/elfsight.com\/pt\/#website"},"datePublished":"2024-08-01T13:24:15+00:00","dateModified":"2025-05-30T13:10:02+00:00","description":"Adicione o melhor plugin PDF Flipbook para WordPress para aumentar o engajamento e apresentar conte\u00fado em um formato din\u00e2mico.","breadcrumb":{"@id":"https:\/\/elfsight.com\/pt\/flipbook-widget\/wordpress\/#breadcrumb"},"inLanguage":"pt-PT","potentialAction":[{"@type":"ReadAction","target":["https:\/\/elfsight.com\/pt\/flipbook-widget\/wordpress\/"]}]},{"@type":"BreadcrumbList","@id":"https:\/\/elfsight.com\/pt\/flipbook-widget\/wordpress\/#breadcrumb","itemListElement":[{"@type":"ListItem","position":1,"name":"Home","item":"https:\/\/elfsight.com\/pt\/"},{"@type":"ListItem","position":2,"name":"Flipbook","item":"https:\/\/elfsight.com\/pt\/flipbook-widget\/"},{"@type":"ListItem","position":3,"name":"Flipbook &#8211; WordPress"}]},{"@type":"WebSite","@id":"https:\/\/elfsight.com\/pt\/#website","url":"https:\/\/elfsight.com\/pt\/","name":"Elfsight PT","description":"Just another Elfsight Sites site","potentialAction":[{"@type":"SearchAction","target":{"@type":"EntryPoint","urlTemplate":"https:\/\/elfsight.com\/pt\/?s={search_term_string}"},"query-input":{"@type":"PropertyValueSpecification","valueRequired":true,"valueName":"search_term_string"}}],"inLanguage":"pt-PT"}]}},"meta_box":{"industry":"","seo_heading":"","heading":"","description":"","cta_heading":"","cta_description":"","application":"12671","h1":"Plugin de flipbook em PDF para WordPress","h1_caption":"Adicione um Flipbook responsivo ao seu site WordPress para transformar seus PDFs em publica\u00e7\u00f5es elegantes e interativas em minutos.","application_category":[],"applications_title":"","applications_request_title":"","applications_request_button_text":"","hero_text":"","hero_video":"","hero_video_schema_markup":"","selling_points_title":"","selling_points_caption":"","selling_points":[],"selling_points_cta_text":"","features_title":"","features":"","ed_cta_examples_text":"","ed_cta_examples_hidden":"","ed_cta_demo_text":"","ed_cta_demo_hidden":"","why_caption":"","why_editor_title":"","why_editor_text":"","why_team_title":"","why_team_text":"","why_service_title":"","why_service_text":"","template_catalog_visible":"","template_catalog_title":"","template_catalog_text":"","template_catalog_categories_visible":"","demo_title":"Crie seu plugin Flipbook","demo_caption":"Configure seu Flipbook em PDF e adicione-o ao seu site WordPress gratuitamente!","default_faq_hidden":"","app_template_category":[],"platform":"34","template_public_id":"","codecanyon_url":"","codecanyon_item_id":"","codecanyon_price":"","pricing_caption":"","pricing_elfsight_apps_hide_column":"","pricing_elfsight_apps_url":"","pricing_codecanyon_price_caption":"","integration_category":[],"integration_request_title":"","integration_request_cta":"","integration_platform":"","integrations":[],"platform_category":[],"video_schema_markup":"","price":"a partir de $ 0 \/ m\u00eas","trial":"","benefits":[{"text":"Servi\u00e7o de instala\u00e7\u00e3o gratuito"},{"text":"Atendimento ao cliente eficaz"},{"text":"Garantia de devolu\u00e7\u00e3o do dinheiro em 14 dias"},{"text":"Atualiza\u00e7\u00f5es cont\u00ednuas"}],"button_url":"#demo","button_target_blank":"0","button_nofollow":"","attributes":[{"name":"Instala\u00e7\u00f5es","content":"50,000 - 100,000","_state":""},{"name":"Responsivo","content":"Yes","_state":""},{"name":"Navegadores compat\u00edveis","content":"Firefox, Safari, Opera, Chrome, Edge","_state":""}],"tags":[],"tags_disable_links":"","hide_more_platforms":"","video_object":"","demo_hide_cta":"","demo_hide_cloud_options":"","pricing_title":"","pricing":[{"pricing_icon":"platform","pricing_title":"Elfsight Apps","pricing_title_caption":"Solu\u00e7\u00e3o digital multiplataforma","pricing_price":"a partir de $ 0 \/ m\u00eas","pricing_price_caption":"comece com um plano gratuito","pricing_benefits":[{"text":"Dom\u00ednios ilimitados"},{"text":"Suporte gratuito ao cliente e bem documentado"},{"text":"Servi\u00e7o de instala\u00e7\u00e3o gratuito"},{"text":"Design flex\u00edvel"}],"pricing_button_text":"Adicionar ao site","pricing_button_url":"#demo"}],"related_apps_title":"","related_apps_hidden":"","author":"","image":[],"title":"","job":"","social_networks":[]},"_links":{"self":[{"href":"https:\/\/elfsight.com\/pt\/wp-json\/wp\/v2\/pages\/13179","targetHints":{"allow":["GET"]}}],"collection":[{"href":"https:\/\/elfsight.com\/pt\/wp-json\/wp\/v2\/pages"}],"about":[{"href":"https:\/\/elfsight.com\/pt\/wp-json\/wp\/v2\/types\/page"}],"author":[{"embeddable":true,"href":"https:\/\/elfsight.com\/pt\/wp-json\/wp\/v2\/users\/9"}],"replies":[{"embeddable":true,"href":"https:\/\/elfsight.com\/pt\/wp-json\/wp\/v2\/comments?post=13179"}],"version-history":[{"count":2,"href":"https:\/\/elfsight.com\/pt\/wp-json\/wp\/v2\/pages\/13179\/revisions"}],"predecessor-version":[{"id":14981,"href":"https:\/\/elfsight.com\/pt\/wp-json\/wp\/v2\/pages\/13179\/revisions\/14981"}],"up":[{"embeddable":true,"href":"https:\/\/elfsight.com\/pt\/wp-json\/wp\/v2\/pages\/12677"}],"wp:attachment":[{"href":"https:\/\/elfsight.com\/pt\/wp-json\/wp\/v2\/media?parent=13179"}],"curies":[{"name":"wp","href":"https:\/\/api.w.org\/{rel}","templated":true}]}}