{"id":13164,"date":"2024-08-01T14:21:35","date_gmt":"2024-08-01T14:21:35","guid":{"rendered":"https:\/\/elfsight.com\/pt\/?page_id=13164"},"modified":"2025-05-30T13:09:53","modified_gmt":"2025-05-30T13:09:53","slug":"weebly","status":"publish","type":"page","link":"https:\/\/elfsight.com\/pt\/flipbook-widget\/weebly\/","title":{"rendered":"Flipbook &#8211; Weebly"},"content":{"rendered":"<div class=\"application-platform-content-item-description application-platform-content-item\" id=\"description\" data-nav-section=\"description\"> <h2>Incorpore o Flipbook ao Weebly com um aplicativo Elfsight<\/h2> <p>O aplicativo Flipbook para Weebly \u00e9 um m\u00e9todo inteligente para exibir materiais visuais no site. O aplicativo transforma seus arquivos PDF em cat\u00e1logos din\u00e2micos com p\u00e1ginas animadas e navega\u00e7\u00e3o conveniente. Ele foi projetado para exibir peri\u00f3dicos, cat\u00e1logos, manuais e materiais promocionais de uma forma agrad\u00e1vel para o visualizador, aumentando assim o reconhecimento da marca e a acessibilidade do conte\u00fado. <\/p><p>Voc\u00ea pode enviar rapidamente um link para sua revista em PDF, compartilh\u00e1-la nas redes sociais e oferecer aos usu\u00e1rios uma maneira simples de imprimi-la ou baix\u00e1-la. Al\u00e9m disso, o aplicativo \u00e9 totalmente personaliz\u00e1vel para se adequar \u00e0s cores do seu site ou da sua marca. O Flipbook carrega imediatamente em suas p\u00e1ginas e tem uma apar\u00eancia incr\u00edvel em qualquer dispositivo. <\/p><p><b>Crie seu \u00e1lbum em PDF personalizado para uma apresenta\u00e7\u00e3o mais agrad\u00e1vel de seus produtos e conquistas. <\/b><\/p><\/div> <div class=\"application-platform-content-item-features application-platform-content-item\" id=\"features\" data-nav-section=\"features\"> <h2>Encontre abaixo os recursos b\u00e1sicos do aplicativo: <\/h2><ul><li><b>Virada de p\u00e1ginas realista para o PDF adicionado. <\/b> Basta adicionar qualquer arquivo PDF para anim\u00e1-lo com efeitos aut\u00eanticos de virada de p\u00e1gina e som de papel para uma experi\u00eancia satisfat\u00f3ria para o cliente. <\/li><li><b>Pesquise, amplie e reduza, pule para o in\u00edcio ou fim. <\/b>O Flipbook oferece v\u00e1rios bot\u00f5es e elementos interativos para trabalhar com o folheto e visualiz\u00e1-lo convenientemente. <\/li><li><b>Compartilhe, baixe ou imprima o folheto facilmente. <\/b>\u00c9 simples enviar um link para o cat\u00e1logo, compartilh\u00e1-lo nas redes sociais ou oferecer a oportunidade de baix\u00e1-lo e imprimi-lo para o leitor. <\/li><li><b>Modos de visualiza\u00e7\u00e3o adicionais para uma bela apresenta\u00e7\u00e3o. <\/b>Os modos de visualiza\u00e7\u00e3o Miniatura, P\u00e1gina \u00danica e Tela Cheia est\u00e3o dispon\u00edveis no Flipbook para aprimorar ainda mais a navega\u00e7\u00e3o. <\/li><li><b>Personaliza\u00e7\u00e3o, otimiza\u00e7\u00e3o e localiza\u00e7\u00e3o avan\u00e7adas. <\/b>O Flipbook oferece v\u00e1rios ajustes de personaliza\u00e7\u00e3o, tem uma apar\u00eancia perfeita em qualquer dispositivo e est\u00e1 localizado para 76 pa\u00edses. <\/li><\/ul><p><a href=\"#demo\">Experimente esta demonstra\u00e7\u00e3o para ver como funciona<\/a><\/p><\/div> <div class=\"application-platform-content-item-installation application-platform-content-item\" id=\"installation\" data-nav-section=\"installation\"> <h2>Como incorporo o Flipbook \u00e0s minhas p\u00e1ginas do Weebly? <\/h2><p>Veja esta maneira simples de incorporar o aplicativo ao seu site Weebly. Leva apenas alguns minutos e n\u00e3o requer codifica\u00e7\u00e3o.<\/p> <ol><li><strong>Crie seu aplicativo Flipbook pessoal<\/strong><br> Comece com qualquer modelo no editor, conecte seu perfil ou as hashtags desejadas e personalize o aplicativo de acordo com o design e as configura\u00e7\u00f5es de sua prefer\u00eancia. <\/li><li><strong>Obtenha o c\u00f3digo pessoal para incorporar o aplicativo<\/strong><br> Assim que terminar de criar o aplicativo, voc\u00ea receber\u00e1 um c\u00f3digo HTML individual no seu painel. Copie este c\u00f3digo, que cont\u00e9m todas as informa\u00e7\u00f5es sobre os ajustes do seu aplicativo. <\/li> <li><strong>Exiba o aplicativo no seu site Weebly<\/strong><br> Defina as \u00e1reas do seu site onde voc\u00ea espera que o aplicativo seja exibido e cole o c\u00f3digo l\u00e1. Salve suas altera\u00e7\u00f5es. <\/li> <\/ol><p>Pronto! Agora, verifique como o aplicativo est\u00e1 funcionando no seu site. <\/p><p>Se voc\u00ea tiver algum problema ao incorporar o aplicativo ao seu site, entre em contato com o nosso suporte ao cliente. Teremos prazer em mostrar como adicionar e ajustar seu Flipbook.<\/p><\/div>","protected":false},"excerpt":{"rendered":"","protected":false},"author":9,"featured_media":0,"parent":12677,"menu_order":0,"comment_status":"closed","ping_status":"closed","template":"templates\/template-application-platform.php","meta":{"publish_to_discourse":"","publish_post_category":"","wpdc_auto_publish_overridden":"","wpdc_topic_tags":"","wpdc_pin_topic":"","wpdc_pin_until":"","discourse_post_id":"","discourse_permalink":"","wpdc_publishing_response":"","wpdc_publishing_error":"","footnotes":""},"class_list":["post-13164","page","type-page","status-publish","hentry"],"yoast_head":"<!-- This site is optimized with the Yoast SEO plugin v25.3.1 - https:\/\/yoast.com\/wordpress\/plugins\/seo\/ -->\n<title>Aplicativo Flipbook para Weebly - Incorpore livretos brilhantes no site<\/title>\n<meta name=\"description\" content=\"Adicione um aplicativo Flipbook sem c\u00f3digo ao seu site Weebly. Experimente a demonstra\u00e7\u00e3o simples da Elfsight para gerar sua solu\u00e7\u00e3o exclusiva sem esfor\u00e7o.\" \/>\n<meta name=\"robots\" content=\"index, follow, max-snippet:-1, max-image-preview:large, max-video-preview:-1\" \/>\n<link rel=\"canonical\" href=\"https:\/\/elfsight.com\/pt\/flipbook-widget\/weebly\/\" \/>\n<meta property=\"og:locale\" content=\"pt_PT\" \/>\n<meta property=\"og:type\" content=\"article\" \/>\n<meta property=\"og:title\" content=\"Aplicativo Flipbook para Weebly - Incorpore livretos brilhantes no site\" \/>\n<meta property=\"og:description\" content=\"Adicione um aplicativo Flipbook sem c\u00f3digo ao seu site Weebly. Experimente a demonstra\u00e7\u00e3o simples da Elfsight para gerar sua solu\u00e7\u00e3o exclusiva sem esfor\u00e7o.\" \/>\n<meta property=\"og:url\" content=\"https:\/\/elfsight.com\/pt\/flipbook-widget\/weebly\/\" \/>\n<meta property=\"og:site_name\" content=\"Elfsight PT\" \/>\n<meta property=\"article:modified_time\" content=\"2025-05-30T13:09:53+00:00\" \/>\n<meta name=\"twitter:card\" content=\"summary_large_image\" \/>\n<meta name=\"twitter:label1\" content=\"Tempo estimado de leitura\" \/>\n\t<meta name=\"twitter:data1\" content=\"3 minutos\" \/>\n<!-- \/ Yoast SEO plugin. -->","yoast_head_json":{"title":"Aplicativo Flipbook para Weebly - Incorpore livretos brilhantes no site","description":"Adicione um aplicativo Flipbook sem c\u00f3digo ao seu site Weebly. Experimente a demonstra\u00e7\u00e3o simples da Elfsight para gerar sua solu\u00e7\u00e3o exclusiva sem esfor\u00e7o.","robots":{"index":"index","follow":"follow","max-snippet":"max-snippet:-1","max-image-preview":"max-image-preview:large","max-video-preview":"max-video-preview:-1"},"canonical":"https:\/\/elfsight.com\/pt\/flipbook-widget\/weebly\/","og_locale":"pt_PT","og_type":"article","og_title":"Aplicativo Flipbook para Weebly - Incorpore livretos brilhantes no site","og_description":"Adicione um aplicativo Flipbook sem c\u00f3digo ao seu site Weebly. Experimente a demonstra\u00e7\u00e3o simples da Elfsight para gerar sua solu\u00e7\u00e3o exclusiva sem esfor\u00e7o.","og_url":"https:\/\/elfsight.com\/pt\/flipbook-widget\/weebly\/","og_site_name":"Elfsight PT","article_modified_time":"2025-05-30T13:09:53+00:00","twitter_card":"summary_large_image","twitter_misc":{"Tempo estimado de leitura":"3 minutos"},"schema":{"@context":"https:\/\/schema.org","@graph":[{"@type":"WebPage","@id":"https:\/\/elfsight.com\/pt\/flipbook-widget\/weebly\/","url":"https:\/\/elfsight.com\/pt\/flipbook-widget\/weebly\/","name":"Aplicativo Flipbook para Weebly - Incorpore livretos brilhantes no site","isPartOf":{"@id":"https:\/\/elfsight.com\/pt\/#website"},"datePublished":"2024-08-01T14:21:35+00:00","dateModified":"2025-05-30T13:09:53+00:00","description":"Adicione um aplicativo Flipbook sem c\u00f3digo ao seu site Weebly. Experimente a demonstra\u00e7\u00e3o simples da Elfsight para gerar sua solu\u00e7\u00e3o exclusiva sem esfor\u00e7o.","breadcrumb":{"@id":"https:\/\/elfsight.com\/pt\/flipbook-widget\/weebly\/#breadcrumb"},"inLanguage":"pt-PT","potentialAction":[{"@type":"ReadAction","target":["https:\/\/elfsight.com\/pt\/flipbook-widget\/weebly\/"]}]},{"@type":"BreadcrumbList","@id":"https:\/\/elfsight.com\/pt\/flipbook-widget\/weebly\/#breadcrumb","itemListElement":[{"@type":"ListItem","position":1,"name":"Home","item":"https:\/\/elfsight.com\/pt\/"},{"@type":"ListItem","position":2,"name":"Flipbook","item":"https:\/\/elfsight.com\/pt\/flipbook-widget\/"},{"@type":"ListItem","position":3,"name":"Flipbook &#8211; Weebly"}]},{"@type":"WebSite","@id":"https:\/\/elfsight.com\/pt\/#website","url":"https:\/\/elfsight.com\/pt\/","name":"Elfsight PT","description":"Just another Elfsight Sites site","potentialAction":[{"@type":"SearchAction","target":{"@type":"EntryPoint","urlTemplate":"https:\/\/elfsight.com\/pt\/?s={search_term_string}"},"query-input":{"@type":"PropertyValueSpecification","valueRequired":true,"valueName":"search_term_string"}}],"inLanguage":"pt-PT"}]}},"meta_box":{"industry":"","seo_heading":"","heading":"","description":"","cta_heading":"","cta_description":"","application":"12671","h1":"Aplicativo Weebly Flipbook","h1_caption":"Converta PDFs ou imagens em flipbooks interativos, oferecendo uma maneira mais envolvente de apresentar documentos ou cat\u00e1logos no seu site Weebly sem esfor\u00e7o.","application_category":[],"applications_title":"","applications_request_title":"","applications_request_button_text":"","hero_text":"","hero_video":"","hero_video_schema_markup":"","selling_points_title":"","selling_points_caption":"","selling_points":[],"selling_points_cta_text":"","features_title":"","features":"","ed_cta_examples_text":"","ed_cta_examples_hidden":"","ed_cta_demo_text":"","ed_cta_demo_hidden":"","why_caption":"","why_editor_title":"","why_editor_text":"","why_team_title":"","why_team_text":"","why_service_title":"","why_service_text":"","template_catalog_visible":"","template_catalog_title":"","template_catalog_text":"","template_catalog_categories_visible":"","demo_title":"Crie seu aplicativo Flipbook","demo_caption":"Configure seu Flipbook e adicione-o ao seu site Weebly gratuitamente!","default_faq_hidden":"","app_template_category":[],"platform":"73","template_public_id":"","codecanyon_url":"","codecanyon_item_id":"","codecanyon_price":"","pricing_caption":"","pricing_elfsight_apps_hide_column":"","pricing_elfsight_apps_url":"","pricing_codecanyon_price_caption":"","integration_category":[],"integration_request_title":"","integration_request_cta":"","integration_platform":"","integrations":[],"platform_category":[],"video_schema_markup":"","price":"a partir de $ 0 \/ m\u00eas","trial":"","benefits":[{"text":"Servi\u00e7o de instala\u00e7\u00e3o gratuito"},{"text":"Atendimento profissional ao cliente"},{"text":"Garantia de devolu\u00e7\u00e3o do dinheiro em 14 dias"},{"text":"Atualizando constantemente"}],"button_url":"#demo","button_target_blank":"0","button_nofollow":"","attributes":[{"name":"Instala\u00e7\u00f5es","content":"50,000 - 100,000","_state":""},{"name":"Responsivo","content":"Yes","_state":""},{"name":"Navegadores compat\u00edveis","content":"Firefox, Safari, Opera, Chrome, Edge","_state":""}],"tags":[],"tags_disable_links":"","hide_more_platforms":"","video_object":"","demo_hide_cta":"","demo_hide_cloud_options":"","pricing_title":"","pricing":[{"pricing_icon":"platform","pricing_title":"Elfsight Apps","pricing_title_caption":"Solu\u00e7\u00e3o independente de plataforma que se adapta a qualquer site","pricing_price":"a partir de $ 0 \/ m\u00eas","pricing_price_caption":"comece com um plano gratuito","pricing_benefits":[{"text":"Sites ilimitados"},{"text":"Suporte 24 horas por dia, 7 dias por semana"},{"text":"Servi\u00e7o de instala\u00e7\u00e3o gratuito"},{"text":"Totalmente personaliz\u00e1vel"}],"pricing_button_text":"Adicionar ao site","pricing_button_url":"#demo"}],"related_apps_title":"","related_apps_hidden":"","author":"","image":[],"title":"","job":"","social_networks":[]},"_links":{"self":[{"href":"https:\/\/elfsight.com\/pt\/wp-json\/wp\/v2\/pages\/13164","targetHints":{"allow":["GET"]}}],"collection":[{"href":"https:\/\/elfsight.com\/pt\/wp-json\/wp\/v2\/pages"}],"about":[{"href":"https:\/\/elfsight.com\/pt\/wp-json\/wp\/v2\/types\/page"}],"author":[{"embeddable":true,"href":"https:\/\/elfsight.com\/pt\/wp-json\/wp\/v2\/users\/9"}],"replies":[{"embeddable":true,"href":"https:\/\/elfsight.com\/pt\/wp-json\/wp\/v2\/comments?post=13164"}],"version-history":[{"count":2,"href":"https:\/\/elfsight.com\/pt\/wp-json\/wp\/v2\/pages\/13164\/revisions"}],"predecessor-version":[{"id":14974,"href":"https:\/\/elfsight.com\/pt\/wp-json\/wp\/v2\/pages\/13164\/revisions\/14974"}],"up":[{"embeddable":true,"href":"https:\/\/elfsight.com\/pt\/wp-json\/wp\/v2\/pages\/12677"}],"wp:attachment":[{"href":"https:\/\/elfsight.com\/pt\/wp-json\/wp\/v2\/media?parent=13164"}],"curies":[{"name":"wp","href":"https:\/\/api.w.org\/{rel}","templated":true}]}}