{"id":13163,"date":"2024-08-01T14:25:24","date_gmt":"2024-08-01T14:25:24","guid":{"rendered":"https:\/\/elfsight.com\/pt\/?page_id=13163"},"modified":"2025-05-30T13:09:44","modified_gmt":"2025-05-30T13:09:44","slug":"facebook","status":"publish","type":"page","link":"https:\/\/elfsight.com\/pt\/flipbook-widget\/facebook\/","title":{"rendered":"Flipbook &#8211; Facebook Page"},"content":{"rendered":"<div class=\"application-platform-content-item-description application-platform-content-item\" id=\"description\" data-nav-section=\"description\"> <h2>Incorpore o Flipbook na p\u00e1gina do Facebook com um widget Elfsight<\/h2> <p>O widget Flipbook para p\u00e1gina do Facebook \u00e9 um m\u00e9todo elegante para exibir materiais visuais na p\u00e1gina. O widget transforma seus arquivos PDF em revistas interativas com p\u00e1ginas animadas e navega\u00e7\u00e3o conveniente. Ele ajuda a exibir peri\u00f3dicos, cat\u00e1logos, manuais e materiais promocionais de forma atraente para o leitor, aumentando assim o reconhecimento da marca e a acessibilidade do conte\u00fado. <\/p><p>Voc\u00ea pode enviar rapidamente um link para o seu \u00e1lbum em PDF, compartilh\u00e1-lo nas redes sociais e fornecer aos usu\u00e1rios uma maneira clara de imprimi-lo ou baix\u00e1-lo. Al\u00e9m disso, o widget \u00e9 totalmente personaliz\u00e1vel para se adequar ao estilo do seu site ou da sua marca. O Flipbook carrega rapidamente nas suas p\u00e1ginas e fica lindo em qualquer dispositivo. <\/p><p><b>Aumente a qualidade da apresenta\u00e7\u00e3o dos seus produtos e conquistas com o \u00e1lbum em PDF personalizado. <\/b><\/p><\/div> <div class=\"application-platform-content-item-features application-platform-content-item\" id=\"features\" data-nav-section=\"features\"> <h2>Abaixo est\u00e3o os principais recursos do widget: <\/h2><ul><li><b>Virada de p\u00e1ginas realista para qualquer PDF incorporado. <\/b> Basta adicionar qualquer arquivo PDF para anim\u00e1-lo com efeitos realistas de virada de p\u00e1gina e som de papel para uma experi\u00eancia extraordin\u00e1ria do usu\u00e1rio. <\/li><li><b>Pesquise, amplie e reduza, pule para o in\u00edcio ou fim. <\/b>O Flipbook tem v\u00e1rios bot\u00f5es e elementos interativos para trabalhar com o livreto e explor\u00e1-lo convenientemente. <\/li><li><b>Compartilhe, baixe ou imprima o \u00e1lbum sem esfor\u00e7o. <\/b>\u00c9 simples enviar um link para o cat\u00e1logo, compartilh\u00e1-lo nas redes sociais ou oferecer a oportunidade de baix\u00e1-lo e imprimi-lo para o visualizador. <\/li><li><b>Modos de visualiza\u00e7\u00e3o adicionais para uma apresenta\u00e7\u00e3o conveniente. <\/b>Os modos de visualiza\u00e7\u00e3o Miniatura, P\u00e1gina \u00danica e Tela Cheia est\u00e3o dispon\u00edveis para o Flipbook para melhorar ainda mais a navega\u00e7\u00e3o. <\/li><li><b>Personaliza\u00e7\u00e3o, otimiza\u00e7\u00e3o e localiza\u00e7\u00e3o aprimoradas. <\/b>O Flipbook oferece diversas configura\u00e7\u00f5es de personaliza\u00e7\u00e3o, tem uma apar\u00eancia perfeita em qualquer dispositivo e est\u00e1 localizado para 76 pa\u00edses. <\/li><\/ul><p><a href=\"#demo\">Voc\u00ea pode descobrir todos os recursos do widget na demonstra\u00e7\u00e3o. <\/a><\/p><\/div> <div class=\"application-platform-content-item-installation application-platform-content-item\" id=\"installation\" data-nav-section=\"installation\"> <h2>Como incorporar o Flipbook \u00e0s p\u00e1ginas da minha p\u00e1gina do Facebook? <\/h2><div class=\"tip-yellow tip\"><b>Devido \u00e0s recentes mudan\u00e7as no Facebook e \u00e0 transi\u00e7\u00e3o para a Nova Experi\u00eancia de P\u00e1gina, o uso atualmente s\u00f3 \u00e9 poss\u00edvel adicionando um link direto ao widget. Estamos buscando ativamente uma solu\u00e7\u00e3o e atualizaremos a configura\u00e7\u00e3o da p\u00e1gina do Facebook assim que encontrarmos uma maneira.<\/b><\/div><p>Oferecemos um guia simples para incorporar o widget \u00e0 sua p\u00e1gina do Facebook. Levar\u00e1 apenas alguns minutos e n\u00e3o requer nenhuma codifica\u00e7\u00e3o.<\/p> <ol><li><strong>Crie seu widget Flipbook individual<\/strong><br> Comece com qualquer modelo no editor, conecte seu perfil ou hashtags desejadas e personalize o widget de acordo com seu estilo e configura\u00e7\u00f5es preferidos. <\/li><li><strong>Obtenha o c\u00f3digo pessoal para incorporar o widget<\/strong><br> Assim que terminar de criar seu widget, voc\u00ea receber\u00e1 um c\u00f3digo HTML individual no seu painel. Copie esse c\u00f3digo, que cont\u00e9m todas as informa\u00e7\u00f5es sobre as configura\u00e7\u00f5es do seu widget. <\/li> <li><strong>Exiba o widget na sua p\u00e1gina do Facebook<\/strong><br> Defina as se\u00e7\u00f5es do seu site onde voc\u00ea deseja exibir o widget e cole o c\u00f3digo l\u00e1. Salve suas altera\u00e7\u00f5es. <\/li> <\/ol><p>Pronto! Agora, verifique como o widget est\u00e1 funcionando no seu site. <\/p><p>Caso tenha alguma dificuldade ao incorporar o widget em um site, entre em contato com nossa central de ajuda. Teremos prazer em aconselh\u00e1-lo sobre como adicionar e ajustar seu Flipbook.<\/p><\/div>","protected":false},"excerpt":{"rendered":"","protected":false},"author":9,"featured_media":0,"parent":12677,"menu_order":0,"comment_status":"closed","ping_status":"closed","template":"templates\/template-application-platform.php","meta":{"publish_to_discourse":"","publish_post_category":"","wpdc_auto_publish_overridden":"","wpdc_topic_tags":"","wpdc_pin_topic":"","wpdc_pin_until":"","discourse_post_id":"","discourse_permalink":"","wpdc_publishing_response":"","wpdc_publishing_error":"","footnotes":""},"class_list":["post-13163","page","type-page","status-publish","hentry"],"yoast_head":"<!-- This site is optimized with the Yoast SEO plugin v25.3.1 - https:\/\/yoast.com\/wordpress\/plugins\/seo\/ -->\n<title>Widget Flipbook para p\u00e1gina do Facebook - Incorpore lindos folhetos no Facebook<\/title>\n<meta name=\"description\" content=\"Adicione um widget Flipbook integrado ao site da sua p\u00e1gina do Facebook. Confira a demonstra\u00e7\u00e3o simples da Elfsight para gerar facilmente sua solu\u00e7\u00e3o exclusiva.\" \/>\n<meta name=\"robots\" content=\"index, follow, max-snippet:-1, max-image-preview:large, max-video-preview:-1\" \/>\n<link rel=\"canonical\" href=\"https:\/\/elfsight.com\/pt\/flipbook-widget\/facebook\/\" \/>\n<meta property=\"og:locale\" content=\"pt_PT\" \/>\n<meta property=\"og:type\" content=\"article\" \/>\n<meta property=\"og:title\" content=\"Widget Flipbook para p\u00e1gina do Facebook - Incorpore lindos folhetos no Facebook\" \/>\n<meta property=\"og:description\" content=\"Adicione um widget Flipbook integrado ao site da sua p\u00e1gina do Facebook. Confira a demonstra\u00e7\u00e3o simples da Elfsight para gerar facilmente sua solu\u00e7\u00e3o exclusiva.\" \/>\n<meta property=\"og:url\" content=\"https:\/\/elfsight.com\/pt\/flipbook-widget\/facebook\/\" \/>\n<meta property=\"og:site_name\" content=\"Elfsight PT\" \/>\n<meta property=\"article:modified_time\" content=\"2025-05-30T13:09:44+00:00\" \/>\n<meta name=\"twitter:card\" content=\"summary_large_image\" \/>\n<meta name=\"twitter:label1\" content=\"Tempo estimado de leitura\" \/>\n\t<meta name=\"twitter:data1\" content=\"3 minutos\" \/>\n<!-- \/ Yoast SEO plugin. -->","yoast_head_json":{"title":"Widget Flipbook para p\u00e1gina do Facebook - Incorpore lindos folhetos no Facebook","description":"Adicione um widget Flipbook integrado ao site da sua p\u00e1gina do Facebook. Confira a demonstra\u00e7\u00e3o simples da Elfsight para gerar facilmente sua solu\u00e7\u00e3o exclusiva.","robots":{"index":"index","follow":"follow","max-snippet":"max-snippet:-1","max-image-preview":"max-image-preview:large","max-video-preview":"max-video-preview:-1"},"canonical":"https:\/\/elfsight.com\/pt\/flipbook-widget\/facebook\/","og_locale":"pt_PT","og_type":"article","og_title":"Widget Flipbook para p\u00e1gina do Facebook - Incorpore lindos folhetos no Facebook","og_description":"Adicione um widget Flipbook integrado ao site da sua p\u00e1gina do Facebook. Confira a demonstra\u00e7\u00e3o simples da Elfsight para gerar facilmente sua solu\u00e7\u00e3o exclusiva.","og_url":"https:\/\/elfsight.com\/pt\/flipbook-widget\/facebook\/","og_site_name":"Elfsight PT","article_modified_time":"2025-05-30T13:09:44+00:00","twitter_card":"summary_large_image","twitter_misc":{"Tempo estimado de leitura":"3 minutos"},"schema":{"@context":"https:\/\/schema.org","@graph":[{"@type":"WebPage","@id":"https:\/\/elfsight.com\/pt\/flipbook-widget\/facebook\/","url":"https:\/\/elfsight.com\/pt\/flipbook-widget\/facebook\/","name":"Widget Flipbook para p\u00e1gina do Facebook - Incorpore lindos folhetos no Facebook","isPartOf":{"@id":"https:\/\/elfsight.com\/pt\/#website"},"datePublished":"2024-08-01T14:25:24+00:00","dateModified":"2025-05-30T13:09:44+00:00","description":"Adicione um widget Flipbook integrado ao site da sua p\u00e1gina do Facebook. Confira a demonstra\u00e7\u00e3o simples da Elfsight para gerar facilmente sua solu\u00e7\u00e3o exclusiva.","breadcrumb":{"@id":"https:\/\/elfsight.com\/pt\/flipbook-widget\/facebook\/#breadcrumb"},"inLanguage":"pt-PT","potentialAction":[{"@type":"ReadAction","target":["https:\/\/elfsight.com\/pt\/flipbook-widget\/facebook\/"]}]},{"@type":"BreadcrumbList","@id":"https:\/\/elfsight.com\/pt\/flipbook-widget\/facebook\/#breadcrumb","itemListElement":[{"@type":"ListItem","position":1,"name":"Home","item":"https:\/\/elfsight.com\/pt\/"},{"@type":"ListItem","position":2,"name":"Flipbook","item":"https:\/\/elfsight.com\/pt\/flipbook-widget\/"},{"@type":"ListItem","position":3,"name":"Flipbook &#8211; Facebook Page"}]},{"@type":"WebSite","@id":"https:\/\/elfsight.com\/pt\/#website","url":"https:\/\/elfsight.com\/pt\/","name":"Elfsight PT","description":"Just another Elfsight Sites site","potentialAction":[{"@type":"SearchAction","target":{"@type":"EntryPoint","urlTemplate":"https:\/\/elfsight.com\/pt\/?s={search_term_string}"},"query-input":{"@type":"PropertyValueSpecification","valueRequired":true,"valueName":"search_term_string"}}],"inLanguage":"pt-PT"}]}},"meta_box":{"industry":"","seo_heading":"","heading":"","description":"","cta_heading":"","cta_description":"","application":"12671","h1":"Widget de flipbook de p\u00e1gina do Facebook","h1_caption":"Converta PDFs ou imagens em flipbooks interativos, oferecendo uma maneira mais envolvente de apresentar documentos ou cat\u00e1logos no site da sua p\u00e1gina do Facebook sem esfor\u00e7o.","application_category":[],"applications_title":"","applications_request_title":"","applications_request_button_text":"","hero_text":"","hero_video":"","hero_video_schema_markup":"","selling_points_title":"","selling_points_caption":"","selling_points":[],"selling_points_cta_text":"","features_title":"","features":"","ed_cta_examples_text":"","ed_cta_examples_hidden":"","ed_cta_demo_text":"","ed_cta_demo_hidden":"","why_caption":"","why_editor_title":"","why_editor_text":"","why_team_title":"","why_team_text":"","why_service_title":"","why_service_text":"","template_catalog_visible":"","template_catalog_title":"","template_catalog_text":"","template_catalog_categories_visible":"","demo_title":"Crie seu widget Flipbook","demo_caption":"Configure seu Flipbook e adicione-o ao seu site da p\u00e1gina do Facebook gratuitamente!","default_faq_hidden":"","app_template_category":[],"platform":"103","template_public_id":"","codecanyon_url":"","codecanyon_item_id":"","codecanyon_price":"","pricing_caption":"","pricing_elfsight_apps_hide_column":"","pricing_elfsight_apps_url":"","pricing_codecanyon_price_caption":"","integration_category":[],"integration_request_title":"","integration_request_cta":"","integration_platform":"","integrations":[],"platform_category":[],"video_schema_markup":"","price":"a partir de $ 0 \/ m\u00eas","trial":"","benefits":[{"text":"Assist\u00eancia de instala\u00e7\u00e3o gratuita"},{"text":"Suporte Excepcional"},{"text":"Garantia de reembolso de 14 dias"},{"text":"Atualiza\u00e7\u00f5es gratuitas futuras"}],"button_url":"#demo","button_target_blank":"0","button_nofollow":"","attributes":[{"name":"Instala\u00e7\u00f5es","content":"50,000 - 100,000","_state":""},{"name":"Responsivo","content":"Yes","_state":""},{"name":"Navegadores compat\u00edveis","content":"Firefox, Safari, Opera, Chrome, Edge","_state":""}],"tags":[],"tags_disable_links":"","hide_more_platforms":"","video_object":"","demo_hide_cta":"","demo_hide_cloud_options":"","pricing_title":"","pricing":[{"pricing_icon":"platform","pricing_title":"Elfsight Apps","pricing_title_caption":"Vers\u00e3o multiplataforma adequada para qualquer site","pricing_price":"a partir de $ 0 \/ m\u00eas","pricing_price_caption":"comece com um plano gratuito","pricing_benefits":[{"text":"Sites ilimitados"},{"text":"Suporte 24 horas por dia, 7 dias por semana e bem documentado"},{"text":"Assist\u00eancia de instala\u00e7\u00e3o gratuita"},{"text":"Design flex\u00edvel"}],"pricing_button_text":"Adicionar ao site","pricing_button_url":"#demo"}],"related_apps_title":"","related_apps_hidden":"","author":"","image":[],"title":"","job":"","social_networks":[]},"_links":{"self":[{"href":"https:\/\/elfsight.com\/pt\/wp-json\/wp\/v2\/pages\/13163","targetHints":{"allow":["GET"]}}],"collection":[{"href":"https:\/\/elfsight.com\/pt\/wp-json\/wp\/v2\/pages"}],"about":[{"href":"https:\/\/elfsight.com\/pt\/wp-json\/wp\/v2\/types\/page"}],"author":[{"embeddable":true,"href":"https:\/\/elfsight.com\/pt\/wp-json\/wp\/v2\/users\/9"}],"replies":[{"embeddable":true,"href":"https:\/\/elfsight.com\/pt\/wp-json\/wp\/v2\/comments?post=13163"}],"version-history":[{"count":2,"href":"https:\/\/elfsight.com\/pt\/wp-json\/wp\/v2\/pages\/13163\/revisions"}],"predecessor-version":[{"id":14973,"href":"https:\/\/elfsight.com\/pt\/wp-json\/wp\/v2\/pages\/13163\/revisions\/14973"}],"up":[{"embeddable":true,"href":"https:\/\/elfsight.com\/pt\/wp-json\/wp\/v2\/pages\/12677"}],"wp:attachment":[{"href":"https:\/\/elfsight.com\/pt\/wp-json\/wp\/v2\/media?parent=13163"}],"curies":[{"name":"wp","href":"https:\/\/api.w.org\/{rel}","templated":true}]}}