{"id":13126,"date":"2024-09-30T18:27:29","date_gmt":"2024-09-30T18:27:29","guid":{"rendered":"https:\/\/elfsight.com\/pt\/?page_id=13126"},"modified":"2024-12-16T17:29:26","modified_gmt":"2024-12-16T17:29:26","slug":"wordpress","status":"publish","type":"page","link":"https:\/\/elfsight.com\/pt\/blog-widget\/wordpress\/","title":{"rendered":"blog &#8211; wordpress"},"content":{"rendered":"<div class=\"application-platform-content-item-description application-platform-content-item\" id=\"description\" data-nav-section=\"description\"> <h2>Incorpore o Blog no WordPress com um plugin da Elfsight<\/h2> <p>O widget Blog aumenta a estrat\u00e9gia de conte\u00fado do seu site e o envolvimento do p\u00fablico. Crie e gerencie artigos cativantes com elementos multim\u00eddia, exiba postagens populares em controles deslizantes din\u00e2micos e garanta que seu conte\u00fado fique \u00f3timo em qualquer dispositivo. Escrever e gerenciar o conte\u00fado do blog nunca foi t\u00e3o simples ou eficiente. <\/p><p>Adicionar novos artigos \u00e9 muito simples com o widget Blog: bastam alguns cliques e seu conte\u00fado estar\u00e1 dispon\u00edvel. Voc\u00ea pode compartilhar postagens facilmente por meio de links diretos e, com IA incorporada, n\u00e3o apenas pode construir artigos sem esfor\u00e7o, mas tamb\u00e9m gerar imagens para melhorar suas postagens. Este widget permite que voc\u00ea compartilhe a hist\u00f3ria da sua empresa e solidifique seu neg\u00f3cio como l\u00edder do setor. <\/p><p><b>Crie sua se\u00e7\u00e3o pessoal com postagens para engajar o p\u00fablico e apresentar o dom\u00ednio da sua marca! <\/b><\/p><\/div> <div class=\"application-platform-content-item-features application-platform-content-item\" id=\"features\" data-nav-section=\"features\"> <h2>Veja a lista dos recursos mais valiosos: <\/h2><ul><li><b>Adicione facilmente o blog ao todos os sites. <\/b> Comece a criar seu widget de Blog exclusivo que garante um funcionamento perfeito em qualquer tipo de construtor de sites. <\/li><li><b>Use IA para gerar conte\u00fado regularmente. <\/b> Os recursos de IA do widget fornecem um m\u00e9todo poderoso para atualizar regularmente o feed e publicar artigos imediatamente. <\/li><li><b>Crie postagens com um editor intuitivo. <\/b> Nosso editor que funciona de forma semelhante ao Notion permite que voc\u00ea crie facilmente o artigo sem manuais adicionais. <\/li><li><b>Adicione muitos elementos para decorar artigos. <\/b> O construtor de blog possui um amplo conjunto de elementos textuais e visuais para resultar em uma postagem rica e atraente. <\/li><li><b>Compartilhe postagens usando um link direto.<\/b> Cada postagem ter\u00e1 um endere\u00e7o URL exclusivo que voc\u00ea pode compartilhar para obter visualiza\u00e7\u00f5es e engajamento adicionais. <\/li><\/ul><p><a href=\"#demo\">A demonstra\u00e7\u00e3o f\u00e1cil de usar pode demonstrar como os recursos e configura\u00e7\u00f5es funcionam nesta p\u00e1gina<\/a><\/p><\/div> <div class=\"application-platform-content-item-installation application-platform-content-item\" id=\"installation\" data-nav-section=\"installation\"> <h2>Como posso incorporar um blog em meu site WordPress? <\/h2><p>Encontre este guia simples para ter o widget em seu site WordPress. Levar\u00e1 apenas alguns minutos e n\u00e3o requer nenhuma codifica\u00e7\u00e3o. <\/p> <ol><li><strong>Crie seu widget de blog personalizado<\/strong><br> Comece com qualquer modelo da demonstra\u00e7\u00e3o, trabalhe com os elementos convenientes do editor e personalize o widget com o estilo desejado e op\u00e7\u00f5es. <\/li><li><strong>Receba o c\u00f3digo pessoal para incorporar o widget<\/strong><br> Depois de criar seu widget, voc\u00ea receber\u00e1 um c\u00f3digo HTML individual em seu painel. Copie o que cont\u00e9m todas as informa\u00e7\u00f5es relativas \u00e0s suas configura\u00e7\u00f5es. <\/li> <li><strong>Exiba o widget no seu site WordPress<\/strong><br> Escolha as se\u00e7\u00f5es do seu site onde voc\u00ea espera exibir o Blog e cole o c\u00f3digo l\u00e1. Salve as altera\u00e7\u00f5es. <\/li> <\/ol><p>\u00c9 isso a\u00ed! Agora veja como o widget est\u00e1 funcionando no seu site. <\/p><p>Se voc\u00ea enfrentar alguma dificuldade ao incorporar o widget em um site, basta entrar em contato com nossos gerentes de suporte. Teremos o maior prazer em explicar como adicionar e ajustar seu Blog. <\/p><\/div>","protected":false},"excerpt":{"rendered":"","protected":false},"author":9,"featured_media":0,"parent":12679,"menu_order":0,"comment_status":"closed","ping_status":"closed","template":"templates\/template-application-platform.php","meta":{"publish_to_discourse":"","publish_post_category":"","wpdc_auto_publish_overridden":"","wpdc_topic_tags":"","wpdc_pin_topic":"","wpdc_pin_until":"","discourse_post_id":"","discourse_permalink":"","wpdc_publishing_response":"","wpdc_publishing_error":"","footnotes":""},"class_list":["post-13126","page","type-page","status-publish","hentry"],"yoast_head":"<!-- This site is optimized with the Yoast SEO plugin v25.3.1 - https:\/\/yoast.com\/wordpress\/plugins\/seo\/ -->\n<title>Plug-in WordPress Blog - Adicione Blog ao seu site WordPress [Gr\u00e1tis]<\/title>\n<meta name=\"description\" content=\"Adicione um widget de blog sem c\u00f3digo ao seu site WordPress. Experimente a demonstra\u00e7\u00e3o online da Elfsight para gerar facilmente a sua solu\u00e7\u00e3o pessoal.\" \/>\n<meta name=\"robots\" content=\"index, follow, max-snippet:-1, max-image-preview:large, max-video-preview:-1\" \/>\n<link rel=\"canonical\" href=\"https:\/\/elfsight.com\/pt\/blog-widget\/wordpress\/\" \/>\n<meta property=\"og:locale\" content=\"pt_PT\" \/>\n<meta property=\"og:type\" content=\"article\" \/>\n<meta property=\"og:title\" content=\"Plug-in WordPress Blog - Adicione Blog ao seu site WordPress [Gr\u00e1tis]\" \/>\n<meta property=\"og:description\" content=\"Adicione um widget de blog sem c\u00f3digo ao seu site WordPress. Experimente a demonstra\u00e7\u00e3o online da Elfsight para gerar facilmente a sua solu\u00e7\u00e3o pessoal.\" \/>\n<meta property=\"og:url\" content=\"https:\/\/elfsight.com\/pt\/blog-widget\/wordpress\/\" \/>\n<meta property=\"og:site_name\" content=\"Elfsight PT\" \/>\n<meta property=\"article:modified_time\" content=\"2024-12-16T17:29:26+00:00\" \/>\n<meta name=\"twitter:card\" content=\"summary_large_image\" \/>\n<meta name=\"twitter:label1\" content=\"Tempo estimado de leitura\" \/>\n\t<meta name=\"twitter:data1\" content=\"3 minutos\" \/>\n<!-- \/ Yoast SEO plugin. -->","yoast_head_json":{"title":"Plug-in WordPress Blog - Adicione Blog ao seu site WordPress [Gr\u00e1tis]","description":"Adicione um widget de blog sem c\u00f3digo ao seu site WordPress. Experimente a demonstra\u00e7\u00e3o online da Elfsight para gerar facilmente a sua solu\u00e7\u00e3o pessoal.","robots":{"index":"index","follow":"follow","max-snippet":"max-snippet:-1","max-image-preview":"max-image-preview:large","max-video-preview":"max-video-preview:-1"},"canonical":"https:\/\/elfsight.com\/pt\/blog-widget\/wordpress\/","og_locale":"pt_PT","og_type":"article","og_title":"Plug-in WordPress Blog - Adicione Blog ao seu site WordPress [Gr\u00e1tis]","og_description":"Adicione um widget de blog sem c\u00f3digo ao seu site WordPress. Experimente a demonstra\u00e7\u00e3o online da Elfsight para gerar facilmente a sua solu\u00e7\u00e3o pessoal.","og_url":"https:\/\/elfsight.com\/pt\/blog-widget\/wordpress\/","og_site_name":"Elfsight PT","article_modified_time":"2024-12-16T17:29:26+00:00","twitter_card":"summary_large_image","twitter_misc":{"Tempo estimado de leitura":"3 minutos"},"schema":{"@context":"https:\/\/schema.org","@graph":[{"@type":"WebPage","@id":"https:\/\/elfsight.com\/pt\/blog-widget\/wordpress\/","url":"https:\/\/elfsight.com\/pt\/blog-widget\/wordpress\/","name":"Plug-in WordPress Blog - Adicione Blog ao seu site WordPress [Gr\u00e1tis]","isPartOf":{"@id":"https:\/\/elfsight.com\/pt\/#website"},"datePublished":"2024-09-30T18:27:29+00:00","dateModified":"2024-12-16T17:29:26+00:00","description":"Adicione um widget de blog sem c\u00f3digo ao seu site WordPress. Experimente a demonstra\u00e7\u00e3o online da Elfsight para gerar facilmente a sua solu\u00e7\u00e3o pessoal.","breadcrumb":{"@id":"https:\/\/elfsight.com\/pt\/blog-widget\/wordpress\/#breadcrumb"},"inLanguage":"pt-PT","potentialAction":[{"@type":"ReadAction","target":["https:\/\/elfsight.com\/pt\/blog-widget\/wordpress\/"]}]},{"@type":"BreadcrumbList","@id":"https:\/\/elfsight.com\/pt\/blog-widget\/wordpress\/#breadcrumb","itemListElement":[{"@type":"ListItem","position":1,"name":"Home","item":"https:\/\/elfsight.com\/pt\/"},{"@type":"ListItem","position":2,"name":"blog &#8211; wordpress"}]},{"@type":"WebSite","@id":"https:\/\/elfsight.com\/pt\/#website","url":"https:\/\/elfsight.com\/pt\/","name":"Elfsight PT","description":"Just another Elfsight Sites site","potentialAction":[{"@type":"SearchAction","target":{"@type":"EntryPoint","urlTemplate":"https:\/\/elfsight.com\/pt\/?s={search_term_string}"},"query-input":{"@type":"PropertyValueSpecification","valueRequired":true,"valueName":"search_term_string"}}],"inLanguage":"pt-PT"}]}},"meta_box":{"industry":"","seo_heading":"","heading":"","description":"","cta_heading":"","cta_description":"","application":"12673","h1":"Plug-in de blog WordPress","h1_caption":"Crie um blog, escreva artigos fant\u00e1sticos e compartilhe conte\u00fado com seu p\u00fablico.","application_category":[],"applications_title":"","applications_request_title":"","applications_request_button_text":"","hero_text":"","hero_video":"","hero_video_schema_markup":"","selling_points_title":"","selling_points_caption":"","selling_points":[],"selling_points_cta_text":"","features_title":"","features":"","ed_cta_examples_text":"","ed_cta_examples_hidden":"","ed_cta_demo_text":"","ed_cta_demo_hidden":"","why_caption":"","why_editor_title":"","why_editor_text":"","why_team_title":"","why_team_text":"","why_service_title":"","why_service_text":"","template_catalog_visible":"","template_catalog_title":"","template_catalog_text":"","template_catalog_categories_visible":"","demo_title":"Crie o plugin do seu blog","demo_caption":"Configure seu Blog e adicione-o ao seu site WordPress gratuitamente!","default_faq_hidden":"","app_template_category":[],"platform":"34","template_public_id":"","codecanyon_url":"","codecanyon_item_id":"","codecanyon_price":"","pricing_caption":"","pricing_elfsight_apps_hide_column":"","pricing_elfsight_apps_url":"","pricing_codecanyon_price_caption":"","integration_category":[],"integration_request_title":"","integration_request_cta":"","integration_platform":"","integrations":[],"platform_category":[],"video_schema_markup":"","price":"a partir de $ 0 \/ m\u00eas","trial":"","benefits":[{"text":"Servi\u00e7o de instala\u00e7\u00e3o gratuito"},{"text":"Suporte ao cliente experiente"},{"text":"Garantia de reembolso de 14 dias"},{"text":"Desenvolvimento cont\u00ednuo"}],"button_url":"#demo","button_target_blank":"","button_nofollow":"","attributes":[{"name":"Instalar","content":"50,000 - 100,000"},{"name":"Responsivo","content":"Sim"},{"name":"Navegadores compat\u00edveis","content":"Firefox, Safari, Opera, Chrome, Edge"}],"tags":[],"tags_disable_links":"","hide_more_platforms":"","video_object":"","demo_hide_cta":"","demo_hide_cloud_options":"","pricing_title":"","pricing":[{"pricing_icon":"platform","pricing_title":"Elfsight Apps","pricing_title_caption":"Solu\u00e7\u00e3o digital multiplataforma","pricing_price":"a partir de $ 0 \/ m\u00eas","pricing_price_caption":"comece com um plano gratuito","pricing_benefits":[{"text":"Sites ilimitados"},{"text":"Suporte gratuito"},{"text":"Suporte de instala\u00e7\u00e3o gratuito"},{"text":"Totalmente personaliz\u00e1vel"}],"pricing_button_text":"Adicionar ao site","pricing_button_url":"#demo"}],"related_apps_title":"","related_apps_hidden":"","author":"","image":[],"title":"","job":"","social_networks":[]},"_links":{"self":[{"href":"https:\/\/elfsight.com\/pt\/wp-json\/wp\/v2\/pages\/13126","targetHints":{"allow":["GET"]}}],"collection":[{"href":"https:\/\/elfsight.com\/pt\/wp-json\/wp\/v2\/pages"}],"about":[{"href":"https:\/\/elfsight.com\/pt\/wp-json\/wp\/v2\/types\/page"}],"author":[{"embeddable":true,"href":"https:\/\/elfsight.com\/pt\/wp-json\/wp\/v2\/users\/9"}],"replies":[{"embeddable":true,"href":"https:\/\/elfsight.com\/pt\/wp-json\/wp\/v2\/comments?post=13126"}],"version-history":[{"count":1,"href":"https:\/\/elfsight.com\/pt\/wp-json\/wp\/v2\/pages\/13126\/revisions"}],"predecessor-version":[{"id":13130,"href":"https:\/\/elfsight.com\/pt\/wp-json\/wp\/v2\/pages\/13126\/revisions\/13130"}],"up":[{"embeddable":true,"href":"https:\/\/elfsight.com\/pt\/wp-json\/wp\/v2\/pages\/12679"}],"wp:attachment":[{"href":"https:\/\/elfsight.com\/pt\/wp-json\/wp\/v2\/media?parent=13126"}],"curies":[{"name":"wp","href":"https:\/\/api.w.org\/{rel}","templated":true}]}}