{"id":13123,"date":"2024-09-30T18:27:29","date_gmt":"2024-09-30T18:27:29","guid":{"rendered":"https:\/\/elfsight.com\/pt\/?page_id=13123"},"modified":"2024-12-16T17:29:26","modified_gmt":"2024-12-16T17:29:26","slug":"google-sites","status":"publish","type":"page","link":"https:\/\/elfsight.com\/pt\/blog-widget\/google-sites\/","title":{"rendered":"blog &#8211; google sites"},"content":{"rendered":"<div class=\"application-platform-content-item-description application-platform-content-item\" id=\"description\" data-nav-section=\"description\"> <h2>Incorpore o Blog no Google Sites com um widget Elfsight<\/h2> <p>O widget Blog aumenta a estrat\u00e9gia de conte\u00fado do seu site e o envolvimento do p\u00fablico. Crie e gerencie artigos cativantes com elementos multim\u00eddia, exiba postagens populares em controles deslizantes din\u00e2micos e garanta que seu conte\u00fado fique \u00f3timo em qualquer dispositivo. Escrever e gerenciar o conte\u00fado do blog nunca foi t\u00e3o simples ou eficiente. <\/p><p>Adicionar novas postagens \u00e9 incrivelmente simples com o widget Blog: basta um clique e sua publica\u00e7\u00e3o estar\u00e1 no ar. Voc\u00ea pode divulgar postagens facilmente por meio de links diretos e, com IA incorporada, n\u00e3o apenas pode criar artigos sem esfor\u00e7o, mas tamb\u00e9m gerar imagens para melhorar suas postagens. Este widget permite que voc\u00ea compartilhe a hist\u00f3ria da sua marca e estabele\u00e7a sua empresa como uma empresa l\u00edder no setor. <\/p><p><b>Crie sua se\u00e7\u00e3o pessoal com hist\u00f3rias para atrair clientes e destacar a expertise da sua marca! <\/b><\/p><\/div> <div class=\"application-platform-content-item-features application-platform-content-item\" id=\"features\" data-nav-section=\"features\"> <h2>Confira a lista dos melhores recursos: <\/h2><ul><li><b>Adicione facilmente o blog a todos sites. <\/b> Comece a criar seu widget de Blog personalizado que garante um desempenho incr\u00edvel em qualquer tipo de plataforma de site. <\/li><li><b>Aproveite a IA para lan\u00e7ar conte\u00fado regularmente. <\/b> As caracter\u00edsticas de IA do widget fornecem uma abordagem poderosa para atualizar conte\u00fado regularmente e publicar artigos rapidamente. <\/li><li><b>Crie postagens com um editor intuitivo. <\/b> Nosso editor que funciona de forma semelhante ao Notion permite que voc\u00ea crie facilmente o artigo sem manuais adicionais. <\/li><li><b>Adicione v\u00e1rios elementos para decorar artigos. <\/b> O criador do blog possui uma ampla cole\u00e7\u00e3o de textos e elementos gr\u00e1ficos para criar uma postagem rica e envolvente. <\/li><li><b>Compartilhe postagens usando um link direto.<\/b> Cada postagem receber\u00e1 um endere\u00e7o URL exclusivo que voc\u00ea pode compartilhar para obter visualiza\u00e7\u00f5es e engajamento adicionais. <\/li><\/ul><p><a href=\"#demo\">Use a demonstra\u00e7\u00e3o amig\u00e1vel para ver o que nosso widget pode fazer<\/a><\/p><\/div> <div class=\"application-platform-content-item- instala\u00e7\u00e3o application-platform-content-item\" id=\" instala\u00e7\u00e3o\" data-nav-section=\" instala\u00e7\u00e3o\"> <h2>Como posso incorporar um blog em meu Google Sites? <\/h2><p>Oferecemos um guia simples para configurar o widget em seu Google Sites. Isso levar\u00e1 apenas alguns minutos e n\u00e3o requer codifica\u00e7\u00e3o. <\/p> <ol><li><strong>Crie seu widget de blog individual<\/strong><br> Comece com qualquer modelo da demonstra\u00e7\u00e3o, trabalhe com os elementos f\u00e1ceis de usar do editor e personalize o widget de acordo com suas prefer\u00eancias. design e op\u00e7\u00f5es desejadas. <\/li><li><strong>Receba o c\u00f3digo pessoal para incorporar o widget<\/strong><br> Assim que terminar de construir seu widget, voc\u00ea receber\u00e1 um c\u00f3digo HTML individual em seu painel. Copie o que cont\u00e9m todas as informa\u00e7\u00f5es relativas \u00e0s suas configura\u00e7\u00f5es. <\/li> <li><strong>Exiba o widget em seu Google Sites<\/strong><br> Defina as \u00e1reas do seu site onde voc\u00ea espera apresentar o Blog e cole o c\u00f3digo l\u00e1. Salve as altera\u00e7\u00f5es. <\/li> <\/ol><p>Conclu\u00eddo! Agora verifique como o widget est\u00e1 funcionando no seu site. <\/p><p>Se voc\u00ea tiver algum problema ao incorporar o widget em um site, sinta-se \u00e0 vontade para entrar em contato com nossa central de ajuda. Teremos o maior prazer em mostrar como adicionar e gerenciar seu Blog. <\/p><\/div>","protected":false},"excerpt":{"rendered":"","protected":false},"author":9,"featured_media":0,"parent":12679,"menu_order":0,"comment_status":"closed","ping_status":"closed","template":"templates\/template-application-platform.php","meta":{"publish_to_discourse":"","publish_post_category":"","wpdc_auto_publish_overridden":"","wpdc_topic_tags":"","wpdc_pin_topic":"","wpdc_pin_until":"","discourse_post_id":"","discourse_permalink":"","wpdc_publishing_response":"","wpdc_publishing_error":"","footnotes":""},"class_list":["post-13123","page","type-page","status-publish","hentry"],"yoast_head":"<!-- This site is optimized with the Yoast SEO plugin v25.3.1 - https:\/\/yoast.com\/wordpress\/plugins\/seo\/ -->\n<title>Widget de blog do Google Sites - Adicione um blog ao seu site do Google Sites [gr\u00e1tis]<\/title>\n<meta name=\"description\" content=\"Adicione um widget de blog sem c\u00f3digo ao seu Google Sites. Confira a demonstra\u00e7\u00e3o r\u00e1pida da Elfsight para construir facilmente sua solu\u00e7\u00e3o personalizada.\" \/>\n<meta name=\"robots\" content=\"index, follow, max-snippet:-1, max-image-preview:large, max-video-preview:-1\" \/>\n<link rel=\"canonical\" href=\"https:\/\/elfsight.com\/pt\/blog-widget\/google-sites\/\" \/>\n<meta property=\"og:locale\" content=\"pt_PT\" \/>\n<meta property=\"og:type\" content=\"article\" \/>\n<meta property=\"og:title\" content=\"Widget de blog do Google Sites - Adicione um blog ao seu site do Google Sites [gr\u00e1tis]\" \/>\n<meta property=\"og:description\" content=\"Adicione um widget de blog sem c\u00f3digo ao seu Google Sites. Confira a demonstra\u00e7\u00e3o r\u00e1pida da Elfsight para construir facilmente sua solu\u00e7\u00e3o personalizada.\" \/>\n<meta property=\"og:url\" content=\"https:\/\/elfsight.com\/pt\/blog-widget\/google-sites\/\" \/>\n<meta property=\"og:site_name\" content=\"Elfsight PT\" \/>\n<meta property=\"article:modified_time\" content=\"2024-12-16T17:29:26+00:00\" \/>\n<meta name=\"twitter:card\" content=\"summary_large_image\" \/>\n<meta name=\"twitter:label1\" content=\"Tempo estimado de leitura\" \/>\n\t<meta name=\"twitter:data1\" content=\"3 minutos\" \/>\n<!-- \/ Yoast SEO plugin. -->","yoast_head_json":{"title":"Widget de blog do Google Sites - Adicione um blog ao seu site do Google Sites [gr\u00e1tis]","description":"Adicione um widget de blog sem c\u00f3digo ao seu Google Sites. Confira a demonstra\u00e7\u00e3o r\u00e1pida da Elfsight para construir facilmente sua solu\u00e7\u00e3o personalizada.","robots":{"index":"index","follow":"follow","max-snippet":"max-snippet:-1","max-image-preview":"max-image-preview:large","max-video-preview":"max-video-preview:-1"},"canonical":"https:\/\/elfsight.com\/pt\/blog-widget\/google-sites\/","og_locale":"pt_PT","og_type":"article","og_title":"Widget de blog do Google Sites - Adicione um blog ao seu site do Google Sites [gr\u00e1tis]","og_description":"Adicione um widget de blog sem c\u00f3digo ao seu Google Sites. Confira a demonstra\u00e7\u00e3o r\u00e1pida da Elfsight para construir facilmente sua solu\u00e7\u00e3o personalizada.","og_url":"https:\/\/elfsight.com\/pt\/blog-widget\/google-sites\/","og_site_name":"Elfsight PT","article_modified_time":"2024-12-16T17:29:26+00:00","twitter_card":"summary_large_image","twitter_misc":{"Tempo estimado de leitura":"3 minutos"},"schema":{"@context":"https:\/\/schema.org","@graph":[{"@type":"WebPage","@id":"https:\/\/elfsight.com\/pt\/blog-widget\/google-sites\/","url":"https:\/\/elfsight.com\/pt\/blog-widget\/google-sites\/","name":"Widget de blog do Google Sites - Adicione um blog ao seu site do Google Sites [gr\u00e1tis]","isPartOf":{"@id":"https:\/\/elfsight.com\/pt\/#website"},"datePublished":"2024-09-30T18:27:29+00:00","dateModified":"2024-12-16T17:29:26+00:00","description":"Adicione um widget de blog sem c\u00f3digo ao seu Google Sites. Confira a demonstra\u00e7\u00e3o r\u00e1pida da Elfsight para construir facilmente sua solu\u00e7\u00e3o personalizada.","breadcrumb":{"@id":"https:\/\/elfsight.com\/pt\/blog-widget\/google-sites\/#breadcrumb"},"inLanguage":"pt-PT","potentialAction":[{"@type":"ReadAction","target":["https:\/\/elfsight.com\/pt\/blog-widget\/google-sites\/"]}]},{"@type":"BreadcrumbList","@id":"https:\/\/elfsight.com\/pt\/blog-widget\/google-sites\/#breadcrumb","itemListElement":[{"@type":"ListItem","position":1,"name":"Home","item":"https:\/\/elfsight.com\/pt\/"},{"@type":"ListItem","position":2,"name":"blog &#8211; google sites"}]},{"@type":"WebSite","@id":"https:\/\/elfsight.com\/pt\/#website","url":"https:\/\/elfsight.com\/pt\/","name":"Elfsight PT","description":"Just another Elfsight Sites site","potentialAction":[{"@type":"SearchAction","target":{"@type":"EntryPoint","urlTemplate":"https:\/\/elfsight.com\/pt\/?s={search_term_string}"},"query-input":{"@type":"PropertyValueSpecification","valueRequired":true,"valueName":"search_term_string"}}],"inLanguage":"pt-PT"}]}},"meta_box":{"industry":"","seo_heading":"","heading":"","description":"","cta_heading":"","cta_description":"","application":"12673","h1":"Adicionar blog ao Google Sites","h1_caption":"Exiba facilmente postagens de blog em seu site com um layout personaliz\u00e1vel, proporcionando uma maneira din\u00e2mica e envolvente de compartilhar conte\u00fado e manter os visitantes informados em seu Google Sites sem esfor\u00e7o.","application_category":[],"applications_title":"","applications_request_title":"","applications_request_button_text":"","hero_text":"","hero_video":"","hero_video_schema_markup":"","selling_points_title":"","selling_points_caption":"","selling_points":[],"selling_points_cta_text":"","features_title":"","features":"","ed_cta_examples_text":"","ed_cta_examples_hidden":"","ed_cta_demo_text":"","ed_cta_demo_hidden":"","why_caption":"","why_editor_title":"","why_editor_text":"","why_team_title":"","why_team_text":"","why_service_title":"","why_service_text":"","template_catalog_visible":"","template_catalog_title":"","template_catalog_text":"","template_catalog_categories_visible":"","demo_title":"Crie o widget do seu blog","demo_caption":"Configure seu Blog e adicione-o ao seu site do Google Sites gratuitamente!","default_faq_hidden":"","app_template_category":[],"platform":"112","template_public_id":"","codecanyon_url":"","codecanyon_item_id":"","codecanyon_price":"","pricing_caption":"","pricing_elfsight_apps_hide_column":"","pricing_elfsight_apps_url":"","pricing_codecanyon_price_caption":"","integration_category":[],"integration_request_title":"","integration_request_cta":"","integration_platform":"","integrations":[],"platform_category":[],"video_schema_markup":"","price":"a partir de $ 0 \/ m\u00eas","trial":"","benefits":[{"text":"Servi\u00e7o de instala\u00e7\u00e3o gratuito"},{"text":"Suporte ao cliente experiente"},{"text":"Garantia de reembolso de 14 dias"},{"text":"Atualizando constantemente"}],"button_url":"#demo","button_target_blank":"","button_nofollow":"","attributes":[{"name":"Instalar","content":"50,000 - 100,000"},{"name":"Responsivo","content":"Sim"},{"name":"Navegadores compat\u00edveis","content":"Firefox, Safari, Opera, Chrome, Edge"}],"tags":[],"tags_disable_links":"","hide_more_platforms":"","video_object":"","demo_hide_cta":"","demo_hide_cloud_options":"","pricing_title":"","pricing":[{"pricing_icon":"platform","pricing_title":"Elfsight Apps","pricing_title_caption":"Solu\u00e7\u00e3o digital multiplataforma que funciona em qualquer site","pricing_price":"a partir de $ 0 \/ m\u00eas","pricing_price_caption":"comece com um plano gratuito","pricing_benefits":[{"text":"Sites ilimitados"},{"text":"Suporte dedicado e pontual"},{"text":"Ajuda de instala\u00e7\u00e3o gratuita"},{"text":"Design flex\u00edvel"}],"pricing_button_text":"Adicionar ao site","pricing_button_url":"#demo"}],"related_apps_title":"","related_apps_hidden":"","author":"","image":[],"title":"","job":"","social_networks":[]},"_links":{"self":[{"href":"https:\/\/elfsight.com\/pt\/wp-json\/wp\/v2\/pages\/13123","targetHints":{"allow":["GET"]}}],"collection":[{"href":"https:\/\/elfsight.com\/pt\/wp-json\/wp\/v2\/pages"}],"about":[{"href":"https:\/\/elfsight.com\/pt\/wp-json\/wp\/v2\/types\/page"}],"author":[{"embeddable":true,"href":"https:\/\/elfsight.com\/pt\/wp-json\/wp\/v2\/users\/9"}],"replies":[{"embeddable":true,"href":"https:\/\/elfsight.com\/pt\/wp-json\/wp\/v2\/comments?post=13123"}],"version-history":[{"count":1,"href":"https:\/\/elfsight.com\/pt\/wp-json\/wp\/v2\/pages\/13123\/revisions"}],"predecessor-version":[{"id":13127,"href":"https:\/\/elfsight.com\/pt\/wp-json\/wp\/v2\/pages\/13123\/revisions\/13127"}],"up":[{"embeddable":true,"href":"https:\/\/elfsight.com\/pt\/wp-json\/wp\/v2\/pages\/12679"}],"wp:attachment":[{"href":"https:\/\/elfsight.com\/pt\/wp-json\/wp\/v2\/media?parent=13123"}],"curies":[{"name":"wp","href":"https:\/\/api.w.org\/{rel}","templated":true}]}}