{"id":13075,"date":"2024-09-30T18:27:29","date_gmt":"2024-09-30T18:27:29","guid":{"rendered":"https:\/\/elfsight.com\/pt\/?page_id=13075"},"modified":"2024-12-16T17:28:32","modified_gmt":"2024-12-16T17:28:32","slug":"google-sites","status":"publish","type":"page","link":"https:\/\/elfsight.com\/pt\/poll-widget\/google-sites\/","title":{"rendered":"poll &#8211; google sites"},"content":{"rendered":"<div class=\"application-platform-content-item-description application-platform-content-item\" id=\"description\" data-nav-section=\"description\"> <h2>Incorpore uma enquete no Google Sites com um widget da Elfsight<\/h2> <p>Adicione facilmente um widget de enquete pessoal ao seu site para aumentar o envolvimento do usu\u00e1rio e coletar insights. Com apenas algumas etapas, voc\u00ea pode criar question\u00e1rios interativos, incluindo v\u00e1rios tipos de perguntas, como m\u00faltipla escolha e escalas de avalia\u00e7\u00e3o. Lan\u00e7ar sua enquete \u00e9 r\u00e1pido e simples. <\/p><p>Fazer novas enquetes leva apenas um clique e os resultados s\u00e3o apresentados em tempo real. Com a l\u00f3gica condicional, voc\u00ea pode personalizar perguntas com base nas respostas do usu\u00e1rio. O widget tamb\u00e9m funciona com ferramentas de CRM e e-mail amplamente utilizadas, facilitando a estrutura\u00e7\u00e3o de seus dados e a melhoria de seus servi\u00e7os gra\u00e7as ao ponto de vista do cliente. <\/p><p><b>Crie question\u00e1rios individuais rapidamente para descobrir o que seus clientes esperam da sua marca! <\/b><\/p><\/div> <div class=\"application-platform-content-item-features application-platform-content-item\" id=\"features\" data-nav-section=\"features\"> <h2>Aqui est\u00e3o os principais recursos do widget: <\/h2><ul><li><b>Torne suas enquetes pessoais com condicional l\u00f3gica. <\/b> Voc\u00ea pode modificar dinamicamente as perguntas de acompanhamento, proporcionando uma experi\u00eancia de pesquisa mais individual e razo\u00e1vel. <\/li><li><b>Crie enquetes envolventes em apenas alguns minutos. <\/b> Nosso editor intuitivo simplifica a cria\u00e7\u00e3o de enquetes envolventes para coletar respostas e opini\u00f5es sem complica\u00e7\u00f5es. <\/li><li><b>Transforme respostas em convers\u00f5es em tempo real. <\/b> Entenda as expectativas dos clientes na hora e sugira solu\u00e7\u00f5es relevantes imediatamente, transformando respostas em oportunidades de vendas. <\/li><li><b>Use diferentes tipos de campos e dados de entrada. <\/b> Ajuste sua enquete personalizada para coletar os dados necess\u00e1rios usando caixas de sele\u00e7\u00e3o, bot\u00f5es de op\u00e7\u00e3o, listas suspensas, campos de texto e muitas outras op\u00e7\u00f5es. <\/li><li><b>Comece com um modelo pr\u00e9-concebido adequado. <\/b> Escolha entre um conjunto de modelos de enquetes projetados profissionalmente, otimizados para v\u00e1rios tipos de enquetes e tarefas de neg\u00f3cios. <\/li><\/ul><p><a href=\"#demo\">Teste o editor amig\u00e1vel para descobrir como o widget funciona<\/a><\/p><\/div> <div class=\"application-platform-content-item- instala\u00e7\u00e3o application-platform-content-item\" id=\" instala\u00e7\u00e3o\" data-nav-section=\" instala\u00e7\u00e3o\"> <h2>Como incorporar o Poll em meu Google Sites? <\/h2><p>Esta \u00e9 uma maneira simples de configurar o widget em seu Google Sites. Levar\u00e1 apenas alguns minutos e n\u00e3o requer codifica\u00e7\u00e3o. <\/p> <ol><li><strong>Crie seu widget de enquete individual<\/strong><br> Comece com qualquer modelo no editor, trabalhe com os elementos convenientes do editor e ajuste o widget ao design desejado e configura\u00e7\u00f5es. <\/li><li><strong>Obtenha o c\u00f3digo pessoal para incorporar o widget<\/strong><br> Assim que terminar de criar seu widget, voc\u00ea receber\u00e1 um c\u00f3digo HTML individual em seu painel. Copie o que cont\u00e9m todos os detalhes relativos aos seus ajustes. <\/li> <li><strong>Exiba o widget em seu Google Sites<\/strong><br> Defina as \u00e1reas do seu site onde deseja apresentar a enquete e cole o c\u00f3digo l\u00e1. Salve suas altera\u00e7\u00f5es. <\/li> <\/ol><p>Conclu\u00eddo! Agora, veja o desempenho do widget em seu site. <\/p><p>Caso voc\u00ea tenha alguma dificuldade ao incorporar o widget em um site, n\u00e3o hesite em entrar em contato com nossa central de ajuda. Teremos prazer em ajud\u00e1-lo a adicionar e ajustar sua enquete. <\/p><\/div>","protected":false},"excerpt":{"rendered":"","protected":false},"author":9,"featured_media":0,"parent":12684,"menu_order":0,"comment_status":"closed","ping_status":"closed","template":"templates\/template-application-platform.php","meta":{"publish_to_discourse":"","publish_post_category":"","wpdc_auto_publish_overridden":"","wpdc_topic_tags":"","wpdc_pin_topic":"","wpdc_pin_until":"","discourse_post_id":"","discourse_permalink":"","wpdc_publishing_response":"","wpdc_publishing_error":"","footnotes":""},"class_list":["post-13075","page","type-page","status-publish","hentry"],"yoast_head":"<!-- This site is optimized with the Yoast SEO plugin v25.3.1 - https:\/\/yoast.com\/wordpress\/plugins\/seo\/ -->\n<title>Widget de pesquisa do Google Sites - Adicione uma pesquisa ao seu site do Google Sites [GRATUITO]<\/title>\n<meta name=\"description\" content=\"Adicione um widget de enquete integrado ao seu site do Google Sites. Confira o editor simples da Elfsight para criar facilmente sua solu\u00e7\u00e3o exclusiva.\" \/>\n<meta name=\"robots\" content=\"index, follow, max-snippet:-1, max-image-preview:large, max-video-preview:-1\" \/>\n<link rel=\"canonical\" href=\"https:\/\/elfsight.com\/pt\/poll-widget\/google-sites\/\" \/>\n<meta property=\"og:locale\" content=\"pt_PT\" \/>\n<meta property=\"og:type\" content=\"article\" \/>\n<meta property=\"og:title\" content=\"Widget de pesquisa do Google Sites - Adicione uma pesquisa ao seu site do Google Sites [GRATUITO]\" \/>\n<meta property=\"og:description\" content=\"Adicione um widget de enquete integrado ao seu site do Google Sites. Confira o editor simples da Elfsight para criar facilmente sua solu\u00e7\u00e3o exclusiva.\" \/>\n<meta property=\"og:url\" content=\"https:\/\/elfsight.com\/pt\/poll-widget\/google-sites\/\" \/>\n<meta property=\"og:site_name\" content=\"Elfsight PT\" \/>\n<meta property=\"article:modified_time\" content=\"2024-12-16T17:28:32+00:00\" \/>\n<meta name=\"twitter:card\" content=\"summary_large_image\" \/>\n<meta name=\"twitter:label1\" content=\"Tempo estimado de leitura\" \/>\n\t<meta name=\"twitter:data1\" content=\"3 minutos\" \/>\n<!-- \/ Yoast SEO plugin. -->","yoast_head_json":{"title":"Widget de pesquisa do Google Sites - Adicione uma pesquisa ao seu site do Google Sites [GRATUITO]","description":"Adicione um widget de enquete integrado ao seu site do Google Sites. Confira o editor simples da Elfsight para criar facilmente sua solu\u00e7\u00e3o exclusiva.","robots":{"index":"index","follow":"follow","max-snippet":"max-snippet:-1","max-image-preview":"max-image-preview:large","max-video-preview":"max-video-preview:-1"},"canonical":"https:\/\/elfsight.com\/pt\/poll-widget\/google-sites\/","og_locale":"pt_PT","og_type":"article","og_title":"Widget de pesquisa do Google Sites - Adicione uma pesquisa ao seu site do Google Sites [GRATUITO]","og_description":"Adicione um widget de enquete integrado ao seu site do Google Sites. Confira o editor simples da Elfsight para criar facilmente sua solu\u00e7\u00e3o exclusiva.","og_url":"https:\/\/elfsight.com\/pt\/poll-widget\/google-sites\/","og_site_name":"Elfsight PT","article_modified_time":"2024-12-16T17:28:32+00:00","twitter_card":"summary_large_image","twitter_misc":{"Tempo estimado de leitura":"3 minutos"},"schema":{"@context":"https:\/\/schema.org","@graph":[{"@type":"WebPage","@id":"https:\/\/elfsight.com\/pt\/poll-widget\/google-sites\/","url":"https:\/\/elfsight.com\/pt\/poll-widget\/google-sites\/","name":"Widget de pesquisa do Google Sites - Adicione uma pesquisa ao seu site do Google Sites [GRATUITO]","isPartOf":{"@id":"https:\/\/elfsight.com\/pt\/#website"},"datePublished":"2024-09-30T18:27:29+00:00","dateModified":"2024-12-16T17:28:32+00:00","description":"Adicione um widget de enquete integrado ao seu site do Google Sites. Confira o editor simples da Elfsight para criar facilmente sua solu\u00e7\u00e3o exclusiva.","breadcrumb":{"@id":"https:\/\/elfsight.com\/pt\/poll-widget\/google-sites\/#breadcrumb"},"inLanguage":"pt-PT","potentialAction":[{"@type":"ReadAction","target":["https:\/\/elfsight.com\/pt\/poll-widget\/google-sites\/"]}]},{"@type":"BreadcrumbList","@id":"https:\/\/elfsight.com\/pt\/poll-widget\/google-sites\/#breadcrumb","itemListElement":[{"@type":"ListItem","position":1,"name":"Home","item":"https:\/\/elfsight.com\/pt\/"},{"@type":"ListItem","position":2,"name":"poll &#8211; google sites"}]},{"@type":"WebSite","@id":"https:\/\/elfsight.com\/pt\/#website","url":"https:\/\/elfsight.com\/pt\/","name":"Elfsight PT","description":"Just another Elfsight Sites site","potentialAction":[{"@type":"SearchAction","target":{"@type":"EntryPoint","urlTemplate":"https:\/\/elfsight.com\/pt\/?s={search_term_string}"},"query-input":{"@type":"PropertyValueSpecification","valueRequired":true,"valueName":"search_term_string"}}],"inLanguage":"pt-PT"}]}},"meta_box":{"industry":"","seo_heading":"","heading":"","description":"","cta_heading":"","cta_description":"","application":"12674","h1":"Adicionar enquete ao Google Sites","h1_caption":"Envolva os visitantes do Google Sites criando enquetes interativas, ajudando voc\u00ea a coletar feedback e insights valiosos para melhorar seus produtos e servi\u00e7os.","application_category":[],"applications_title":"","applications_request_title":"","applications_request_button_text":"","hero_text":"","hero_video":"","hero_video_schema_markup":"","selling_points_title":"","selling_points_caption":"","selling_points":[],"selling_points_cta_text":"","features_title":"","features":"","ed_cta_examples_text":"","ed_cta_examples_hidden":"","ed_cta_demo_text":"","ed_cta_demo_hidden":"","why_caption":"","why_editor_title":"","why_editor_text":"","why_team_title":"","why_team_text":"","why_service_title":"","why_service_text":"","template_catalog_visible":"","template_catalog_title":"","template_catalog_text":"","template_catalog_categories_visible":"","demo_title":"Crie seu widget de enquete","demo_caption":"Configure sua enquete e adicione-a ao seu site do Google Sites gratuitamente!","default_faq_hidden":"","app_template_category":[],"platform":"112","template_public_id":"","codecanyon_url":"","codecanyon_item_id":"","codecanyon_price":"","pricing_caption":"","pricing_elfsight_apps_hide_column":"","pricing_elfsight_apps_url":"","pricing_codecanyon_price_caption":"","integration_category":[],"integration_request_title":"","integration_request_cta":"","integration_platform":"","integrations":[],"platform_category":[],"video_schema_markup":"","price":"a partir de $ 0 \/ m\u00eas","trial":"","benefits":[{"text":"Ajuda de instala\u00e7\u00e3o gratuita"},{"text":"Atendimento ao cliente profissional"},{"text":"Garantia de devolu\u00e7\u00e3o do dinheiro em 14 dias"},{"text":"Melhorias gratuitas cont\u00ednuas"}],"button_url":"#demo","button_target_blank":"","button_nofollow":"","attributes":[{"name":"Instalar","content":"50,000 - 100,000"},{"name":"Responsivo","content":"Sim"},{"name":"Navegadores compat\u00edveis","content":"Firefox, Safari, Opera, Chrome, Edge"}],"tags":[],"tags_disable_links":"","hide_more_platforms":"","video_object":"","demo_hide_cta":"","demo_hide_cloud_options":"","pricing_title":"","pricing":[{"pricing_icon":"platform","pricing_title":"Elfsight Apps","pricing_title_caption":"Software independente de plataforma que funciona em qualquer site","pricing_price":"a partir de $ 0 \/ m\u00eas","pricing_price_caption":"comece com um plano gratuito","pricing_benefits":[{"text":"Sites ilimitados"},{"text":"Suporte \u00e0 empresa 24 horas por dia, 7 dias por semana"},{"text":"Suporte de instala\u00e7\u00e3o gratuito"},{"text":"100% personaliz\u00e1vel"}],"pricing_button_text":"Adicionar ao site","pricing_button_url":"#demo"}],"related_apps_title":"","related_apps_hidden":"","author":"","image":[],"title":"","job":"","social_networks":[]},"_links":{"self":[{"href":"https:\/\/elfsight.com\/pt\/wp-json\/wp\/v2\/pages\/13075","targetHints":{"allow":["GET"]}}],"collection":[{"href":"https:\/\/elfsight.com\/pt\/wp-json\/wp\/v2\/pages"}],"about":[{"href":"https:\/\/elfsight.com\/pt\/wp-json\/wp\/v2\/types\/page"}],"author":[{"embeddable":true,"href":"https:\/\/elfsight.com\/pt\/wp-json\/wp\/v2\/users\/9"}],"replies":[{"embeddable":true,"href":"https:\/\/elfsight.com\/pt\/wp-json\/wp\/v2\/comments?post=13075"}],"version-history":[{"count":1,"href":"https:\/\/elfsight.com\/pt\/wp-json\/wp\/v2\/pages\/13075\/revisions"}],"predecessor-version":[{"id":13079,"href":"https:\/\/elfsight.com\/pt\/wp-json\/wp\/v2\/pages\/13075\/revisions\/13079"}],"up":[{"embeddable":true,"href":"https:\/\/elfsight.com\/pt\/wp-json\/wp\/v2\/pages\/12684"}],"wp:attachment":[{"href":"https:\/\/elfsight.com\/pt\/wp-json\/wp\/v2\/media?parent=13075"}],"curies":[{"name":"wp","href":"https:\/\/api.w.org\/{rel}","templated":true}]}}