{"id":13069,"date":"2024-09-30T18:27:29","date_gmt":"2024-09-30T18:27:29","guid":{"rendered":"https:\/\/elfsight.com\/pt\/?page_id=13069"},"modified":"2024-12-16T17:28:23","modified_gmt":"2024-12-16T17:28:23","slug":"joomla","status":"publish","type":"page","link":"https:\/\/elfsight.com\/pt\/poll-widget\/joomla\/","title":{"rendered":"poll &#8211; joomla"},"content":{"rendered":"<div class=\"application-platform-content-item-description application-platform-content-item\" id=\"description\" data-nav-section=\"description\"> <h2>Incorpore Poll no Joomla com uma extens\u00e3o Elfsight<\/h2> <p>Adicione facilmente uma extens\u00e3o Poll pessoal a qualquer site para aumentar o envolvimento do cliente e reunir insights. Com apenas algumas etapas, voc\u00ea pode criar question\u00e1rios interativos, incluindo v\u00e1rios tipos de perguntas, como m\u00faltipla escolha e escalas de avalia\u00e7\u00e3o. Lan\u00e7ar sua enquete \u00e9 r\u00e1pido e simples. <\/p><p>Criar novas enquetes leva apenas um clique e os resultados s\u00e3o mostrados em tempo real. Com a l\u00f3gica condicional, voc\u00ea pode ajustar as perguntas com base nas respostas dos clientes. A extens\u00e3o integra-se perfeitamente com ferramentas populares de CRM e e-mail, facilitando a estrutura\u00e7\u00e3o de seus dados e a atualiza\u00e7\u00e3o de seus servi\u00e7os com base no ponto de vista do cliente. <\/p><p><b>Crie pesquisas personalizadas facilmente para saber o que seu p\u00fablico espera de sua marca! <\/b><\/p><\/div> <div class=\"application-platform-content-item-features application-platform-content-item\" id=\"features\" data-nav-section=\"features\"> <h2>A extens\u00e3o possui recursos poderosos e r\u00e1pidos, aqui est\u00e3o alguns deles: <\/h2><ul><li><b> Torne suas enquetes flex\u00edveis com l\u00f3gica condicional. <\/b> Voc\u00ea pode modificar dinamicamente as perguntas de acompanhamento, garantindo uma experi\u00eancia de pesquisa mais relevante e orientada ao usu\u00e1rio. <\/li><li><b>Crie enquetes envolventes com apenas alguns cliques. <\/b> Nosso editor f\u00e1cil de usar facilita o lan\u00e7amento de enquetes envolventes para coletar respostas e opini\u00f5es sem complica\u00e7\u00f5es. <\/li><li><b>Converta respostas em vendas em tempo real. <\/b> Entenda as necessidades dos usu\u00e1rios instantaneamente e ofere\u00e7a solu\u00e7\u00f5es relevantes imediatamente, transformando respostas em oportunidades de vendas. <\/li><li><b>Use diferentes tipos de campos e dados de entrada. <\/b> Crie sua enquete personalizada para obter os dados necess\u00e1rios usando bot\u00f5es de op\u00e7\u00e3o, campos de texto, listas suspensas, caixas de sele\u00e7\u00e3o e muitas outras op\u00e7\u00f5es. <\/li><li><b>Comece com um modelo pronto e adequado. <\/b> Escolha entre um conjunto de ideias de enquetes desenvolvidas profissionalmente e otimizadas para diferentes tipos de enquetes e objetivos de neg\u00f3cios. <\/li><\/ul><p><a href=\"#demo\">Teste o editor f\u00e1cil de usar para descobrir como a extens\u00e3o funciona<\/a><\/p><\/div> <div class=\"application-platform-content-item- instala\u00e7\u00e3o application-platform-content-item\" id=\" instala\u00e7\u00e3o\" data-nav-section=\" instala\u00e7\u00e3o\"> <h2>Como posso incorporar o Poll em meu site Joomla? <\/h2><p>Encontre esta maneira simples de configurar a extens\u00e3o em seu site Joomla. Isso levar\u00e1 apenas alguns minutos e n\u00e3o requer nenhuma codifica\u00e7\u00e3o. <\/p> <ol><li><strong>Crie sua extens\u00e3o de enquete pessoal<\/strong><br> Comece com qualquer modelo no editor, trabalhe com os elementos convenientes do editor e personalize a extens\u00e3o de acordo com seu estilo preferido e op\u00e7\u00f5es. <\/li><li><strong>Obtenha o c\u00f3digo pessoal para incorporar a extens\u00e3o<\/strong><br> Assim que terminar de criar a extens\u00e3o, voc\u00ea receber\u00e1 um c\u00f3digo HTML individual em seu painel. Copie o que cont\u00e9m todas as informa\u00e7\u00f5es sobre suas configura\u00e7\u00f5es. <\/li> <li><strong>Exiba a extens\u00e3o em seu site Joomla<\/strong><br> Escolha as se\u00e7\u00f5es do seu site onde deseja apresentar a enquete e cole o c\u00f3digo l\u00e1. Salve suas altera\u00e7\u00f5es. <\/li> <\/ol><p>\u00c9 isso a\u00ed! Agora veja como a extens\u00e3o est\u00e1 funcionando no seu site. <\/p><p>Se voc\u00ea tiver algum problema ao incorporar a extens\u00e3o ao seu site, n\u00e3o hesite em entrar em contato com nosso atendimento ao cliente. Teremos o maior prazer em orient\u00e1-lo na adi\u00e7\u00e3o e ajuste de sua enquete. <\/p><\/div>","protected":false},"excerpt":{"rendered":"","protected":false},"author":9,"featured_media":0,"parent":12684,"menu_order":0,"comment_status":"closed","ping_status":"closed","template":"templates\/template-application-platform.php","meta":{"publish_to_discourse":"","publish_post_category":"","wpdc_auto_publish_overridden":"","wpdc_topic_tags":"","wpdc_pin_topic":"","wpdc_pin_until":"","discourse_post_id":"","discourse_permalink":"","wpdc_publishing_response":"","wpdc_publishing_error":"","footnotes":""},"class_list":["post-13069","page","type-page","status-publish","hentry"],"yoast_head":"<!-- This site is optimized with the Yoast SEO plugin v25.3.1 - https:\/\/yoast.com\/wordpress\/plugins\/seo\/ -->\n<title>Extens\u00e3o Joomla Poll - Adicione Poll ao seu site Joomla [GR\u00c1TIS]<\/title>\n<meta name=\"description\" content=\"Adicione uma extens\u00e3o de pesquisa sem c\u00f3digo ao seu site Joomla. Utilize o editor simples da Elfsight para criar facilmente a sua solu\u00e7\u00e3o \u00fanica.\" \/>\n<meta name=\"robots\" content=\"index, follow, max-snippet:-1, max-image-preview:large, max-video-preview:-1\" \/>\n<link rel=\"canonical\" href=\"https:\/\/elfsight.com\/pt\/poll-widget\/joomla\/\" \/>\n<meta property=\"og:locale\" content=\"pt_PT\" \/>\n<meta property=\"og:type\" content=\"article\" \/>\n<meta property=\"og:title\" content=\"Extens\u00e3o Joomla Poll - Adicione Poll ao seu site Joomla [GR\u00c1TIS]\" \/>\n<meta property=\"og:description\" content=\"Adicione uma extens\u00e3o de pesquisa sem c\u00f3digo ao seu site Joomla. Utilize o editor simples da Elfsight para criar facilmente a sua solu\u00e7\u00e3o \u00fanica.\" \/>\n<meta property=\"og:url\" content=\"https:\/\/elfsight.com\/pt\/poll-widget\/joomla\/\" \/>\n<meta property=\"og:site_name\" content=\"Elfsight PT\" \/>\n<meta property=\"article:modified_time\" content=\"2024-12-16T17:28:23+00:00\" \/>\n<meta name=\"twitter:card\" content=\"summary_large_image\" \/>\n<meta name=\"twitter:label1\" content=\"Tempo estimado de leitura\" \/>\n\t<meta name=\"twitter:data1\" content=\"3 minutos\" \/>\n<!-- \/ Yoast SEO plugin. -->","yoast_head_json":{"title":"Extens\u00e3o Joomla Poll - Adicione Poll ao seu site Joomla [GR\u00c1TIS]","description":"Adicione uma extens\u00e3o de pesquisa sem c\u00f3digo ao seu site Joomla. Utilize o editor simples da Elfsight para criar facilmente a sua solu\u00e7\u00e3o \u00fanica.","robots":{"index":"index","follow":"follow","max-snippet":"max-snippet:-1","max-image-preview":"max-image-preview:large","max-video-preview":"max-video-preview:-1"},"canonical":"https:\/\/elfsight.com\/pt\/poll-widget\/joomla\/","og_locale":"pt_PT","og_type":"article","og_title":"Extens\u00e3o Joomla Poll - Adicione Poll ao seu site Joomla [GR\u00c1TIS]","og_description":"Adicione uma extens\u00e3o de pesquisa sem c\u00f3digo ao seu site Joomla. Utilize o editor simples da Elfsight para criar facilmente a sua solu\u00e7\u00e3o \u00fanica.","og_url":"https:\/\/elfsight.com\/pt\/poll-widget\/joomla\/","og_site_name":"Elfsight PT","article_modified_time":"2024-12-16T17:28:23+00:00","twitter_card":"summary_large_image","twitter_misc":{"Tempo estimado de leitura":"3 minutos"},"schema":{"@context":"https:\/\/schema.org","@graph":[{"@type":"WebPage","@id":"https:\/\/elfsight.com\/pt\/poll-widget\/joomla\/","url":"https:\/\/elfsight.com\/pt\/poll-widget\/joomla\/","name":"Extens\u00e3o Joomla Poll - Adicione Poll ao seu site Joomla [GR\u00c1TIS]","isPartOf":{"@id":"https:\/\/elfsight.com\/pt\/#website"},"datePublished":"2024-09-30T18:27:29+00:00","dateModified":"2024-12-16T17:28:23+00:00","description":"Adicione uma extens\u00e3o de pesquisa sem c\u00f3digo ao seu site Joomla. Utilize o editor simples da Elfsight para criar facilmente a sua solu\u00e7\u00e3o \u00fanica.","breadcrumb":{"@id":"https:\/\/elfsight.com\/pt\/poll-widget\/joomla\/#breadcrumb"},"inLanguage":"pt-PT","potentialAction":[{"@type":"ReadAction","target":["https:\/\/elfsight.com\/pt\/poll-widget\/joomla\/"]}]},{"@type":"BreadcrumbList","@id":"https:\/\/elfsight.com\/pt\/poll-widget\/joomla\/#breadcrumb","itemListElement":[{"@type":"ListItem","position":1,"name":"Home","item":"https:\/\/elfsight.com\/pt\/"},{"@type":"ListItem","position":2,"name":"poll &#8211; joomla"}]},{"@type":"WebSite","@id":"https:\/\/elfsight.com\/pt\/#website","url":"https:\/\/elfsight.com\/pt\/","name":"Elfsight PT","description":"Just another Elfsight Sites site","potentialAction":[{"@type":"SearchAction","target":{"@type":"EntryPoint","urlTemplate":"https:\/\/elfsight.com\/pt\/?s={search_term_string}"},"query-input":{"@type":"PropertyValueSpecification","valueRequired":true,"valueName":"search_term_string"}}],"inLanguage":"pt-PT"}]}},"meta_box":{"industry":"","seo_heading":"","heading":"","description":"","cta_heading":"","cta_description":"","application":"12674","h1":"Adicionar enquete ao site Joomla","h1_caption":"Envolva os visitantes do seu site Joomla criando enquetes interativas, ajudando voc\u00ea a coletar feedback e insights valiosos para melhorar seus produtos e servi\u00e7os.","application_category":[],"applications_title":"","applications_request_title":"","applications_request_button_text":"","hero_text":"","hero_video":"","hero_video_schema_markup":"","selling_points_title":"","selling_points_caption":"","selling_points":[],"selling_points_cta_text":"","features_title":"","features":"","ed_cta_examples_text":"","ed_cta_examples_hidden":"","ed_cta_demo_text":"","ed_cta_demo_hidden":"","why_caption":"","why_editor_title":"","why_editor_text":"","why_team_title":"","why_team_text":"","why_service_title":"","why_service_text":"","template_catalog_visible":"","template_catalog_title":"","template_catalog_text":"","template_catalog_categories_visible":"","demo_title":"Crie seu plugin de enquete","demo_caption":"Configure sua enquete e adicione-a ao seu site Joomla gratuitamente!","default_faq_hidden":"","app_template_category":[],"platform":"52","template_public_id":"","codecanyon_url":"","codecanyon_item_id":"","codecanyon_price":"","pricing_caption":"","pricing_elfsight_apps_hide_column":"","pricing_elfsight_apps_url":"","pricing_codecanyon_price_caption":"","integration_category":[],"integration_request_title":"","integration_request_cta":"","integration_platform":"","integrations":[],"platform_category":[],"video_schema_markup":"","price":"a partir de $ 0 \/ m\u00eas","trial":"","benefits":[{"text":"Ajuda de instala\u00e7\u00e3o gratuita"},{"text":"Suporte premium"},{"text":"Garantia de reembolso de 14 dias"},{"text":"Melhorias ao longo da vida"}],"button_url":"#demo","button_target_blank":"","button_nofollow":"","attributes":[{"name":"Instalar","content":"50,000 - 100,000"},{"name":"Responsivo","content":"Sim"},{"name":"Navegadores compat\u00edveis","content":"Firefox, Safari, Opera, Chrome, Edge"}],"tags":[],"tags_disable_links":"","hide_more_platforms":"","video_object":"","demo_hide_cta":"","demo_hide_cloud_options":"","pricing_title":"","pricing":[{"pricing_icon":"platform","pricing_title":"Elfsight Apps","pricing_title_caption":"Solu\u00e7\u00e3o multiplataforma","pricing_price":"a partir de $ 0 \/ m\u00eas","pricing_price_caption":"comece com um plano gratuito","pricing_benefits":[{"text":"Dom\u00ednios ilimitados"},{"text":"Suporte r\u00e1pido \u00e0 empresa"},{"text":"Servi\u00e7o de instala\u00e7\u00e3o gratuito"},{"text":"100% personaliz\u00e1vel"}],"pricing_button_text":"Adicionar ao site","pricing_button_url":"#demo"}],"related_apps_title":"","related_apps_hidden":"","author":"","image":[],"title":"","job":"","social_networks":[]},"_links":{"self":[{"href":"https:\/\/elfsight.com\/pt\/wp-json\/wp\/v2\/pages\/13069","targetHints":{"allow":["GET"]}}],"collection":[{"href":"https:\/\/elfsight.com\/pt\/wp-json\/wp\/v2\/pages"}],"about":[{"href":"https:\/\/elfsight.com\/pt\/wp-json\/wp\/v2\/types\/page"}],"author":[{"embeddable":true,"href":"https:\/\/elfsight.com\/pt\/wp-json\/wp\/v2\/users\/9"}],"replies":[{"embeddable":true,"href":"https:\/\/elfsight.com\/pt\/wp-json\/wp\/v2\/comments?post=13069"}],"version-history":[{"count":1,"href":"https:\/\/elfsight.com\/pt\/wp-json\/wp\/v2\/pages\/13069\/revisions"}],"predecessor-version":[{"id":13073,"href":"https:\/\/elfsight.com\/pt\/wp-json\/wp\/v2\/pages\/13069\/revisions\/13073"}],"up":[{"embeddable":true,"href":"https:\/\/elfsight.com\/pt\/wp-json\/wp\/v2\/pages\/12684"}],"wp:attachment":[{"href":"https:\/\/elfsight.com\/pt\/wp-json\/wp\/v2\/media?parent=13069"}],"curies":[{"name":"wp","href":"https:\/\/api.w.org\/{rel}","templated":true}]}}