{"id":13067,"date":"2024-09-30T18:27:29","date_gmt":"2024-09-30T18:27:29","guid":{"rendered":"https:\/\/elfsight.com\/pt\/?page_id=13067"},"modified":"2024-12-16T17:28:23","modified_gmt":"2024-12-16T17:28:23","slug":"woocommerce","status":"publish","type":"page","link":"https:\/\/elfsight.com\/pt\/poll-widget\/woocommerce\/","title":{"rendered":"poll &#8211; woocommerce"},"content":{"rendered":"<div class=\"application-platform-content-item-description application-platform-content-item\" id=\"description\" data-nav-section=\"description\"> <h2>Incorpore Poll no WooCommerce com um plugin Elfsight<\/h2> <p>Adicione facilmente um plugin Poll pessoal a qualquer site para aumentar o envolvimento do cliente e coletar insights. Com apenas algumas etapas, voc\u00ea pode criar enquetes interativas com v\u00e1rios tipos de perguntas, como m\u00faltipla escolha e escalas de avalia\u00e7\u00e3o. Estabelecer sua enquete \u00e9 r\u00e1pido e f\u00e1cil. <\/p><p>Para criar novas enquetes basta apenas um clique e os resultados s\u00e3o exibidos em tempo real. Com a l\u00f3gica condicional, voc\u00ea pode ajustar as perguntas com base nas respostas do usu\u00e1rio. O plugin tamb\u00e9m funciona com ferramentas populares de CRM e e-mail, facilitando a estrutura\u00e7\u00e3o de seus dados e melhorando seus servi\u00e7os considerando o ponto de vista do cliente. <\/p><p><b>Crie question\u00e1rios personalizados facilmente para descobrir o que seu p\u00fablico espera do seu neg\u00f3cio! <\/b><\/p><\/div> <div class=\"application-platform-content-item-features application-platform-content-item\" id=\"features\" data-nav-section=\"features\"> <h2>Oferecemos recursos valiosos e descomplicados, confira alguns deles: <\/h2><ul><li><b>Fa\u00e7a seu pesquisas mais inteligentes com l\u00f3gica condicional. <\/b> Voc\u00ea pode modificar dinamicamente as pr\u00f3ximas perguntas, garantindo uma experi\u00eancia de pesquisa mais relevante e orientada ao usu\u00e1rio. <\/li><li><b>Crie enquetes envolventes em apenas alguns minutos. <\/b> Nosso construtor f\u00e1cil de usar facilita o lan\u00e7amento de enquetes envolventes para coletar respostas e feedback sem complica\u00e7\u00f5es. <\/li><li><b>Converta respostas em vendas em tempo real. <\/b> Entenda as necessidades dos clientes instantaneamente e ofere\u00e7a solu\u00e7\u00f5es relevantes imediatamente, transformando respostas em oportunidades de vendas. <\/li><li><b>Use diferentes tipos de campos e dados de entrada. <\/b> Ajuste sua enquete personalizada para obter dados usando listas suspensas, bot\u00f5es de op\u00e7\u00e3o, caixas de sele\u00e7\u00e3o, campos de texto e muitas outras op\u00e7\u00f5es. <\/li><li><b>Comece com um modelo pr\u00e9-projetado perfeito. <\/b> Escolha entre um conjunto de modelos de enquetes desenvolvidos profissionalmente e otimizados para v\u00e1rios tipos de enquetes e tarefas de neg\u00f3cios. <\/li><\/ul><p><a href=\"#demo\">O editor on-line pode mostrar como os recursos e configura\u00e7\u00f5es funcionam nesta p\u00e1gina<\/a><\/p><\/div> <div class=\"application-platform-content-item-installation application-platform-content-item\" id=\"installation\" data-nav-section=\"installation\"> <h2>Como incorporar o Poll em meu site WooCommerce? <\/h2><p>Veja esta maneira simples de ter o plugin em seu site WooCommerce. Levar\u00e1 apenas alguns minutos e n\u00e3o requer codifica\u00e7\u00e3o. <\/p> <ol><li><strong>Crie seu plugin de enquete individual<\/strong><br> Comece com qualquer modelo no editor, trabalhe com os elementos convenientes do editor e personalize o plugin com seu design preferido e configura\u00e7\u00f5es. <\/li><li><strong>Obtenha o c\u00f3digo pessoal para incorporar o plug-in.<\/strong><br> Assim que terminar de criar seu plug-in, voc\u00ea receber\u00e1 um c\u00f3digo HTML individual em seu painel. Copie este c\u00f3digo que cont\u00e9m todas as informa\u00e7\u00f5es relativas \u00e0s suas configura\u00e7\u00f5es. <\/li> <li><strong>Exiba o plugin em seu site WooCommerce<\/strong><br> Defina as se\u00e7\u00f5es do seu site onde voc\u00ea espera exibir a enquete e cole o c\u00f3digo l\u00e1. Salve suas altera\u00e7\u00f5es. <\/li> <\/ol><p>Isso \u00e9 tudo! Agora veja como o plugin est\u00e1 funcionando no seu site. <\/p><p>Caso voc\u00ea enfrente algum inconveniente ao incorporar o plugin em seu site, sinta-se \u00e0 vontade para entrar em contato com nossos gerentes de suporte. Teremos o maior prazer em orient\u00e1-lo na adi\u00e7\u00e3o e ajuste de sua enquete. <\/p><\/div>","protected":false},"excerpt":{"rendered":"","protected":false},"author":9,"featured_media":0,"parent":12684,"menu_order":0,"comment_status":"closed","ping_status":"closed","template":"templates\/template-application-platform.php","meta":{"publish_to_discourse":"","publish_post_category":"","wpdc_auto_publish_overridden":"","wpdc_topic_tags":"","wpdc_pin_topic":"","wpdc_pin_until":"","discourse_post_id":"","discourse_permalink":"","wpdc_publishing_response":"","wpdc_publishing_error":"","footnotes":""},"class_list":["post-13067","page","type-page","status-publish","hentry"],"yoast_head":"<!-- This site is optimized with the Yoast SEO plugin v25.3.1 - https:\/\/yoast.com\/wordpress\/plugins\/seo\/ -->\n<title>Plug-in WooCommerce Poll - Adicione uma enquete ao seu site WooCommerce [GRATUITO]<\/title>\n<meta name=\"description\" content=\"Adicione um plugin de enquete sem c\u00f3digo ao seu site WooCommerce. Confira o editor simples da Elfsight para criar facilmente sua solu\u00e7\u00e3o exclusiva.\" \/>\n<meta name=\"robots\" content=\"index, follow, max-snippet:-1, max-image-preview:large, max-video-preview:-1\" \/>\n<link rel=\"canonical\" href=\"https:\/\/elfsight.com\/pt\/poll-widget\/woocommerce\/\" \/>\n<meta property=\"og:locale\" content=\"pt_PT\" \/>\n<meta property=\"og:type\" content=\"article\" \/>\n<meta property=\"og:title\" content=\"Plug-in WooCommerce Poll - Adicione uma enquete ao seu site WooCommerce [GRATUITO]\" \/>\n<meta property=\"og:description\" content=\"Adicione um plugin de enquete sem c\u00f3digo ao seu site WooCommerce. Confira o editor simples da Elfsight para criar facilmente sua solu\u00e7\u00e3o exclusiva.\" \/>\n<meta property=\"og:url\" content=\"https:\/\/elfsight.com\/pt\/poll-widget\/woocommerce\/\" \/>\n<meta property=\"og:site_name\" content=\"Elfsight PT\" \/>\n<meta property=\"article:modified_time\" content=\"2024-12-16T17:28:23+00:00\" \/>\n<meta name=\"twitter:card\" content=\"summary_large_image\" \/>\n<meta name=\"twitter:label1\" content=\"Tempo estimado de leitura\" \/>\n\t<meta name=\"twitter:data1\" content=\"3 minutos\" \/>\n<!-- \/ Yoast SEO plugin. -->","yoast_head_json":{"title":"Plug-in WooCommerce Poll - Adicione uma enquete ao seu site WooCommerce [GRATUITO]","description":"Adicione um plugin de enquete sem c\u00f3digo ao seu site WooCommerce. Confira o editor simples da Elfsight para criar facilmente sua solu\u00e7\u00e3o exclusiva.","robots":{"index":"index","follow":"follow","max-snippet":"max-snippet:-1","max-image-preview":"max-image-preview:large","max-video-preview":"max-video-preview:-1"},"canonical":"https:\/\/elfsight.com\/pt\/poll-widget\/woocommerce\/","og_locale":"pt_PT","og_type":"article","og_title":"Plug-in WooCommerce Poll - Adicione uma enquete ao seu site WooCommerce [GRATUITO]","og_description":"Adicione um plugin de enquete sem c\u00f3digo ao seu site WooCommerce. Confira o editor simples da Elfsight para criar facilmente sua solu\u00e7\u00e3o exclusiva.","og_url":"https:\/\/elfsight.com\/pt\/poll-widget\/woocommerce\/","og_site_name":"Elfsight PT","article_modified_time":"2024-12-16T17:28:23+00:00","twitter_card":"summary_large_image","twitter_misc":{"Tempo estimado de leitura":"3 minutos"},"schema":{"@context":"https:\/\/schema.org","@graph":[{"@type":"WebPage","@id":"https:\/\/elfsight.com\/pt\/poll-widget\/woocommerce\/","url":"https:\/\/elfsight.com\/pt\/poll-widget\/woocommerce\/","name":"Plug-in WooCommerce Poll - Adicione uma enquete ao seu site WooCommerce [GRATUITO]","isPartOf":{"@id":"https:\/\/elfsight.com\/pt\/#website"},"datePublished":"2024-09-30T18:27:29+00:00","dateModified":"2024-12-16T17:28:23+00:00","description":"Adicione um plugin de enquete sem c\u00f3digo ao seu site WooCommerce. Confira o editor simples da Elfsight para criar facilmente sua solu\u00e7\u00e3o exclusiva.","breadcrumb":{"@id":"https:\/\/elfsight.com\/pt\/poll-widget\/woocommerce\/#breadcrumb"},"inLanguage":"pt-PT","potentialAction":[{"@type":"ReadAction","target":["https:\/\/elfsight.com\/pt\/poll-widget\/woocommerce\/"]}]},{"@type":"BreadcrumbList","@id":"https:\/\/elfsight.com\/pt\/poll-widget\/woocommerce\/#breadcrumb","itemListElement":[{"@type":"ListItem","position":1,"name":"Home","item":"https:\/\/elfsight.com\/pt\/"},{"@type":"ListItem","position":2,"name":"poll &#8211; woocommerce"}]},{"@type":"WebSite","@id":"https:\/\/elfsight.com\/pt\/#website","url":"https:\/\/elfsight.com\/pt\/","name":"Elfsight PT","description":"Just another Elfsight Sites site","potentialAction":[{"@type":"SearchAction","target":{"@type":"EntryPoint","urlTemplate":"https:\/\/elfsight.com\/pt\/?s={search_term_string}"},"query-input":{"@type":"PropertyValueSpecification","valueRequired":true,"valueName":"search_term_string"}}],"inLanguage":"pt-PT"}]}},"meta_box":{"industry":"","seo_heading":"","heading":"","description":"","cta_heading":"","cta_description":"","application":"12674","h1":"Adicionar enquete ao site WooCommerce","h1_caption":"Envolva os visitantes do seu site Woocommerce criando enquetes interativas, ajudando voc\u00ea a coletar feedback e insights valiosos para melhorar seus produtos e servi\u00e7os.","application_category":[],"applications_title":"","applications_request_title":"","applications_request_button_text":"","hero_text":"","hero_video":"","hero_video_schema_markup":"","selling_points_title":"","selling_points_caption":"","selling_points":[],"selling_points_cta_text":"","features_title":"","features":"","ed_cta_examples_text":"","ed_cta_examples_hidden":"","ed_cta_demo_text":"","ed_cta_demo_hidden":"","why_caption":"","why_editor_title":"","why_editor_text":"","why_team_title":"","why_team_text":"","why_service_title":"","why_service_text":"","template_catalog_visible":"","template_catalog_title":"","template_catalog_text":"","template_catalog_categories_visible":"","demo_title":"Crie seu aplicativo de enquete","demo_caption":"Configure sua enquete e adicione-a ao seu site WooCommerce gratuitamente!","default_faq_hidden":"","app_template_category":[],"platform":"12455","template_public_id":"","codecanyon_url":"","codecanyon_item_id":"","codecanyon_price":"","pricing_caption":"","pricing_elfsight_apps_hide_column":"","pricing_elfsight_apps_url":"","pricing_codecanyon_price_caption":"","integration_category":[],"integration_request_title":"","integration_request_cta":"","integration_platform":"","integrations":[],"platform_category":[],"video_schema_markup":"","price":"a partir de $ 0 \/ m\u00eas","trial":"","benefits":[{"text":"Assist\u00eancia de instala\u00e7\u00e3o gratuita"},{"text":"Atendimento ao cliente eficaz"},{"text":"Garantia de reembolso de 14 dias"},{"text":"Desenvolvimento cont\u00ednuo"}],"button_url":"#demo","button_target_blank":"","button_nofollow":"","attributes":[{"name":"Instalar","content":"50,000 - 100,000"},{"name":"Responsivo","content":"Sim"},{"name":"Navegadores compat\u00edveis","content":"Firefox, Safari, Opera, Chrome, Edge"}],"tags":[],"tags_disable_links":"","hide_more_platforms":"","video_object":"","demo_hide_cta":"","demo_hide_cloud_options":"","pricing_title":"","pricing":[{"pricing_icon":"platform","pricing_title":"Elfsight Apps","pricing_title_caption":"Solu\u00e7\u00e3o multiplataforma","pricing_price":"a partir de $ 0 \/ m\u00eas","pricing_price_caption":"comece com um plano gratuito","pricing_benefits":[{"text":"Sites ilimitados"},{"text":"Suporte premium para empresas"},{"text":"Servi\u00e7o de instala\u00e7\u00e3o gratuito"},{"text":"100% personaliz\u00e1vel"}],"pricing_button_text":"Adicionar ao site","pricing_button_url":"#demo"}],"related_apps_title":"","related_apps_hidden":"","author":"","image":[],"title":"","job":"","social_networks":[]},"_links":{"self":[{"href":"https:\/\/elfsight.com\/pt\/wp-json\/wp\/v2\/pages\/13067","targetHints":{"allow":["GET"]}}],"collection":[{"href":"https:\/\/elfsight.com\/pt\/wp-json\/wp\/v2\/pages"}],"about":[{"href":"https:\/\/elfsight.com\/pt\/wp-json\/wp\/v2\/types\/page"}],"author":[{"embeddable":true,"href":"https:\/\/elfsight.com\/pt\/wp-json\/wp\/v2\/users\/9"}],"replies":[{"embeddable":true,"href":"https:\/\/elfsight.com\/pt\/wp-json\/wp\/v2\/comments?post=13067"}],"version-history":[{"count":1,"href":"https:\/\/elfsight.com\/pt\/wp-json\/wp\/v2\/pages\/13067\/revisions"}],"predecessor-version":[{"id":13071,"href":"https:\/\/elfsight.com\/pt\/wp-json\/wp\/v2\/pages\/13067\/revisions\/13071"}],"up":[{"embeddable":true,"href":"https:\/\/elfsight.com\/pt\/wp-json\/wp\/v2\/pages\/12684"}],"wp:attachment":[{"href":"https:\/\/elfsight.com\/pt\/wp-json\/wp\/v2\/media?parent=13067"}],"curies":[{"name":"wp","href":"https:\/\/api.w.org\/{rel}","templated":true}]}}