{"id":13038,"date":"2024-09-30T18:27:29","date_gmt":"2024-09-30T18:27:29","guid":{"rendered":"https:\/\/elfsight.com\/pt\/?page_id=13038"},"modified":"2024-12-16T17:27:47","modified_gmt":"2024-12-16T17:27:47","slug":"prestashop","status":"publish","type":"page","link":"https:\/\/elfsight.com\/pt\/poll-widget\/prestashop\/","title":{"rendered":"poll &#8211; prestashop"},"content":{"rendered":"<div class=\"application-platform-content-item-description application-platform-content-item\" id=\"description\" data-nav-section=\"description\"> <h2>Incorpore Poll no PrestaShop com um complemento Elfsight<\/h2> <p>Adicione facilmente um complemento Poll pessoal ao seu site para aumentar o envolvimento do cliente e obter insights. Com apenas algumas etapas, voc\u00ea pode criar question\u00e1rios interativos com v\u00e1rios tipos de perguntas, como m\u00faltipla escolha e escalas de avalia\u00e7\u00e3o. Estabelecer sua enquete \u00e9 r\u00e1pido e f\u00e1cil. <\/p><p>Criar novas enquetes leva apenas um clique e os resultados s\u00e3o exibidos em tempo real. Com a l\u00f3gica condicional, voc\u00ea pode ajustar as perguntas com base nas respostas dos clientes. O addon integra-se perfeitamente com ferramentas populares de CRM e e-mail, tornando mais f\u00e1cil estruturar seus dados e melhorar seus servi\u00e7os considerando o feedback dos clientes. <\/p><p><b>Crie pesquisas personalizadas rapidamente para descobrir o que seus clientes esperam do seu neg\u00f3cio! <\/b><\/p><\/div> <div class=\"application-platform-content-item-features application-platform-content-item\" id=\"features\" data-nav-section=\"features\"> <h2>Veja a lista dos recursos mais valiosos: <\/h2><ul><li><b>Torne suas enquetes pessoais com l\u00f3gica condicional. <\/b> Voc\u00ea pode ajustar dinamicamente as pr\u00f3ximas perguntas, garantindo uma experi\u00eancia de pesquisa mais orientada para o usu\u00e1rio e razo\u00e1vel. <\/li><li><b>Crie enquetes interessantes com apenas alguns cliques. <\/b> Nosso editor f\u00e1cil de usar simplifica a cria\u00e7\u00e3o de enquetes envolventes para coletar respostas e feedback sem complica\u00e7\u00f5es. <\/li><li><b>Converta respostas em convers\u00f5es em tempo real. <\/b> Entenda instantaneamente as expectativas dos usu\u00e1rios e ofere\u00e7a solu\u00e7\u00f5es relevantes imediatamente, transformando respostas em oportunidades de vendas. <\/li><li><b>Use diferentes tipos de campos e dados de entrada. <\/b> Ajuste sua enquete pessoal para coletar os dados necess\u00e1rios usando campos de texto, listas suspensas, caixas de sele\u00e7\u00e3o, bot\u00f5es de op\u00e7\u00e3o e muitas outras op\u00e7\u00f5es. <\/li><li><b>Comece com um modelo pr\u00e9-projetado perfeito. <\/b> Escolha entre um conjunto de modelos de enquetes criados profissionalmente e otimizados para diferentes tipos de enquetes e objetivos de neg\u00f3cios. <\/li><\/ul><p><a href=\"#demo\">O editor on-line pode demonstrar como os recursos e op\u00e7\u00f5es funcionam nesta p\u00e1gina<\/a><\/p><\/div> <div class=\"application-platform-content-item-installation application-platform-content-item\" id=\"installation\" data-nav-section=\"installation\"> <h2>Como incorporo o Poll no meu site PrestaShop? <\/h2><p>Aqui est\u00e1 um guia simples para ter o complemento no seu site PrestaShop. Isso levar\u00e1 apenas alguns minutos e n\u00e3o requer codifica\u00e7\u00e3o. <\/p> <ol><li><strong>Crie seu complemento de enquete pessoal<\/strong><br> Comece com qualquer modelo no editor, trabalhe com os elementos f\u00e1ceis de usar do editor e personalize o complemento para seu design e configura\u00e7\u00f5es preferidos. <\/li><li><strong>Obtenha o c\u00f3digo pessoal para incorporar o complemento<\/strong><br> Depois de criar o complemento, voc\u00ea receber\u00e1 um c\u00f3digo HTML individual em seu painel. Copie este c\u00f3digo que cont\u00e9m todos os detalhes relativos \u00e0s suas configura\u00e7\u00f5es. <\/li> <li><strong>Apresente o complemento no seu site PrestaShop<\/strong><br> Defina as \u00e1reas do seu site onde deseja apresentar a enquete e cole o c\u00f3digo l\u00e1. Salve suas altera\u00e7\u00f5es. <\/li> <\/ol><p>\u00c9 isso a\u00ed! Agora verifique como o addon est\u00e1 funcionando no seu site. <\/p><p>Caso voc\u00ea tenha algum inconveniente ao incorporar o complemento em um site, basta entrar em contato com nossa central de ajuda. Teremos prazer em ajud\u00e1-lo a adicionar e ajustar sua enquete. <\/p><\/div>","protected":false},"excerpt":{"rendered":"","protected":false},"author":9,"featured_media":0,"parent":12684,"menu_order":0,"comment_status":"closed","ping_status":"closed","template":"templates\/template-application-platform.php","meta":{"publish_to_discourse":"","publish_post_category":"","wpdc_auto_publish_overridden":"","wpdc_topic_tags":"","wpdc_pin_topic":"","wpdc_pin_until":"","discourse_post_id":"","discourse_permalink":"","wpdc_publishing_response":"","wpdc_publishing_error":"","footnotes":""},"class_list":["post-13038","page","type-page","status-publish","hentry"],"yoast_head":"<!-- This site is optimized with the Yoast SEO plugin v25.3.1 - https:\/\/yoast.com\/wordpress\/plugins\/seo\/ -->\n<title>Complemento PrestaShop Poll - Adicione Poll ao seu site PrestaShop [GR\u00c1TIS]<\/title>\n<meta name=\"description\" content=\"Adicione um complemento de pesquisa integrado ao seu site PrestaShop. Experimente o editor online da Elfsight para criar facilmente a sua solu\u00e7\u00e3o individual.\" \/>\n<meta name=\"robots\" content=\"index, follow, max-snippet:-1, max-image-preview:large, max-video-preview:-1\" \/>\n<link rel=\"canonical\" href=\"https:\/\/elfsight.com\/pt\/poll-widget\/prestashop\/\" \/>\n<meta property=\"og:locale\" content=\"pt_PT\" \/>\n<meta property=\"og:type\" content=\"article\" \/>\n<meta property=\"og:title\" content=\"Complemento PrestaShop Poll - Adicione Poll ao seu site PrestaShop [GR\u00c1TIS]\" \/>\n<meta property=\"og:description\" content=\"Adicione um complemento de pesquisa integrado ao seu site PrestaShop. Experimente o editor online da Elfsight para criar facilmente a sua solu\u00e7\u00e3o individual.\" \/>\n<meta property=\"og:url\" content=\"https:\/\/elfsight.com\/pt\/poll-widget\/prestashop\/\" \/>\n<meta property=\"og:site_name\" content=\"Elfsight PT\" \/>\n<meta property=\"article:modified_time\" content=\"2024-12-16T17:27:47+00:00\" \/>\n<meta name=\"twitter:card\" content=\"summary_large_image\" \/>\n<meta name=\"twitter:label1\" content=\"Tempo estimado de leitura\" \/>\n\t<meta name=\"twitter:data1\" content=\"3 minutos\" \/>\n<!-- \/ Yoast SEO plugin. -->","yoast_head_json":{"title":"Complemento PrestaShop Poll - Adicione Poll ao seu site PrestaShop [GR\u00c1TIS]","description":"Adicione um complemento de pesquisa integrado ao seu site PrestaShop. Experimente o editor online da Elfsight para criar facilmente a sua solu\u00e7\u00e3o individual.","robots":{"index":"index","follow":"follow","max-snippet":"max-snippet:-1","max-image-preview":"max-image-preview:large","max-video-preview":"max-video-preview:-1"},"canonical":"https:\/\/elfsight.com\/pt\/poll-widget\/prestashop\/","og_locale":"pt_PT","og_type":"article","og_title":"Complemento PrestaShop Poll - Adicione Poll ao seu site PrestaShop [GR\u00c1TIS]","og_description":"Adicione um complemento de pesquisa integrado ao seu site PrestaShop. Experimente o editor online da Elfsight para criar facilmente a sua solu\u00e7\u00e3o individual.","og_url":"https:\/\/elfsight.com\/pt\/poll-widget\/prestashop\/","og_site_name":"Elfsight PT","article_modified_time":"2024-12-16T17:27:47+00:00","twitter_card":"summary_large_image","twitter_misc":{"Tempo estimado de leitura":"3 minutos"},"schema":{"@context":"https:\/\/schema.org","@graph":[{"@type":"WebPage","@id":"https:\/\/elfsight.com\/pt\/poll-widget\/prestashop\/","url":"https:\/\/elfsight.com\/pt\/poll-widget\/prestashop\/","name":"Complemento PrestaShop Poll - Adicione Poll ao seu site PrestaShop [GR\u00c1TIS]","isPartOf":{"@id":"https:\/\/elfsight.com\/pt\/#website"},"datePublished":"2024-09-30T18:27:29+00:00","dateModified":"2024-12-16T17:27:47+00:00","description":"Adicione um complemento de pesquisa integrado ao seu site PrestaShop. Experimente o editor online da Elfsight para criar facilmente a sua solu\u00e7\u00e3o individual.","breadcrumb":{"@id":"https:\/\/elfsight.com\/pt\/poll-widget\/prestashop\/#breadcrumb"},"inLanguage":"pt-PT","potentialAction":[{"@type":"ReadAction","target":["https:\/\/elfsight.com\/pt\/poll-widget\/prestashop\/"]}]},{"@type":"BreadcrumbList","@id":"https:\/\/elfsight.com\/pt\/poll-widget\/prestashop\/#breadcrumb","itemListElement":[{"@type":"ListItem","position":1,"name":"Home","item":"https:\/\/elfsight.com\/pt\/"},{"@type":"ListItem","position":2,"name":"poll &#8211; prestashop"}]},{"@type":"WebSite","@id":"https:\/\/elfsight.com\/pt\/#website","url":"https:\/\/elfsight.com\/pt\/","name":"Elfsight PT","description":"Just another Elfsight Sites site","potentialAction":[{"@type":"SearchAction","target":{"@type":"EntryPoint","urlTemplate":"https:\/\/elfsight.com\/pt\/?s={search_term_string}"},"query-input":{"@type":"PropertyValueSpecification","valueRequired":true,"valueName":"search_term_string"}}],"inLanguage":"pt-PT"}]}},"meta_box":{"industry":"","seo_heading":"","heading":"","description":"","cta_heading":"","cta_description":"","application":"12674","h1":"Adicionar enquete ao site PrestaShop","h1_caption":"Envolva os visitantes do seu site Prestashop criando enquetes interativas, ajudando voc\u00ea a coletar feedback e insights valiosos para melhorar seus produtos e servi\u00e7os.","application_category":[],"applications_title":"","applications_request_title":"","applications_request_button_text":"","hero_text":"","hero_video":"","hero_video_schema_markup":"","selling_points_title":"","selling_points_caption":"","selling_points":[],"selling_points_cta_text":"","features_title":"","features":"","ed_cta_examples_text":"","ed_cta_examples_hidden":"","ed_cta_demo_text":"","ed_cta_demo_hidden":"","why_caption":"","why_editor_title":"","why_editor_text":"","why_team_title":"","why_team_text":"","why_service_title":"","why_service_text":"","template_catalog_visible":"","template_catalog_title":"","template_catalog_text":"","template_catalog_categories_visible":"","demo_title":"Crie seu complemento de enquete","demo_caption":"Configure sua enquete e adicione-a ao seu site PrestaShop gratuitamente!","default_faq_hidden":"","app_template_category":[],"platform":"5343","template_public_id":"","codecanyon_url":"","codecanyon_item_id":"","codecanyon_price":"","pricing_caption":"","pricing_elfsight_apps_hide_column":"","pricing_elfsight_apps_url":"","pricing_codecanyon_price_caption":"","integration_category":[],"integration_request_title":"","integration_request_cta":"","integration_platform":"","integrations":[],"platform_category":[],"video_schema_markup":"","price":"a partir de $ 0 \/ m\u00eas","trial":"","benefits":[{"text":"Assist\u00eancia de instala\u00e7\u00e3o gratuita"},{"text":"Suporte ao cliente experiente"},{"text":"Garantia de reembolso de 14 dias"},{"text":"Atualizando constantemente"}],"button_url":"#demo","button_target_blank":"","button_nofollow":"","attributes":[{"name":"Instalar","content":"50,000 - 100,000"},{"name":"Responsivo","content":"Sim"},{"name":"Navegadores compat\u00edveis","content":"Firefox, Safari, Opera, Chrome, Edge"}],"tags":[],"tags_disable_links":"","hide_more_platforms":"","video_object":"","demo_hide_cta":"","demo_hide_cloud_options":"","pricing_title":"","pricing":[{"pricing_icon":"platform","pricing_title":"Elfsight Apps","pricing_title_caption":"Vers\u00e3o multiplataforma adequada para qualquer site","pricing_price":"a partir de $ 0 \/ m\u00eas","pricing_price_caption":"comece com um plano gratuito","pricing_benefits":[{"text":"Dom\u00ednios ilimitados"},{"text":"Suporte ao cliente 24 horas por dia, 7 dias por semana"},{"text":"Servi\u00e7o de instala\u00e7\u00e3o gratuito"},{"text":"100% personaliz\u00e1vel"}],"pricing_button_text":"Adicionar ao site","pricing_button_url":"#demo"}],"related_apps_title":"","related_apps_hidden":"","author":"","image":[],"title":"","job":"","social_networks":[]},"_links":{"self":[{"href":"https:\/\/elfsight.com\/pt\/wp-json\/wp\/v2\/pages\/13038","targetHints":{"allow":["GET"]}}],"collection":[{"href":"https:\/\/elfsight.com\/pt\/wp-json\/wp\/v2\/pages"}],"about":[{"href":"https:\/\/elfsight.com\/pt\/wp-json\/wp\/v2\/types\/page"}],"author":[{"embeddable":true,"href":"https:\/\/elfsight.com\/pt\/wp-json\/wp\/v2\/users\/9"}],"replies":[{"embeddable":true,"href":"https:\/\/elfsight.com\/pt\/wp-json\/wp\/v2\/comments?post=13038"}],"version-history":[{"count":1,"href":"https:\/\/elfsight.com\/pt\/wp-json\/wp\/v2\/pages\/13038\/revisions"}],"predecessor-version":[{"id":13042,"href":"https:\/\/elfsight.com\/pt\/wp-json\/wp\/v2\/pages\/13038\/revisions\/13042"}],"up":[{"embeddable":true,"href":"https:\/\/elfsight.com\/pt\/wp-json\/wp\/v2\/pages\/12684"}],"wp:attachment":[{"href":"https:\/\/elfsight.com\/pt\/wp-json\/wp\/v2\/media?parent=13038"}],"curies":[{"name":"wp","href":"https:\/\/api.w.org\/{rel}","templated":true}]}}