{"id":13037,"date":"2024-09-30T18:27:29","date_gmt":"2024-09-30T18:27:29","guid":{"rendered":"https:\/\/elfsight.com\/pt\/?page_id=13037"},"modified":"2024-12-16T17:27:47","modified_gmt":"2024-12-16T17:27:47","slug":"html","status":"publish","type":"page","link":"https:\/\/elfsight.com\/pt\/poll-widget\/html\/","title":{"rendered":"poll &#8211; html"},"content":{"rendered":"<div class=\"application-platform-content-item-description application-platform-content-item\" id=\"description\" data-nav-section=\"description\"> <h2>Incorpore uma enquete em HTML com um widget da Elfsight<\/h2> <p>Adicione facilmente um widget de enquete individual a qualquer site para aumentar o envolvimento do p\u00fablico e reunir insights. Com apenas algumas etapas, voc\u00ea pode criar pesquisas interativas com v\u00e1rios tipos de perguntas, como m\u00faltipla escolha e escalas de classifica\u00e7\u00e3o. Configurar sua enquete \u00e9 r\u00e1pido e simples. <\/p><p>Criar novas enquetes leva apenas um clique e os resultados s\u00e3o apresentados em tempo real. Com a l\u00f3gica condicional, voc\u00ea pode ajustar as perguntas com base nas respostas do usu\u00e1rio. O widget tamb\u00e9m se integra a ferramentas de CRM e e-mail amplamente utilizadas, facilitando a organiza\u00e7\u00e3o de seus dados e melhorando seus servi\u00e7os com base nas opini\u00f5es dos clientes. <\/p><p><b>Crie facilmente pesquisas individuais para saber o que o p\u00fablico espera da sua empresa! <\/b><\/p><\/div> <div class=\"application-platform-content-item-features application-platform-content-item\" id=\"features\" data-nav-section=\"features\"> <h2>Abaixo est\u00e3o os recursos centrais do widget: <\/h2><ul><li><b>Torne suas enquetes flex\u00edveis com condi\u00e7\u00f5es condicionais l\u00f3gica. <\/b> Voc\u00ea pode ajustar dinamicamente as pr\u00f3ximas perguntas, garantindo uma experi\u00eancia de pesquisa mais orientada para o usu\u00e1rio e razo\u00e1vel. <\/li><li><b>Crie enquetes interessantes com apenas alguns cliques. <\/b> Nosso editor intuitivo facilita o lan\u00e7amento de enquetes envolventes para coletar respostas e opini\u00f5es sem complica\u00e7\u00f5es. <\/li><li><b>Converta respostas em vendas em tempo real. <\/b> Entenda instantaneamente as necessidades dos usu\u00e1rios e sugira solu\u00e7\u00f5es relevantes imediatamente, transformando respostas em oportunidades de neg\u00f3cios. <\/li><li><b>Use diferentes tipos de campos e dados de entrada. <\/b> Ajuste sua enquete pessoal para coletar dados usando campos de texto, bot\u00f5es de op\u00e7\u00e3o, caixas de sele\u00e7\u00e3o, listas suspensas e muitas outras op\u00e7\u00f5es. <\/li><li><b>Comece com um modelo pronto e adequado. <\/b> Selecione entre um conjunto de modelos de enquetes projetados profissionalmente, otimizados para v\u00e1rios tipos de enquetes e tarefas de neg\u00f3cios. <\/li><\/ul><p><a href=\"#demo\">Confira o editor f\u00e1cil de usar para descobrir o que o widget pode fazer<\/a><\/p><\/div> <div class=\"application-platform-content-item-instala\u00e7\u00e3o application-platform-content-item\" id=\"instala\u00e7\u00e3o\" data-nav-section=\"instala\u00e7\u00e3o\"> <h2>Como posso incorporar o Poll em meu site HTML? <\/h2><p>Veja esta maneira simples de configurar o widget em seu site HTML. Levar\u00e1 apenas alguns minutos e n\u00e3o requer nenhuma codifica\u00e7\u00e3o. <\/p> <ol><li><strong>Crie seu widget de enquete pessoal<\/strong><br> Comece com qualquer modelo no editor, trabalhe com os elementos f\u00e1ceis de usar do editor e personalize o widget de acordo com suas prefer\u00eancias. estilo e configura\u00e7\u00f5es desejados. <\/li><li><strong>Obtenha o c\u00f3digo pessoal para incorporar o widget.<\/strong><br> Depois de criar seu widget, voc\u00ea receber\u00e1 um c\u00f3digo HTML individual em seu painel. Copie este c\u00f3digo que cont\u00e9m todos os detalhes relativos aos seus ajustes. <\/li> <li><strong>Apresente o widget em seu site HTML<\/strong><br> Selecione as \u00e1reas do seu site onde deseja apresentar a enquete e cole o c\u00f3digo l\u00e1. Salve as altera\u00e7\u00f5es. <\/li> <\/ol><p>\u00c9 isso a\u00ed! Agora, verifique o desempenho do widget em seu site. <\/p><p>Caso voc\u00ea tenha algum problema ao incorporar o widget em um site, sinta-se \u00e0 vontade para entrar em contato com nossos gerentes de suporte. Teremos prazer em ajud\u00e1-lo a adicionar e ajustar sua enquete. <\/p><\/div>","protected":false},"excerpt":{"rendered":"","protected":false},"author":9,"featured_media":0,"parent":12684,"menu_order":0,"comment_status":"closed","ping_status":"closed","template":"templates\/template-application-platform.php","meta":{"publish_to_discourse":"","publish_post_category":"","wpdc_auto_publish_overridden":"","wpdc_topic_tags":"","wpdc_pin_topic":"","wpdc_pin_until":"","discourse_post_id":"","discourse_permalink":"","wpdc_publishing_response":"","wpdc_publishing_error":"","footnotes":""},"class_list":["post-13037","page","type-page","status-publish","hentry"],"yoast_head":"<!-- This site is optimized with the Yoast SEO plugin v25.3.1 - https:\/\/yoast.com\/wordpress\/plugins\/seo\/ -->\n<title>Widget de enquete HTML - Adicione enquete ao seu site HTML [GR\u00c1TIS]<\/title>\n<meta name=\"description\" content=\"Adicione um widget de enquete sem c\u00f3digo ao seu site HTML. Experimente o editor simples da Elfsight para criar facilmente a sua solu\u00e7\u00e3o pessoal.\" \/>\n<meta name=\"robots\" content=\"index, follow, max-snippet:-1, max-image-preview:large, max-video-preview:-1\" \/>\n<link rel=\"canonical\" href=\"https:\/\/elfsight.com\/pt\/poll-widget\/html\/\" \/>\n<meta property=\"og:locale\" content=\"pt_PT\" \/>\n<meta property=\"og:type\" content=\"article\" \/>\n<meta property=\"og:title\" content=\"Widget de enquete HTML - Adicione enquete ao seu site HTML [GR\u00c1TIS]\" \/>\n<meta property=\"og:description\" content=\"Adicione um widget de enquete sem c\u00f3digo ao seu site HTML. Experimente o editor simples da Elfsight para criar facilmente a sua solu\u00e7\u00e3o pessoal.\" \/>\n<meta property=\"og:url\" content=\"https:\/\/elfsight.com\/pt\/poll-widget\/html\/\" \/>\n<meta property=\"og:site_name\" content=\"Elfsight PT\" \/>\n<meta property=\"article:modified_time\" content=\"2024-12-16T17:27:47+00:00\" \/>\n<meta name=\"twitter:card\" content=\"summary_large_image\" \/>\n<meta name=\"twitter:label1\" content=\"Tempo estimado de leitura\" \/>\n\t<meta name=\"twitter:data1\" content=\"3 minutos\" \/>\n<!-- \/ Yoast SEO plugin. -->","yoast_head_json":{"title":"Widget de enquete HTML - Adicione enquete ao seu site HTML [GR\u00c1TIS]","description":"Adicione um widget de enquete sem c\u00f3digo ao seu site HTML. Experimente o editor simples da Elfsight para criar facilmente a sua solu\u00e7\u00e3o pessoal.","robots":{"index":"index","follow":"follow","max-snippet":"max-snippet:-1","max-image-preview":"max-image-preview:large","max-video-preview":"max-video-preview:-1"},"canonical":"https:\/\/elfsight.com\/pt\/poll-widget\/html\/","og_locale":"pt_PT","og_type":"article","og_title":"Widget de enquete HTML - Adicione enquete ao seu site HTML [GR\u00c1TIS]","og_description":"Adicione um widget de enquete sem c\u00f3digo ao seu site HTML. Experimente o editor simples da Elfsight para criar facilmente a sua solu\u00e7\u00e3o pessoal.","og_url":"https:\/\/elfsight.com\/pt\/poll-widget\/html\/","og_site_name":"Elfsight PT","article_modified_time":"2024-12-16T17:27:47+00:00","twitter_card":"summary_large_image","twitter_misc":{"Tempo estimado de leitura":"3 minutos"},"schema":{"@context":"https:\/\/schema.org","@graph":[{"@type":"WebPage","@id":"https:\/\/elfsight.com\/pt\/poll-widget\/html\/","url":"https:\/\/elfsight.com\/pt\/poll-widget\/html\/","name":"Widget de enquete HTML - Adicione enquete ao seu site HTML [GR\u00c1TIS]","isPartOf":{"@id":"https:\/\/elfsight.com\/pt\/#website"},"datePublished":"2024-09-30T18:27:29+00:00","dateModified":"2024-12-16T17:27:47+00:00","description":"Adicione um widget de enquete sem c\u00f3digo ao seu site HTML. Experimente o editor simples da Elfsight para criar facilmente a sua solu\u00e7\u00e3o pessoal.","breadcrumb":{"@id":"https:\/\/elfsight.com\/pt\/poll-widget\/html\/#breadcrumb"},"inLanguage":"pt-PT","potentialAction":[{"@type":"ReadAction","target":["https:\/\/elfsight.com\/pt\/poll-widget\/html\/"]}]},{"@type":"BreadcrumbList","@id":"https:\/\/elfsight.com\/pt\/poll-widget\/html\/#breadcrumb","itemListElement":[{"@type":"ListItem","position":1,"name":"Home","item":"https:\/\/elfsight.com\/pt\/"},{"@type":"ListItem","position":2,"name":"poll &#8211; html"}]},{"@type":"WebSite","@id":"https:\/\/elfsight.com\/pt\/#website","url":"https:\/\/elfsight.com\/pt\/","name":"Elfsight PT","description":"Just another Elfsight Sites site","potentialAction":[{"@type":"SearchAction","target":{"@type":"EntryPoint","urlTemplate":"https:\/\/elfsight.com\/pt\/?s={search_term_string}"},"query-input":{"@type":"PropertyValueSpecification","valueRequired":true,"valueName":"search_term_string"}}],"inLanguage":"pt-PT"}]}},"meta_box":{"industry":"","seo_heading":"","heading":"","description":"","cta_heading":"","cta_description":"","application":"12674","h1":"Adicionar enquete ao site HTML","h1_caption":"Envolva os visitantes do seu site HTML criando enquetes interativas, ajudando voc\u00ea a coletar feedback e insights valiosos para melhorar seus produtos e servi\u00e7os.","application_category":[],"applications_title":"","applications_request_title":"","applications_request_button_text":"","hero_text":"","hero_video":"","hero_video_schema_markup":"","selling_points_title":"","selling_points_caption":"","selling_points":[],"selling_points_cta_text":"","features_title":"","features":"","ed_cta_examples_text":"","ed_cta_examples_hidden":"","ed_cta_demo_text":"","ed_cta_demo_hidden":"","why_caption":"","why_editor_title":"","why_editor_text":"","why_team_title":"","why_team_text":"","why_service_title":"","why_service_text":"","template_catalog_visible":"","template_catalog_title":"","template_catalog_text":"","template_catalog_categories_visible":"","demo_title":"Crie seu widget de enquete","demo_caption":"Configure sua enquete e adicione-a ao seu site HTML gratuitamente!","default_faq_hidden":"","app_template_category":[],"platform":"49","template_public_id":"","codecanyon_url":"","codecanyon_item_id":"","codecanyon_price":"","pricing_caption":"","pricing_elfsight_apps_hide_column":"","pricing_elfsight_apps_url":"","pricing_codecanyon_price_caption":"","integration_category":[],"integration_request_title":"","integration_request_cta":"","integration_platform":"","integrations":[],"platform_category":[],"video_schema_markup":"","price":"a partir de $ 0 \/ m\u00eas","trial":"","benefits":[{"text":"Servi\u00e7o de instala\u00e7\u00e3o gratuito"},{"text":"Atendimento ao cliente competente"},{"text":"Garantia de reembolso de 14 dias"},{"text":"Melhorias gratuitas regulares"}],"button_url":"#demo","button_target_blank":"","button_nofollow":"","attributes":[{"name":"Instalar","content":"50,000 - 100,000"},{"name":"Responsivo","content":"Sim"},{"name":"Navegadores compat\u00edveis","content":"Firefox, Safari, Opera, Chrome, Edge"}],"tags":[],"tags_disable_links":"","hide_more_platforms":"","video_object":"","demo_hide_cta":"","demo_hide_cloud_options":"","pricing_title":"","pricing":[{"pricing_icon":"platform","pricing_title":"Elfsight Apps","pricing_title_caption":"Vers\u00e3o independente de plataforma que funciona em qualquer site","pricing_price":"a partir de $ 0 \/ m\u00eas","pricing_price_caption":"comece com um plano gratuito","pricing_benefits":[{"text":"Sites ilimitados"},{"text":"Suporte \u00e0 empresa 24 horas por dia, 7 dias por semana"},{"text":"Ajuda de instala\u00e7\u00e3o gratuita"},{"text":"Design flex\u00edvel"}],"pricing_button_text":"Adicionar ao site","pricing_button_url":"#demo"}],"related_apps_title":"","related_apps_hidden":"","author":"","image":[],"title":"","job":"","social_networks":[]},"_links":{"self":[{"href":"https:\/\/elfsight.com\/pt\/wp-json\/wp\/v2\/pages\/13037","targetHints":{"allow":["GET"]}}],"collection":[{"href":"https:\/\/elfsight.com\/pt\/wp-json\/wp\/v2\/pages"}],"about":[{"href":"https:\/\/elfsight.com\/pt\/wp-json\/wp\/v2\/types\/page"}],"author":[{"embeddable":true,"href":"https:\/\/elfsight.com\/pt\/wp-json\/wp\/v2\/users\/9"}],"replies":[{"embeddable":true,"href":"https:\/\/elfsight.com\/pt\/wp-json\/wp\/v2\/comments?post=13037"}],"version-history":[{"count":1,"href":"https:\/\/elfsight.com\/pt\/wp-json\/wp\/v2\/pages\/13037\/revisions"}],"predecessor-version":[{"id":13041,"href":"https:\/\/elfsight.com\/pt\/wp-json\/wp\/v2\/pages\/13037\/revisions\/13041"}],"up":[{"embeddable":true,"href":"https:\/\/elfsight.com\/pt\/wp-json\/wp\/v2\/pages\/12684"}],"wp:attachment":[{"href":"https:\/\/elfsight.com\/pt\/wp-json\/wp\/v2\/media?parent=13037"}],"curies":[{"name":"wp","href":"https:\/\/api.w.org\/{rel}","templated":true}]}}