{"id":13013,"date":"2024-09-30T18:27:29","date_gmt":"2024-09-30T18:27:29","guid":{"rendered":"https:\/\/elfsight.com\/pt\/?page_id=13013"},"modified":"2024-12-16T17:27:20","modified_gmt":"2024-12-16T17:27:20","slug":"godaddy","status":"publish","type":"page","link":"https:\/\/elfsight.com\/pt\/spinning-wheel-widget\/godaddy\/","title":{"rendered":"spinning wheel &#8211; godaddy"},"content":{"rendered":"<div class=\"application-platform-content-item-description application-platform-content-item\" id=\"description\" data-nav-section=\"description\"><h2>Incorpore a roda girat\u00f3ria com o plug-in Elfsight<\/h2> <p>Adicione uma roda girat\u00f3ria animada e interativa ao seu site! Personalize at\u00e9 10 pr\u00eamios com conte\u00fado exclusivo, imagens, c\u00f3digos promocionais exclusivos e frases de chamariz. Colete e-mails antes que os visitantes girem, envie notifica\u00e7\u00f5es autom\u00e1ticas aos vencedores, receba atualiza\u00e7\u00f5es em tempo real e controle as chances de ganhar cada pr\u00eamio. Otimize a visibilidade com gatilhos inteligentes e segmenta\u00e7\u00e3o espec\u00edfica do dispositivo. O plugin suporta mais de 70 idiomas e \u00e9 totalmente responsivo. Voc\u00ea tamb\u00e9m pode personalizar sua apar\u00eancia e funcionalidade usando CSS e JavaScript personalizados.<\/p> <p><b>Aumente o envolvimento do usu\u00e1rio e gere convers\u00f5es oferecendo recompensas atraentes ao seu p\u00fablico!<\/b><\/p> <\/div> <div class=\"application-platform-content-item-features application-platform-content-item\" id=\"features\" data-nav-section=\"features\"> <h2>Principais recursos do plug-in Spinning Wheel para GoDaddy<\/h2> <p>Aqui est\u00e1 uma vis\u00e3o geral detalhada dos recursos do plug-in Spinning Wheel projetados especificamente para GoDaddy. Essas ferramentas est\u00e3o dispon\u00edveis no editor para ajud\u00e1-lo a configurar o plug-in para atender exatamente \u00e0s suas necessidades.<\/p> <ul> <li>Adicione at\u00e9 10 pr\u00eamios exclusivos \u00e0 sua roda girat\u00f3ria interativa.<\/li> <li>Conte\u00fado personalizado para cada pr\u00eamio.<\/li> <li>Cada pr\u00eamio pode apresentar seu pr\u00f3prio c\u00f3digo promocional exclusivo.<\/li> <li>Bot\u00e3o de a\u00e7\u00e3o individual para cada pr\u00eamio.<\/li> <li>Op\u00e7\u00e3o para coletar e-mails dos usu\u00e1rios antes de girar a roda.<\/li> <\/ul> <p>Este plug-in \u00e9 perfeito para usu\u00e1rios do GoDaddy que desejam adicionar elementos interativos e envolventes aos seus sites.<\/p><p><a href=\"#demo\">Explore tudo recursos adicionais na demonstra\u00e7\u00e3o<\/a><\/p> <\/div> <div class=\"application-platform-content-item-installation application-platform-content-item\" id=\"installation\" data-nav-section=\"installation\"> <h2>Como fa\u00e7o para incorporar o Spinning Wheel em meu site GoDaddy?<\/h2> <p>Para instalar o plugin em seu site GoDaddy, basta seguir estas etapas:<\/p> <ul> <li><b>Projete seu plugin Spinning Wheel personalizado<\/b><br> Use nossa demonstra\u00e7\u00e3o gratuita para criar o plugin com a apar\u00eancia desejada e funcionalidades.<\/li> <li><b>Copie o c\u00f3digo exclusivo para incorporar o plugin<\/b><br> Depois de configurar o seu plugin, voc\u00ea receber\u00e1 um c\u00f3digo pessoal no pop-up nos aplicativos Elfsight. Guarde este c\u00f3digo para uso futuro.<\/li> <li><b>Adicione o plugin Spinning Wheel ao seu site GoDaddy<\/b><br> V\u00e1 para a se\u00e7\u00e3o onde deseja exibir o plugin, cole o c\u00f3digo copiado, e aplique as altera\u00e7\u00f5es.<\/li> <li><b>Plugin adicionado com sucesso!<\/b><br> Visite o site da GoDaddy para ver seu plug-in em a\u00e7\u00e3o.<\/li> <\/ul> <p>Se voc\u00ea precisar de ajuda ou tiver alguma d\u00favida, n\u00e3o hesite em entrar em contato com nossa equipe de suporte ao cliente. Estamos sempre aqui para ajudar, especialmente se voc\u00ea estiver usando GoDaddy.<\/p> <div class=\"faq\" data-component=\"FAQ\"><div class=\"faq-item\">\r\n\t\t\t\t\t<div class=\"faq-item-question\">\r\n\t\t\t\t\t\t<h3 class=\"faq-item-question-text\">Como posso adicionar a Spinning Wheel ao meu site GoDaddy sem experi\u00eancia de codifica\u00e7\u00e3o?<\/h3>\r\n\r\n\t\t\t\t\t\t<div class=\"faq-item-question-icon\"><\/div>\r\n\t\t\t\t\t<\/div>\r\n\r\n\t\t\t\t\t<div class=\"faq-item-answer\">\r\n\t\t\t\t\t\t<div class=\"faq-item-answer-text\"> <p>Ofertas da Elfsight uma plataforma SaaS que permite criar um plugin Spinning Wheel sem nenhuma habilidade de codifica\u00e7\u00e3o. Basta usar o Editor online para configurar seu plugin. Escolha um modelo, ajuste as configura\u00e7\u00f5es, adicione seu conte\u00fado e personalize o layout e as cores. Depois de conclu\u00eddo, salve o plug-in e copie o c\u00f3digo de instala\u00e7\u00e3o para incorpor\u00e1-lo ao seu site GoDaddy. Nenhuma assinatura ou cart\u00e3o de cr\u00e9dito \u00e9 necess\u00e1rio para usar o servi\u00e7o. Se voc\u00ea encontrar algum problema, nossa equipe de suporte t\u00e9cnico estar\u00e1 sempre pronta para ajudar.<\/p> <\/div>\r\n\t\t\t\t\t<\/div>\r\n\t\t\t\t<\/div> <\/div> <\/div>","protected":false},"excerpt":{"rendered":"","protected":false},"author":9,"featured_media":0,"parent":12678,"menu_order":0,"comment_status":"closed","ping_status":"closed","template":"templates\/template-application-platform.php","meta":{"publish_to_discourse":"","publish_post_category":"","wpdc_auto_publish_overridden":"","wpdc_topic_tags":"","wpdc_pin_topic":"","wpdc_pin_until":"","discourse_post_id":"","discourse_permalink":"","wpdc_publishing_response":"","wpdc_publishing_error":"","footnotes":""},"class_list":["post-13013","page","type-page","status-publish","hentry"],"yoast_head":"<!-- This site is optimized with the Yoast SEO plugin v25.3.1 - https:\/\/yoast.com\/wordpress\/plugins\/seo\/ -->\n<title>Widget Spinning Wheel - Incorporar Luck Spin no site [GR\u00c1TIS]<\/title>\n<meta name=\"description\" content=\"Incorpore uma roda girat\u00f3ria interativa no site GoDaddy. Veja todos os recursos do plugin GoDaddy Spinning Wheel que voc\u00ea pode adicionar ao site.\" \/>\n<meta name=\"robots\" content=\"index, follow, max-snippet:-1, max-image-preview:large, max-video-preview:-1\" \/>\n<link rel=\"canonical\" href=\"https:\/\/elfsight.com\/pt\/spinning-wheel-widget\/godaddy\/\" \/>\n<meta property=\"og:locale\" content=\"pt_PT\" \/>\n<meta property=\"og:type\" content=\"article\" \/>\n<meta property=\"og:title\" content=\"Widget Spinning Wheel - Incorporar Luck Spin no site [GR\u00c1TIS]\" \/>\n<meta property=\"og:description\" content=\"Incorpore uma roda girat\u00f3ria interativa no site GoDaddy. Veja todos os recursos do plugin GoDaddy Spinning Wheel que voc\u00ea pode adicionar ao site.\" \/>\n<meta property=\"og:url\" content=\"https:\/\/elfsight.com\/pt\/spinning-wheel-widget\/godaddy\/\" \/>\n<meta property=\"og:site_name\" content=\"Elfsight PT\" \/>\n<meta property=\"article:modified_time\" content=\"2024-12-16T17:27:20+00:00\" \/>\n<meta name=\"twitter:card\" content=\"summary_large_image\" \/>\n<meta name=\"twitter:label1\" content=\"Tempo estimado de leitura\" \/>\n\t<meta name=\"twitter:data1\" content=\"3 minutos\" \/>\n<!-- \/ Yoast SEO plugin. -->","yoast_head_json":{"title":"Widget Spinning Wheel - Incorporar Luck Spin no site [GR\u00c1TIS]","description":"Incorpore uma roda girat\u00f3ria interativa no site GoDaddy. Veja todos os recursos do plugin GoDaddy Spinning Wheel que voc\u00ea pode adicionar ao site.","robots":{"index":"index","follow":"follow","max-snippet":"max-snippet:-1","max-image-preview":"max-image-preview:large","max-video-preview":"max-video-preview:-1"},"canonical":"https:\/\/elfsight.com\/pt\/spinning-wheel-widget\/godaddy\/","og_locale":"pt_PT","og_type":"article","og_title":"Widget Spinning Wheel - Incorporar Luck Spin no site [GR\u00c1TIS]","og_description":"Incorpore uma roda girat\u00f3ria interativa no site GoDaddy. Veja todos os recursos do plugin GoDaddy Spinning Wheel que voc\u00ea pode adicionar ao site.","og_url":"https:\/\/elfsight.com\/pt\/spinning-wheel-widget\/godaddy\/","og_site_name":"Elfsight PT","article_modified_time":"2024-12-16T17:27:20+00:00","twitter_card":"summary_large_image","twitter_misc":{"Tempo estimado de leitura":"3 minutos"},"schema":{"@context":"https:\/\/schema.org","@graph":[{"@type":"WebPage","@id":"https:\/\/elfsight.com\/pt\/spinning-wheel-widget\/godaddy\/","url":"https:\/\/elfsight.com\/pt\/spinning-wheel-widget\/godaddy\/","name":"Widget Spinning Wheel - Incorporar Luck Spin no site [GR\u00c1TIS]","isPartOf":{"@id":"https:\/\/elfsight.com\/pt\/#website"},"datePublished":"2024-09-30T18:27:29+00:00","dateModified":"2024-12-16T17:27:20+00:00","description":"Incorpore uma roda girat\u00f3ria interativa no site GoDaddy. Veja todos os recursos do plugin GoDaddy Spinning Wheel que voc\u00ea pode adicionar ao site.","breadcrumb":{"@id":"https:\/\/elfsight.com\/pt\/spinning-wheel-widget\/godaddy\/#breadcrumb"},"inLanguage":"pt-PT","potentialAction":[{"@type":"ReadAction","target":["https:\/\/elfsight.com\/pt\/spinning-wheel-widget\/godaddy\/"]}]},{"@type":"BreadcrumbList","@id":"https:\/\/elfsight.com\/pt\/spinning-wheel-widget\/godaddy\/#breadcrumb","itemListElement":[{"@type":"ListItem","position":1,"name":"Home","item":"https:\/\/elfsight.com\/pt\/"},{"@type":"ListItem","position":2,"name":"spinning wheel &#8211; godaddy"}]},{"@type":"WebSite","@id":"https:\/\/elfsight.com\/pt\/#website","url":"https:\/\/elfsight.com\/pt\/","name":"Elfsight PT","description":"Just another Elfsight Sites site","potentialAction":[{"@type":"SearchAction","target":{"@type":"EntryPoint","urlTemplate":"https:\/\/elfsight.com\/pt\/?s={search_term_string}"},"query-input":{"@type":"PropertyValueSpecification","valueRequired":true,"valueName":"search_term_string"}}],"inLanguage":"pt-PT"}]}},"meta_box":{"industry":"","seo_heading":"","heading":"","description":"","cta_heading":"","cta_description":"","application":"12672","h1":"Plug-in Spinning Wheel para GoDaddy","h1_caption":"Aumente o envolvimento e aumente as convers\u00f5es com uma divertida roda girat\u00f3ria para GoDaddy que oferece aos visitantes a chance de ganhar descontos, recompensas ou outros incentivos.","application_category":[],"applications_title":"","applications_request_title":"","applications_request_button_text":"","hero_text":"","hero_video":"","hero_video_schema_markup":"","selling_points_title":"","selling_points_caption":"","selling_points":[],"selling_points_cta_text":"","features_title":"","features":"","ed_cta_examples_text":"","ed_cta_examples_hidden":"","ed_cta_demo_text":"","ed_cta_demo_hidden":"","why_caption":"","why_editor_title":"","why_editor_text":"","why_team_title":"","why_team_text":"","why_service_title":"","why_service_text":"","template_catalog_visible":"","template_catalog_title":"","template_catalog_text":"","template_catalog_categories_visible":"","demo_title":"Crie seu plugin Spinning Wheel","demo_caption":"Configure sua Spinning Wheel e adicione-a ao site GoDaddy gratuitamente!","default_faq_hidden":"","app_template_category":[],"platform":"4908","template_public_id":"","codecanyon_url":"","codecanyon_item_id":"","codecanyon_price":"","pricing_caption":"","pricing_elfsight_apps_hide_column":"","pricing_elfsight_apps_url":"","pricing_codecanyon_price_caption":"","integration_category":[],"integration_request_title":"","integration_request_cta":"","integration_platform":"","integrations":[],"platform_category":[],"video_schema_markup":"","price":"a partir de $ 0 \/ m\u00eas","trial":"","benefits":[{"text":"Assist\u00eancia de instala\u00e7\u00e3o gratuita"},{"text":"Suporte premium"},{"text":"Garantia de devolu\u00e7\u00e3o do dinheiro em 14 dias"},{"text":"Melhorias gratuitas cont\u00ednuas"}],"button_url":"#demo","button_target_blank":"","button_nofollow":"","attributes":[{"name":"Instala\u00e7\u00f5es","content":"1,000 - 5,000"},{"name":"Responsivo","content":"Sim"},{"name":"Navegadores compat\u00edveis","content":"IE11, Firefox, Safari, Opera, Chrome, Edge"}],"tags":[],"tags_disable_links":"","hide_more_platforms":"","video_object":"","demo_hide_cta":"","demo_hide_cloud_options":"","pricing_title":"","pricing":[{"pricing_icon":"platform","pricing_title":"Elfsight Apps","pricing_title_caption":"Solu\u00e7\u00e3o independente de plataforma que funciona em qualquer site","pricing_price":"a partir de $ 0 \/ m\u00eas","pricing_price_caption":"comece com plano gratuito","pricing_benefits":[{"text":"Dom\u00ednios ilimitados"},{"text":"Suporte premium"},{"text":"Ajuda de instala\u00e7\u00e3o gratuita"},{"text":"Pre\u00e7o especial para v\u00e1rios aplicativos"}],"pricing_button_text":"Adicionar ao site","pricing_button_url":"#demo"}],"related_apps_title":"","related_apps_hidden":"","author":"","image":[],"title":"","job":"","social_networks":[]},"_links":{"self":[{"href":"https:\/\/elfsight.com\/pt\/wp-json\/wp\/v2\/pages\/13013","targetHints":{"allow":["GET"]}}],"collection":[{"href":"https:\/\/elfsight.com\/pt\/wp-json\/wp\/v2\/pages"}],"about":[{"href":"https:\/\/elfsight.com\/pt\/wp-json\/wp\/v2\/types\/page"}],"author":[{"embeddable":true,"href":"https:\/\/elfsight.com\/pt\/wp-json\/wp\/v2\/users\/9"}],"replies":[{"embeddable":true,"href":"https:\/\/elfsight.com\/pt\/wp-json\/wp\/v2\/comments?post=13013"}],"version-history":[{"count":1,"href":"https:\/\/elfsight.com\/pt\/wp-json\/wp\/v2\/pages\/13013\/revisions"}],"predecessor-version":[{"id":13017,"href":"https:\/\/elfsight.com\/pt\/wp-json\/wp\/v2\/pages\/13013\/revisions\/13017"}],"up":[{"embeddable":true,"href":"https:\/\/elfsight.com\/pt\/wp-json\/wp\/v2\/pages\/12678"}],"wp:attachment":[{"href":"https:\/\/elfsight.com\/pt\/wp-json\/wp\/v2\/media?parent=13013"}],"curies":[{"name":"wp","href":"https:\/\/api.w.org\/{rel}","templated":true}]}}