{"id":128,"date":"2021-09-24T09:11:47","date_gmt":"2021-09-24T09:11:47","guid":{"rendered":"https:\/\/elfsight.com\/pt\/?page_id=128"},"modified":"2024-06-25T10:21:59","modified_gmt":"2024-06-25T10:21:59","slug":"blogger-widgets","status":"publish","type":"page","link":"https:\/\/elfsight.com\/pt\/blogger-widgets\/","title":{"rendered":"Blogger widgets"},"content":{"rendered":"\n<h2>Os melhores widgets para cada site Blogger<\/h2>\n<figure class=\"browser-frame\"><img decoding=\"async\" src=\"https:\/\/elfsight.com\/wp-content\/uploads\/2020\/08\/platform-image-blogger.jpg\" alt=\"the best free blogger widgets for your website\"><\/figure>\n<p>A Elfsight tem moldado o maior n\u00famero de widgets premium populares h\u00e1 5 anos. Os gadgets da Elfsight permitem aumentar o n\u00edvel de compras, integrar redes sociais no seu site ou tratar de quaisquer outros aspetos frequentes em sites de neg\u00f3cios.<\/p>\n<p>Oferecemos pre\u00e7os variados; de gratuitos a premium. Fazemos o nosso melhor para dar ao nosso site a possibilidade de progredir com a nossa equipa e atingir incr\u00edveis patamares.<\/p>\n<h2>Por que \u00e9 que os nossos gadgets Blogger s\u00e3o dos melhores?<\/h2>\n<div class=\"video-container\">\n<iframe width=\"720\" height=\"405\" src=\"https:\/\/www.youtube.com\/embed\/ywJsEyq11tU\" frameborder=\"0\" allowfullscreen=\"\"><\/iframe>\n<\/div>\n<p>Explore todas as qualidades dos widgets da Elfsight:<\/p>\n<ul>\n<li>Ajuda gratuita na configura\u00e7\u00e3o;<\/li>\n<li>N\u00e3o \u00e9 necess\u00e1rio saber programa\u00e7\u00e3o;<\/li>\n<li>Interface de utilizador simples;<\/li>\n<li>Solu\u00e7\u00e3o SaaS para uma velocidade de carregamento perfeita;<\/li>\n<li>Atualiza\u00e7\u00f5es frequentes autom\u00e1ticas.<\/li>\n<\/ul>\n<p>Veja todas as vantagens dos widgets Elfsight aproveitando a vers\u00e3o gratuita ou comprando os gadgets que precisa com 20% de desconto<\/p>\n<h2>Como adicionar o widget a um site Blogger<\/h2>\n<p>Siga os seguintes passos:<\/p>\n<ol>\n<li>Encontre o widget que precisa e abra-o no painel;<\/li>\n<li>Instale o gadget no seu site;<\/li>\n<li>A integra\u00e7\u00e3o foi completada com sucesso!<\/li>\n<\/ol>\n<p>Procura ajuda gratuita a personalizar o seu widget de Blogger? Basta enviar o seu pedido ao nosso centro de apoio, e teremos todo o prazer em resolver os seus problemas.<\/p>\n","protected":false},"excerpt":{"rendered":"Os melhores widgets para cada site Blogger A Elfsight tem moldado o maior n\u00famero de widgets premium populares h\u00e1 5 anos. Os gadgets da Elfsight permitem aumentar o n\u00edvel de compras, integrar redes sociais no seu site ou tratar de quaisquer outros aspetos frequentes em sites de neg\u00f3cios. Oferecemos pre\u00e7os&#8230;","protected":false},"author":13,"featured_media":0,"parent":0,"menu_order":0,"comment_status":"closed","ping_status":"closed","template":"templates\/template-platform.php","meta":{"publish_to_discourse":"","publish_post_category":"","wpdc_auto_publish_overridden":"","wpdc_topic_tags":"","wpdc_pin_topic":"","wpdc_pin_until":"","discourse_post_id":"","discourse_permalink":"","wpdc_publishing_response":"","wpdc_publishing_error":"","footnotes":""},"class_list":["post-128","page","type-page","status-publish","hentry"],"yoast_head":"<!-- This site is optimized with the Yoast SEO plugin v25.3.1 - https:\/\/yoast.com\/wordpress\/plugins\/seo\/ -->\n<title>Lista de 70 widgets Blogger - Adicione gadgets ao seu site Blogger<\/title>\n<meta name=\"description\" content=\"Melhores widgets para Blogger. Ajuda na integra\u00e7\u00e3o, compat\u00edveis com todas as vers\u00f5es de templates Blogger e defini\u00e7\u00f5es de widget \u00fanicas.\" \/>\n<meta name=\"robots\" content=\"index, follow, max-snippet:-1, max-image-preview:large, max-video-preview:-1\" \/>\n<link rel=\"canonical\" href=\"https:\/\/elfsight.com\/pt\/blogger-widgets\/\" \/>\n<meta property=\"og:locale\" content=\"pt_PT\" \/>\n<meta property=\"og:type\" content=\"article\" \/>\n<meta property=\"og:title\" content=\"Lista de 70 widgets Blogger - Adicione gadgets ao seu site Blogger\" \/>\n<meta property=\"og:description\" content=\"Melhores widgets para Blogger. Ajuda na integra\u00e7\u00e3o, compat\u00edveis com todas as vers\u00f5es de templates Blogger e defini\u00e7\u00f5es de widget \u00fanicas.\" \/>\n<meta property=\"og:url\" content=\"https:\/\/elfsight.com\/pt\/blogger-widgets\/\" \/>\n<meta property=\"og:site_name\" content=\"Elfsight PT\" \/>\n<meta property=\"article:modified_time\" content=\"2024-06-25T10:21:59+00:00\" \/>\n<meta property=\"og:image\" content=\"https:\/\/elfsight.com\/wp-content\/uploads\/2020\/08\/platform-image-blogger.jpg\" \/>\n<meta name=\"twitter:card\" content=\"summary_large_image\" \/>\n<meta name=\"twitter:label1\" content=\"Tempo estimado de leitura\" \/>\n\t<meta name=\"twitter:data1\" content=\"2 minutos\" \/>\n<!-- \/ Yoast SEO plugin. -->","yoast_head_json":{"title":"Lista de 70 widgets Blogger - Adicione gadgets ao seu site Blogger","description":"Melhores widgets para Blogger. Ajuda na integra\u00e7\u00e3o, compat\u00edveis com todas as vers\u00f5es de templates Blogger e defini\u00e7\u00f5es de widget \u00fanicas.","robots":{"index":"index","follow":"follow","max-snippet":"max-snippet:-1","max-image-preview":"max-image-preview:large","max-video-preview":"max-video-preview:-1"},"canonical":"https:\/\/elfsight.com\/pt\/blogger-widgets\/","og_locale":"pt_PT","og_type":"article","og_title":"Lista de 70 widgets Blogger - Adicione gadgets ao seu site Blogger","og_description":"Melhores widgets para Blogger. Ajuda na integra\u00e7\u00e3o, compat\u00edveis com todas as vers\u00f5es de templates Blogger e defini\u00e7\u00f5es de widget \u00fanicas.","og_url":"https:\/\/elfsight.com\/pt\/blogger-widgets\/","og_site_name":"Elfsight PT","article_modified_time":"2024-06-25T10:21:59+00:00","og_image":[{"url":"https:\/\/elfsight.com\/wp-content\/uploads\/2020\/08\/platform-image-blogger.jpg","type":"","width":"","height":""}],"twitter_card":"summary_large_image","twitter_misc":{"Tempo estimado de leitura":"2 minutos"},"schema":{"@context":"https:\/\/schema.org","@graph":[{"@type":"WebPage","@id":"https:\/\/elfsight.com\/pt\/blogger-widgets\/","url":"https:\/\/elfsight.com\/pt\/blogger-widgets\/","name":"Lista de 70 widgets Blogger - Adicione gadgets ao seu site Blogger","isPartOf":{"@id":"https:\/\/elfsight.com\/pt\/#website"},"primaryImageOfPage":{"@id":"https:\/\/elfsight.com\/pt\/blogger-widgets\/#primaryimage"},"image":{"@id":"https:\/\/elfsight.com\/pt\/blogger-widgets\/#primaryimage"},"thumbnailUrl":"https:\/\/elfsight.com\/wp-content\/uploads\/2020\/08\/platform-image-blogger.jpg","datePublished":"2021-09-24T09:11:47+00:00","dateModified":"2024-06-25T10:21:59+00:00","description":"Melhores widgets para Blogger. Ajuda na integra\u00e7\u00e3o, compat\u00edveis com todas as vers\u00f5es de templates Blogger e defini\u00e7\u00f5es de widget \u00fanicas.","breadcrumb":{"@id":"https:\/\/elfsight.com\/pt\/blogger-widgets\/#breadcrumb"},"inLanguage":"pt-PT","potentialAction":[{"@type":"ReadAction","target":["https:\/\/elfsight.com\/pt\/blogger-widgets\/"]}]},{"@type":"ImageObject","inLanguage":"pt-PT","@id":"https:\/\/elfsight.com\/pt\/blogger-widgets\/#primaryimage","url":"https:\/\/elfsight.com\/wp-content\/uploads\/2020\/08\/platform-image-blogger.jpg","contentUrl":"https:\/\/elfsight.com\/wp-content\/uploads\/2020\/08\/platform-image-blogger.jpg"},{"@type":"BreadcrumbList","@id":"https:\/\/elfsight.com\/pt\/blogger-widgets\/#breadcrumb","itemListElement":[{"@type":"ListItem","position":1,"name":"Home","item":"https:\/\/elfsight.com\/pt\/"},{"@type":"ListItem","position":2,"name":"Blogger widgets"}]},{"@type":"WebSite","@id":"https:\/\/elfsight.com\/pt\/#website","url":"https:\/\/elfsight.com\/pt\/","name":"Elfsight PT","description":"Just another Elfsight Sites site","potentialAction":[{"@type":"SearchAction","target":{"@type":"EntryPoint","urlTemplate":"https:\/\/elfsight.com\/pt\/?s={search_term_string}"},"query-input":{"@type":"PropertyValueSpecification","valueRequired":true,"valueName":"search_term_string"}}],"inLanguage":"pt-PT"}]}},"meta_box":{"industry":"","seo_heading":"","heading":"","description":"","cta_heading":"","cta_description":"","application":"","h1":"Os Melhores widgets Blogger","h1_caption":"Registo gratuito de gadgets imprescind\u00edveis para realizar todas as tarefas cruciais sociais e de e-commerce no seu site.","application_category":[],"applications_title":"Explore a lista de todos os widgets Blogger","applications_request_title":"N\u00e3o consegue encontrar o gadget certo?","applications_request_button_text":"Pedir um gadget","hero_text":"","hero_video":"","hero_video_schema_markup":"","selling_points_title":"","selling_points_caption":"","selling_points":[],"selling_points_cta_text":"","features_title":"","features":"","ed_cta_examples_text":"","ed_cta_examples_hidden":"","ed_cta_demo_text":"","ed_cta_demo_hidden":"","why_caption":"","why_editor_title":"","why_editor_text":"","why_team_title":"","why_team_text":"","why_service_title":"","why_service_text":"","template_catalog_visible":"","template_catalog_title":"","template_catalog_text":"","template_catalog_categories_visible":"","demo_title":"","demo_caption":"","default_faq_hidden":"","app_template_category":[],"platform":"46","template_public_id":"","codecanyon_url":"","codecanyon_item_id":"","codecanyon_price":"","pricing_caption":"","pricing_elfsight_apps_hide_column":"","pricing_elfsight_apps_url":"","pricing_codecanyon_price_caption":"","integration_category":[],"integration_request_title":"","integration_request_cta":"","integration_platform":"","integrations":[],"platform_category":[],"video_schema_markup":"{\r\n  \"@context\": \"http:\/\/schema.org\",\r\n  \"@type\": \"VideoObject\",\r\n  \"name\": \"How to Add Widget to Blogger (free &amp; easy)\",\r\n  \"description\": \"List of best free widgets and gadgets for Blogger sites. Help in embedding, compliant with all Blogger template versions and unique settings.\",\r\n  \"thumbnailUrl\": \"https:\/\/i.ytimg.com\/vi\/ywJsEyq11tU\/default.jpg\",\r\n  \"uploadDate\": \"2021-06-04T13:56:41Z\",\r\n  \"duration\": \"PT2M16S\",\r\n  \"embedUrl\": \"https:\/\/www.youtube.com\/embed\/ywJsEyq11tU\",\r\n  \"interactionCount\": \"42\"\r\n}","price":"a partir de US$ 0\/m\u00eas","trial":"","benefits":[],"button_url":"#demo","button_target_blank":"","button_nofollow":"","attributes":[],"tags":[],"tags_disable_links":"","hide_more_platforms":"","video_object":"","demo_hide_cta":"","demo_hide_cloud_options":"","pricing_title":"","pricing":[],"related_apps_title":"","related_apps_hidden":"","author":"","image":[],"title":"","job":"","social_networks":[]},"_links":{"self":[{"href":"https:\/\/elfsight.com\/pt\/wp-json\/wp\/v2\/pages\/128","targetHints":{"allow":["GET"]}}],"collection":[{"href":"https:\/\/elfsight.com\/pt\/wp-json\/wp\/v2\/pages"}],"about":[{"href":"https:\/\/elfsight.com\/pt\/wp-json\/wp\/v2\/types\/page"}],"author":[{"embeddable":true,"href":"https:\/\/elfsight.com\/pt\/wp-json\/wp\/v2\/users\/13"}],"replies":[{"embeddable":true,"href":"https:\/\/elfsight.com\/pt\/wp-json\/wp\/v2\/comments?post=128"}],"version-history":[{"count":3,"href":"https:\/\/elfsight.com\/pt\/wp-json\/wp\/v2\/pages\/128\/revisions"}],"predecessor-version":[{"id":182,"href":"https:\/\/elfsight.com\/pt\/wp-json\/wp\/v2\/pages\/128\/revisions\/182"}],"wp:attachment":[{"href":"https:\/\/elfsight.com\/pt\/wp-json\/wp\/v2\/media?parent=128"}],"curies":[{"name":"wp","href":"https:\/\/api.w.org\/{rel}","templated":true}]}}