{"id":12563,"date":"2024-05-24T13:00:12","date_gmt":"2024-05-24T13:00:12","guid":{"rendered":"https:\/\/elfsight.com\/pt\/?page_id=12563"},"modified":"2024-07-16T10:48:17","modified_gmt":"2024-07-16T10:48:17","slug":"americommerce-apps","status":"publish","type":"page","link":"https:\/\/elfsight.com\/pt\/americommerce-apps\/","title":{"rendered":"americommerce apps"},"content":{"rendered":"<h2>A melhor ferramenta para qualquer site AmeriCommerce<\/h2><figure class=\"browser-frame\"><img decoding=\"async\" alt=\"os melhores aplicativos gratuitos de AmeriCommerce para seu site\" src=\"https:\/\/elfsight.com\/wp-content\/uploads\/2020\/08\/platform-image-americommerce.jpg\"><\/figure><p>H\u00e1 6 anos, a Elfsight vem desenvolvendo os widgets premium mais eficazes para sites. As aplica\u00e7\u00f5es da Elfsight permitem-lhe aumentar as vendas, integrar o seu site com as redes sociais ou resolver outros problemas que ocorrem na maioria dos sites de neg\u00f3cios. <\/p><p>Apresentamos diferentes pre\u00e7os: do gratuito ao premium. Nosso objetivo \u00e9 dar ao seu com\u00e9rcio eletr\u00f4nico uma chance de melhorar conosco e alcan\u00e7ar um patamar impressionante.<\/p><h2>O que torna nossos aplicativos um dos melhores?<\/h2><p>Para garantir que nossos <a href=\"https:\/\/www.americommerce.com\/?utm_source=Elfsight&amp;utm_medium=Referral&amp;utm_campaign=AppPartners\" target=\"_blank\" rel=\"noopener noreferrer\">AmeriCommerce<\/a> widgets \u00e9 o que voc\u00ea definitivamente deve testar , compilamos uma lista de recursos que os ajudam a ocupar posi\u00e7\u00f5es de lideran\u00e7a entre os concorrentes:<\/p><ul><li>Servi\u00e7o de instala\u00e7\u00e3o gratuito;<\/li><li>Totalmente adapt\u00e1vel a todos os tamanhos de tela;<\/li><li>N\u00e3o s\u00e3o necess\u00e1rios conhecimentos de programa\u00e7\u00e3o;<\/li><li>V\u00e1rios par\u00e2metros de usu\u00e1rio do design;<\/li><li>Interface de usu\u00e1rio simples;<\/li><li>Solu\u00e7\u00e3o SaaS para velocidade de carregamento perfeita;<\/li><li> li&gt;<li>Atualiza\u00e7\u00f5es autom\u00e1ticas sistem\u00e1ticas;<\/li><li>Ajuda competente para quaisquer problemas;<\/li><\/ul><p>Experimente todos os benef\u00edcios dos widgets da Elfsight atrav\u00e9s da vers\u00e3o gratuita ou compre a aplica\u00e7\u00e3o necess\u00e1ria com 30% desconto. <\/p><h2>Como adicionar o aplicativo ao site AmeriCommerce<\/h2><p>Voc\u00ea pode obter mais informa\u00e7\u00f5es sobre a instala\u00e7\u00e3o de um widget espec\u00edfico na p\u00e1gina do produto.<\/p><ol><li>Escolha o widget que voc\u00ea precisa e configure-o no painel.<\/li><li>Integre o c\u00f3digo do aplicativo ao seu site (no c\u00f3digo HTML da p\u00e1gina ou no modelo: barra lateral, rodap\u00e9, etc.)<\/li><li>Instala\u00e7\u00e3o foi conclu\u00eddo com sucesso.<\/li><\/ol><p>Procurando aconselhamento gratuito sobre como obter seu aplicativo? N\u00e3o conseguiu fazer a integra\u00e7\u00e3o? N\u00e3o hesite, informe-nos a equipa de suporte da Elfsight e teremos todo o prazer em responder \u00e0s suas perguntas.<\/p><div class=\"faq\" data-component=\"FAQ\"><div class=\"faq-item\">\r\n\t\t\t\t\t<div class=\"faq-item-question\">\r\n\t\t\t\t\t\t<h3 class=\"faq-item-question-text\">Qual a forma de implementar os aplicativos para meu tema AmeriCommerce? <\/h3>\r\n\r\n\t\t\t\t\t\t<div class=\"faq-item-question-icon\"><\/div>\r\n\t\t\t\t\t<\/div>\r\n\r\n\t\t\t\t\t<div class=\"faq-item-answer\">\r\n\t\t\t\t\t\t<div class=\"faq-item-answer-text\"><p>Voc\u00ea pode incorporar os aplicativos em seu site. Basta abrir o painel de administra\u00e7\u00e3o e seguir estes passos: <\/p><ol><li>Clique em configura\u00e7\u00f5es do tema; <\/li><li>Escolha o elemento onde deseja integrar o aplicativo; <\/li><li>Cole o c\u00f3digo do servi\u00e7o Elfsight Apps e aplique os seus ajustes. <\/li><p>Tudo est\u00e1 feito. <\/p><\/div>\r\n\t\t\t\t\t<\/div>\r\n\t\t\t\t<\/div><div class=\"faq-item\">\r\n\t\t\t\t\t<div class=\"faq-item-question\">\r\n\t\t\t\t\t\t<h3 class=\"faq-item-question-text\">Quais vers\u00f5es e temas do AmeriCommerce podem ser compat\u00edveis com o aplicativo? <\/h3>\r\n\r\n\t\t\t\t\t\t<div class=\"faq-item-question-icon\"><\/div>\r\n\t\t\t\t\t<\/div>\r\n\r\n\t\t\t\t\t<div class=\"faq-item-answer\">\r\n\t\t\t\t\t\t<div class=\"faq-item-answer-text\">Nossos aplicativos s\u00e3o adequados para qualquer vers\u00e3o do tema do site AmeriCommerce. Garantimos sempre um \u00f3timo trabalho de todas as solu\u00e7\u00f5es. <\/div>\r\n\t\t\t\t\t<\/div>\r\n\t\t\t\t<\/div><div class=\"faq-item\">\r\n\t\t\t\t\t<div class=\"faq-item-question\">\r\n\t\t\t\t\t\t<h3 class=\"faq-item-question-text\">Onde posso editar as aplica\u00e7\u00f5es?<\/h3>\r\n\r\n\t\t\t\t\t\t<div class=\"faq-item-question-icon\"><\/div>\r\n\t\t\t\t\t<\/div>\r\n\r\n\t\t\t\t\t<div class=\"faq-item-answer\">\r\n\t\t\t\t\t\t<div class=\"faq-item-answer-text\">Todos os nossos clientes podem implementar todas as altera\u00e7\u00f5es necess\u00e1rias nas funcionalidades do widget no nosso editor Elfsight f\u00e1cil de gerir. <\/div>\r\n\t\t\t\t\t<\/div>\r\n\t\t\t\t<\/div><div class=\"faq-item\">\r\n\t\t\t\t\t<div class=\"faq-item-question\">\r\n\t\t\t\t\t\t<h3 class=\"faq-item-question-text\">Posso falar com o centro de suporte se precisar de mais informa\u00e7\u00f5es sobre o servi\u00e7o?<\/h3>\r\n\r\n\t\t\t\t\t\t<div class=\"faq-item-question-icon\"><\/div>\r\n\t\t\t\t\t<\/div>\r\n\r\n\t\t\t\t\t<div class=\"faq-item-answer\">\r\n\t\t\t\t\t\t<div class=\"faq-item-answer-text\">Todos os nossos clientes podem enviar um e-mail \u00e0 \u00fatil equipa da Elfsight para pedir assist\u00eancia sobre a utiliza\u00e7\u00e3o de nossas solu\u00e7\u00f5es.<\/div>\r\n\t\t\t\t\t<\/div>\r\n\t\t\t\t<\/div><\/div>","protected":false},"excerpt":{"rendered":"A melhor ferramenta para qualquer site AmeriCommerceH\u00e1 6 anos, a Elfsight vem desenvolvendo os widgets premium mais eficazes para sites. As aplica\u00e7\u00f5es da Elfsight permitem-lhe aumentar as vendas, integrar o seu site com as redes sociais ou resolver outros problemas que ocorrem na maioria dos sites de neg\u00f3cios. Apresentamos diferentes&#8230;","protected":false},"author":9,"featured_media":0,"parent":0,"menu_order":0,"comment_status":"closed","ping_status":"closed","template":"templates\/template-platform.php","meta":{"publish_to_discourse":"","publish_post_category":"","wpdc_auto_publish_overridden":"","wpdc_topic_tags":"","wpdc_pin_topic":"","wpdc_pin_until":"","discourse_post_id":"","discourse_permalink":"","wpdc_publishing_response":"","wpdc_publishing_error":"","footnotes":""},"class_list":["post-12563","page","type-page","status-publish","hentry"],"yoast_head":"<!-- This site is optimized with the Yoast SEO plugin v25.3.1 - https:\/\/yoast.com\/wordpress\/plugins\/seo\/ -->\n<title>70+ Melhores aplicativos gratuitos do AmeriCommerce para o seu site (2025)<\/title>\n<meta name=\"description\" content=\"Uma lista dos melhores aplicativos e widgets gratuitos para sites da AmeriCommerce. Ajuda na configura\u00e7\u00e3o, compat\u00edvel com o modelo e configura\u00e7\u00e3o completa do plugin.\" \/>\n<meta name=\"robots\" content=\"index, follow, max-snippet:-1, max-image-preview:large, max-video-preview:-1\" \/>\n<link rel=\"canonical\" href=\"https:\/\/elfsight.com\/pt\/americommerce-apps\/\" \/>\n<meta property=\"og:locale\" content=\"pt_PT\" \/>\n<meta property=\"og:type\" content=\"article\" \/>\n<meta property=\"og:title\" content=\"70+ Melhores aplicativos gratuitos do AmeriCommerce para o seu site (2025)\" \/>\n<meta property=\"og:description\" content=\"Uma lista dos melhores aplicativos e widgets gratuitos para sites da AmeriCommerce. Ajuda na configura\u00e7\u00e3o, compat\u00edvel com o modelo e configura\u00e7\u00e3o completa do plugin.\" \/>\n<meta property=\"og:url\" content=\"https:\/\/elfsight.com\/pt\/americommerce-apps\/\" \/>\n<meta property=\"og:site_name\" content=\"Elfsight PT\" \/>\n<meta property=\"article:modified_time\" content=\"2024-07-16T10:48:17+00:00\" \/>\n<meta property=\"og:image\" content=\"https:\/\/elfsight.com\/wp-content\/uploads\/2020\/08\/platform-image-americommerce.jpg\" \/>\n<meta name=\"twitter:card\" content=\"summary_large_image\" \/>\n<meta name=\"twitter:label1\" content=\"Tempo estimado de leitura\" \/>\n\t<meta name=\"twitter:data1\" content=\"3 minutos\" \/>\n<!-- \/ Yoast SEO plugin. -->","yoast_head_json":{"title":"70+ Melhores aplicativos gratuitos do AmeriCommerce para o seu site (2025)","description":"Uma lista dos melhores aplicativos e widgets gratuitos para sites da AmeriCommerce. Ajuda na configura\u00e7\u00e3o, compat\u00edvel com o modelo e configura\u00e7\u00e3o completa do plugin.","robots":{"index":"index","follow":"follow","max-snippet":"max-snippet:-1","max-image-preview":"max-image-preview:large","max-video-preview":"max-video-preview:-1"},"canonical":"https:\/\/elfsight.com\/pt\/americommerce-apps\/","og_locale":"pt_PT","og_type":"article","og_title":"70+ Melhores aplicativos gratuitos do AmeriCommerce para o seu site (2025)","og_description":"Uma lista dos melhores aplicativos e widgets gratuitos para sites da AmeriCommerce. Ajuda na configura\u00e7\u00e3o, compat\u00edvel com o modelo e configura\u00e7\u00e3o completa do plugin.","og_url":"https:\/\/elfsight.com\/pt\/americommerce-apps\/","og_site_name":"Elfsight PT","article_modified_time":"2024-07-16T10:48:17+00:00","og_image":[{"url":"https:\/\/elfsight.com\/wp-content\/uploads\/2020\/08\/platform-image-americommerce.jpg","type":"","width":"","height":""}],"twitter_card":"summary_large_image","twitter_misc":{"Tempo estimado de leitura":"3 minutos"},"schema":{"@context":"https:\/\/schema.org","@graph":[{"@type":"WebPage","@id":"https:\/\/elfsight.com\/pt\/americommerce-apps\/","url":"https:\/\/elfsight.com\/pt\/americommerce-apps\/","name":"70+ Melhores aplicativos gratuitos do AmeriCommerce para o seu site (2025)","isPartOf":{"@id":"https:\/\/elfsight.com\/pt\/#website"},"primaryImageOfPage":{"@id":"https:\/\/elfsight.com\/pt\/americommerce-apps\/#primaryimage"},"image":{"@id":"https:\/\/elfsight.com\/pt\/americommerce-apps\/#primaryimage"},"thumbnailUrl":"https:\/\/elfsight.com\/wp-content\/uploads\/2020\/08\/platform-image-americommerce.jpg","datePublished":"2024-05-24T13:00:12+00:00","dateModified":"2024-07-16T10:48:17+00:00","description":"Uma lista dos melhores aplicativos e widgets gratuitos para sites da AmeriCommerce. Ajuda na configura\u00e7\u00e3o, compat\u00edvel com o modelo e configura\u00e7\u00e3o completa do plugin.","breadcrumb":{"@id":"https:\/\/elfsight.com\/pt\/americommerce-apps\/#breadcrumb"},"inLanguage":"pt-PT","potentialAction":[{"@type":"ReadAction","target":["https:\/\/elfsight.com\/pt\/americommerce-apps\/"]}]},{"@type":"ImageObject","inLanguage":"pt-PT","@id":"https:\/\/elfsight.com\/pt\/americommerce-apps\/#primaryimage","url":"https:\/\/elfsight.com\/wp-content\/uploads\/2020\/08\/platform-image-americommerce.jpg","contentUrl":"https:\/\/elfsight.com\/wp-content\/uploads\/2020\/08\/platform-image-americommerce.jpg"},{"@type":"BreadcrumbList","@id":"https:\/\/elfsight.com\/pt\/americommerce-apps\/#breadcrumb","itemListElement":[{"@type":"ListItem","position":1,"name":"Home","item":"https:\/\/elfsight.com\/pt\/"},{"@type":"ListItem","position":2,"name":"americommerce apps"}]},{"@type":"WebSite","@id":"https:\/\/elfsight.com\/pt\/#website","url":"https:\/\/elfsight.com\/pt\/","name":"Elfsight PT","description":"Just another Elfsight Sites site","potentialAction":[{"@type":"SearchAction","target":{"@type":"EntryPoint","urlTemplate":"https:\/\/elfsight.com\/pt\/?s={search_term_string}"},"query-input":{"@type":"PropertyValueSpecification","valueRequired":true,"valueName":"search_term_string"}}],"inLanguage":"pt-PT"}]}},"meta_box":{"industry":"","seo_heading":"","heading":"","description":"","cta_heading":"","cta_description":"","application":"","h1":"Os melhores aplicativos AmeriCommerce","h1_caption":"Biblioteca gratuita de widgets obrigat\u00f3rios para realizar todas as necessidades comerciais e sociais importantes em seu site. Configura\u00e7\u00e3o f\u00e1cil, configura\u00e7\u00f5es detalhadas e equipe de suporte \u00fatil.","application_category":[],"applications_title":"Examine a lista de todos os aplicativos gratuitos do AmeriCommerce","applications_request_title":"N\u00e3o consigo encontrar o aplicativo certo","applications_request_button_text":"Solicite um aplicativo","hero_text":"","hero_video":"","hero_video_schema_markup":"","selling_points_title":"","selling_points_caption":"","selling_points":[],"selling_points_cta_text":"","features_title":"","features":"","ed_cta_examples_text":"","ed_cta_examples_hidden":"","ed_cta_demo_text":"","ed_cta_demo_hidden":"","why_caption":"","why_editor_title":"","why_editor_text":"","why_team_title":"","why_team_text":"","why_service_title":"","why_service_text":"","template_catalog_visible":"","template_catalog_title":"","template_catalog_text":"","template_catalog_categories_visible":"","demo_title":"","demo_caption":"","default_faq_hidden":"","app_template_category":[],"platform":"5378","template_public_id":"","codecanyon_url":"","codecanyon_item_id":"","codecanyon_price":"","pricing_caption":"","pricing_elfsight_apps_hide_column":"","pricing_elfsight_apps_url":"","pricing_codecanyon_price_caption":"","integration_category":[],"integration_request_title":"","integration_request_cta":"","integration_platform":"","integrations":[],"platform_category":[],"video_schema_markup":"","price":"","trial":"","benefits":[],"button_url":"","button_target_blank":"","button_nofollow":"","attributes":[],"tags":[],"tags_disable_links":"","hide_more_platforms":"","video_object":"","demo_hide_cta":"","demo_hide_cloud_options":"","pricing_title":"","pricing":[],"related_apps_title":"","related_apps_hidden":"","author":"","image":[],"title":"","job":"","social_networks":[]},"_links":{"self":[{"href":"https:\/\/elfsight.com\/pt\/wp-json\/wp\/v2\/pages\/12563","targetHints":{"allow":["GET"]}}],"collection":[{"href":"https:\/\/elfsight.com\/pt\/wp-json\/wp\/v2\/pages"}],"about":[{"href":"https:\/\/elfsight.com\/pt\/wp-json\/wp\/v2\/types\/page"}],"author":[{"embeddable":true,"href":"https:\/\/elfsight.com\/pt\/wp-json\/wp\/v2\/users\/9"}],"replies":[{"embeddable":true,"href":"https:\/\/elfsight.com\/pt\/wp-json\/wp\/v2\/comments?post=12563"}],"version-history":[{"count":1,"href":"https:\/\/elfsight.com\/pt\/wp-json\/wp\/v2\/pages\/12563\/revisions"}],"predecessor-version":[{"id":12567,"href":"https:\/\/elfsight.com\/pt\/wp-json\/wp\/v2\/pages\/12563\/revisions\/12567"}],"wp:attachment":[{"href":"https:\/\/elfsight.com\/pt\/wp-json\/wp\/v2\/media?parent=12563"}],"curies":[{"name":"wp","href":"https:\/\/api.w.org\/{rel}","templated":true}]}}