{"id":12554,"date":"2024-05-24T13:00:12","date_gmt":"2024-05-24T13:00:12","guid":{"rendered":"https:\/\/elfsight.com\/pt\/?page_id=12554"},"modified":"2024-07-16T10:48:10","modified_gmt":"2024-07-16T10:48:10","slug":"yola-apps","status":"publish","type":"page","link":"https:\/\/elfsight.com\/pt\/yola-apps\/","title":{"rendered":"yola apps"},"content":{"rendered":"<h2>O melhor aplicativo certo para o seu site Yola<\/h2><figure class=\"browser-frame\"><img decoding=\"async\" alt=\"os melhores aplicativos Yola gratuitos para o seu site\" src=\"https:\/\/elfsight.com\/wp-content\/uploads\/2020\/08\/platform-image-yola.jpg\"><\/figure><p>Uma equipe de especialistas da Elfsight constr\u00f3i widgets eficazes e adapt\u00e1veis \u200b\u200bpara quase dez anos. Nossas ferramentas auxiliam sites de neg\u00f3cios em todo o mundo e resolvem problemas com mais efici\u00eancia: aumentam o n\u00edvel de vendas, promovem bons depoimentos sobre voc\u00ea, aumentam a confian\u00e7a no seu neg\u00f3cio. Os widgets da Elfsight s\u00e3o muito simples de integrar no seu site e tamb\u00e9m na aba FB. As tarifas variam de gr\u00e1tis para VIP. Integre agora mesmo qualquer widget desejado &#8211; avalie o quanto ele ser\u00e1 importante em termos de otimiza\u00e7\u00e3o do seu neg\u00f3cio. <\/p><h2>Por que os widgets da Elfsight s\u00e3o um dos melhores? <\/h2><p>Confira uma lista de vantagens de nossos aplicativos, elas nos ajudam a estar \u00e0 frente de nossos rivais: <\/p><ul><li>Suporte gratuito na adi\u00e7\u00e3o de qualquer widget; <\/li><li>Adaptabilidade a qualquer resolu\u00e7\u00e3o de tela; <\/li><li>N\u00e3o s\u00e3o necess\u00e1rias habilidades de codifica\u00e7\u00e3o; <\/li><li>Amplos recursos de personaliza\u00e7\u00e3o; <\/li><li>O armazenamento de dados em nuvem permite aumentar a velocidade; <\/li><li>Todas as atualiza\u00e7\u00f5es s\u00e3o gratuitas e lan\u00e7adas regularmente; <\/li><li>Suporte profissional \u00e0s d\u00favidas dos clientes; <\/li><\/ul><p>Teste a op\u00e7\u00e3o gratuita de nossos widgets e avalie suas funcionalidades ou adquira qualquer aplicativo com 30% de desconto. <p><h2>Como posso adicionar seu aplicativo no site do Yola<\/h2><p>Para incorporar nossa ferramenta, veja as instru\u00e7\u00f5es detalhadas.<\/p><ol><li>Escolha seu widget e especifique configura\u00e7\u00f5es apropriadas. Clique em \u201csalvar as altera\u00e7\u00f5es&#8221;.<\/li><li>Adicione o c\u00f3digo \u00e0 sua p\u00e1gina web.<\/li><li>A integra\u00e7\u00e3o da ferramenta foi conclu\u00edda com sucesso.<\/li><\/ol><p>Se Se voc\u00ea precisar de conselhos sobre a integra\u00e7\u00e3o do widget, entre em contato com nossa equipe de suporte.<\/p><div class=\"faq\" data-component=\"FAQ\"><div class=\"faq-item\">\r\n\t\t\t\t\t<div class=\"faq-item-question\">\r\n\t\t\t\t\t\t<h3 class=\"faq-item-question-text\">De que forma posso integrar os aplicativos ao meu modelo Yola? <\/h3>\r\n\r\n\t\t\t\t\t\t<div class=\"faq-item-question-icon\"><\/div>\r\n\t\t\t\t\t<\/div>\r\n\r\n\t\t\t\t\t<div class=\"faq-item-answer\">\r\n\t\t\t\t\t\t<div class=\"faq-item-answer-text\"><p>Voc\u00ea pode implementar os aplicativos em seu site. Basta abrir o quadro de administra\u00e7\u00e3o e seguir estas etapas: <\/p><ol><li>Selecione as configura\u00e7\u00f5es do tema; <\/li><li>selecione o elemento onde voc\u00ea \u00e9 inserir o aplicativo; <\/li><li>cole seu c\u00f3digo do servi\u00e7o Elfsight Apps e salve as altera\u00e7\u00f5es <\/li><p>Pronto <\/p><\/div>\r\n\t\t\t\t\t<\/div>\r\n\t\t\t\t<\/div><div class=\"faq-item\">\r\n\t\t\t\t\t<div class=\"faq-item-question\">\r\n\t\t\t\t\t\t<h3 class=\"faq-item-question-text\">Qual das vers\u00f5es e temas do Yola pode ser integrado ao aplicativo Elfsight?<\/h3>\r\n\r\n\t\t\t\t\t\t<div class=\"faq-item-question-icon\"><\/div>\r\n\t\t\t\t\t<\/div>\r\n\r\n\t\t\t\t\t<div class=\"faq-item-answer\">\r\n\t\t\t\t\t\t<div class=\"faq-item-answer-text\">Aplicativos Elfsight adequados para quaisquer modelos de op\u00e7\u00f5es do site Yola. faq_item][faq_item question_tag=\"h3\" schema_markup=\"1\" question=\"Onde posso verificar as estat\u00edsticas dos aplicativos? \"]Todos os clientes da Elfsight poder\u00e3o implementar as altera\u00e7\u00f5es necess\u00e1rias nas configura\u00e7\u00f5es no painel de administra\u00e7\u00e3o da nossa iniciativa Elfsight.<\/div>\r\n\t\t\t\t\t<\/div>\r\n\t\t\t\t<\/div><div class=\"faq-item\">\r\n\t\t\t\t\t<div class=\"faq-item-question\">\r\n\t\t\t\t\t\t<h3 class=\"faq-item-question-text\"> \u00c9 poss\u00edvel entrar em contato com o centro de suporte da Elfsight se eu precisa obter mais informa\u00e7\u00f5es sobre o servi\u00e7o? <\/h3>\r\n\r\n\t\t\t\t\t\t<div class=\"faq-item-question-icon\"><\/div>\r\n\t\t\t\t\t<\/div>\r\n\r\n\t\t\t\t\t<div class=\"faq-item-answer\">\r\n\t\t\t\t\t\t<div class=\"faq-item-answer-text\">Todos os nossos clientes podem entrar em contato com a prestativa equipe de suporte para enviar uma pergunta sobre o uso das solu\u00e7\u00f5es Elfsight.<\/div>\r\n\t\t\t\t\t<\/div>\r\n\t\t\t\t<\/div><\/div>","protected":false},"excerpt":{"rendered":"O melhor aplicativo certo para o seu site YolaUma equipe de especialistas da Elfsight constr\u00f3i widgets eficazes e adapt\u00e1veis \u200b\u200bpara quase dez anos. Nossas ferramentas auxiliam sites de neg\u00f3cios em todo o mundo e resolvem problemas com mais efici\u00eancia: aumentam o n\u00edvel de vendas, promovem bons depoimentos sobre voc\u00ea, aumentam&#8230;","protected":false},"author":9,"featured_media":0,"parent":0,"menu_order":0,"comment_status":"closed","ping_status":"closed","template":"templates\/template-platform.php","meta":{"publish_to_discourse":"","publish_post_category":"","wpdc_auto_publish_overridden":"","wpdc_topic_tags":"","wpdc_pin_topic":"","wpdc_pin_until":"","discourse_post_id":"","discourse_permalink":"","wpdc_publishing_response":"","wpdc_publishing_error":"","footnotes":""},"class_list":["post-12554","page","type-page","status-publish","hentry"],"yoast_head":"<!-- This site is optimized with the Yoast SEO plugin v25.3.1 - https:\/\/yoast.com\/wordpress\/plugins\/seo\/ -->\n<title>70+ Melhores aplicativos gratuitos do Yola para o seu site (em 2025)<\/title>\n<meta name=\"description\" content=\"Um conjunto de aplicativos e widgets gratuitos testados para sites Yola. Ajuda com personaliza\u00e7\u00e3o e um conjunto impressionante de op\u00e7\u00f5es em poucos cliques.\" \/>\n<meta name=\"robots\" content=\"index, follow, max-snippet:-1, max-image-preview:large, max-video-preview:-1\" \/>\n<link rel=\"canonical\" href=\"https:\/\/elfsight.com\/pt\/yola-apps\/\" \/>\n<meta property=\"og:locale\" content=\"pt_PT\" \/>\n<meta property=\"og:type\" content=\"article\" \/>\n<meta property=\"og:title\" content=\"70+ Melhores aplicativos gratuitos do Yola para o seu site (em 2025)\" \/>\n<meta property=\"og:description\" content=\"Um conjunto de aplicativos e widgets gratuitos testados para sites Yola. Ajuda com personaliza\u00e7\u00e3o e um conjunto impressionante de op\u00e7\u00f5es em poucos cliques.\" \/>\n<meta property=\"og:url\" content=\"https:\/\/elfsight.com\/pt\/yola-apps\/\" \/>\n<meta property=\"og:site_name\" content=\"Elfsight PT\" \/>\n<meta property=\"article:modified_time\" content=\"2024-07-16T10:48:10+00:00\" \/>\n<meta property=\"og:image\" content=\"https:\/\/elfsight.com\/wp-content\/uploads\/2020\/08\/platform-image-yola.jpg\" \/>\n<meta name=\"twitter:card\" content=\"summary_large_image\" \/>\n<meta name=\"twitter:label1\" content=\"Tempo estimado de leitura\" \/>\n\t<meta name=\"twitter:data1\" content=\"2 minutos\" \/>\n<!-- \/ Yoast SEO plugin. -->","yoast_head_json":{"title":"70+ Melhores aplicativos gratuitos do Yola para o seu site (em 2025)","description":"Um conjunto de aplicativos e widgets gratuitos testados para sites Yola. Ajuda com personaliza\u00e7\u00e3o e um conjunto impressionante de op\u00e7\u00f5es em poucos cliques.","robots":{"index":"index","follow":"follow","max-snippet":"max-snippet:-1","max-image-preview":"max-image-preview:large","max-video-preview":"max-video-preview:-1"},"canonical":"https:\/\/elfsight.com\/pt\/yola-apps\/","og_locale":"pt_PT","og_type":"article","og_title":"70+ Melhores aplicativos gratuitos do Yola para o seu site (em 2025)","og_description":"Um conjunto de aplicativos e widgets gratuitos testados para sites Yola. Ajuda com personaliza\u00e7\u00e3o e um conjunto impressionante de op\u00e7\u00f5es em poucos cliques.","og_url":"https:\/\/elfsight.com\/pt\/yola-apps\/","og_site_name":"Elfsight PT","article_modified_time":"2024-07-16T10:48:10+00:00","og_image":[{"url":"https:\/\/elfsight.com\/wp-content\/uploads\/2020\/08\/platform-image-yola.jpg","type":"","width":"","height":""}],"twitter_card":"summary_large_image","twitter_misc":{"Tempo estimado de leitura":"2 minutos"},"schema":{"@context":"https:\/\/schema.org","@graph":[{"@type":"WebPage","@id":"https:\/\/elfsight.com\/pt\/yola-apps\/","url":"https:\/\/elfsight.com\/pt\/yola-apps\/","name":"70+ Melhores aplicativos gratuitos do Yola para o seu site (em 2025)","isPartOf":{"@id":"https:\/\/elfsight.com\/pt\/#website"},"primaryImageOfPage":{"@id":"https:\/\/elfsight.com\/pt\/yola-apps\/#primaryimage"},"image":{"@id":"https:\/\/elfsight.com\/pt\/yola-apps\/#primaryimage"},"thumbnailUrl":"https:\/\/elfsight.com\/wp-content\/uploads\/2020\/08\/platform-image-yola.jpg","datePublished":"2024-05-24T13:00:12+00:00","dateModified":"2024-07-16T10:48:10+00:00","description":"Um conjunto de aplicativos e widgets gratuitos testados para sites Yola. Ajuda com personaliza\u00e7\u00e3o e um conjunto impressionante de op\u00e7\u00f5es em poucos cliques.","breadcrumb":{"@id":"https:\/\/elfsight.com\/pt\/yola-apps\/#breadcrumb"},"inLanguage":"pt-PT","potentialAction":[{"@type":"ReadAction","target":["https:\/\/elfsight.com\/pt\/yola-apps\/"]}]},{"@type":"ImageObject","inLanguage":"pt-PT","@id":"https:\/\/elfsight.com\/pt\/yola-apps\/#primaryimage","url":"https:\/\/elfsight.com\/wp-content\/uploads\/2020\/08\/platform-image-yola.jpg","contentUrl":"https:\/\/elfsight.com\/wp-content\/uploads\/2020\/08\/platform-image-yola.jpg"},{"@type":"BreadcrumbList","@id":"https:\/\/elfsight.com\/pt\/yola-apps\/#breadcrumb","itemListElement":[{"@type":"ListItem","position":1,"name":"Home","item":"https:\/\/elfsight.com\/pt\/"},{"@type":"ListItem","position":2,"name":"yola apps"}]},{"@type":"WebSite","@id":"https:\/\/elfsight.com\/pt\/#website","url":"https:\/\/elfsight.com\/pt\/","name":"Elfsight PT","description":"Just another Elfsight Sites site","potentialAction":[{"@type":"SearchAction","target":{"@type":"EntryPoint","urlTemplate":"https:\/\/elfsight.com\/pt\/?s={search_term_string}"},"query-input":{"@type":"PropertyValueSpecification","valueRequired":true,"valueName":"search_term_string"}}],"inLanguage":"pt-PT"}]}},"meta_box":{"industry":"","seo_heading":"","heading":"","description":"","cta_heading":"","cta_description":"","application":"","h1":"Os melhores aplicativos Yola","h1_caption":"Uma cole\u00e7\u00e3o de widgets gratuitos com ampla funcionalidade para aumentar as vendas e o envolvimento do usu\u00e1rio. Implementa\u00e7\u00e3o instant\u00e2nea, ampla gama de configura\u00e7\u00f5es, suporte cont\u00ednuo.","application_category":[],"applications_title":"Navegue por toda a lista de widgets para Yola","applications_request_title":"N\u00e3o consegue encontrar o aplicativo certo?","applications_request_button_text":"Solicite um aplicativo","hero_text":"","hero_video":"","hero_video_schema_markup":"","selling_points_title":"","selling_points_caption":"","selling_points":[],"selling_points_cta_text":"","features_title":"","features":"","ed_cta_examples_text":"","ed_cta_examples_hidden":"","ed_cta_demo_text":"","ed_cta_demo_hidden":"","why_caption":"","why_editor_title":"","why_editor_text":"","why_team_title":"","why_team_text":"","why_service_title":"","why_service_text":"","template_catalog_visible":"","template_catalog_title":"","template_catalog_text":"","template_catalog_categories_visible":"","demo_title":"","demo_caption":"","default_faq_hidden":"","app_template_category":[],"platform":"5376","template_public_id":"","codecanyon_url":"","codecanyon_item_id":"","codecanyon_price":"","pricing_caption":"","pricing_elfsight_apps_hide_column":"","pricing_elfsight_apps_url":"","pricing_codecanyon_price_caption":"","integration_category":[],"integration_request_title":"","integration_request_cta":"","integration_platform":"","integrations":[],"platform_category":[],"video_schema_markup":"","price":"","trial":"","benefits":[],"button_url":"","button_target_blank":"","button_nofollow":"","attributes":[],"tags":[],"tags_disable_links":"","hide_more_platforms":"","video_object":"","demo_hide_cta":"","demo_hide_cloud_options":"","pricing_title":"","pricing":[],"related_apps_title":"","related_apps_hidden":"","author":"","image":[],"title":"","job":"","social_networks":[]},"_links":{"self":[{"href":"https:\/\/elfsight.com\/pt\/wp-json\/wp\/v2\/pages\/12554","targetHints":{"allow":["GET"]}}],"collection":[{"href":"https:\/\/elfsight.com\/pt\/wp-json\/wp\/v2\/pages"}],"about":[{"href":"https:\/\/elfsight.com\/pt\/wp-json\/wp\/v2\/types\/page"}],"author":[{"embeddable":true,"href":"https:\/\/elfsight.com\/pt\/wp-json\/wp\/v2\/users\/9"}],"replies":[{"embeddable":true,"href":"https:\/\/elfsight.com\/pt\/wp-json\/wp\/v2\/comments?post=12554"}],"version-history":[{"count":1,"href":"https:\/\/elfsight.com\/pt\/wp-json\/wp\/v2\/pages\/12554\/revisions"}],"predecessor-version":[{"id":12558,"href":"https:\/\/elfsight.com\/pt\/wp-json\/wp\/v2\/pages\/12554\/revisions\/12558"}],"wp:attachment":[{"href":"https:\/\/elfsight.com\/pt\/wp-json\/wp\/v2\/media?parent=12554"}],"curies":[{"name":"wp","href":"https:\/\/api.w.org\/{rel}","templated":true}]}}