{"id":12537,"date":"2024-05-24T13:00:12","date_gmt":"2024-05-24T13:00:12","guid":{"rendered":"https:\/\/elfsight.com\/pt\/?page_id=12537"},"modified":"2024-07-16T10:47:55","modified_gmt":"2024-07-16T10:47:55","slug":"cornerstone-plugins","status":"publish","type":"page","link":"https:\/\/elfsight.com\/pt\/cornerstone-plugins\/","title":{"rendered":"cornerstone plugins"},"content":{"rendered":"<h2>Os plugins maravilhosos para cada objetivo do seu site<\/h2><figure class=\"browser-frame\"><img decoding=\"async\" alt=\"os melhores plugins b\u00e1sicos gratuitos para o seu site\" src=\"https:\/\/elfsight.com\/wp-content\/uploads\/2020\/08\/platform-image-cornerstone.jpg\"><\/figure><p>Ao longo de v\u00e1rios anos, nossa equipe de desenvolvedores da Elfsight inventou a nuvem e m\u00f3dulos para voc\u00ea. Sempre oferecemos suporte profissional e velocidade de carregamento est\u00e1vel. Essas ferramentas ajudam os propriet\u00e1rios de sites de com\u00e9rcio eletr\u00f4nico, empresariais, educacionais e outros em todo o mundo a lidar com as principais tarefas do site de maneira mais eficaz. <\/p><p>A simples implementa\u00e7\u00e3o de widgets em seu site voc\u00ea pode aumentar o n\u00edvel de vendas, mostrar opini\u00f5es agradecidas sobre seus servi\u00e7os e aumentar a credibilidade dos usu\u00e1rios em rela\u00e7\u00e3o \u00e0 sua marca. Os planos de assinatura v\u00e3o de gratuitos a empresariais. Aplique facilmente quaisquer widgets necess\u00e1rios, usando nossa demonstra\u00e7\u00e3o ao vivo e determine o quanto isso pode ser importante em termos de desenvolvimento do site da sua empresa. <\/p><h2>O que torna os m\u00f3dulos da Elfsight ferramentas perfeitas para o seu site Cornerstone?<\/h2><p>Confira uma lista das principais caracter\u00edsticas dos nossos m\u00f3dulos, que nos permitem estar \u00e0 frente dos nossos concorrentes:<\/p> <ul><li>Assist\u00eancia gratuita e r\u00e1pida com implementa\u00e7\u00e3o ou configura\u00e7\u00e3o de plugins;<\/li><li>Adapta\u00e7\u00e3o autom\u00e1tica a qualquer resolu\u00e7\u00e3o de tela;<\/li><li>Desnecess\u00e1rio aprender codifica\u00e7\u00e3o;<\/li><li> Um rica variedade de op\u00e7\u00f5es de design;<\/li><li>O armazenamento de dados em nuvem garante uma melhor velocidade de carregamento;<\/li><li>Atualiza\u00e7\u00f5es constantes e sem custos;<\/li><li> Assinaturas com pre\u00e7os razo\u00e1veis;<\/li><li>Assinaturas com pre\u00e7os razo\u00e1veis;<\/li><li> li&gt;<li> Ajuda vital\u00edcia para quaisquer d\u00favidas dos clientes.<\/li><\/ul><p>Comece a usar a vers\u00e3o gratuita de nossos m\u00f3dulos e verifique suas funcionalidades ou escolha qualquer ferramenta desejada com um cupom de 20%. <p><div class=\"faq\" data-component=\"FAQ\"><div class=\"faq-item\">\r\n\t\t\t\t\t<div class=\"faq-item-question\">\r\n\t\t\t\t\t\t<h3 class=\"faq-item-question-text\">Como fa\u00e7o para incorporar o plugin em meu tema Cornerstone? <\/h3>\r\n\r\n\t\t\t\t\t\t<div class=\"faq-item-question-icon\"><\/div>\r\n\t\t\t\t\t<\/div>\r\n\r\n\t\t\t\t\t<div class=\"faq-item-answer\">\r\n\t\t\t\t\t\t<div class=\"faq-item-answer-text\"><p>Voc\u00ea pode adicionar o plugin ao seu site. Basta abrir o painel de administra\u00e7\u00e3o e realizar as seguintes a\u00e7\u00f5es: <\/p><ol><li>Clique em configura\u00e7\u00f5es do tema; <\/li><li>escolha o elemento onde deseja integrar o plugin; <\/li><li>adicione o c\u00f3digo do servi\u00e7o Elfsight Apps e salve as modifica\u00e7\u00f5es. <\/li><p>Conclu\u00eddo. <\/p><\/div>\r\n\t\t\t\t\t<\/div>\r\n\t\t\t\t<\/div><div class=\"faq-item\">\r\n\t\t\t\t\t<div class=\"faq-item-question\">\r\n\t\t\t\t\t\t<h3 class=\"faq-item-question-text\">Quais vers\u00f5es e modelos do Cornerstone podem ser integrados ao plug-in? <\/h3>\r\n\r\n\t\t\t\t\t\t<div class=\"faq-item-question-icon\"><\/div>\r\n\t\t\t\t\t<\/div>\r\n\r\n\t\t\t\t\t<div class=\"faq-item-answer\">\r\n\t\t\t\t\t\t<div class=\"faq-item-answer-text\">Nossos plug-ins suportam qualquer modelo de vers\u00e3o do site do Cornerstone. Sempre nos certificamos de ter uma representa\u00e7\u00e3o duradoura de nossas solu\u00e7\u00f5es. <\/div>\r\n\t\t\t\t\t<\/div>\r\n\t\t\t\t<\/div><div class=\"faq-item\">\r\n\t\t\t\t\t<div class=\"faq-item-question\">\r\n\t\t\t\t\t\t<h3 class=\"faq-item-question-text\">Onde posso fazer algumas modifica\u00e7\u00f5es nas configura\u00e7\u00f5es do plugin? <\/h3>\r\n\r\n\t\t\t\t\t\t<div class=\"faq-item-question-icon\"><\/div>\r\n\t\t\t\t\t<\/div>\r\n\r\n\t\t\t\t\t<div class=\"faq-item-answer\">\r\n\t\t\t\t\t\t<div class=\"faq-item-answer-text\">Todos os clientes Elfsight podem implementar as altera\u00e7\u00f5es necess\u00e1rias nas configura\u00e7\u00f5es no configurador f\u00e1cil de gerenciar. <\/div>\r\n\t\t\t\t\t<\/div>\r\n\t\t\t\t<\/div><div class=\"faq-item\">\r\n\t\t\t\t\t<div class=\"faq-item-question\">\r\n\t\t\t\t\t\t<h3 class=\"faq-item-question-text\">Posso enviar uma mensagem \u00e0 equipe de suporte se tiver alguma d\u00favida sobre o servi\u00e7o? <\/h3>\r\n\r\n\t\t\t\t\t\t<div class=\"faq-item-question-icon\"><\/div>\r\n\t\t\t\t\t<\/div>\r\n\r\n\t\t\t\t\t<div class=\"faq-item-answer\">\r\n\t\t\t\t\t\t<div class=\"faq-item-answer-text\"><p>Todos os nossos clientes podem entrar em contato com a equipe competente da Elfsight para pedir conselhos sobre o uso do as solu\u00e7\u00f5es. <\/div>\r\n\t\t\t\t\t<\/div>\r\n\t\t\t\t<\/div><\/div><h2>Como adicionar os plug-ins \u00e0 sua plataforma Cornerstone?<\/h2><p>Para incorporar nossos m\u00f3dulos, consulte o guia claro: <\/p><ol><li>Selecione o plug-in necess\u00e1rio; <\/li><li> Defina todas as configura\u00e7\u00f5es importantes conforme necess\u00e1rio;<\/li><li> Clique em \u201csalvar as altera\u00e7\u00f5es&#8221;;<\/li><li> Copie o c\u00f3digo obtido;<\/li><li>Instale no local adequado do seu site ou modelo;<\/li><li>A customiza\u00e7\u00e3o do plugin foi realizada com sucesso.<\/li><\/ol><p>Se precisar de assist\u00eancia, basta informar os especialistas de suporte e teremos o maior prazer em fornecer-lhe uma resposta r\u00e1pida e ajuda gratuita.<\/p><div class=\"faq\" data-component=\"FAQ\"><div class=\"faq-item\">\r\n\t\t\t\t\t<div class=\"faq-item-question\">\r\n\t\t\t\t\t\t<h3 class=\"faq-item-question-text\">1. Que tipo de modelos Cornerstone podem ser compat\u00edveis com os plug-ins da Elfsight?<\/h3>\r\n\r\n\t\t\t\t\t\t<div class=\"faq-item-question-icon\"><\/div>\r\n\t\t\t\t\t<\/div>\r\n\r\n\t\t\t\t\t<div class=\"faq-item-answer\">\r\n\t\t\t\t\t\t<div class=\"faq-item-answer-text\"><p>Os m\u00f3dulos Elfsight podem ser adicionados em qualquer vers\u00e3o do site Cornerstone. Voc\u00ea pode ter certeza de um \u00f3timo desempenho de nossas ferramentas.<\/p><\/div>\r\n\t\t\t\t\t<\/div>\r\n\t\t\t\t<\/div> <div class=\"faq-item\">\r\n\t\t\t\t\t<div class=\"faq-item-question\">\r\n\t\t\t\t\t\t<h3 class=\"faq-item-question-text\">2. Onde posso editar ou adicionar novos m\u00f3dulos?<\/h3>\r\n\r\n\t\t\t\t\t\t<div class=\"faq-item-question-icon\"><\/div>\r\n\t\t\t\t\t<\/div>\r\n\r\n\t\t\t\t\t<div class=\"faq-item-answer\">\r\n\t\t\t\t\t\t<div class=\"faq-item-answer-text\"><p>Voc\u00ea pode fazer os ajustes essenciais nas configura\u00e7\u00f5es do configurador da iniciativa Elfsight.<\/p><\/div>\r\n\t\t\t\t\t<\/div>\r\n\t\t\t\t<\/div><div class=\"faq-item\">\r\n\t\t\t\t\t<div class=\"faq-item-question\">\r\n\t\t\t\t\t\t<h3 class=\"faq-item-question-text\">3. Existe a op\u00e7\u00e3o de enviar uma mensagem \u00e0 equipe de suporte quando eu precisar saber mais sobre o servi\u00e7o?<\/h3>\r\n\r\n\t\t\t\t\t\t<div class=\"faq-item-question-icon\"><\/div>\r\n\t\t\t\t\t<\/div>\r\n\r\n\t\t\t\t\t<div class=\"faq-item-answer\">\r\n\t\t\t\t\t\t<div class=\"faq-item-answer-text\"><p>Todos os usu\u00e1rios podem escrever para o \u00fatil centro de suporte para pedir conselhos sobre o trabalho dos plug-ins da Elfsight.<\/p><\/div>\r\n\t\t\t\t\t<\/div>\r\n\t\t\t\t<\/div> <\/div>","protected":false},"excerpt":{"rendered":"Os plugins maravilhosos para cada objetivo do seu siteAo longo de v\u00e1rios anos, nossa equipe de desenvolvedores da Elfsight inventou a nuvem e m\u00f3dulos para voc\u00ea. Sempre oferecemos suporte profissional e velocidade de carregamento est\u00e1vel. Essas ferramentas ajudam os propriet\u00e1rios de sites de com\u00e9rcio eletr\u00f4nico, empresariais, educacionais e outros em&#8230;","protected":false},"author":9,"featured_media":0,"parent":0,"menu_order":0,"comment_status":"closed","ping_status":"closed","template":"templates\/template-platform.php","meta":{"publish_to_discourse":"","publish_post_category":"","wpdc_auto_publish_overridden":"","wpdc_topic_tags":"","wpdc_pin_topic":"","wpdc_pin_until":"","discourse_post_id":"","discourse_permalink":"","wpdc_publishing_response":"","wpdc_publishing_error":"","footnotes":""},"class_list":["post-12537","page","type-page","status-publish","hentry"],"yoast_head":"<!-- This site is optimized with the Yoast SEO plugin v25.3.1 - https:\/\/yoast.com\/wordpress\/plugins\/seo\/ -->\n<title>70+ Melhores plugins e m\u00f3dulos gratuitos do Cornerstone para o seu site (em 2025)<\/title>\n<meta name=\"description\" content=\"Lista gratuita de m\u00f3dulos e plugins testados exclusivamente para p\u00e1ginas da web do Cornerstone. Ajuda vital\u00edcia, atualiza\u00e7\u00f5es mais recentes e ampla funcionalidade.\" \/>\n<meta name=\"robots\" content=\"index, follow, max-snippet:-1, max-image-preview:large, max-video-preview:-1\" \/>\n<link rel=\"canonical\" href=\"https:\/\/elfsight.com\/pt\/cornerstone-plugins\/\" \/>\n<meta property=\"og:locale\" content=\"pt_PT\" \/>\n<meta property=\"og:type\" content=\"article\" \/>\n<meta property=\"og:title\" content=\"70+ Melhores plugins e m\u00f3dulos gratuitos do Cornerstone para o seu site (em 2025)\" \/>\n<meta property=\"og:description\" content=\"Lista gratuita de m\u00f3dulos e plugins testados exclusivamente para p\u00e1ginas da web do Cornerstone. Ajuda vital\u00edcia, atualiza\u00e7\u00f5es mais recentes e ampla funcionalidade.\" \/>\n<meta property=\"og:url\" content=\"https:\/\/elfsight.com\/pt\/cornerstone-plugins\/\" \/>\n<meta property=\"og:site_name\" content=\"Elfsight PT\" \/>\n<meta property=\"article:modified_time\" content=\"2024-07-16T10:47:55+00:00\" \/>\n<meta property=\"og:image\" content=\"https:\/\/elfsight.com\/wp-content\/uploads\/2020\/08\/platform-image-cornerstone.jpg\" \/>\n<meta name=\"twitter:card\" content=\"summary_large_image\" \/>\n<meta name=\"twitter:label1\" content=\"Tempo estimado de leitura\" \/>\n\t<meta name=\"twitter:data1\" content=\"3 minutos\" \/>\n<!-- \/ Yoast SEO plugin. -->","yoast_head_json":{"title":"70+ Melhores plugins e m\u00f3dulos gratuitos do Cornerstone para o seu site (em 2025)","description":"Lista gratuita de m\u00f3dulos e plugins testados exclusivamente para p\u00e1ginas da web do Cornerstone. Ajuda vital\u00edcia, atualiza\u00e7\u00f5es mais recentes e ampla funcionalidade.","robots":{"index":"index","follow":"follow","max-snippet":"max-snippet:-1","max-image-preview":"max-image-preview:large","max-video-preview":"max-video-preview:-1"},"canonical":"https:\/\/elfsight.com\/pt\/cornerstone-plugins\/","og_locale":"pt_PT","og_type":"article","og_title":"70+ Melhores plugins e m\u00f3dulos gratuitos do Cornerstone para o seu site (em 2025)","og_description":"Lista gratuita de m\u00f3dulos e plugins testados exclusivamente para p\u00e1ginas da web do Cornerstone. Ajuda vital\u00edcia, atualiza\u00e7\u00f5es mais recentes e ampla funcionalidade.","og_url":"https:\/\/elfsight.com\/pt\/cornerstone-plugins\/","og_site_name":"Elfsight PT","article_modified_time":"2024-07-16T10:47:55+00:00","og_image":[{"url":"https:\/\/elfsight.com\/wp-content\/uploads\/2020\/08\/platform-image-cornerstone.jpg","type":"","width":"","height":""}],"twitter_card":"summary_large_image","twitter_misc":{"Tempo estimado de leitura":"3 minutos"},"schema":{"@context":"https:\/\/schema.org","@graph":[{"@type":"WebPage","@id":"https:\/\/elfsight.com\/pt\/cornerstone-plugins\/","url":"https:\/\/elfsight.com\/pt\/cornerstone-plugins\/","name":"70+ Melhores plugins e m\u00f3dulos gratuitos do Cornerstone para o seu site (em 2025)","isPartOf":{"@id":"https:\/\/elfsight.com\/pt\/#website"},"primaryImageOfPage":{"@id":"https:\/\/elfsight.com\/pt\/cornerstone-plugins\/#primaryimage"},"image":{"@id":"https:\/\/elfsight.com\/pt\/cornerstone-plugins\/#primaryimage"},"thumbnailUrl":"https:\/\/elfsight.com\/wp-content\/uploads\/2020\/08\/platform-image-cornerstone.jpg","datePublished":"2024-05-24T13:00:12+00:00","dateModified":"2024-07-16T10:47:55+00:00","description":"Lista gratuita de m\u00f3dulos e plugins testados exclusivamente para p\u00e1ginas da web do Cornerstone. Ajuda vital\u00edcia, atualiza\u00e7\u00f5es mais recentes e ampla funcionalidade.","breadcrumb":{"@id":"https:\/\/elfsight.com\/pt\/cornerstone-plugins\/#breadcrumb"},"inLanguage":"pt-PT","potentialAction":[{"@type":"ReadAction","target":["https:\/\/elfsight.com\/pt\/cornerstone-plugins\/"]}]},{"@type":"ImageObject","inLanguage":"pt-PT","@id":"https:\/\/elfsight.com\/pt\/cornerstone-plugins\/#primaryimage","url":"https:\/\/elfsight.com\/wp-content\/uploads\/2020\/08\/platform-image-cornerstone.jpg","contentUrl":"https:\/\/elfsight.com\/wp-content\/uploads\/2020\/08\/platform-image-cornerstone.jpg"},{"@type":"BreadcrumbList","@id":"https:\/\/elfsight.com\/pt\/cornerstone-plugins\/#breadcrumb","itemListElement":[{"@type":"ListItem","position":1,"name":"Home","item":"https:\/\/elfsight.com\/pt\/"},{"@type":"ListItem","position":2,"name":"cornerstone plugins"}]},{"@type":"WebSite","@id":"https:\/\/elfsight.com\/pt\/#website","url":"https:\/\/elfsight.com\/pt\/","name":"Elfsight PT","description":"Just another Elfsight Sites site","potentialAction":[{"@type":"SearchAction","target":{"@type":"EntryPoint","urlTemplate":"https:\/\/elfsight.com\/pt\/?s={search_term_string}"},"query-input":{"@type":"PropertyValueSpecification","valueRequired":true,"valueName":"search_term_string"}}],"inLanguage":"pt-PT"}]}},"meta_box":{"industry":"","seo_heading":"","heading":"","description":"","cta_heading":"","cta_description":"","application":"","h1":"Os melhores plugins do Cornerstone","h1_caption":"S\u00e9rie gratuita de m\u00f3dulos totalmente novos com uma grande variedade de funcionalidades para aumentar o envolvimento do usu\u00e1rio e realizar todas as tarefas promocionais essenciais. Integra\u00e7\u00e3o pr\u00e1tica, uma ampla escolha de recursos de personaliza\u00e7\u00e3o e assist\u00eancia cont\u00ednua.","application_category":[],"applications_title":"Procure a melhor combina\u00e7\u00e3o na cole\u00e7\u00e3o completa de m\u00f3dulos Cornerstone gratuitos abaixo","applications_request_title":"N\u00e3o consegue encontrar o m\u00f3dulo certo?","applications_request_button_text":"Solicite um m\u00f3dulo","hero_text":"","hero_video":"","hero_video_schema_markup":"","selling_points_title":"","selling_points_caption":"","selling_points":[],"selling_points_cta_text":"","features_title":"","features":"","ed_cta_examples_text":"","ed_cta_examples_hidden":"","ed_cta_demo_text":"","ed_cta_demo_hidden":"","why_caption":"","why_editor_title":"","why_editor_text":"","why_team_title":"","why_team_text":"","why_service_title":"","why_service_text":"","template_catalog_visible":"","template_catalog_title":"","template_catalog_text":"","template_catalog_categories_visible":"","demo_title":"","demo_caption":"","default_faq_hidden":"","app_template_category":[],"platform":"5364","template_public_id":"","codecanyon_url":"","codecanyon_item_id":"","codecanyon_price":"","pricing_caption":"","pricing_elfsight_apps_hide_column":"","pricing_elfsight_apps_url":"","pricing_codecanyon_price_caption":"","integration_category":[],"integration_request_title":"","integration_request_cta":"","integration_platform":"","integrations":[],"platform_category":[],"video_schema_markup":"","price":"","trial":"","benefits":[],"button_url":"","button_target_blank":"","button_nofollow":"","attributes":[],"tags":[],"tags_disable_links":"","hide_more_platforms":"","video_object":"","demo_hide_cta":"","demo_hide_cloud_options":"","pricing_title":"","pricing":[],"related_apps_title":"","related_apps_hidden":"","author":"","image":[],"title":"","job":"","social_networks":[]},"_links":{"self":[{"href":"https:\/\/elfsight.com\/pt\/wp-json\/wp\/v2\/pages\/12537","targetHints":{"allow":["GET"]}}],"collection":[{"href":"https:\/\/elfsight.com\/pt\/wp-json\/wp\/v2\/pages"}],"about":[{"href":"https:\/\/elfsight.com\/pt\/wp-json\/wp\/v2\/types\/page"}],"author":[{"embeddable":true,"href":"https:\/\/elfsight.com\/pt\/wp-json\/wp\/v2\/users\/9"}],"replies":[{"embeddable":true,"href":"https:\/\/elfsight.com\/pt\/wp-json\/wp\/v2\/comments?post=12537"}],"version-history":[{"count":1,"href":"https:\/\/elfsight.com\/pt\/wp-json\/wp\/v2\/pages\/12537\/revisions"}],"predecessor-version":[{"id":12541,"href":"https:\/\/elfsight.com\/pt\/wp-json\/wp\/v2\/pages\/12537\/revisions\/12541"}],"wp:attachment":[{"href":"https:\/\/elfsight.com\/pt\/wp-json\/wp\/v2\/media?parent=12537"}],"curies":[{"name":"wp","href":"https:\/\/api.w.org\/{rel}","templated":true}]}}