{"id":12507,"date":"2024-05-24T13:00:12","date_gmt":"2024-05-24T13:00:12","guid":{"rendered":"https:\/\/elfsight.com\/pt\/?page_id=12507"},"modified":"2024-07-16T10:47:26","modified_gmt":"2024-07-16T10:47:26","slug":"templatetoaster-widgets","status":"publish","type":"page","link":"https:\/\/elfsight.com\/pt\/templatetoaster-widgets\/","title":{"rendered":"templatetoaster widgets"},"content":{"rendered":"<h2>A solu\u00e7\u00e3o ideal para o seu site TemplateToaster<\/h2><figure class=\"browser-frame\"><img decoding=\"async\" alt=\"os melhores widgets gratuitos do TemplateToaster para o seu site\" src=\"https:\/\/elfsight.com\/wp-content\/uploads\/2020\/08\/platform-image-templatetoaster.jpg\"><\/figure><p>Uma equipe de profissionais da Elfsight constr\u00f3i plug-ins eficazes e flex\u00edveis para dez anos. Nossos widgets ajudam sites de neg\u00f3cios em todo o mundo a lidar com as tarefas com mais efici\u00eancia: aumentar o n\u00edvel de vendas, demonstrar feedback positivo sobre seus produtos, cultivar uma boa atitude em rela\u00e7\u00e3o ao seu neg\u00f3cio. Os widgets da Elfsight s\u00e3o muito simples de integrar no seu site e tamb\u00e9m na aba do Facebook. As tarifas variam de gr\u00e1tis a VIP. Experimente qualquer widget desejado agora mesmo &#8211; decida o quanto ele \u00e9 \u00fatil em termos de promo\u00e7\u00e3o do seu neg\u00f3cio. <\/p><h2>Por que os widgets da Elfsight s\u00e3o melhores que outros? <\/h2><p>Explore uma lista de caracter\u00edsticas distintivas de nossas ferramentas, elas nos ajudam a ser melhores que nossos rivais: <\/p><ul><li>Suporte gratuito na integra\u00e7\u00e3o de qualquer widget; <\/li><li>Adaptabilidade a quaisquer par\u00e2metros de tela; <\/li><li>N\u00e3o s\u00e3o necess\u00e1rias habilidades de codifica\u00e7\u00e3o; <\/li><li>Extensas configura\u00e7\u00f5es de design; <\/li><li>O armazenamento de dados em nuvem permite aumentar a velocidade; <\/li><li>Atualiza\u00e7\u00f5es gratuitas regulares; <\/li><li>Suporte de qualidade aos problemas dos clientes; <\/li><\/ul><p>Teste a op\u00e7\u00e3o gratuita de nossos plug-ins e verifique seus recursos ou compre qualquer widget com desconto especial de 25% para <a target=\"_blank\" href=\"https:\/\/templatetoaster.com\/ \" rel=\"noopener noreferrer\">Construtor de sites TemplateToaster<\/a>.<\/p><h2>Como posso implementar seu widget no site TemplateToaster<\/h2><p>Para incorporar nossa ferramenta, consulte as instru\u00e7\u00f5es. <\/p><ol><li>Escolha o plugin necess\u00e1rio e especifique as configura\u00e7\u00f5es apropriadas. Clique em \u201csalvar as altera\u00e7\u00f5es&#8221;. <\/li><li>Instale o c\u00f3digo em seu site. <\/li><li>Conclu\u00eddo! Voc\u00ea integrou o plug-in com sucesso. <\/li><\/ol><p>Se voc\u00ea precisa de conselhos sobre como adicionar a ferramenta, voc\u00ea pode entrar em contato com nossa equipe de suporte <\/p><div class=\"faq\" data-component=\"FAQ\"><div class=\"faq-item\">\r\n\t\t\t\t\t<div class=\"faq-item-question\">\r\n\t\t\t\t\t\t<h3 class=\"faq-item-question-text\">Como posso inserir os widgets em meu modelo TemplateToaster? <\/h3>\r\n\r\n\t\t\t\t\t\t<div class=\"faq-item-question-icon\"><\/div>\r\n\t\t\t\t\t<\/div>\r\n\r\n\t\t\t\t\t<div class=\"faq-item-answer\">\r\n\t\t\t\t\t\t<div class=\"faq-item-answer-text\"><p>Voc\u00ea \u00e9 livre para integrar os widgets ao seu site. Basta abrir o painel de administra\u00e7\u00e3o e realizar as seguintes a\u00e7\u00f5es: <\/p><ol><li>Clique em configura\u00e7\u00f5es do tema; <\/li><li>Selecione o parte onde voc\u00ea precisa incorporar o widget; <\/li><li>Cole seu c\u00f3digo do servi\u00e7o Elfsight Apps e salve suas modifica\u00e7\u00f5es <\/li><\/ol><p>Simples assim. \/faq_item][faq_item question_tag=\"h3\" schema_markup=\"1\" question=\"Quais vers\u00f5es e temas do TemplateToaster podem ser compat\u00edveis com o widget Elfsight?\"]Os widgets podem ser implementados em qualquer vers\u00e3o e modelos do site TemplateToaster. efici\u00eancia das solu\u00e7\u00f5es <\/div>\r\n\t\t\t\t\t<\/div>\r\n\t\t\t\t<\/div><div class=\"faq-item\">\r\n\t\t\t\t\t<div class=\"faq-item-question\">\r\n\t\t\t\t\t\t<h3 class=\"faq-item-question-text\">Onde poderei verificar as estat\u00edsticas dos widgets?<\/h3>\r\n\r\n\t\t\t\t\t\t<div class=\"faq-item-question-icon\"><\/div>\r\n\t\t\t\t\t<\/div>\r\n\r\n\t\t\t\t\t<div class=\"faq-item-answer\">\r\n\t\t\t\t\t\t<div class=\"faq-item-answer-text\">Todos os nossos clientes far\u00e3o as altera\u00e7\u00f5es necess\u00e1rias nas op\u00e7\u00f5es de widgets de f\u00e1cil gerenciamento. Painel de administra\u00e7\u00e3o da Elfsight. <\/div>\r\n\t\t\t\t\t<\/div>\r\n\t\t\t\t<\/div><div class=\"faq-item\">\r\n\t\t\t\t\t<div class=\"faq-item-question\">\r\n\t\t\t\t\t\t<h3 class=\"faq-item-question-text\"> \u00c9 poss\u00edvel enviar um e-mail para o centro de ajuda da Elfsight caso eu precise de ajuda apenas com as configura\u00e7\u00f5es?<\/h3>\r\n\r\n\t\t\t\t\t\t<div class=\"faq-item-question-icon\"><\/div>\r\n\t\t\t\t\t<\/div>\r\n\r\n\t\t\t\t\t<div class=\"faq-item-answer\">\r\n\t\t\t\t\t\t<div class=\"faq-item-answer-text\"><p>Todos os clientes podem enviar mensagens aos simp\u00e1ticos especialistas do nosso suporte para encontrar uma solu\u00e7\u00e3o sobre o uso de solu\u00e7\u00f5es. <\/div>\r\n\t\t\t\t\t<\/div>\r\n\t\t\t\t<\/div><\/div>","protected":false},"excerpt":{"rendered":"A solu\u00e7\u00e3o ideal para o seu site TemplateToasterUma equipe de profissionais da Elfsight constr\u00f3i plug-ins eficazes e flex\u00edveis para dez anos. Nossos widgets ajudam sites de neg\u00f3cios em todo o mundo a lidar com as tarefas com mais efici\u00eancia: aumentar o n\u00edvel de vendas, demonstrar feedback positivo sobre seus produtos,&#8230;","protected":false},"author":9,"featured_media":0,"parent":0,"menu_order":0,"comment_status":"closed","ping_status":"closed","template":"templates\/template-platform.php","meta":{"publish_to_discourse":"","publish_post_category":"","wpdc_auto_publish_overridden":"","wpdc_topic_tags":"","wpdc_pin_topic":"","wpdc_pin_until":"","discourse_post_id":"","discourse_permalink":"","wpdc_publishing_response":"","wpdc_publishing_error":"","footnotes":""},"class_list":["post-12507","page","type-page","status-publish","hentry"],"yoast_head":"<!-- This site is optimized with the Yoast SEO plugin v25.3.1 - https:\/\/yoast.com\/wordpress\/plugins\/seo\/ -->\n<title>70+ Melhores widgets e plugins gratuitos do TemplateToaster para sites (2025)<\/title>\n<meta name=\"description\" content=\"Uma biblioteca de excelentes widgets e plugins gratuitos exclusivamente para sites do TemplateToaster. Ajuda com personaliza\u00e7\u00e3o e ampla funcionalidade.\" \/>\n<meta name=\"robots\" content=\"index, follow, max-snippet:-1, max-image-preview:large, max-video-preview:-1\" \/>\n<link rel=\"canonical\" href=\"https:\/\/elfsight.com\/pt\/templatetoaster-widgets\/\" \/>\n<meta property=\"og:locale\" content=\"pt_PT\" \/>\n<meta property=\"og:type\" content=\"article\" \/>\n<meta property=\"og:title\" content=\"70+ Melhores widgets e plugins gratuitos do TemplateToaster para sites (2025)\" \/>\n<meta property=\"og:description\" content=\"Uma biblioteca de excelentes widgets e plugins gratuitos exclusivamente para sites do TemplateToaster. Ajuda com personaliza\u00e7\u00e3o e ampla funcionalidade.\" \/>\n<meta property=\"og:url\" content=\"https:\/\/elfsight.com\/pt\/templatetoaster-widgets\/\" \/>\n<meta property=\"og:site_name\" content=\"Elfsight PT\" \/>\n<meta property=\"article:modified_time\" content=\"2024-07-16T10:47:26+00:00\" \/>\n<meta property=\"og:image\" content=\"https:\/\/elfsight.com\/wp-content\/uploads\/2020\/08\/platform-image-templatetoaster.jpg\" \/>\n<meta name=\"twitter:card\" content=\"summary_large_image\" \/>\n<meta name=\"twitter:label1\" content=\"Tempo estimado de leitura\" \/>\n\t<meta name=\"twitter:data1\" content=\"2 minutos\" \/>\n<!-- \/ Yoast SEO plugin. -->","yoast_head_json":{"title":"70+ Melhores widgets e plugins gratuitos do TemplateToaster para sites (2025)","description":"Uma biblioteca de excelentes widgets e plugins gratuitos exclusivamente para sites do TemplateToaster. Ajuda com personaliza\u00e7\u00e3o e ampla funcionalidade.","robots":{"index":"index","follow":"follow","max-snippet":"max-snippet:-1","max-image-preview":"max-image-preview:large","max-video-preview":"max-video-preview:-1"},"canonical":"https:\/\/elfsight.com\/pt\/templatetoaster-widgets\/","og_locale":"pt_PT","og_type":"article","og_title":"70+ Melhores widgets e plugins gratuitos do TemplateToaster para sites (2025)","og_description":"Uma biblioteca de excelentes widgets e plugins gratuitos exclusivamente para sites do TemplateToaster. Ajuda com personaliza\u00e7\u00e3o e ampla funcionalidade.","og_url":"https:\/\/elfsight.com\/pt\/templatetoaster-widgets\/","og_site_name":"Elfsight PT","article_modified_time":"2024-07-16T10:47:26+00:00","og_image":[{"url":"https:\/\/elfsight.com\/wp-content\/uploads\/2020\/08\/platform-image-templatetoaster.jpg","type":"","width":"","height":""}],"twitter_card":"summary_large_image","twitter_misc":{"Tempo estimado de leitura":"2 minutos"},"schema":{"@context":"https:\/\/schema.org","@graph":[{"@type":"WebPage","@id":"https:\/\/elfsight.com\/pt\/templatetoaster-widgets\/","url":"https:\/\/elfsight.com\/pt\/templatetoaster-widgets\/","name":"70+ Melhores widgets e plugins gratuitos do TemplateToaster para sites (2025)","isPartOf":{"@id":"https:\/\/elfsight.com\/pt\/#website"},"primaryImageOfPage":{"@id":"https:\/\/elfsight.com\/pt\/templatetoaster-widgets\/#primaryimage"},"image":{"@id":"https:\/\/elfsight.com\/pt\/templatetoaster-widgets\/#primaryimage"},"thumbnailUrl":"https:\/\/elfsight.com\/wp-content\/uploads\/2020\/08\/platform-image-templatetoaster.jpg","datePublished":"2024-05-24T13:00:12+00:00","dateModified":"2024-07-16T10:47:26+00:00","description":"Uma biblioteca de excelentes widgets e plugins gratuitos exclusivamente para sites do TemplateToaster. Ajuda com personaliza\u00e7\u00e3o e ampla funcionalidade.","breadcrumb":{"@id":"https:\/\/elfsight.com\/pt\/templatetoaster-widgets\/#breadcrumb"},"inLanguage":"pt-PT","potentialAction":[{"@type":"ReadAction","target":["https:\/\/elfsight.com\/pt\/templatetoaster-widgets\/"]}]},{"@type":"ImageObject","inLanguage":"pt-PT","@id":"https:\/\/elfsight.com\/pt\/templatetoaster-widgets\/#primaryimage","url":"https:\/\/elfsight.com\/wp-content\/uploads\/2020\/08\/platform-image-templatetoaster.jpg","contentUrl":"https:\/\/elfsight.com\/wp-content\/uploads\/2020\/08\/platform-image-templatetoaster.jpg"},{"@type":"BreadcrumbList","@id":"https:\/\/elfsight.com\/pt\/templatetoaster-widgets\/#breadcrumb","itemListElement":[{"@type":"ListItem","position":1,"name":"Home","item":"https:\/\/elfsight.com\/pt\/"},{"@type":"ListItem","position":2,"name":"templatetoaster widgets"}]},{"@type":"WebSite","@id":"https:\/\/elfsight.com\/pt\/#website","url":"https:\/\/elfsight.com\/pt\/","name":"Elfsight PT","description":"Just another Elfsight Sites site","potentialAction":[{"@type":"SearchAction","target":{"@type":"EntryPoint","urlTemplate":"https:\/\/elfsight.com\/pt\/?s={search_term_string}"},"query-input":{"@type":"PropertyValueSpecification","valueRequired":true,"valueName":"search_term_string"}}],"inLanguage":"pt-PT"}]}},"meta_box":{"industry":"","seo_heading":"","heading":"","description":"","cta_heading":"","cta_description":"","application":"","h1":"Melhores widgets do TemplateToaster","h1_caption":"Uma sele\u00e7\u00e3o de plug-ins gratuitos com ampla funcionalidade para aumentar as vendas e a atividade do usu\u00e1rio. Integra\u00e7\u00e3o r\u00e1pida, ampla gama de recursos, suporte cont\u00ednuo ao cliente.","application_category":[],"applications_title":"Confira a sele\u00e7\u00e3o completa de widgets para TemplateToaster","applications_request_title":"N\u00e3o consigo encontrar o plugin certo","applications_request_button_text":"Solicite um plug-in","hero_text":"","hero_video":"","hero_video_schema_markup":"","selling_points_title":"","selling_points_caption":"","selling_points":[],"selling_points_cta_text":"","features_title":"","features":"","ed_cta_examples_text":"","ed_cta_examples_hidden":"","ed_cta_demo_text":"","ed_cta_demo_hidden":"","why_caption":"","why_editor_title":"","why_editor_text":"","why_team_title":"","why_team_text":"","why_service_title":"","why_service_text":"","template_catalog_visible":"","template_catalog_title":"","template_catalog_text":"","template_catalog_categories_visible":"","demo_title":"","demo_caption":"","default_faq_hidden":"","app_template_category":[],"platform":"5350","template_public_id":"","codecanyon_url":"","codecanyon_item_id":"","codecanyon_price":"","pricing_caption":"","pricing_elfsight_apps_hide_column":"","pricing_elfsight_apps_url":"","pricing_codecanyon_price_caption":"","integration_category":[],"integration_request_title":"","integration_request_cta":"","integration_platform":"","integrations":[],"platform_category":[],"video_schema_markup":"","price":"","trial":"","benefits":[],"button_url":"","button_target_blank":"","button_nofollow":"","attributes":[],"tags":[],"tags_disable_links":"","hide_more_platforms":"","video_object":"","demo_hide_cta":"","demo_hide_cloud_options":"","pricing_title":"","pricing":[],"related_apps_title":"","related_apps_hidden":"","author":"","image":[],"title":"","job":"","social_networks":[]},"_links":{"self":[{"href":"https:\/\/elfsight.com\/pt\/wp-json\/wp\/v2\/pages\/12507","targetHints":{"allow":["GET"]}}],"collection":[{"href":"https:\/\/elfsight.com\/pt\/wp-json\/wp\/v2\/pages"}],"about":[{"href":"https:\/\/elfsight.com\/pt\/wp-json\/wp\/v2\/types\/page"}],"author":[{"embeddable":true,"href":"https:\/\/elfsight.com\/pt\/wp-json\/wp\/v2\/users\/9"}],"replies":[{"embeddable":true,"href":"https:\/\/elfsight.com\/pt\/wp-json\/wp\/v2\/comments?post=12507"}],"version-history":[{"count":1,"href":"https:\/\/elfsight.com\/pt\/wp-json\/wp\/v2\/pages\/12507\/revisions"}],"predecessor-version":[{"id":12511,"href":"https:\/\/elfsight.com\/pt\/wp-json\/wp\/v2\/pages\/12507\/revisions\/12511"}],"wp:attachment":[{"href":"https:\/\/elfsight.com\/pt\/wp-json\/wp\/v2\/media?parent=12507"}],"curies":[{"name":"wp","href":"https:\/\/api.w.org\/{rel}","templated":true}]}}