{"id":12497,"date":"2024-05-24T13:00:12","date_gmt":"2024-05-24T13:00:12","guid":{"rendered":"https:\/\/elfsight.com\/pt\/?page_id=12497"},"modified":"2024-07-16T10:47:19","modified_gmt":"2024-07-16T10:47:19","slug":"kajabi-plugins","status":"publish","type":"page","link":"https:\/\/elfsight.com\/pt\/kajabi-plugins\/","title":{"rendered":"kajabi plugins"},"content":{"rendered":"<h2>Os plugins Elfsight mais inteligentes para cada objetivo do seu site Kajabi<\/h2><p>Ao longo de tantos anos, nossa equipe de desenvolvedores da Elfsight produz plugins simples de usar e personaliz\u00e1veis para o seu site. Garantimos constantemente suporte profissional e uma taxa de carregamento impressionante. Nosso servi\u00e7o d\u00e1 uma m\u00e3o a muitos propriet\u00e1rios de sites de com\u00e9rcio online, educacionais e de outros setores em diferentes partes do mundo para lidar de forma mais eficiente com as tarefas b\u00e1sicas do site.<\/p><p>Ao implementar plugins no seu site, voc\u00ea pode aumentar a taxa de vendas, demonstrar o melhor dos seus produtos, melhorar a atitude em rela\u00e7\u00e3o \u00e0 sua marca. Os planos tarif\u00e1rios variam de gratuito a VIP. Implemente rapidamente qualquer plugin desejado usando nosso live-demo e avalie o quanto ele pode ser importante em termos de otimiza\u00e7\u00e3o do seu site de servi\u00e7o.<\/p><h2>O que torna os plugins Elfsight uma solu\u00e7\u00e3o excepcional para o seu site?<\/h2><p>D\u00ea uma olhada em uma lista de caracter\u00edsticas substanciais dos nossos widgets, que nos permitem estar \u00e0 frente de nossos concorrentes:<\/p><ul><li>Suporte gratuito e r\u00e1pido com integra\u00e7\u00e3o ou modifica\u00e7\u00e3o de widgets;<\/li><li>Adapta\u00e7\u00e3o autom\u00e1tica a qualquer resolu\u00e7\u00e3o de dispositivo;<\/li><li>N\u00e3o \u00e9 mais necess\u00e1rio pedir ajuda de desenvolvedores;<\/li><li>Uma ampla gama de recursos de design;<\/li><li>Plugins baseados em nuvem permitem aumentar a velocidade de carregamento;<\/li><li>Todas as atualiza\u00e7\u00f5es futuras s\u00e3o gratuitas e lan\u00e7adas regularmente;<\/li><li>Pre\u00e7os flex\u00edveis;<\/li><li>Assist\u00eancia profissional para quaisquer problemas dos clientes.<\/li><\/ul><p>Confira a op\u00e7\u00e3o gratuita dos nossos widgets e veja seu potencial ou compre qualquer ferramenta selecionada com um cupom de 20%. <\/p><h2>Como adicionar os plugins na sua plataforma Kajabi<\/h2><p>Para incorporar nossa ferramenta, leia o tutorial claro:<\/p><ol><li>Selecione o plugin necess\u00e1rio;<\/li><li>Aplicar configura\u00e7\u00f5es essenciais conforme necess\u00e1rio;<\/li><li>N\u00e3o se esque\u00e7a de salvar as altera\u00e7\u00f5es;<\/li><li>Copie o c\u00f3digo obtido;<\/li><li>Adicione-o no local apropriado do seu site ou modelo;<\/li><li>A implementa\u00e7\u00e3o do widget est\u00e1 completa.<\/li><\/ol><p>Caso esteja procurando ajuda, sinta-se \u00e0 vontade para informar nosso Centro de Suporte.<\/p><div class=\"faq\" data-component=\"FAQ\"><div class=\"faq-item\">\r\n\t\t\t\t\t<div class=\"faq-item-question\">\r\n\t\t\t\t\t\t<h3 class=\"faq-item-question-text\">De que forma posso implementar os plugins no meu tema Kajabi?<\/h3>\r\n\r\n\t\t\t\t\t\t<div class=\"faq-item-question-icon\"><\/div>\r\n\t\t\t\t\t<\/div>\r\n\r\n\t\t\t\t\t<div class=\"faq-item-answer\">\r\n\t\t\t\t\t\t<div class=\"faq-item-answer-text\"><p>Voc\u00ea pode adicionar os plugins ao seu site. Basta abrir o painel de administra\u00e7\u00e3o e seguir as seguintes a\u00e7\u00f5es:<\/p><ol><li>Acesse as configura\u00e7\u00f5es do tema;<\/li><li>Encontre o bloco onde voc\u00ea deve incorporar o plugin;<\/li><li>Incorpore seu c\u00f3digo dos Aplicativos Elfsight e aplique suas altera\u00e7\u00f5es.<\/li><p>Conclu\u00eddo.<\/p><\/ol><\/div>\r\n\t\t\t\t\t<\/div>\r\n\t\t\t\t<\/div><div class=\"faq-item\">\r\n\t\t\t\t\t<div class=\"faq-item-question\">\r\n\t\t\t\t\t\t<h3 class=\"faq-item-question-text\">Quais vers\u00f5es e temas do Kajabi podem ser integrados com o plugin Elfsight?<\/h3>\r\n\r\n\t\t\t\t\t\t<div class=\"faq-item-question-icon\"><\/div>\r\n\t\t\t\t\t<\/div>\r\n\r\n\t\t\t\t\t<div class=\"faq-item-answer\">\r\n\t\t\t\t\t\t<div class=\"faq-item-answer-text\">Nossos plugins podem ser integrados com quaisquer op\u00e7\u00f5es de templates do site Kajabi. Garantimos a efici\u00eancia duradoura de todas as solu\u00e7\u00f5es.<\/p><\/div>\r\n\t\t\t\t\t<\/div>\r\n\t\t\t\t<\/div><div class=\"faq-item\">\r\n\t\t\t\t\t<div class=\"faq-item-question\">\r\n\t\t\t\t\t\t<h3 class=\"faq-item-question-text\">Onde posso alterar ou adicionar novos plugins?<\/h3>\r\n\r\n\t\t\t\t\t\t<div class=\"faq-item-question-icon\"><\/div>\r\n\t\t\t\t\t<\/div>\r\n\r\n\t\t\t\t\t<div class=\"faq-item-answer\">\r\n\t\t\t\t\t\t<div class=\"faq-item-answer-text\">Voc\u00ea poder\u00e1 fazer todas as altera\u00e7\u00f5es necess\u00e1rias das caracter\u00edsticas do plugin no editor pr\u00e1tico.<\/p><\/div>\r\n\t\t\t\t\t<\/div>\r\n\t\t\t\t<\/div><div class=\"faq-item\">\r\n\t\t\t\t\t<div class=\"faq-item-question\">\r\n\t\t\t\t\t\t<h3 class=\"faq-item-question-text\">Existe a possibilidade de enviar um email para a equipe de Suporte no caso de eu ter uma assinatura gratuita?<\/h3>\r\n\r\n\t\t\t\t\t\t<div class=\"faq-item-question-icon\"><\/div>\r\n\t\t\t\t\t<\/div>\r\n\r\n\t\t\t\t\t<div class=\"faq-item-answer\">\r\n\t\t\t\t\t\t<div class=\"faq-item-answer-text\"><p>Todos os nossos clientes t\u00eam a possibilidade de escrever para a nossa equipe de Suporte altamente qualificada para fazer uma solicita\u00e7\u00e3o sobre as configura\u00e7\u00f5es e integra\u00e7\u00e3o das solu\u00e7\u00f5es.<\/p><\/div>\r\n\t\t\t\t\t<\/div>\r\n\t\t\t\t<\/div><\/div>","protected":false},"excerpt":{"rendered":"Os plugins Elfsight mais inteligentes para cada objetivo do seu site KajabiAo longo de tantos anos, nossa equipe de desenvolvedores da Elfsight produz plugins simples de usar e personaliz\u00e1veis para o seu site. Garantimos constantemente suporte profissional e uma taxa de carregamento impressionante. Nosso servi\u00e7o d\u00e1 uma m\u00e3o a muitos&#8230;","protected":false},"author":9,"featured_media":0,"parent":0,"menu_order":0,"comment_status":"closed","ping_status":"closed","template":"templates\/template-platform.php","meta":{"publish_to_discourse":"","publish_post_category":"","wpdc_auto_publish_overridden":"","wpdc_topic_tags":"","wpdc_pin_topic":"","wpdc_pin_until":"","discourse_post_id":"","discourse_permalink":"","wpdc_publishing_response":"","wpdc_publishing_error":"","footnotes":""},"class_list":["post-12497","page","type-page","status-publish","hentry"],"yoast_head":"<!-- This site is optimized with the Yoast SEO plugin v25.3.1 - https:\/\/yoast.com\/wordpress\/plugins\/seo\/ -->\n<title>70+ Melhores Plugins Gratuitos do Kajabi para o seu Website (em 2025)<\/title>\n<meta name=\"description\" content=\"Cat\u00e1logo gratuito de excelentes widgets e plugins exclusivamente para sites Kajabi. Ajuda com personaliza\u00e7\u00e3o e extenso conjunto de op\u00e7\u00f5es.\" \/>\n<meta name=\"robots\" content=\"index, follow, max-snippet:-1, max-image-preview:large, max-video-preview:-1\" \/>\n<link rel=\"canonical\" href=\"https:\/\/elfsight.com\/pt\/kajabi-plugins\/\" \/>\n<meta property=\"og:locale\" content=\"pt_PT\" \/>\n<meta property=\"og:type\" content=\"article\" \/>\n<meta property=\"og:title\" content=\"70+ Melhores Plugins Gratuitos do Kajabi para o seu Website (em 2025)\" \/>\n<meta property=\"og:description\" content=\"Cat\u00e1logo gratuito de excelentes widgets e plugins exclusivamente para sites Kajabi. Ajuda com personaliza\u00e7\u00e3o e extenso conjunto de op\u00e7\u00f5es.\" \/>\n<meta property=\"og:url\" content=\"https:\/\/elfsight.com\/pt\/kajabi-plugins\/\" \/>\n<meta property=\"og:site_name\" content=\"Elfsight PT\" \/>\n<meta property=\"article:modified_time\" content=\"2024-07-16T10:47:19+00:00\" \/>\n<meta name=\"twitter:card\" content=\"summary_large_image\" \/>\n<meta name=\"twitter:label1\" content=\"Tempo estimado de leitura\" \/>\n\t<meta name=\"twitter:data1\" content=\"3 minutos\" \/>\n<!-- \/ Yoast SEO plugin. -->","yoast_head_json":{"title":"70+ Melhores Plugins Gratuitos do Kajabi para o seu Website (em 2025)","description":"Cat\u00e1logo gratuito de excelentes widgets e plugins exclusivamente para sites Kajabi. Ajuda com personaliza\u00e7\u00e3o e extenso conjunto de op\u00e7\u00f5es.","robots":{"index":"index","follow":"follow","max-snippet":"max-snippet:-1","max-image-preview":"max-image-preview:large","max-video-preview":"max-video-preview:-1"},"canonical":"https:\/\/elfsight.com\/pt\/kajabi-plugins\/","og_locale":"pt_PT","og_type":"article","og_title":"70+ Melhores Plugins Gratuitos do Kajabi para o seu Website (em 2025)","og_description":"Cat\u00e1logo gratuito de excelentes widgets e plugins exclusivamente para sites Kajabi. Ajuda com personaliza\u00e7\u00e3o e extenso conjunto de op\u00e7\u00f5es.","og_url":"https:\/\/elfsight.com\/pt\/kajabi-plugins\/","og_site_name":"Elfsight PT","article_modified_time":"2024-07-16T10:47:19+00:00","twitter_card":"summary_large_image","twitter_misc":{"Tempo estimado de leitura":"3 minutos"},"schema":{"@context":"https:\/\/schema.org","@graph":[{"@type":"WebPage","@id":"https:\/\/elfsight.com\/pt\/kajabi-plugins\/","url":"https:\/\/elfsight.com\/pt\/kajabi-plugins\/","name":"70+ Melhores Plugins Gratuitos do Kajabi para o seu Website (em 2025)","isPartOf":{"@id":"https:\/\/elfsight.com\/pt\/#website"},"datePublished":"2024-05-24T13:00:12+00:00","dateModified":"2024-07-16T10:47:19+00:00","description":"Cat\u00e1logo gratuito de excelentes widgets e plugins exclusivamente para sites Kajabi. Ajuda com personaliza\u00e7\u00e3o e extenso conjunto de op\u00e7\u00f5es.","breadcrumb":{"@id":"https:\/\/elfsight.com\/pt\/kajabi-plugins\/#breadcrumb"},"inLanguage":"pt-PT","potentialAction":[{"@type":"ReadAction","target":["https:\/\/elfsight.com\/pt\/kajabi-plugins\/"]}]},{"@type":"BreadcrumbList","@id":"https:\/\/elfsight.com\/pt\/kajabi-plugins\/#breadcrumb","itemListElement":[{"@type":"ListItem","position":1,"name":"Home","item":"https:\/\/elfsight.com\/pt\/"},{"@type":"ListItem","position":2,"name":"kajabi plugins"}]},{"@type":"WebSite","@id":"https:\/\/elfsight.com\/pt\/#website","url":"https:\/\/elfsight.com\/pt\/","name":"Elfsight PT","description":"Just another Elfsight Sites site","potentialAction":[{"@type":"SearchAction","target":{"@type":"EntryPoint","urlTemplate":"https:\/\/elfsight.com\/pt\/?s={search_term_string}"},"query-input":{"@type":"PropertyValueSpecification","valueRequired":true,"valueName":"search_term_string"}}],"inLanguage":"pt-PT"}]}},"meta_box":{"industry":"","seo_heading":"","heading":"","description":"","cta_heading":"","cta_description":"","application":"","h1":"Os melhores plugins do Kajabi","h1_caption":"Cole\u00e7\u00e3o gratuita de plug-ins de primeira linha com funcionalidade em grande escala para promover vendas que atendem a todos os objetivos b\u00e1sicos de neg\u00f3cios. Implementa\u00e7\u00e3o simples, um amplo conjunto de configura\u00e7\u00f5es personalizadas e assist\u00eancia cont\u00ednua ao cliente.","application_category":[],"applications_title":"Distinga a incr\u00edvel cole\u00e7\u00e3o desses plugins gratuitos para o site","applications_request_title":"N\u00e3o consegue encontrar o plugin certo?","applications_request_button_text":"Solicite um plug-in","hero_text":"","hero_video":"","hero_video_schema_markup":"","selling_points_title":"","selling_points_caption":"","selling_points":[],"selling_points_cta_text":"","features_title":"","features":"","ed_cta_examples_text":"","ed_cta_examples_hidden":"","ed_cta_demo_text":"","ed_cta_demo_hidden":"","why_caption":"","why_editor_title":"","why_editor_text":"","why_team_title":"","why_team_text":"","why_service_title":"","why_service_text":"","template_catalog_visible":"","template_catalog_title":"","template_catalog_text":"","template_catalog_categories_visible":"","demo_title":"","demo_caption":"","default_faq_hidden":"","app_template_category":[],"platform":"5344","template_public_id":"","codecanyon_url":"","codecanyon_item_id":"","codecanyon_price":"","pricing_caption":"","pricing_elfsight_apps_hide_column":"","pricing_elfsight_apps_url":"","pricing_codecanyon_price_caption":"","integration_category":[],"integration_request_title":"","integration_request_cta":"","integration_platform":"","integrations":[],"platform_category":[],"video_schema_markup":"","price":"","trial":"","benefits":[],"button_url":"","button_target_blank":"","button_nofollow":"","attributes":[],"tags":[],"tags_disable_links":"","hide_more_platforms":"","video_object":"","demo_hide_cta":"","demo_hide_cloud_options":"","pricing_title":"","pricing":[],"related_apps_title":"","related_apps_hidden":"","author":"","image":[],"title":"","job":"","social_networks":[]},"_links":{"self":[{"href":"https:\/\/elfsight.com\/pt\/wp-json\/wp\/v2\/pages\/12497","targetHints":{"allow":["GET"]}}],"collection":[{"href":"https:\/\/elfsight.com\/pt\/wp-json\/wp\/v2\/pages"}],"about":[{"href":"https:\/\/elfsight.com\/pt\/wp-json\/wp\/v2\/types\/page"}],"author":[{"embeddable":true,"href":"https:\/\/elfsight.com\/pt\/wp-json\/wp\/v2\/users\/9"}],"replies":[{"embeddable":true,"href":"https:\/\/elfsight.com\/pt\/wp-json\/wp\/v2\/comments?post=12497"}],"version-history":[{"count":1,"href":"https:\/\/elfsight.com\/pt\/wp-json\/wp\/v2\/pages\/12497\/revisions"}],"predecessor-version":[{"id":12501,"href":"https:\/\/elfsight.com\/pt\/wp-json\/wp\/v2\/pages\/12497\/revisions\/12501"}],"wp:attachment":[{"href":"https:\/\/elfsight.com\/pt\/wp-json\/wp\/v2\/media?parent=12497"}],"curies":[{"name":"wp","href":"https:\/\/api.w.org\/{rel}","templated":true}]}}