{"id":12490,"date":"2024-05-24T13:00:12","date_gmt":"2024-05-24T13:00:12","guid":{"rendered":"https:\/\/elfsight.com\/pt\/?page_id=12490"},"modified":"2024-07-16T10:47:12","modified_gmt":"2024-07-16T10:47:12","slug":"ceros-widgets","status":"publish","type":"page","link":"https:\/\/elfsight.com\/pt\/ceros-widgets\/","title":{"rendered":"ceros widgets"},"content":{"rendered":"<h2>As excelentes solu\u00e7\u00f5es para qualquer tarefa do seu site Ceros <\/h2><p>Ao longo de nove anos, nossa equipe Elfsight de especialistas cria widgets convenientes e totalmente responsivos para voc\u00ea. Sempre oferecemos ajuda r\u00e1pida e uma taxa de carregamento incr\u00edvel. Os widgets Elfsight d\u00e3o uma m\u00e3o a muitos propriet\u00e1rios de lojas online, sem fins lucrativos e de muitos outros sites em diferentes partes do mundo para lidar com os problemas essenciais do site de forma mais eficiente. <\/p><p>Apenas integrando plugins em seu site, voc\u00ea pode aumentar as vendas, mostrar feedback positivo sobre seus servi\u00e7os e melhorar a boa atitude em rela\u00e7\u00e3o \u00e0 sua empresa. Nossos planos variam de gratuitos a premium. Incorpore rapidamente os plugins desejados, usando nosso demo online e determine o quanto ser\u00e1 \u00fatil em termos de otimiza\u00e7\u00e3o do site da sua empresa. <\/p><h2> Por que nossos widgets Ceros s\u00e3o ferramentas premium para voc\u00ea? <\/h2><p> Descubra por si mesmo uma lista de principais recursos de nossos plugins, que nos garantem ser mais eficazes do que nossos concorrentes: <\/p><ul><li> Suporte gratuito e r\u00e1pido com integra\u00e7\u00e3o ou ajuste de plugins; <\/li><li> Flexibilidade para quaisquer par\u00e2metros de dispositivo; <\/li><li> N\u00e3o \u00e9 mais necess\u00e1rio programar; <\/li><li> Uma vasta variedade de oportunidades de design; <\/li><li> Ajuda de armazenamento de dados em nuvem para aumentar a velocidade de carregamento; <\/li><li> Atualiza\u00e7\u00f5es gratuitas constantes; <\/li><li> Faixa de pre\u00e7os flex\u00edvel; <\/li><li> Assist\u00eancia constante para quaisquer problemas dos clientes. <\/li><\/ul><p>Comece a usar a op\u00e7\u00e3o gratuita de nossos widgets e atualize seu site com seu potencial ou escolha qualquer solu\u00e7\u00e3o necess\u00e1ria com um desconto de 20%. <p><h2>Como usar os widgets Elfsight na sua plataforma Ceros<\/h2><p>Para integrar as solu\u00e7\u00f5es, veja o tutorial detalhado: <\/p><ol><li> Selecione a solu\u00e7\u00e3o necess\u00e1ria; <\/li><li> Personalize algumas configura\u00e7\u00f5es necess\u00e1rias conforme necess\u00e1rio; <\/li><li> Clique no bot\u00e3o &#8220;Salvar&#8221;; <\/li><li> Veja o c\u00f3digo recebido; <\/li><li> Adicione-o ao local apropriado do seu site ou modelo; <\/li><li> A integra\u00e7\u00e3o do widget foi conclu\u00edda com sucesso. <\/li><\/ol><p>Se surgirem algumas dificuldades, sinta-se \u00e0 vontade para informar o Centro de Suporte. <\/p><div class=\"faq\" data-component=\"FAQ\"><div class=\"faq-item\">\r\n\t\t\t\t\t<div class=\"faq-item-question\">\r\n\t\t\t\t\t\t<h3 class=\"faq-item-question-text\">De que forma eu insiro os widgets no meu tema Ceros? <\/h3>\r\n\r\n\t\t\t\t\t\t<div class=\"faq-item-question-icon\"><\/div>\r\n\t\t\t\t\t<\/div>\r\n\r\n\t\t\t\t\t<div class=\"faq-item-answer\">\r\n\t\t\t\t\t\t<div class=\"faq-item-answer-text\"><p>Voc\u00ea \u00e9 livre para implementar os widgets em seu site. Basta abrir o painel de administra\u00e7\u00e3o e seguir estes passos: <\/p><ol><li>Clique em configura\u00e7\u00f5es do tema; <\/li><li>Encontre o bloco onde voc\u00ea precisa implementar o widget; <\/li><li>adicionar o c\u00f3digo dos Aplicativos Elfsight e aplicar seus ajustes. <\/li><p>Finalizado. <\/p><\/div>\r\n\t\t\t\t\t<\/div>\r\n\t\t\t\t<\/div><div class=\"faq-item\">\r\n\t\t\t\t\t<div class=\"faq-item-question\">\r\n\t\t\t\t\t\t<h3 class=\"faq-item-question-text\">Quais vers\u00f5es e modelos Ceros podem ser compat\u00edveis com o widget? <\/h3>\r\n\r\n\t\t\t\t\t\t<div class=\"faq-item-question-icon\"><\/div>\r\n\t\t\t\t\t<\/div>\r\n\r\n\t\t\t\t\t<div class=\"faq-item-answer\">\r\n\t\t\t\t\t\t<div class=\"faq-item-answer-text\">Os widgets Elfsight s\u00e3o adequados para qualquer vers\u00e3o de temas do site Ceros. Garantimos o trabalho confi\u00e1vel de nossas ferramentas. [faq_item question_tag=\"h3\" schema_markup=\"1\" question=\"Onde posso verificar as visualiza\u00e7\u00f5es dos widgets? \"]Todos os nossos clientes podem aplicar todas as altera\u00e7\u00f5es necess\u00e1rias das op\u00e7\u00f5es do widget no editor Elfsight. <\/div>\r\n\t\t\t\t\t<\/div>\r\n\t\t\t\t<\/div><div class=\"faq-item\">\r\n\t\t\t\t\t<div class=\"faq-item-question\">\r\n\t\t\t\t\t\t<h3 class=\"faq-item-question-text\">Posso enviar um email ao Centro de Ajuda no caso de eu ainda n\u00e3o ter me inscrito? <\/h3>\r\n\r\n\t\t\t\t\t\t<div class=\"faq-item-question-icon\"><\/div>\r\n\t\t\t\t\t<\/div>\r\n\r\n\t\t\t\t\t<div class=\"faq-item-answer\">\r\n\t\t\t\t\t\t<div class=\"faq-item-answer-text\"><p>Todos os nossos usu\u00e1rios podem escrever para nossa equipe de Suporte capacitada para pedir uma recomenda\u00e7\u00e3o sobre o desempenho das solu\u00e7\u00f5es. <\/div>\r\n\t\t\t\t\t<\/div>\r\n\t\t\t\t<\/div><\/div>","protected":false},"excerpt":{"rendered":"As excelentes solu\u00e7\u00f5es para qualquer tarefa do seu site Ceros Ao longo de nove anos, nossa equipe Elfsight de especialistas cria widgets convenientes e totalmente responsivos para voc\u00ea. Sempre oferecemos ajuda r\u00e1pida e uma taxa de carregamento incr\u00edvel. Os widgets Elfsight d\u00e3o uma m\u00e3o a muitos propriet\u00e1rios de lojas online,&#8230;","protected":false},"author":9,"featured_media":0,"parent":0,"menu_order":0,"comment_status":"closed","ping_status":"closed","template":"templates\/template-platform.php","meta":{"publish_to_discourse":"","publish_post_category":"","wpdc_auto_publish_overridden":"","wpdc_topic_tags":"","wpdc_pin_topic":"","wpdc_pin_until":"","discourse_post_id":"","discourse_permalink":"","wpdc_publishing_response":"","wpdc_publishing_error":"","footnotes":""},"class_list":["post-12490","page","type-page","status-publish","hentry"],"yoast_head":"<!-- This site is optimized with the Yoast SEO plugin v25.3.1 - https:\/\/yoast.com\/wordpress\/plugins\/seo\/ -->\n<title>Widgets Ceros - Veja uma das melhores solu\u00e7\u00f5es para o site Ceros<\/title>\n<meta name=\"description\" content=\"Lista gratuita de widgets e plugins testados exclusivamente para sites Ceros. Ajuda com personaliza\u00e7\u00e3o e um conjunto rico de op\u00e7\u00f5es.\" \/>\n<meta name=\"robots\" content=\"index, follow, max-snippet:-1, max-image-preview:large, max-video-preview:-1\" \/>\n<link rel=\"canonical\" href=\"https:\/\/elfsight.com\/pt\/ceros-widgets\/\" \/>\n<meta property=\"og:locale\" content=\"pt_PT\" \/>\n<meta property=\"og:type\" content=\"article\" \/>\n<meta property=\"og:title\" content=\"Widgets Ceros - Veja uma das melhores solu\u00e7\u00f5es para o site Ceros\" \/>\n<meta property=\"og:description\" content=\"Lista gratuita de widgets e plugins testados exclusivamente para sites Ceros. Ajuda com personaliza\u00e7\u00e3o e um conjunto rico de op\u00e7\u00f5es.\" \/>\n<meta property=\"og:url\" content=\"https:\/\/elfsight.com\/pt\/ceros-widgets\/\" \/>\n<meta property=\"og:site_name\" content=\"Elfsight PT\" \/>\n<meta property=\"article:modified_time\" content=\"2024-07-16T10:47:12+00:00\" \/>\n<meta name=\"twitter:card\" content=\"summary_large_image\" \/>\n<meta name=\"twitter:label1\" content=\"Tempo estimado de leitura\" \/>\n\t<meta name=\"twitter:data1\" content=\"3 minutos\" \/>\n<!-- \/ Yoast SEO plugin. -->","yoast_head_json":{"title":"Widgets Ceros - Veja uma das melhores solu\u00e7\u00f5es para o site Ceros","description":"Lista gratuita de widgets e plugins testados exclusivamente para sites Ceros. Ajuda com personaliza\u00e7\u00e3o e um conjunto rico de op\u00e7\u00f5es.","robots":{"index":"index","follow":"follow","max-snippet":"max-snippet:-1","max-image-preview":"max-image-preview:large","max-video-preview":"max-video-preview:-1"},"canonical":"https:\/\/elfsight.com\/pt\/ceros-widgets\/","og_locale":"pt_PT","og_type":"article","og_title":"Widgets Ceros - Veja uma das melhores solu\u00e7\u00f5es para o site Ceros","og_description":"Lista gratuita de widgets e plugins testados exclusivamente para sites Ceros. Ajuda com personaliza\u00e7\u00e3o e um conjunto rico de op\u00e7\u00f5es.","og_url":"https:\/\/elfsight.com\/pt\/ceros-widgets\/","og_site_name":"Elfsight PT","article_modified_time":"2024-07-16T10:47:12+00:00","twitter_card":"summary_large_image","twitter_misc":{"Tempo estimado de leitura":"3 minutos"},"schema":{"@context":"https:\/\/schema.org","@graph":[{"@type":"WebPage","@id":"https:\/\/elfsight.com\/pt\/ceros-widgets\/","url":"https:\/\/elfsight.com\/pt\/ceros-widgets\/","name":"Widgets Ceros - Veja uma das melhores solu\u00e7\u00f5es para o site Ceros","isPartOf":{"@id":"https:\/\/elfsight.com\/pt\/#website"},"datePublished":"2024-05-24T13:00:12+00:00","dateModified":"2024-07-16T10:47:12+00:00","description":"Lista gratuita de widgets e plugins testados exclusivamente para sites Ceros. Ajuda com personaliza\u00e7\u00e3o e um conjunto rico de op\u00e7\u00f5es.","breadcrumb":{"@id":"https:\/\/elfsight.com\/pt\/ceros-widgets\/#breadcrumb"},"inLanguage":"pt-PT","potentialAction":[{"@type":"ReadAction","target":["https:\/\/elfsight.com\/pt\/ceros-widgets\/"]}]},{"@type":"BreadcrumbList","@id":"https:\/\/elfsight.com\/pt\/ceros-widgets\/#breadcrumb","itemListElement":[{"@type":"ListItem","position":1,"name":"Home","item":"https:\/\/elfsight.com\/pt\/"},{"@type":"ListItem","position":2,"name":"ceros widgets"}]},{"@type":"WebSite","@id":"https:\/\/elfsight.com\/pt\/#website","url":"https:\/\/elfsight.com\/pt\/","name":"Elfsight PT","description":"Just another Elfsight Sites site","potentialAction":[{"@type":"SearchAction","target":{"@type":"EntryPoint","urlTemplate":"https:\/\/elfsight.com\/pt\/?s={search_term_string}"},"query-input":{"@type":"PropertyValueSpecification","valueRequired":true,"valueName":"search_term_string"}}],"inLanguage":"pt-PT"}]}},"meta_box":{"industry":"","seo_heading":"","heading":"","description":"","cta_heading":"","cta_description":"","application":"","h1":"Os melhores widgets Ceros","h1_caption":"S\u00e9rie gratuita de widgets excelentes com funcionalidades ricas para aumentar o interesse do usu\u00e1rio e atingir todos os diferentes objetivos de marketing. F\u00e1cil integra\u00e7\u00e3o, amplo conjunto de op\u00e7\u00f5es de personaliza\u00e7\u00e3o e atendimento altamente qualificado.","application_category":[],"applications_title":"Confira o conjunto completo de plug-ins gratuitos para o seu site","applications_request_title":"N\u00e3o consegue encontrar o widget certo?","applications_request_button_text":"Solicite um widget","hero_text":"","hero_video":"","hero_video_schema_markup":"","selling_points_title":"","selling_points_caption":"","selling_points":[],"selling_points_cta_text":"","features_title":"","features":"","ed_cta_examples_text":"","ed_cta_examples_hidden":"","ed_cta_demo_text":"","ed_cta_demo_hidden":"","why_caption":"","why_editor_title":"","why_editor_text":"","why_team_title":"","why_team_text":"","why_service_title":"","why_service_text":"","template_catalog_visible":"","template_catalog_title":"","template_catalog_text":"","template_catalog_categories_visible":"","demo_title":"","demo_caption":"","default_faq_hidden":"","app_template_category":[],"platform":"5341","template_public_id":"","codecanyon_url":"","codecanyon_item_id":"","codecanyon_price":"","pricing_caption":"","pricing_elfsight_apps_hide_column":"","pricing_elfsight_apps_url":"","pricing_codecanyon_price_caption":"","integration_category":[],"integration_request_title":"","integration_request_cta":"","integration_platform":"","integrations":[],"platform_category":[],"video_schema_markup":"","price":"","trial":"","benefits":[],"button_url":"","button_target_blank":"","button_nofollow":"","attributes":[],"tags":[],"tags_disable_links":"","hide_more_platforms":"","video_object":"","demo_hide_cta":"","demo_hide_cloud_options":"","pricing_title":"","pricing":[],"related_apps_title":"","related_apps_hidden":"","author":"","image":[],"title":"","job":"","social_networks":[]},"_links":{"self":[{"href":"https:\/\/elfsight.com\/pt\/wp-json\/wp\/v2\/pages\/12490","targetHints":{"allow":["GET"]}}],"collection":[{"href":"https:\/\/elfsight.com\/pt\/wp-json\/wp\/v2\/pages"}],"about":[{"href":"https:\/\/elfsight.com\/pt\/wp-json\/wp\/v2\/types\/page"}],"author":[{"embeddable":true,"href":"https:\/\/elfsight.com\/pt\/wp-json\/wp\/v2\/users\/9"}],"replies":[{"embeddable":true,"href":"https:\/\/elfsight.com\/pt\/wp-json\/wp\/v2\/comments?post=12490"}],"version-history":[{"count":1,"href":"https:\/\/elfsight.com\/pt\/wp-json\/wp\/v2\/pages\/12490\/revisions"}],"predecessor-version":[{"id":12494,"href":"https:\/\/elfsight.com\/pt\/wp-json\/wp\/v2\/pages\/12490\/revisions\/12494"}],"wp:attachment":[{"href":"https:\/\/elfsight.com\/pt\/wp-json\/wp\/v2\/media?parent=12490"}],"curies":[{"name":"wp","href":"https:\/\/api.w.org\/{rel}","templated":true}]}}