{"id":12484,"date":"2024-05-24T13:00:12","date_gmt":"2024-05-24T13:00:12","guid":{"rendered":"https:\/\/elfsight.com\/pt\/?page_id=12484"},"modified":"2024-07-16T10:47:04","modified_gmt":"2024-07-16T10:47:04","slug":"wuilt-widgets","status":"publish","type":"page","link":"https:\/\/elfsight.com\/pt\/wuilt-widgets\/","title":{"rendered":"wuilt widgets"},"content":{"rendered":"<h2>O servi\u00e7o mais inteligente para dar o m\u00e1ximo ao seu site Wuilt <\/h2><p>Ao longo de nove anos, nossa equipe Elfsight de especialistas cria plugins em nuvem e totalmente responsivos para o seu site. Nossa equipe sempre oferece ajuda r\u00e1pida e uma taxa de carregamento r\u00e1pida. Essas ferramentas d\u00e3o uma m\u00e3o a muitos propriet\u00e1rios de sites de com\u00e9rcio online, educacionais e de muitos outros sites ao redor do mundo para lidar de forma mais racional com os problemas vitais do site. <\/p><p>Simplesmente implementar plugins em seu site pode aumentar a taxa de vendas, mostrar opini\u00f5es de 5 estrelas sobre seus produtos, cultivar confian\u00e7a em sua empresa. Nossos planos variam de gratuitos a premium. Aplique rapidamente qualquer widget desejado em seu site, usando nosso demo interativo e defina o quanto pode ser importante em termos de desenvolvimento do site da sua empresa. <\/p><h2> Por que nossos widgets Wuilt s\u00e3o a solu\u00e7\u00e3o perfeita para o seu site? <\/h2><p>Aqui est\u00e1 uma lista de benef\u00edcios de nossos plugins, que nos garantem ser melhores que os concorrentes: <\/p><ul><li>Resposta gratuita e r\u00e1pida com instala\u00e7\u00e3o ou personaliza\u00e7\u00e3o de plugins; <\/li><li>Adapta\u00e7\u00e3o autom\u00e1tica a todas as resolu\u00e7\u00f5es de tela; <\/li><li>N\u00e3o \u00e9 necess\u00e1rio ter habilidades de programa\u00e7\u00e3o; <\/li><li>Uma ampla variedade de oportunidades de ajuste; <\/li><li>Solu\u00e7\u00f5es em nuvem garantem velocidade de carregamento avan\u00e7ada; <\/li><li>Atualiza\u00e7\u00f5es gratuitas permanentes; <\/li><li>Tarifas de pre\u00e7os justas; <\/li><li>Assist\u00eancia profissional para quaisquer d\u00favidas dos clientes. <\/li><\/ul><p>Teste o plano Lite gratuito para nossos widgets e aproveite seus recursos ou compre qualquer ferramenta desejada com 20% de desconto. <\/p><p><\/p><h2>Como adicionar widgets Elfsight no site Wuilt<\/h2><p>Para adicionar nossos plugins, veja os pontos da instru\u00e7\u00e3o breve: <\/p><ol><li>Comece com a ferramenta adequada; <\/li><li>Configure as configura\u00e7\u00f5es essenciais conforme necess\u00e1rio; <\/li><li>Clique em &#8220;salvar as altera\u00e7\u00f5es&#8221;; <\/li><li>Copie o c\u00f3digo recebido; <\/li><li>Instale o c\u00f3digo no local dispon\u00edvel do seu site ou modelo; <\/li><li>Pronto! Voc\u00ea implementou com sucesso a ferramenta. <\/li><\/ol><p>Se tiver algum problema, por favor, envie uma mensagem para nossa equipe de suporte. <\/p><div class=\"faq\" data-component=\"FAQ\"><div class=\"faq-item\">\r\n\t\t\t\t\t<div class=\"faq-item-question\">\r\n\t\t\t\t\t\t<h3 class=\"faq-item-question-text\">De que maneira posso adicionar os widgets ao meu modelo Wuilt?<\/h3>\r\n\r\n\t\t\t\t\t\t<div class=\"faq-item-question-icon\"><\/div>\r\n\t\t\t\t\t<\/div>\r\n\r\n\t\t\t\t\t<div class=\"faq-item-answer\">\r\n\t\t\t\t\t\t<div class=\"faq-item-answer-text\"><p>Voc\u00ea pode incorporar os widgets em seu site. Basta abrir o painel de administra\u00e7\u00e3o e seguir estas etapas: <\/p><ol><li>Clique em configura\u00e7\u00f5es do tema; <\/li><li>escolha a parte onde voc\u00ea deseja incorporar o widget; <\/li><li>adicionar seu c\u00f3digo dos Aplicativos Elfsight e aplicar os ajustes. <\/li><p>Pronto. <\/p><\/div>\r\n\t\t\t\t\t<\/div>\r\n\t\t\t\t<\/div><div class=\"faq-item\">\r\n\t\t\t\t\t<div class=\"faq-item-question\">\r\n\t\t\t\t\t\t<h3 class=\"faq-item-question-text\">Quais vers\u00f5es e temas do Wuilt s\u00e3o compat\u00edveis com o widget?<\/h3>\r\n\r\n\t\t\t\t\t\t<div class=\"faq-item-question-icon\"><\/div>\r\n\t\t\t\t\t<\/div>\r\n\r\n\t\t\t\t\t<div class=\"faq-item-answer\">\r\n\t\t\t\t\t\t<div class=\"faq-item-answer-text\"> Os widgets Elfsight suportam todas as op\u00e7\u00f5es de templates do site Wuilt. Garantimos um desempenho \u00f3timo de todas as ferramentas. [faq_item question_tag=\"h3\" schema_markup=\"1\" question=\"Onde poderei fazer altera\u00e7\u00f5es nas configura\u00e7\u00f5es dos widgets? \"]Todos os nossos usu\u00e1rios podem alterar as altera\u00e7\u00f5es necess\u00e1rias das caracter\u00edsticas do widget no configurador de iniciativa. <\/div>\r\n\t\t\t\t\t<\/div>\r\n\t\t\t\t<\/div><div class=\"faq-item\">\r\n\t\t\t\t\t<div class=\"faq-item-question\">\r\n\t\t\t\t\t\t<h3 class=\"faq-item-question-text\">Posso enviar um e-mail para a equipe de suporte quando precisar de ajuda apenas com as configura\u00e7\u00f5es? <\/h3>\r\n\r\n\t\t\t\t\t\t<div class=\"faq-item-question-icon\"><\/div>\r\n\t\t\t\t\t<\/div>\r\n\r\n\t\t\t\t\t<div class=\"faq-item-answer\">\r\n\t\t\t\t\t\t<div class=\"faq-item-answer-text\"><p>Todos os nossos clientes podem escrever para nossos especialistas altamente qualificados de Suporte para pedir uma recomenda\u00e7\u00e3o sobre as configura\u00e7\u00f5es e integra\u00e7\u00e3o de nossas solu\u00e7\u00f5es. <\/div>\r\n\t\t\t\t\t<\/div>\r\n\t\t\t\t<\/div><\/div><\/p><\/ol>","protected":false},"excerpt":{"rendered":"O servi\u00e7o mais inteligente para dar o m\u00e1ximo ao seu site Wuilt Ao longo de nove anos, nossa equipe Elfsight de especialistas cria plugins em nuvem e totalmente responsivos para o seu site. Nossa equipe sempre oferece ajuda r\u00e1pida e uma taxa de carregamento r\u00e1pida. Essas ferramentas d\u00e3o uma m\u00e3o&#8230;","protected":false},"author":9,"featured_media":0,"parent":0,"menu_order":0,"comment_status":"closed","ping_status":"closed","template":"templates\/template-platform.php","meta":{"publish_to_discourse":"","publish_post_category":"","wpdc_auto_publish_overridden":"","wpdc_topic_tags":"","wpdc_pin_topic":"","wpdc_pin_until":"","discourse_post_id":"","discourse_permalink":"","wpdc_publishing_response":"","wpdc_publishing_error":"","footnotes":""},"class_list":["post-12484","page","type-page","status-publish","hentry"],"yoast_head":"<!-- This site is optimized with the Yoast SEO plugin v25.3.1 - https:\/\/yoast.com\/wordpress\/plugins\/seo\/ -->\n<title>Widgets Wuilt - Veja uma das melhores solu\u00e7\u00f5es para o site Wuilt<\/title>\n<meta name=\"description\" content=\"Biblioteca gratuita dos melhores complementos e plugins gratuitos para sites Wuilt. Ajuda com personaliza\u00e7\u00e3o e um conjunto impressionante de op\u00e7\u00f5es.\" \/>\n<meta name=\"robots\" content=\"index, follow, max-snippet:-1, max-image-preview:large, max-video-preview:-1\" \/>\n<link rel=\"canonical\" href=\"https:\/\/elfsight.com\/pt\/wuilt-widgets\/\" \/>\n<meta property=\"og:locale\" content=\"pt_PT\" \/>\n<meta property=\"og:type\" content=\"article\" \/>\n<meta property=\"og:title\" content=\"Widgets Wuilt - Veja uma das melhores solu\u00e7\u00f5es para o site Wuilt\" \/>\n<meta property=\"og:description\" content=\"Biblioteca gratuita dos melhores complementos e plugins gratuitos para sites Wuilt. Ajuda com personaliza\u00e7\u00e3o e um conjunto impressionante de op\u00e7\u00f5es.\" \/>\n<meta property=\"og:url\" content=\"https:\/\/elfsight.com\/pt\/wuilt-widgets\/\" \/>\n<meta property=\"og:site_name\" content=\"Elfsight PT\" \/>\n<meta property=\"article:modified_time\" content=\"2024-07-16T10:47:04+00:00\" \/>\n<meta name=\"twitter:card\" content=\"summary_large_image\" \/>\n<meta name=\"twitter:label1\" content=\"Tempo estimado de leitura\" \/>\n\t<meta name=\"twitter:data1\" content=\"3 minutos\" \/>\n<!-- \/ Yoast SEO plugin. -->","yoast_head_json":{"title":"Widgets Wuilt - Veja uma das melhores solu\u00e7\u00f5es para o site Wuilt","description":"Biblioteca gratuita dos melhores complementos e plugins gratuitos para sites Wuilt. Ajuda com personaliza\u00e7\u00e3o e um conjunto impressionante de op\u00e7\u00f5es.","robots":{"index":"index","follow":"follow","max-snippet":"max-snippet:-1","max-image-preview":"max-image-preview:large","max-video-preview":"max-video-preview:-1"},"canonical":"https:\/\/elfsight.com\/pt\/wuilt-widgets\/","og_locale":"pt_PT","og_type":"article","og_title":"Widgets Wuilt - Veja uma das melhores solu\u00e7\u00f5es para o site Wuilt","og_description":"Biblioteca gratuita dos melhores complementos e plugins gratuitos para sites Wuilt. Ajuda com personaliza\u00e7\u00e3o e um conjunto impressionante de op\u00e7\u00f5es.","og_url":"https:\/\/elfsight.com\/pt\/wuilt-widgets\/","og_site_name":"Elfsight PT","article_modified_time":"2024-07-16T10:47:04+00:00","twitter_card":"summary_large_image","twitter_misc":{"Tempo estimado de leitura":"3 minutos"},"schema":{"@context":"https:\/\/schema.org","@graph":[{"@type":"WebPage","@id":"https:\/\/elfsight.com\/pt\/wuilt-widgets\/","url":"https:\/\/elfsight.com\/pt\/wuilt-widgets\/","name":"Widgets Wuilt - Veja uma das melhores solu\u00e7\u00f5es para o site Wuilt","isPartOf":{"@id":"https:\/\/elfsight.com\/pt\/#website"},"datePublished":"2024-05-24T13:00:12+00:00","dateModified":"2024-07-16T10:47:04+00:00","description":"Biblioteca gratuita dos melhores complementos e plugins gratuitos para sites Wuilt. Ajuda com personaliza\u00e7\u00e3o e um conjunto impressionante de op\u00e7\u00f5es.","breadcrumb":{"@id":"https:\/\/elfsight.com\/pt\/wuilt-widgets\/#breadcrumb"},"inLanguage":"pt-PT","potentialAction":[{"@type":"ReadAction","target":["https:\/\/elfsight.com\/pt\/wuilt-widgets\/"]}]},{"@type":"BreadcrumbList","@id":"https:\/\/elfsight.com\/pt\/wuilt-widgets\/#breadcrumb","itemListElement":[{"@type":"ListItem","position":1,"name":"Home","item":"https:\/\/elfsight.com\/pt\/"},{"@type":"ListItem","position":2,"name":"wuilt widgets"}]},{"@type":"WebSite","@id":"https:\/\/elfsight.com\/pt\/#website","url":"https:\/\/elfsight.com\/pt\/","name":"Elfsight PT","description":"Just another Elfsight Sites site","potentialAction":[{"@type":"SearchAction","target":{"@type":"EntryPoint","urlTemplate":"https:\/\/elfsight.com\/pt\/?s={search_term_string}"},"query-input":{"@type":"PropertyValueSpecification","valueRequired":true,"valueName":"search_term_string"}}],"inLanguage":"pt-PT"}]}},"meta_box":{"industry":"","seo_heading":"","heading":"","description":"","cta_heading":"","cta_description":"","application":"","h1":"Os melhores widgets Wuilt","h1_caption":"S\u00e9rie gratuita de excelentes widgets com uma grande variedade de funcionalidades para atrair mais interesse do usu\u00e1rio e realizar todas as tarefas essenciais de marketing. Configura\u00e7\u00e3o f\u00e1cil, um amplo conjunto de configura\u00e7\u00f5es personalizadas e servi\u00e7o cont\u00ednuo.","application_category":[],"applications_title":"Explore toda a lista de widgets gratuitos para o site","applications_request_title":"N\u00e3o consegue encontrar o widget certo?","applications_request_button_text":"Solicite um widget","hero_text":"","hero_video":"","hero_video_schema_markup":"","selling_points_title":"","selling_points_caption":"","selling_points":[],"selling_points_cta_text":"","features_title":"","features":"","ed_cta_examples_text":"","ed_cta_examples_hidden":"","ed_cta_demo_text":"","ed_cta_demo_hidden":"","why_caption":"","why_editor_title":"","why_editor_text":"","why_team_title":"","why_team_text":"","why_service_title":"","why_service_text":"","template_catalog_visible":"","template_catalog_title":"","template_catalog_text":"","template_catalog_categories_visible":"","demo_title":"","demo_caption":"","default_faq_hidden":"","app_template_category":[],"platform":"5339","template_public_id":"","codecanyon_url":"","codecanyon_item_id":"","codecanyon_price":"","pricing_caption":"","pricing_elfsight_apps_hide_column":"","pricing_elfsight_apps_url":"","pricing_codecanyon_price_caption":"","integration_category":[],"integration_request_title":"","integration_request_cta":"","integration_platform":"","integrations":[],"platform_category":[],"video_schema_markup":"","price":"","trial":"","benefits":[],"button_url":"","button_target_blank":"","button_nofollow":"","attributes":[],"tags":[],"tags_disable_links":"","hide_more_platforms":"","video_object":"","demo_hide_cta":"","demo_hide_cloud_options":"","pricing_title":"","pricing":[],"related_apps_title":"","related_apps_hidden":"","author":"","image":[],"title":"","job":"","social_networks":[]},"_links":{"self":[{"href":"https:\/\/elfsight.com\/pt\/wp-json\/wp\/v2\/pages\/12484","targetHints":{"allow":["GET"]}}],"collection":[{"href":"https:\/\/elfsight.com\/pt\/wp-json\/wp\/v2\/pages"}],"about":[{"href":"https:\/\/elfsight.com\/pt\/wp-json\/wp\/v2\/types\/page"}],"author":[{"embeddable":true,"href":"https:\/\/elfsight.com\/pt\/wp-json\/wp\/v2\/users\/9"}],"replies":[{"embeddable":true,"href":"https:\/\/elfsight.com\/pt\/wp-json\/wp\/v2\/comments?post=12484"}],"version-history":[{"count":1,"href":"https:\/\/elfsight.com\/pt\/wp-json\/wp\/v2\/pages\/12484\/revisions"}],"predecessor-version":[{"id":12488,"href":"https:\/\/elfsight.com\/pt\/wp-json\/wp\/v2\/pages\/12484\/revisions\/12488"}],"wp:attachment":[{"href":"https:\/\/elfsight.com\/pt\/wp-json\/wp\/v2\/media?parent=12484"}],"curies":[{"name":"wp","href":"https:\/\/api.w.org\/{rel}","templated":true}]}}