{"id":12468,"date":"2024-05-24T13:00:12","date_gmt":"2024-05-24T13:00:12","guid":{"rendered":"https:\/\/elfsight.com\/pt\/?page_id=12468"},"modified":"2025-07-26T14:23:37","modified_gmt":"2025-07-26T14:23:37","slug":"umbraco-plugins","status":"publish","type":"page","link":"https:\/\/elfsight.com\/pt\/umbraco-plugins\/","title":{"rendered":"umbraco plugins"},"content":{"rendered":"\n<h2>O servi\u00e7o ideal para cada objetivo do seu site Umbraco<\/h2><p>Ao longo dos anos, nossa equipe de especialistas da Elfsight lan\u00e7a lan\u00e7amentos simples e plug-ins compat\u00edveis com dispositivos m\u00f3veis para o seu site. Organizamos constantemente para voc\u00ea um suporte r\u00e1pido e uma velocidade de carregamento incr\u00edvel. Os plug-ins da Elfsight ajudam muitas empresas, institui\u00e7\u00f5es educacionais e muitos outros propriet\u00e1rios de sites em todo o mundo a lidar com os problemas b\u00e1sicos do site de forma mais eficiente. <\/p><p>A simples adi\u00e7\u00e3o de plug-ins ao seu site pode aumentar a taxa de leads, mostrar as melhores opini\u00f5es sobre seus produtos e aumentar a confian\u00e7a em sua empresa. Os planos de assinatura v\u00e3o de gratuitos a VIP. Experimente integrar quaisquer plugins adequados ao seu site, utilizando a nossa demonstra\u00e7\u00e3o ao vivo e veja o quanto ser\u00e1 \u00fatil em termos de otimiza\u00e7\u00e3o do site do seu neg\u00f3cio. <\/p><h2>Por que nossos plug-ins Umbraco s\u00e3o ferramentas t\u00e3o impressionantes para voc\u00ea? <\/h2><p> Descubra voc\u00ea mesmo uma lista dos melhores recursos de nossos plugins, que nos garantem ser melhores que nossos rivais: <\/p><ul><li>Ajuda gratuita e r\u00e1pida na implementa\u00e7\u00e3o ou adapta\u00e7\u00e3o de plugins; <\/li><li>Adaptabilidade a todos os tamanhos de tela; <\/li><li>Desnecess\u00e1rio codificar; <\/li><li> Uma ampla variedade de oportunidades de personaliza\u00e7\u00e3o; <\/li><li>Plugins baseados em nuvem oferecem maior velocidade de carregamento; <\/li><li>Atualiza\u00e7\u00f5es constantes e sem cobran\u00e7a; <\/li><li> Tarifas de pre\u00e7os flex\u00edveis; <\/li><li> Ajuda constante para quaisquer problemas dos clientes. <\/li><\/ul><p>Comece a usar a op\u00e7\u00e3o gratuita de nossos plugins e atualize seu site com seus recursos ou selecione qualquer solu\u00e7\u00e3o selecionada com um cupom de 20%. <\/p><h2>Como integrar seus plugins no site Umbraco<\/h2><p>Para integrar a ferramenta, aplique todos os do tutorial descomplicado: <\/p><ol><li>Selecione o solu\u00e7\u00e3o necess\u00e1ria; <\/li><li> Defina a configura\u00e7\u00e3o adequada conforme necess\u00e1rio; <\/li><li> N\u00e3o se esque\u00e7a de salvar as altera\u00e7\u00f5es; <\/li><li> Obtenha o c\u00f3digo recebido; <\/li><li>Adicione-o no local desejado do seu site ou modelo; <\/li><li>Conclu\u00eddo! Voc\u00ea incorporou totalmente a ferramenta. <\/li><\/ol><p>Se parecer que voc\u00ea tem algum problema, basta informar nossa Central de Suporte. <\/p><div class=\"faq\" data-component=\"FAQ\"><div class=\"faq-item\">\r\n\t\t\t\t\t<div class=\"faq-item-question\">\r\n\t\t\t\t\t\t<h3 class=\"faq-item-question-text\">Como posso inserir os plugins no meu modelo Umbraco?<\/h3>\r\n\r\n\t\t\t\t\t\t<div class=\"faq-item-question-icon\"><\/div>\r\n\t\t\t\t\t<\/div>\r\n\r\n\t\t\t\t\t<div class=\"faq-item-answer\">\r\n\t\t\t\t\t\t<div class=\"faq-item-answer-text\"><p>Voc\u00ea pode inserir os plugins no layout do seu site. Basta abrir o painel do administrador e realizar as seguintes a\u00e7\u00f5es: <\/p><ol><li>Selecionar as configura\u00e7\u00f5es do tema; <\/li><li>Encontre a parte onde voc\u00ea deseja inserir o aplicativo; <\/li><li>incorpore o seu c\u00f3digo dos plugins da Elfsight e guarde as suas altera\u00e7\u00f5es. <\/li><\/ol><p>Terminou. <\/p><\/div>\r\n\t\t\t\t\t<\/div>\r\n\t\t\t\t<\/div><div class=\"faq-item\">\r\n\t\t\t\t\t<div class=\"faq-item-question\">\r\n\t\t\t\t\t\t<h3 class=\"faq-item-question-text\">Quais vers\u00f5es e temas do Umbraco podem ser compat\u00edveis com o aplicativo Elfsight?<\/h3>\r\n\r\n\t\t\t\t\t\t<div class=\"faq-item-question-icon\"><\/div>\r\n\t\t\t\t\t<\/div>\r\n\r\n\t\t\t\t\t<div class=\"faq-item-answer\">\r\n\t\t\t\t\t\t<div class=\"faq-item-answer-text\">Os plugins Elfsight podem ser implementados em qualquer modelo de vers\u00e3o do site Umbraco. Garantiremos a voc\u00ea o trabalho confi\u00e1vel de todas as ferramentas. [faq_item question_tag=\"h3\" schema_markup=\"1\" question=\"Onde posso personalizar plugins integrados?\"]Todos os nossos usu\u00e1rios ajustar\u00e3o as altera\u00e7\u00f5es necess\u00e1rias nas configura\u00e7\u00f5es no pr\u00e1tico configurador Elfsight. <\/div>\r\n\t\t\t\t\t<\/div>\r\n\t\t\t\t<\/div><div class=\"faq-item\">\r\n\t\t\t\t\t<div class=\"faq-item-question\">\r\n\t\t\t\t\t\t<h3 class=\"faq-item-question-text\">Posso enviar um email aos especialistas de Ajuda caso ainda n\u00e3o tenha integrado a aplica\u00e7\u00e3o Umbraco?<\/h3>\r\n\r\n\t\t\t\t\t\t<div class=\"faq-item-question-icon\"><\/div>\r\n\t\t\t\t\t<\/div>\r\n\r\n\t\t\t\t\t<div class=\"faq-item-answer\">\r\n\t\t\t\t\t\t<div class=\"faq-item-answer-text\"><p>Todos os clientes podem enviar um email ao centro competente da Elfsight para solicitar assist\u00eancia sobre o uso de solu\u00e7\u00f5es. <\/p><\/div>\r\n\t\t\t\t\t<\/div>\r\n\t\t\t\t<\/div><\/div>\n","protected":false},"excerpt":{"rendered":"O servi\u00e7o ideal para cada objetivo do seu site UmbracoAo longo dos anos, nossa equipe de especialistas da Elfsight lan\u00e7a lan\u00e7amentos simples e plug-ins compat\u00edveis com dispositivos m\u00f3veis para o seu site. Organizamos constantemente para voc\u00ea um suporte r\u00e1pido e uma velocidade de carregamento incr\u00edvel. Os plug-ins da Elfsight ajudam&#8230;","protected":false},"author":9,"featured_media":0,"parent":0,"menu_order":0,"comment_status":"closed","ping_status":"closed","template":"templates\/template-platform.php","meta":{"publish_to_discourse":"","publish_post_category":"","wpdc_auto_publish_overridden":"","wpdc_topic_tags":"","wpdc_pin_topic":"","wpdc_pin_until":"","discourse_post_id":"","discourse_permalink":"","wpdc_publishing_response":"","wpdc_publishing_error":"","footnotes":""},"class_list":["post-12468","page","type-page","status-publish","hentry"],"yoast_head":"<!-- This site is optimized with the Yoast SEO plugin v25.3.1 - https:\/\/yoast.com\/wordpress\/plugins\/seo\/ -->\n<title>80+ Melhores Plugins do Umbraco | A lista de Plugins gratuitos do Umbraco [ 2026 ]<\/title>\n<meta name=\"description\" content=\"Ampla variedade de plugins e integra\u00e7\u00f5es incompar\u00e1veis para p\u00e1ginas da web do Umbraco. Ajuda com personaliza\u00e7\u00e3o e um rico conjunto de op\u00e7\u00f5es.\" \/>\n<meta name=\"robots\" content=\"index, follow, max-snippet:-1, max-image-preview:large, max-video-preview:-1\" \/>\n<link rel=\"canonical\" href=\"https:\/\/elfsight.com\/pt\/umbraco-plugins\/\" \/>\n<meta property=\"og:locale\" content=\"pt_PT\" \/>\n<meta property=\"og:type\" content=\"article\" \/>\n<meta property=\"og:title\" content=\"80+ Melhores Plugins do Umbraco | A lista de Plugins gratuitos do Umbraco [ 2026 ]\" \/>\n<meta property=\"og:description\" content=\"Ampla variedade de plugins e integra\u00e7\u00f5es incompar\u00e1veis para p\u00e1ginas da web do Umbraco. Ajuda com personaliza\u00e7\u00e3o e um rico conjunto de op\u00e7\u00f5es.\" \/>\n<meta property=\"og:url\" content=\"https:\/\/elfsight.com\/pt\/umbraco-plugins\/\" \/>\n<meta property=\"og:site_name\" content=\"Elfsight PT\" \/>\n<meta property=\"article:modified_time\" content=\"2025-07-26T14:23:37+00:00\" \/>\n<meta name=\"twitter:card\" content=\"summary_large_image\" \/>\n<meta name=\"twitter:label1\" content=\"Tempo estimado de leitura\" \/>\n\t<meta name=\"twitter:data1\" content=\"3 minutos\" \/>\n<!-- \/ Yoast SEO plugin. -->","yoast_head_json":{"title":"80+ Melhores Plugins do Umbraco | A lista de Plugins gratuitos do Umbraco [ 2026 ]","description":"Ampla variedade de plugins e integra\u00e7\u00f5es incompar\u00e1veis para p\u00e1ginas da web do Umbraco. Ajuda com personaliza\u00e7\u00e3o e um rico conjunto de op\u00e7\u00f5es.","robots":{"index":"index","follow":"follow","max-snippet":"max-snippet:-1","max-image-preview":"max-image-preview:large","max-video-preview":"max-video-preview:-1"},"canonical":"https:\/\/elfsight.com\/pt\/umbraco-plugins\/","og_locale":"pt_PT","og_type":"article","og_title":"80+ Melhores Plugins do Umbraco | A lista de Plugins gratuitos do Umbraco [ 2026 ]","og_description":"Ampla variedade de plugins e integra\u00e7\u00f5es incompar\u00e1veis para p\u00e1ginas da web do Umbraco. Ajuda com personaliza\u00e7\u00e3o e um rico conjunto de op\u00e7\u00f5es.","og_url":"https:\/\/elfsight.com\/pt\/umbraco-plugins\/","og_site_name":"Elfsight PT","article_modified_time":"2025-07-26T14:23:37+00:00","twitter_card":"summary_large_image","twitter_misc":{"Tempo estimado de leitura":"3 minutos"},"schema":{"@context":"https:\/\/schema.org","@graph":[{"@type":"WebPage","@id":"https:\/\/elfsight.com\/pt\/umbraco-plugins\/","url":"https:\/\/elfsight.com\/pt\/umbraco-plugins\/","name":"80+ Melhores Plugins do Umbraco | A lista de Plugins gratuitos do Umbraco [ 2026 ]","isPartOf":{"@id":"https:\/\/elfsight.com\/pt\/#website"},"datePublished":"2024-05-24T13:00:12+00:00","dateModified":"2025-07-26T14:23:37+00:00","description":"Ampla variedade de plugins e integra\u00e7\u00f5es incompar\u00e1veis para p\u00e1ginas da web do Umbraco. Ajuda com personaliza\u00e7\u00e3o e um rico conjunto de op\u00e7\u00f5es.","breadcrumb":{"@id":"https:\/\/elfsight.com\/pt\/umbraco-plugins\/#breadcrumb"},"inLanguage":"pt-PT","potentialAction":[{"@type":"ReadAction","target":["https:\/\/elfsight.com\/pt\/umbraco-plugins\/"]}]},{"@type":"BreadcrumbList","@id":"https:\/\/elfsight.com\/pt\/umbraco-plugins\/#breadcrumb","itemListElement":[{"@type":"ListItem","position":1,"name":"Home","item":"https:\/\/elfsight.com\/pt\/"},{"@type":"ListItem","position":2,"name":"umbraco plugins"}]},{"@type":"WebSite","@id":"https:\/\/elfsight.com\/pt\/#website","url":"https:\/\/elfsight.com\/pt\/","name":"Elfsight PT","description":"Just another Elfsight Sites site","potentialAction":[{"@type":"SearchAction","target":{"@type":"EntryPoint","urlTemplate":"https:\/\/elfsight.com\/pt\/?s={search_term_string}"},"query-input":{"@type":"PropertyValueSpecification","valueRequired":true,"valueName":"search_term_string"}}],"inLanguage":"pt-PT"}]}},"meta_box":{"industry":"","seo_heading":"","heading":"","description":"","cta_heading":"","cta_description":"","application":"","h1":"Melhores Plugins do Umbraco","h1_caption":"Lista gratuita de plug-ins de primeira linha com funcionalidade completa para obter mais envolvimento do usu\u00e1rio e atender a todos os principais objetivos promocionais. Aplicativo instant\u00e2neo, um amplo n\u00famero de recursos de personaliza\u00e7\u00e3o e assist\u00eancia cont\u00ednua.","application_category":[],"applications_title":"Navegue por toda a cole\u00e7\u00e3o de plug-ins totalmente gratuitos para o site","applications_request_title":"N\u00e3o consegue encontrar o plugin certo?","applications_request_button_text":"Solicite um plug-in","hero_text":"","hero_video":"","hero_video_schema_markup":"","selling_points_title":"","selling_points_caption":"","selling_points":[],"selling_points_cta_text":"","features_title":"","features":"","ed_cta_examples_text":"","ed_cta_examples_hidden":"","ed_cta_demo_text":"","ed_cta_demo_hidden":"","why_caption":"","why_editor_title":"","why_editor_text":"","why_team_title":"","why_team_text":"","why_service_title":"","why_service_text":"","template_catalog_visible":"","template_catalog_title":"","template_catalog_text":"","template_catalog_categories_visible":"","demo_title":"","demo_caption":"","default_faq_hidden":"","app_template_category":[],"platform":"5331","template_public_id":"","codecanyon_url":"","codecanyon_item_id":"","codecanyon_price":"","pricing_caption":"","pricing_elfsight_apps_hide_column":"","pricing_elfsight_apps_url":"","pricing_codecanyon_price_caption":"","integration_category":[],"integration_request_title":"","integration_request_cta":"","integration_platform":"","integrations":[],"platform_category":[],"video_schema_markup":"","price":"","trial":"","benefits":[],"button_url":"","button_target_blank":"","button_nofollow":"","attributes":[],"tags":[],"tags_disable_links":"","hide_more_platforms":"","video_object":"","demo_hide_cta":"","demo_hide_cloud_options":"","pricing_title":"","pricing":[],"related_apps_title":"","related_apps_hidden":"","author":"","image":[],"title":"","job":"","social_networks":[]},"_links":{"self":[{"href":"https:\/\/elfsight.com\/pt\/wp-json\/wp\/v2\/pages\/12468","targetHints":{"allow":["GET"]}}],"collection":[{"href":"https:\/\/elfsight.com\/pt\/wp-json\/wp\/v2\/pages"}],"about":[{"href":"https:\/\/elfsight.com\/pt\/wp-json\/wp\/v2\/types\/page"}],"author":[{"embeddable":true,"href":"https:\/\/elfsight.com\/pt\/wp-json\/wp\/v2\/users\/9"}],"replies":[{"embeddable":true,"href":"https:\/\/elfsight.com\/pt\/wp-json\/wp\/v2\/comments?post=12468"}],"version-history":[{"count":4,"href":"https:\/\/elfsight.com\/pt\/wp-json\/wp\/v2\/pages\/12468\/revisions"}],"predecessor-version":[{"id":15115,"href":"https:\/\/elfsight.com\/pt\/wp-json\/wp\/v2\/pages\/12468\/revisions\/15115"}],"wp:attachment":[{"href":"https:\/\/elfsight.com\/pt\/wp-json\/wp\/v2\/media?parent=12468"}],"curies":[{"name":"wp","href":"https:\/\/api.w.org\/{rel}","templated":true}]}}