{"id":12466,"date":"2024-05-24T13:00:12","date_gmt":"2024-05-24T13:00:12","guid":{"rendered":"https:\/\/elfsight.com\/pt\/?page_id=12466"},"modified":"2024-07-16T10:46:49","modified_gmt":"2024-07-16T10:46:49","slug":"orocommerce-extensions","status":"publish","type":"page","link":"https:\/\/elfsight.com\/pt\/orocommerce-extensions\/","title":{"rendered":"orocommerce extensions"},"content":{"rendered":"<h2>As ferramentas mais eficazes para atualizar seu site OroCommerce <\/h2> <p>H\u00e1 v\u00e1rios anos, nossa equipe de desenvolvedores da Elfsight lan\u00e7a extens\u00f5es flex\u00edveis e f\u00e1ceis de usar para voc\u00ea. Nossa equipe sempre garante uma ajuda r\u00e1pida e alta velocidade de carregamento. As extens\u00f5es da Elfsight ajudam muitos propriet\u00e1rios de lojas online, organiza\u00e7\u00f5es sem fins lucrativos e outros propriet\u00e1rios de sites em todo o mundo a resolver os principais problemas dos sites com mais efici\u00eancia. <\/p> <p>A simples instala\u00e7\u00e3o de extens\u00f5es em seu site pode aumentar os n\u00edveis de vendas, demonstrar opini\u00f5es positivas sobre seus produtos e aumentar a credibilidade dos usu\u00e1rios para sua empresa. Os planos de assinatura v\u00e3o de gratuitos a empresariais. Comece a aplicar as extens\u00f5es desejadas em seu site, utilizando nossa demonstra\u00e7\u00e3o online e defina o quanto isso ser\u00e1 importante em termos de otimiza\u00e7\u00e3o do site de sua empresa. <\/p> <h2> Por que nossas extens\u00f5es OroCommerce s\u00e3o a solu\u00e7\u00e3o perfeita para o seu site? <\/h2> <p> Conhe\u00e7a uma lista das principais caracter\u00edsticas de nossas extens\u00f5es, que nos garantem estar \u00e0 frente de nossos concorrentes: <\/p> <ul><li>Resposta gratuita e r\u00e1pida com instala\u00e7\u00e3o ou personaliza\u00e7\u00e3o de extens\u00f5es; <\/li> <li>Responsividade total a todas as resolu\u00e7\u00f5es de tela; <\/li> <li>N\u00e3o h\u00e1 necessidade de codificar; <\/li> <li> Uma grande variedade de configura\u00e7\u00f5es de design; <\/li> <li>O armazenamento de dados em nuvem permite aumentar a velocidade de carregamento; <\/li> <li>Todas as atualiza\u00e7\u00f5es futuras s\u00e3o gratuitas e lan\u00e7adas regularmente; <\/li> <li> Faixa de pre\u00e7os flex\u00edvel; <\/li> <li> Ajuda vital\u00edcia para qualquer problema do cliente. <\/li> <\/ul> <p>Experimente uma vers\u00e3o gratuita de nossas extens\u00f5es e avalie seus recursos ou compre qualquer solu\u00e7\u00e3o desejada com 20% de desconto. <\/p><p> <\/p><h2>Como adicionar suas extens\u00f5es no site OroCommerce<\/h2> <p>Para incorporar nossas extens\u00f5es, veja todos os passos das instru\u00e7\u00f5es detalhadas: <\/p> <ol> <li>Selecione a extens\u00e3o necess\u00e1ria; <\/li> <li> Especifique algumas configura\u00e7\u00f5es necess\u00e1rias para voc\u00ea; <\/li> <li> Salve as altera\u00e7\u00f5es; <\/li> <li> Obtenha o c\u00f3digo obtido; <\/li> <li>Adicione o c\u00f3digo no local desejado do seu site ou modelo; <\/li> <li>A instala\u00e7\u00e3o da extens\u00e3o foi conclu\u00edda com sucesso. <\/li> <\/ol> <p>Caso voc\u00ea tenha alguma d\u00favida, sinta-se \u00e0 vontade para entrar em contato com nossa equipe de suporte. <\/p> <div class=\"faq\" data-component=\"FAQ\"> <div class=\"faq-item\">\r\n\t\t\t\t\t<div class=\"faq-item-question\">\r\n\t\t\t\t\t\t<h3 class=\"faq-item-question-text\">Como posso adicionar as extens\u00f5es ao meu tema OroCommerce?<\/h3>\r\n\r\n\t\t\t\t\t\t<div class=\"faq-item-question-icon\"><\/div>\r\n\t\t\t\t\t<\/div>\r\n\r\n\t\t\t\t\t<div class=\"faq-item-answer\">\r\n\t\t\t\t\t\t<div class=\"faq-item-answer-text\"> <p>Voc\u00ea pode adicionar as extens\u00f5es ao tema do seu site. Basta acessar o painel de administra\u00e7\u00e3o e realizar as seguintes a\u00e7\u00f5es: <\/p> <ol> <li>Clique em configura\u00e7\u00f5es do tema; <\/li> <li>Encontre o elemento onde deseja inserir a extens\u00e3o; <\/li> <li>adicione o c\u00f3digo do servi\u00e7o Elfsight Apps e salve as altera\u00e7\u00f5es. <\/li> <p>Conclu\u00eddo. <\/p> <\/div>\r\n\t\t\t\t\t<\/div>\r\n\t\t\t\t<\/div><div class=\"faq-item\">\r\n\t\t\t\t\t<div class=\"faq-item-question\">\r\n\t\t\t\t\t\t<h3 class=\"faq-item-question-text\">Quais vers\u00f5es e modelos do OroCommerce podem ser integrados \u00e0s suas extens\u00f5es?<\/h3>\r\n\r\n\t\t\t\t\t\t<div class=\"faq-item-question-icon\"><\/div>\r\n\t\t\t\t\t<\/div>\r\n\r\n\t\t\t\t\t<div class=\"faq-item-answer\">\r\n\t\t\t\t\t\t<div class=\"faq-item-answer-text\"> Nossas ferramentas s\u00e3o compat\u00edveis com qualquer modelo de vers\u00e3o do site OroCommerce. Voc\u00ea pode ter certeza do funcionamento constante de todas as ferramentas. <\/div>\r\n\t\t\t\t\t<\/div>\r\n\t\t\t\t<\/div> <div class=\"faq-item\">\r\n\t\t\t\t\t<div class=\"faq-item-question\">\r\n\t\t\t\t\t\t<h3 class=\"faq-item-question-text\">Onde posso editar as minhas extens\u00f5es?<\/h3>\r\n\r\n\t\t\t\t\t\t<div class=\"faq-item-question-icon\"><\/div>\r\n\t\t\t\t\t<\/div>\r\n\r\n\t\t\t\t\t<div class=\"faq-item-answer\">\r\n\t\t\t\t\t\t<div class=\"faq-item-answer-text\"> Todos os nossos clientes podem fazer todas as altera\u00e7\u00f5es necess\u00e1rias nas configura\u00e7\u00f5es no pr\u00e1tico editor da Elfsight. <\/div>\r\n\t\t\t\t\t<\/div>\r\n\t\t\t\t<\/div> <div class=\"faq-item\">\r\n\t\t\t\t\t<div class=\"faq-item-question\">\r\n\t\t\t\t\t\t<h3 class=\"faq-item-question-text\">Posso entrar em contato com a equipe de suporte se tiver um plano gratuito? <\/h3>\r\n\r\n\t\t\t\t\t\t<div class=\"faq-item-question-icon\"><\/div>\r\n\t\t\t\t\t<\/div>\r\n\r\n\t\t\t\t\t<div class=\"faq-item-answer\">\r\n\t\t\t\t\t\t<div class=\"faq-item-answer-text\"> <p>Todos os nossos usu\u00e1rios podem entrar em contato com nossa simp\u00e1tica equipe de suporte para tirar d\u00favidas sobre o trabalho de nosso solu\u00e7\u00f5es. <\/div>\r\n\t\t\t\t\t<\/div>\r\n\t\t\t\t<\/div> <\/div><\/p><\/ol>","protected":false},"excerpt":{"rendered":"As ferramentas mais eficazes para atualizar seu site OroCommerce H\u00e1 v\u00e1rios anos, nossa equipe de desenvolvedores da Elfsight lan\u00e7a extens\u00f5es flex\u00edveis e f\u00e1ceis de usar para voc\u00ea. Nossa equipe sempre garante uma ajuda r\u00e1pida e alta velocidade de carregamento. As extens\u00f5es da Elfsight ajudam muitos propriet\u00e1rios de lojas online, organiza\u00e7\u00f5es&#8230;","protected":false},"author":9,"featured_media":0,"parent":0,"menu_order":0,"comment_status":"closed","ping_status":"closed","template":"templates\/template-platform.php","meta":{"publish_to_discourse":"","publish_post_category":"","wpdc_auto_publish_overridden":"","wpdc_topic_tags":"","wpdc_pin_topic":"","wpdc_pin_until":"","discourse_post_id":"","discourse_permalink":"","wpdc_publishing_response":"","wpdc_publishing_error":"","footnotes":""},"class_list":["post-12466","page","type-page","status-publish","hentry"],"yoast_head":"<!-- This site is optimized with the Yoast SEO plugin v25.3.1 - https:\/\/yoast.com\/wordpress\/plugins\/seo\/ -->\n<title>OroCommerce - Uma das melhores solu\u00e7\u00f5es para o site OroCommerce<\/title>\n<meta name=\"description\" content=\"Ampla variedade de extens\u00f5es e aplicativos gratuitos e confi\u00e1veis para sites do OroCommerce. Ajuda com personaliza\u00e7\u00e3o e ampla funcionalidade.\" \/>\n<meta name=\"robots\" content=\"index, follow, max-snippet:-1, max-image-preview:large, max-video-preview:-1\" \/>\n<link rel=\"canonical\" href=\"https:\/\/elfsight.com\/pt\/orocommerce-extensions\/\" \/>\n<meta property=\"og:locale\" content=\"pt_PT\" \/>\n<meta property=\"og:type\" content=\"article\" \/>\n<meta property=\"og:title\" content=\"OroCommerce - Uma das melhores solu\u00e7\u00f5es para o site OroCommerce\" \/>\n<meta property=\"og:description\" content=\"Ampla variedade de extens\u00f5es e aplicativos gratuitos e confi\u00e1veis para sites do OroCommerce. Ajuda com personaliza\u00e7\u00e3o e ampla funcionalidade.\" \/>\n<meta property=\"og:url\" content=\"https:\/\/elfsight.com\/pt\/orocommerce-extensions\/\" \/>\n<meta property=\"og:site_name\" content=\"Elfsight PT\" \/>\n<meta property=\"article:modified_time\" content=\"2024-07-16T10:46:49+00:00\" \/>\n<meta name=\"twitter:card\" content=\"summary_large_image\" \/>\n<meta name=\"twitter:label1\" content=\"Tempo estimado de leitura\" \/>\n\t<meta name=\"twitter:data1\" content=\"3 minutos\" \/>\n<!-- \/ Yoast SEO plugin. -->","yoast_head_json":{"title":"OroCommerce - Uma das melhores solu\u00e7\u00f5es para o site OroCommerce","description":"Ampla variedade de extens\u00f5es e aplicativos gratuitos e confi\u00e1veis para sites do OroCommerce. Ajuda com personaliza\u00e7\u00e3o e ampla funcionalidade.","robots":{"index":"index","follow":"follow","max-snippet":"max-snippet:-1","max-image-preview":"max-image-preview:large","max-video-preview":"max-video-preview:-1"},"canonical":"https:\/\/elfsight.com\/pt\/orocommerce-extensions\/","og_locale":"pt_PT","og_type":"article","og_title":"OroCommerce - Uma das melhores solu\u00e7\u00f5es para o site OroCommerce","og_description":"Ampla variedade de extens\u00f5es e aplicativos gratuitos e confi\u00e1veis para sites do OroCommerce. Ajuda com personaliza\u00e7\u00e3o e ampla funcionalidade.","og_url":"https:\/\/elfsight.com\/pt\/orocommerce-extensions\/","og_site_name":"Elfsight PT","article_modified_time":"2024-07-16T10:46:49+00:00","twitter_card":"summary_large_image","twitter_misc":{"Tempo estimado de leitura":"3 minutos"},"schema":{"@context":"https:\/\/schema.org","@graph":[{"@type":"WebPage","@id":"https:\/\/elfsight.com\/pt\/orocommerce-extensions\/","url":"https:\/\/elfsight.com\/pt\/orocommerce-extensions\/","name":"OroCommerce - Uma das melhores solu\u00e7\u00f5es para o site OroCommerce","isPartOf":{"@id":"https:\/\/elfsight.com\/pt\/#website"},"datePublished":"2024-05-24T13:00:12+00:00","dateModified":"2024-07-16T10:46:49+00:00","description":"Ampla variedade de extens\u00f5es e aplicativos gratuitos e confi\u00e1veis para sites do OroCommerce. Ajuda com personaliza\u00e7\u00e3o e ampla funcionalidade.","breadcrumb":{"@id":"https:\/\/elfsight.com\/pt\/orocommerce-extensions\/#breadcrumb"},"inLanguage":"pt-PT","potentialAction":[{"@type":"ReadAction","target":["https:\/\/elfsight.com\/pt\/orocommerce-extensions\/"]}]},{"@type":"BreadcrumbList","@id":"https:\/\/elfsight.com\/pt\/orocommerce-extensions\/#breadcrumb","itemListElement":[{"@type":"ListItem","position":1,"name":"Home","item":"https:\/\/elfsight.com\/pt\/"},{"@type":"ListItem","position":2,"name":"orocommerce extensions"}]},{"@type":"WebSite","@id":"https:\/\/elfsight.com\/pt\/#website","url":"https:\/\/elfsight.com\/pt\/","name":"Elfsight PT","description":"Just another Elfsight Sites site","potentialAction":[{"@type":"SearchAction","target":{"@type":"EntryPoint","urlTemplate":"https:\/\/elfsight.com\/pt\/?s={search_term_string}"},"query-input":{"@type":"PropertyValueSpecification","valueRequired":true,"valueName":"search_term_string"}}],"inLanguage":"pt-PT"}]}},"meta_box":{"industry":"","seo_heading":"","heading":"","description":"","cta_heading":"","cta_description":"","application":"","h1":"Os melhores aplicativos OroCommerce","h1_caption":"Cole\u00e7\u00e3o gratuita de extens\u00f5es excelentes com uma grande variedade de funcionalidades para aumentar o interesse do usu\u00e1rio e alcan\u00e7ar todas as outras tarefas comerciais. Configura\u00e7\u00e3o f\u00e1cil de gerenciar, ampla gama de op\u00e7\u00f5es de personaliza\u00e7\u00e3o e atendimento cont\u00ednuo ao cliente.","application_category":[],"applications_title":"D\u00ea uma olhada em toda a variedade de aplicativos gratuitos para o seu site","applications_request_title":"N\u00e3o consegue encontrar a extens\u00e3o certa?","applications_request_button_text":"Solicitar uma extens\u00e3o","hero_text":"","hero_video":"","hero_video_schema_markup":"","selling_points_title":"","selling_points_caption":"","selling_points":[],"selling_points_cta_text":"","features_title":"","features":"","ed_cta_examples_text":"","ed_cta_examples_hidden":"","ed_cta_demo_text":"","ed_cta_demo_hidden":"","why_caption":"","why_editor_title":"","why_editor_text":"","why_team_title":"","why_team_text":"","why_service_title":"","why_service_text":"","template_catalog_visible":"","template_catalog_title":"","template_catalog_text":"","template_catalog_categories_visible":"","demo_title":"","demo_caption":"","default_faq_hidden":"","app_template_category":[],"platform":"5329","template_public_id":"","codecanyon_url":"","codecanyon_item_id":"","codecanyon_price":"","pricing_caption":"","pricing_elfsight_apps_hide_column":"","pricing_elfsight_apps_url":"","pricing_codecanyon_price_caption":"","integration_category":[],"integration_request_title":"","integration_request_cta":"","integration_platform":"","integrations":[],"platform_category":[],"video_schema_markup":"","price":"","trial":"","benefits":[],"button_url":"","button_target_blank":"","button_nofollow":"","attributes":[],"tags":[],"tags_disable_links":"","hide_more_platforms":"","video_object":"","demo_hide_cta":"","demo_hide_cloud_options":"","pricing_title":"","pricing":[],"related_apps_title":"","related_apps_hidden":"","author":"","image":[],"title":"","job":"","social_networks":[]},"_links":{"self":[{"href":"https:\/\/elfsight.com\/pt\/wp-json\/wp\/v2\/pages\/12466","targetHints":{"allow":["GET"]}}],"collection":[{"href":"https:\/\/elfsight.com\/pt\/wp-json\/wp\/v2\/pages"}],"about":[{"href":"https:\/\/elfsight.com\/pt\/wp-json\/wp\/v2\/types\/page"}],"author":[{"embeddable":true,"href":"https:\/\/elfsight.com\/pt\/wp-json\/wp\/v2\/users\/9"}],"replies":[{"embeddable":true,"href":"https:\/\/elfsight.com\/pt\/wp-json\/wp\/v2\/comments?post=12466"}],"version-history":[{"count":1,"href":"https:\/\/elfsight.com\/pt\/wp-json\/wp\/v2\/pages\/12466\/revisions"}],"predecessor-version":[{"id":12470,"href":"https:\/\/elfsight.com\/pt\/wp-json\/wp\/v2\/pages\/12466\/revisions\/12470"}],"wp:attachment":[{"href":"https:\/\/elfsight.com\/pt\/wp-json\/wp\/v2\/media?parent=12466"}],"curies":[{"name":"wp","href":"https:\/\/api.w.org\/{rel}","templated":true}]}}