{"id":12465,"date":"2024-05-24T13:00:12","date_gmt":"2024-05-24T13:00:12","guid":{"rendered":"https:\/\/elfsight.com\/pt\/?page_id=12465"},"modified":"2024-07-16T10:46:49","modified_gmt":"2024-07-16T10:46:49","slug":"linktree-apps","status":"publish","type":"page","link":"https:\/\/elfsight.com\/pt\/linktree-apps\/","title":{"rendered":"linktree apps"},"content":{"rendered":"<h2>O servi\u00e7o de aplicativos da Elfsight ideal para qualquer necessidade do seu site Linktree <\/h2><p>Durante v\u00e1rios anos, nossa equipe de desenvolvedores da Elfsight criou aplicativos f\u00e1ceis de usar e totalmente aplicativos responsivos para voc\u00ea. Sempre oferecemos um servi\u00e7o de suporte premium e uma taxa de carregamento r\u00e1pida. Essas ferramentas ajudam muitas empresas, organiza\u00e7\u00f5es sem fins lucrativos e outros propriet\u00e1rios de sites em todo o mundo a lidar com os problemas essenciais do site com mais efici\u00eancia. <\/p> <p>Simplesmente instalando integra\u00e7\u00f5es em seu site voc\u00ea pode aumentar as vendas, demonstrar 5 estrelas em seus produtos e aumentar a confian\u00e7a em sua marca. Os planos de assinatura variam de gratuitos a premium. Implemente facilmente qualquer aplicativo desejado em seu site, usando nossa demonstra\u00e7\u00e3o ao vivo e veja o quanto ela pode ser \u00fatil em termos de desenvolvimento do site de sua empresa. <\/p> <h2> O que torna as integra\u00e7\u00f5es da Elfsight uma das melhores solu\u00e7\u00f5es para o seu site? <\/h2> <p>Confira uma lista das principais vantagens de nossos aplicativos, que nos permitem estar \u00e0 frente de nossos concorrentes: <\/p> <ul> <li>Resposta gratuita e r\u00e1pida com instala\u00e7\u00e3o ou personaliza\u00e7\u00e3o de aplicativos; <\/li> <li>Responsividade total a todas as resolu\u00e7\u00f5es de tela; <\/li> <li>N\u00e3o h\u00e1 necessidade de codificar; <\/li> <li> Uma grande variedade de configura\u00e7\u00f5es de design; <\/li> <li>O armazenamento de dados em nuvem permite aumentar a velocidade de carregamento; <\/li> <li>Todas as atualiza\u00e7\u00f5es futuras s\u00e3o gratuitas e lan\u00e7adas regularmente; <\/li> <li> Faixa de pre\u00e7os flex\u00edvel; <\/li> <li> Ajuda vital\u00edcia para qualquer problema do cliente. <\/li> <\/ul><p>Experimente a vers\u00e3o gratuita de nossas integra\u00e7\u00f5es e avalie suas funcionalidades ou compre qualquer solu\u00e7\u00e3o desejada com 20% de desconto. <p> <h2>Como adicionar seus aplicativos no site Linktree<\/h2> <p>Para incorporar nossos aplicativos, veja todos os passos da instru\u00e7\u00e3o detalhada: <\/p> <ol> <li>Selecione as integra\u00e7\u00f5es necess\u00e1rias ; <\/li> <li> Especifique algumas configura\u00e7\u00f5es necess\u00e1rias para voc\u00ea; <\/li> <li> Salve as altera\u00e7\u00f5es; <\/li> <li> Obtenha o c\u00f3digo obtido; <\/li> <li>Adicione o c\u00f3digo no local desejado do seu site ou modelo; <\/li> <li>A instala\u00e7\u00e3o das integra\u00e7\u00f5es foi realizada com sucesso. <\/li> <\/ol> <p>Caso voc\u00ea tenha alguma d\u00favida, sinta-se \u00e0 vontade para entrar em contato com nossa equipe de suporte. <\/p><div class=\"faq\" data-component=\"FAQ\"> <div class=\"faq-item\">\r\n\t\t\t\t\t<div class=\"faq-item-question\">\r\n\t\t\t\t\t\t<h3 class=\"faq-item-question-text\">Como posso adicionar os aplicativos ao meu tema Linktree?<\/h3>\r\n\r\n\t\t\t\t\t\t<div class=\"faq-item-question-icon\"><\/div>\r\n\t\t\t\t\t<\/div>\r\n\r\n\t\t\t\t\t<div class=\"faq-item-answer\">\r\n\t\t\t\t\t\t<div class=\"faq-item-answer-text\"> <p>Voc\u00ea pode adicionar os aplicativos ao layout do seu site. Basta acessar o painel de administra\u00e7\u00e3o e realizar as seguintes a\u00e7\u00f5es:<\/p> <ol> <li>Clique nas configura\u00e7\u00f5es do tema;<\/li> <li>Encontre o elemento onde deseja inserir a ferramenta;<\/li> <li>Adicione o c\u00f3digo do servi\u00e7o Elfsight Apps e salve as altera\u00e7\u00f5es.<\/li> <\/ol> <p>Conclu\u00eddo.<\/p> <\/div>\r\n\t\t\t\t\t<\/div>\r\n\t\t\t\t<\/div> <div class=\"faq-item\">\r\n\t\t\t\t\t<div class=\"faq-item-question\">\r\n\t\t\t\t\t\t<h3 class=\"faq-item-question-text\">Quais vers\u00f5es do Linktree e modelos podem ser integrados ao aplicativo?<\/h3>\r\n\r\n\t\t\t\t\t\t<div class=\"faq-item-question-icon\"><\/div>\r\n\t\t\t\t\t<\/div>\r\n\r\n\t\t\t\t\t<div class=\"faq-item-answer\">\r\n\t\t\t\t\t\t<div class=\"faq-item-answer-text\"> <p>Nossos aplicativos s\u00e3o compat\u00edveis com quaisquer vers\u00f5es e modelos do site Linktree. Voc\u00ea pode ter certeza do funcionamento est\u00e1vel de todas as ferramentas.<\/p> <\/div>\r\n\t\t\t\t\t<\/div>\r\n\t\t\t\t<\/div> <div class=\"faq-item\">\r\n\t\t\t\t\t<div class=\"faq-item-question\">\r\n\t\t\t\t\t\t<h3 class=\"faq-item-question-text\">Onde posso editar minhas integra\u00e7\u00f5es?<\/h3>\r\n\r\n\t\t\t\t\t\t<div class=\"faq-item-question-icon\"><\/div>\r\n\t\t\t\t\t<\/div>\r\n\r\n\t\t\t\t\t<div class=\"faq-item-answer\">\r\n\t\t\t\t\t\t<div class=\"faq-item-answer-text\"> <p>Todos os nossos clientes podem fazer todas as altera\u00e7\u00f5es necess\u00e1rias nas configura\u00e7\u00f5es usando o pr\u00e1tico editor Elfsight.<\/p> <\/div>\r\n\t\t\t\t\t<\/div>\r\n\t\t\t\t<\/div> <div class=\"faq-item\">\r\n\t\t\t\t\t<div class=\"faq-item-question\">\r\n\t\t\t\t\t\t<h3 class=\"faq-item-question-text\">Posso entrar em contato com a equipe de suporte se precisar saber mais sobre o servi\u00e7o?<\/h3>\r\n\r\n\t\t\t\t\t\t<div class=\"faq-item-question-icon\"><\/div>\r\n\t\t\t\t\t<\/div>\r\n\r\n\t\t\t\t\t<div class=\"faq-item-answer\">\r\n\t\t\t\t\t\t<div class=\"faq-item-answer-text\"> <p>Todos os nossos os usu\u00e1rios podem entrar em contato com nossa simp\u00e1tica equipe de suporte para tirar d\u00favidas sobre o trabalho de nossas solu\u00e7\u00f5es.<\/p> <\/div>\r\n\t\t\t\t\t<\/div>\r\n\t\t\t\t<\/div><\/div>","protected":false},"excerpt":{"rendered":"O servi\u00e7o de aplicativos da Elfsight ideal para qualquer necessidade do seu site Linktree Durante v\u00e1rios anos, nossa equipe de desenvolvedores da Elfsight criou aplicativos f\u00e1ceis de usar e totalmente aplicativos responsivos para voc\u00ea. Sempre oferecemos um servi\u00e7o de suporte premium e uma taxa de carregamento r\u00e1pida. Essas ferramentas ajudam&#8230;","protected":false},"author":9,"featured_media":0,"parent":0,"menu_order":0,"comment_status":"closed","ping_status":"closed","template":"templates\/template-platform.php","meta":{"publish_to_discourse":"","publish_post_category":"","wpdc_auto_publish_overridden":"","wpdc_topic_tags":"","wpdc_pin_topic":"","wpdc_pin_until":"","discourse_post_id":"","discourse_permalink":"","wpdc_publishing_response":"","wpdc_publishing_error":"","footnotes":""},"class_list":["post-12465","page","type-page","status-publish","hentry"],"yoast_head":"<!-- This site is optimized with the Yoast SEO plugin v25.3.1 - https:\/\/yoast.com\/wordpress\/plugins\/seo\/ -->\n<title>Linktree - Uma das melhores solu\u00e7\u00f5es para o site Linktree<\/title>\n<meta name=\"description\" content=\"Lista gratuita dos melhores aplicativos e plugins gratuitos especialmente para sites Linktree. Ajuda com personaliza\u00e7\u00e3o e funcionalidade extensa.\" \/>\n<meta name=\"robots\" content=\"index, follow, max-snippet:-1, max-image-preview:large, max-video-preview:-1\" \/>\n<link rel=\"canonical\" href=\"https:\/\/elfsight.com\/pt\/linktree-apps\/\" \/>\n<meta property=\"og:locale\" content=\"pt_PT\" \/>\n<meta property=\"og:type\" content=\"article\" \/>\n<meta property=\"og:title\" content=\"Linktree - Uma das melhores solu\u00e7\u00f5es para o site Linktree\" \/>\n<meta property=\"og:description\" content=\"Lista gratuita dos melhores aplicativos e plugins gratuitos especialmente para sites Linktree. Ajuda com personaliza\u00e7\u00e3o e funcionalidade extensa.\" \/>\n<meta property=\"og:url\" content=\"https:\/\/elfsight.com\/pt\/linktree-apps\/\" \/>\n<meta property=\"og:site_name\" content=\"Elfsight PT\" \/>\n<meta property=\"article:modified_time\" content=\"2024-07-16T10:46:49+00:00\" \/>\n<meta name=\"twitter:card\" content=\"summary_large_image\" \/>\n<meta name=\"twitter:label1\" content=\"Tempo estimado de leitura\" \/>\n\t<meta name=\"twitter:data1\" content=\"3 minutos\" \/>\n<!-- \/ Yoast SEO plugin. -->","yoast_head_json":{"title":"Linktree - Uma das melhores solu\u00e7\u00f5es para o site Linktree","description":"Lista gratuita dos melhores aplicativos e plugins gratuitos especialmente para sites Linktree. Ajuda com personaliza\u00e7\u00e3o e funcionalidade extensa.","robots":{"index":"index","follow":"follow","max-snippet":"max-snippet:-1","max-image-preview":"max-image-preview:large","max-video-preview":"max-video-preview:-1"},"canonical":"https:\/\/elfsight.com\/pt\/linktree-apps\/","og_locale":"pt_PT","og_type":"article","og_title":"Linktree - Uma das melhores solu\u00e7\u00f5es para o site Linktree","og_description":"Lista gratuita dos melhores aplicativos e plugins gratuitos especialmente para sites Linktree. Ajuda com personaliza\u00e7\u00e3o e funcionalidade extensa.","og_url":"https:\/\/elfsight.com\/pt\/linktree-apps\/","og_site_name":"Elfsight PT","article_modified_time":"2024-07-16T10:46:49+00:00","twitter_card":"summary_large_image","twitter_misc":{"Tempo estimado de leitura":"3 minutos"},"schema":{"@context":"https:\/\/schema.org","@graph":[{"@type":"WebPage","@id":"https:\/\/elfsight.com\/pt\/linktree-apps\/","url":"https:\/\/elfsight.com\/pt\/linktree-apps\/","name":"Linktree - Uma das melhores solu\u00e7\u00f5es para o site Linktree","isPartOf":{"@id":"https:\/\/elfsight.com\/pt\/#website"},"datePublished":"2024-05-24T13:00:12+00:00","dateModified":"2024-07-16T10:46:49+00:00","description":"Lista gratuita dos melhores aplicativos e plugins gratuitos especialmente para sites Linktree. Ajuda com personaliza\u00e7\u00e3o e funcionalidade extensa.","breadcrumb":{"@id":"https:\/\/elfsight.com\/pt\/linktree-apps\/#breadcrumb"},"inLanguage":"pt-PT","potentialAction":[{"@type":"ReadAction","target":["https:\/\/elfsight.com\/pt\/linktree-apps\/"]}]},{"@type":"BreadcrumbList","@id":"https:\/\/elfsight.com\/pt\/linktree-apps\/#breadcrumb","itemListElement":[{"@type":"ListItem","position":1,"name":"Home","item":"https:\/\/elfsight.com\/pt\/"},{"@type":"ListItem","position":2,"name":"linktree apps"}]},{"@type":"WebSite","@id":"https:\/\/elfsight.com\/pt\/#website","url":"https:\/\/elfsight.com\/pt\/","name":"Elfsight PT","description":"Just another Elfsight Sites site","potentialAction":[{"@type":"SearchAction","target":{"@type":"EntryPoint","urlTemplate":"https:\/\/elfsight.com\/pt\/?s={search_term_string}"},"query-input":{"@type":"PropertyValueSpecification","valueRequired":true,"valueName":"search_term_string"}}],"inLanguage":"pt-PT"}]}},"meta_box":{"industry":"","seo_heading":"","heading":"","description":"","cta_heading":"","cta_description":"","application":"","h1":"Os melhores aplicativos do Linktree","h1_caption":"Lista gratuita de integra\u00e7\u00f5es premium com ampla funcionalidade para aumentar as vendas e cobrir todos os outros objetivos comerciais. Integra\u00e7\u00e3o r\u00e1pida, ampla gama de op\u00e7\u00f5es de personaliza\u00e7\u00e3o e suporte ao cliente altamente qualificado.","application_category":[],"applications_title":"D\u00ea uma olhada em toda a variedade de aplicativos gratuitos para o seu site","applications_request_title":"N\u00e3o consegue encontrar o aplicativo certo?","applications_request_button_text":"Solicite um aplicativo","hero_text":"","hero_video":"","hero_video_schema_markup":"","selling_points_title":"","selling_points_caption":"","selling_points":[],"selling_points_cta_text":"","features_title":"","features":"","ed_cta_examples_text":"","ed_cta_examples_hidden":"","ed_cta_demo_text":"","ed_cta_demo_hidden":"","why_caption":"","why_editor_title":"","why_editor_text":"","why_team_title":"","why_team_text":"","why_service_title":"","why_service_text":"","template_catalog_visible":"","template_catalog_title":"","template_catalog_text":"","template_catalog_categories_visible":"","demo_title":"","demo_caption":"","default_faq_hidden":"","app_template_category":[],"platform":"5328","template_public_id":"","codecanyon_url":"","codecanyon_item_id":"","codecanyon_price":"","pricing_caption":"","pricing_elfsight_apps_hide_column":"","pricing_elfsight_apps_url":"","pricing_codecanyon_price_caption":"","integration_category":[],"integration_request_title":"","integration_request_cta":"","integration_platform":"","integrations":[],"platform_category":[],"video_schema_markup":"","price":"","trial":"","benefits":[],"button_url":"","button_target_blank":"","button_nofollow":"","attributes":[],"tags":[],"tags_disable_links":"","hide_more_platforms":"","video_object":"","demo_hide_cta":"","demo_hide_cloud_options":"","pricing_title":"","pricing":[],"related_apps_title":"","related_apps_hidden":"","author":"","image":[],"title":"","job":"","social_networks":[]},"_links":{"self":[{"href":"https:\/\/elfsight.com\/pt\/wp-json\/wp\/v2\/pages\/12465","targetHints":{"allow":["GET"]}}],"collection":[{"href":"https:\/\/elfsight.com\/pt\/wp-json\/wp\/v2\/pages"}],"about":[{"href":"https:\/\/elfsight.com\/pt\/wp-json\/wp\/v2\/types\/page"}],"author":[{"embeddable":true,"href":"https:\/\/elfsight.com\/pt\/wp-json\/wp\/v2\/users\/9"}],"replies":[{"embeddable":true,"href":"https:\/\/elfsight.com\/pt\/wp-json\/wp\/v2\/comments?post=12465"}],"version-history":[{"count":1,"href":"https:\/\/elfsight.com\/pt\/wp-json\/wp\/v2\/pages\/12465\/revisions"}],"predecessor-version":[{"id":12469,"href":"https:\/\/elfsight.com\/pt\/wp-json\/wp\/v2\/pages\/12465\/revisions\/12469"}],"wp:attachment":[{"href":"https:\/\/elfsight.com\/pt\/wp-json\/wp\/v2\/media?parent=12465"}],"curies":[{"name":"wp","href":"https:\/\/api.w.org\/{rel}","templated":true}]}}