{"id":12459,"date":"2024-05-24T13:00:12","date_gmt":"2024-05-24T13:00:12","guid":{"rendered":"https:\/\/elfsight.com\/pt\/?page_id=12459"},"modified":"2024-07-16T10:46:41","modified_gmt":"2024-07-16T10:46:41","slug":"jtl-shop-extensions","status":"publish","type":"page","link":"https:\/\/elfsight.com\/pt\/jtl-shop-extensions\/","title":{"rendered":"jtl shop extensions"},"content":{"rendered":"<h2>O servi\u00e7o de aplicativos da Elfsight ideal para todas as necessidades da sua loja JTL<\/h2> <p>Durante v\u00e1rios anos, nossa equipe de desenvolvedores da Elfsight cria aplicativos f\u00e1ceis de usar e totalmente -extens\u00f5es responsivas para voc\u00ea. Sempre oferecemos um servi\u00e7o de suporte premium e uma taxa de carregamento r\u00e1pida. Essas ferramentas ajudam muitas empresas, organiza\u00e7\u00f5es sem fins lucrativos e outros propriet\u00e1rios de sites em todo o mundo a lidar com os problemas essenciais do site com mais efici\u00eancia. <\/p> <p>Simplesmente instalando extens\u00f5es em seu site voc\u00ea pode aumentar as vendas, demonstrar 5 estrelas em seus produtos e aumentar a confian\u00e7a em sua marca. Os planos de assinatura variam de gratuitos a premium. Implemente facilmente quaisquer extens\u00f5es desejadas em seu site, usando nossa demonstra\u00e7\u00e3o ao vivo e veja o quanto ela pode ser \u00fatil em termos de crescimento do site de sua empresa. <\/p><h2> O que torna as extens\u00f5es da Elfsight uma das melhores solu\u00e7\u00f5es para o seu site? <\/h2> <p>Confira uma lista das principais vantagens de nossas extens\u00f5es, que nos permitem estar \u00e0 frente de nossos concorrentes: <\/p> <ul> <li>Resposta gratuita e r\u00e1pida com instala\u00e7\u00e3o ou personaliza\u00e7\u00e3o de extens\u00f5es; <\/li> <li>Responsividade total a todas as resolu\u00e7\u00f5es de tela; <\/li> <li>N\u00e3o h\u00e1 necessidade de codificar; <\/li> <li> Uma grande variedade de configura\u00e7\u00f5es de design; <\/li> <li>O armazenamento de dados em nuvem permite aumentar a velocidade de carregamento; <\/li> <li>Todas as atualiza\u00e7\u00f5es futuras s\u00e3o gratuitas e lan\u00e7adas regularmente; <\/li> <li> Faixa de pre\u00e7os flex\u00edvel; <\/li> <li> Ajuda vital\u00edcia para qualquer problema do cliente. <\/li> <\/ul> <p>Experimente a vers\u00e3o gratuita de nossas extens\u00f5es e avalie seus recursos ou compre qualquer solu\u00e7\u00e3o desejada com 20% de desconto. <p> <h2>Como adicionar suas extens\u00f5es na Loja JTL<\/h2> <p>Para incorporar nossas extens\u00f5es, veja todos os passos das instru\u00e7\u00f5es detalhadas: <\/p> <ol> <li>Selecione a extens\u00e3o necess\u00e1ria ; <\/li> <li> Especifique algumas configura\u00e7\u00f5es necess\u00e1rias para voc\u00ea; <\/li> <li> Salve as altera\u00e7\u00f5es; <\/li> <li> Obtenha o c\u00f3digo obtido; <\/li> <li>Adicione o c\u00f3digo no local desejado do seu site ou modelo; <\/li> <li>A instala\u00e7\u00e3o da extens\u00e3o est\u00e1 totalmente conclu\u00edda. <\/li> <\/ol> <p>Caso voc\u00ea tenha alguma d\u00favida, sinta-se \u00e0 vontade para entrar em contato com nossa equipe de suporte ou assistir <a href=\"https:\/\/www.youtube.com\/playlist?list=PLVWghZmf2Mpak4KZgDxpToxz6loGapVP2\" target=\"_blank\" rel=\"noopener\">Tutoriais JTL<\/a>.  <\/p><div class=\"faq\" data-component=\"FAQ\"><div class=\"faq-item\">\r\n\t\t\t\t\t<div class=\"faq-item-question\">\r\n\t\t\t\t\t\t<h3 class=\"faq-item-question-text\">Como posso adicionar as extens\u00f5es \u00e0 minha loja JTL?<\/h3>\r\n\r\n\t\t\t\t\t\t<div class=\"faq-item-question-icon\"><\/div>\r\n\t\t\t\t\t<\/div>\r\n\r\n\t\t\t\t\t<div class=\"faq-item-answer\">\r\n\t\t\t\t\t\t<div class=\"faq-item-answer-text\"> <p>Voc\u00ea pode adicionar as extens\u00f5es ao modelo do seu site. Basta acessar o painel de administra\u00e7\u00e3o e realizar as seguintes a\u00e7\u00f5es: <\/p> <ol> <li>Clique em configura\u00e7\u00f5es do tema; <\/li> <li>Encontre o elemento onde deseja inserir a extens\u00e3o; <\/li> <li>adicione o c\u00f3digo do servi\u00e7o Elfsight Apps e salve as altera\u00e7\u00f5es. <\/li> <p>Conclu\u00eddo. <\/p> <\/div>\r\n\t\t\t\t\t<\/div>\r\n\t\t\t\t<\/div> <div class=\"faq-item\">\r\n\t\t\t\t\t<div class=\"faq-item-question\">\r\n\t\t\t\t\t\t<h3 class=\"faq-item-question-text\">Quais vers\u00f5es e modelos do JTL Shop podem ser integrados \u00e0 extens\u00e3o?<\/h3>\r\n\r\n\t\t\t\t\t\t<div class=\"faq-item-question-icon\"><\/div>\r\n\t\t\t\t\t<\/div>\r\n\r\n\t\t\t\t\t<div class=\"faq-item-answer\">\r\n\t\t\t\t\t\t<div class=\"faq-item-answer-text\"> Nossas extens\u00f5es s\u00e3o compat\u00edveis com qualquer modelo de vers\u00e3o do JTL Shop. Voc\u00ea pode ter certeza do funcionamento constante de todas as ferramentas. <\/div>\r\n\t\t\t\t\t<\/div>\r\n\t\t\t\t<\/div> <div class=\"faq-item\">\r\n\t\t\t\t\t<div class=\"faq-item-question\">\r\n\t\t\t\t\t\t<h3 class=\"faq-item-question-text\">Onde posso editar minhas extens\u00f5es? <\/h3>\r\n\r\n\t\t\t\t\t\t<div class=\"faq-item-question-icon\"><\/div>\r\n\t\t\t\t\t<\/div>\r\n\r\n\t\t\t\t\t<div class=\"faq-item-answer\">\r\n\t\t\t\t\t\t<div class=\"faq-item-answer-text\"> Todos os nossos clientes podem fazer todas as altera\u00e7\u00f5es necess\u00e1rias nas configura\u00e7\u00f5es no pr\u00e1tico editor Elfsight.<\/div>\r\n\t\t\t\t\t<\/div>\r\n\t\t\t\t<\/div> <div class=\"faq-item\">\r\n\t\t\t\t\t<div class=\"faq-item-question\">\r\n\t\t\t\t\t\t<h3 class=\"faq-item-question-text\">Posso entrar em contato com a equipe de suporte se precisar de mais informa\u00e7\u00f5es sobre o servi\u00e7o <\/h3>\r\n\r\n\t\t\t\t\t\t<div class=\"faq-item-question-icon\"><\/div>\r\n\t\t\t\t\t<\/div>\r\n\r\n\t\t\t\t\t<div class=\"faq-item-answer\">\r\n\t\t\t\t\t\t<div class=\"faq-item-answer-text\"> <p>Todos os nossos usu\u00e1rios podem entrar em contato com nossa simp\u00e1tica equipe de suporte para tirar d\u00favidas sobre o trabalho de nossas solu\u00e7\u00f5es. <\/div>\r\n\t\t\t\t\t<\/div>\r\n\t\t\t\t<\/div> <\/div><p><\/p>","protected":false},"excerpt":{"rendered":"O servi\u00e7o de aplicativos da Elfsight ideal para todas as necessidades da sua loja JTL Durante v\u00e1rios anos, nossa equipe de desenvolvedores da Elfsight cria aplicativos f\u00e1ceis de usar e totalmente -extens\u00f5es responsivas para voc\u00ea. Sempre oferecemos um servi\u00e7o de suporte premium e uma taxa de carregamento r\u00e1pida. Essas ferramentas&#8230;","protected":false},"author":9,"featured_media":0,"parent":0,"menu_order":0,"comment_status":"closed","ping_status":"closed","template":"templates\/template-platform.php","meta":{"publish_to_discourse":"","publish_post_category":"","wpdc_auto_publish_overridden":"","wpdc_topic_tags":"","wpdc_pin_topic":"","wpdc_pin_until":"","discourse_post_id":"","discourse_permalink":"","wpdc_publishing_response":"","wpdc_publishing_error":"","footnotes":""},"class_list":["post-12459","page","type-page","status-publish","hentry"],"yoast_head":"<!-- This site is optimized with the Yoast SEO plugin v25.3.1 - https:\/\/yoast.com\/wordpress\/plugins\/seo\/ -->\n<title>JTL Shop - Uma das melhores solu\u00e7\u00f5es para JTL Shop<\/title>\n<meta name=\"description\" content=\"Descri\u00e7\u00e3o meta: Lista gratuita dos melhores plugins e extens\u00f5es gratuitos especialmente para JTL Shop. Ajuda com personaliza\u00e7\u00e3o e funcionalidade extensa.\" \/>\n<meta name=\"robots\" content=\"index, follow, max-snippet:-1, max-image-preview:large, max-video-preview:-1\" \/>\n<link rel=\"canonical\" href=\"https:\/\/elfsight.com\/pt\/jtl-shop-extensions\/\" \/>\n<meta property=\"og:locale\" content=\"pt_PT\" \/>\n<meta property=\"og:type\" content=\"article\" \/>\n<meta property=\"og:title\" content=\"JTL Shop - Uma das melhores solu\u00e7\u00f5es para JTL Shop\" \/>\n<meta property=\"og:description\" content=\"Descri\u00e7\u00e3o meta: Lista gratuita dos melhores plugins e extens\u00f5es gratuitos especialmente para JTL Shop. Ajuda com personaliza\u00e7\u00e3o e funcionalidade extensa.\" \/>\n<meta property=\"og:url\" content=\"https:\/\/elfsight.com\/pt\/jtl-shop-extensions\/\" \/>\n<meta property=\"og:site_name\" content=\"Elfsight PT\" \/>\n<meta property=\"article:modified_time\" content=\"2024-07-16T10:46:41+00:00\" \/>\n<meta name=\"twitter:card\" content=\"summary_large_image\" \/>\n<meta name=\"twitter:label1\" content=\"Tempo estimado de leitura\" \/>\n\t<meta name=\"twitter:data1\" content=\"3 minutos\" \/>\n<!-- \/ Yoast SEO plugin. -->","yoast_head_json":{"title":"JTL Shop - Uma das melhores solu\u00e7\u00f5es para JTL Shop","description":"Descri\u00e7\u00e3o meta: Lista gratuita dos melhores plugins e extens\u00f5es gratuitos especialmente para JTL Shop. Ajuda com personaliza\u00e7\u00e3o e funcionalidade extensa.","robots":{"index":"index","follow":"follow","max-snippet":"max-snippet:-1","max-image-preview":"max-image-preview:large","max-video-preview":"max-video-preview:-1"},"canonical":"https:\/\/elfsight.com\/pt\/jtl-shop-extensions\/","og_locale":"pt_PT","og_type":"article","og_title":"JTL Shop - Uma das melhores solu\u00e7\u00f5es para JTL Shop","og_description":"Descri\u00e7\u00e3o meta: Lista gratuita dos melhores plugins e extens\u00f5es gratuitos especialmente para JTL Shop. Ajuda com personaliza\u00e7\u00e3o e funcionalidade extensa.","og_url":"https:\/\/elfsight.com\/pt\/jtl-shop-extensions\/","og_site_name":"Elfsight PT","article_modified_time":"2024-07-16T10:46:41+00:00","twitter_card":"summary_large_image","twitter_misc":{"Tempo estimado de leitura":"3 minutos"},"schema":{"@context":"https:\/\/schema.org","@graph":[{"@type":"WebPage","@id":"https:\/\/elfsight.com\/pt\/jtl-shop-extensions\/","url":"https:\/\/elfsight.com\/pt\/jtl-shop-extensions\/","name":"JTL Shop - Uma das melhores solu\u00e7\u00f5es para JTL Shop","isPartOf":{"@id":"https:\/\/elfsight.com\/pt\/#website"},"datePublished":"2024-05-24T13:00:12+00:00","dateModified":"2024-07-16T10:46:41+00:00","description":"Descri\u00e7\u00e3o meta: Lista gratuita dos melhores plugins e extens\u00f5es gratuitos especialmente para JTL Shop. Ajuda com personaliza\u00e7\u00e3o e funcionalidade extensa.","breadcrumb":{"@id":"https:\/\/elfsight.com\/pt\/jtl-shop-extensions\/#breadcrumb"},"inLanguage":"pt-PT","potentialAction":[{"@type":"ReadAction","target":["https:\/\/elfsight.com\/pt\/jtl-shop-extensions\/"]}]},{"@type":"BreadcrumbList","@id":"https:\/\/elfsight.com\/pt\/jtl-shop-extensions\/#breadcrumb","itemListElement":[{"@type":"ListItem","position":1,"name":"Home","item":"https:\/\/elfsight.com\/pt\/"},{"@type":"ListItem","position":2,"name":"jtl shop extensions"}]},{"@type":"WebSite","@id":"https:\/\/elfsight.com\/pt\/#website","url":"https:\/\/elfsight.com\/pt\/","name":"Elfsight PT","description":"Just another Elfsight Sites site","potentialAction":[{"@type":"SearchAction","target":{"@type":"EntryPoint","urlTemplate":"https:\/\/elfsight.com\/pt\/?s={search_term_string}"},"query-input":{"@type":"PropertyValueSpecification","valueRequired":true,"valueName":"search_term_string"}}],"inLanguage":"pt-PT"}]}},"meta_box":{"industry":"","seo_heading":"","heading":"","description":"","cta_heading":"","cta_description":"","application":"","h1":"As melhores extens\u00f5es da loja JTL","h1_caption":"Lista gratuita de extens\u00f5es premium com ampla funcionalidade para aumentar as vendas e cobrir todos os outros objetivos comerciais.","application_category":[],"applications_title":"D\u00ea uma olhada em toda a variedade de extens\u00f5es gratuitas para o seu site","applications_request_title":"N\u00e3o consegue encontrar a extens\u00e3o certa?","applications_request_button_text":"Solicitar uma extens\u00e3o","hero_text":"","hero_video":"","hero_video_schema_markup":"","selling_points_title":"","selling_points_caption":"","selling_points":[],"selling_points_cta_text":"","features_title":"","features":"","ed_cta_examples_text":"","ed_cta_examples_hidden":"","ed_cta_demo_text":"","ed_cta_demo_hidden":"","why_caption":"","why_editor_title":"","why_editor_text":"","why_team_title":"","why_team_text":"","why_service_title":"","why_service_text":"","template_catalog_visible":"","template_catalog_title":"","template_catalog_text":"","template_catalog_categories_visible":"","demo_title":"","demo_caption":"","default_faq_hidden":"","app_template_category":[],"platform":"5326","template_public_id":"","codecanyon_url":"","codecanyon_item_id":"","codecanyon_price":"","pricing_caption":"","pricing_elfsight_apps_hide_column":"","pricing_elfsight_apps_url":"","pricing_codecanyon_price_caption":"","integration_category":[],"integration_request_title":"","integration_request_cta":"","integration_platform":"","integrations":[],"platform_category":[],"video_schema_markup":"","price":"","trial":"","benefits":[],"button_url":"","button_target_blank":"","button_nofollow":"","attributes":[],"tags":[],"tags_disable_links":"","hide_more_platforms":"","video_object":"","demo_hide_cta":"","demo_hide_cloud_options":"","pricing_title":"","pricing":[],"related_apps_title":"","related_apps_hidden":"","author":"","image":[],"title":"","job":"","social_networks":[]},"_links":{"self":[{"href":"https:\/\/elfsight.com\/pt\/wp-json\/wp\/v2\/pages\/12459","targetHints":{"allow":["GET"]}}],"collection":[{"href":"https:\/\/elfsight.com\/pt\/wp-json\/wp\/v2\/pages"}],"about":[{"href":"https:\/\/elfsight.com\/pt\/wp-json\/wp\/v2\/types\/page"}],"author":[{"embeddable":true,"href":"https:\/\/elfsight.com\/pt\/wp-json\/wp\/v2\/users\/9"}],"replies":[{"embeddable":true,"href":"https:\/\/elfsight.com\/pt\/wp-json\/wp\/v2\/comments?post=12459"}],"version-history":[{"count":1,"href":"https:\/\/elfsight.com\/pt\/wp-json\/wp\/v2\/pages\/12459\/revisions"}],"predecessor-version":[{"id":12463,"href":"https:\/\/elfsight.com\/pt\/wp-json\/wp\/v2\/pages\/12459\/revisions\/12463"}],"wp:attachment":[{"href":"https:\/\/elfsight.com\/pt\/wp-json\/wp\/v2\/media?parent=12459"}],"curies":[{"name":"wp","href":"https:\/\/api.w.org\/{rel}","templated":true}]}}