{"id":121,"date":"2021-09-24T07:59:29","date_gmt":"2021-09-24T07:59:29","guid":{"rendered":"https:\/\/elfsight.com\/pt\/?page_id=121"},"modified":"2024-06-25T10:21:59","modified_gmt":"2024-06-25T10:21:59","slug":"bigcommerce-apps","status":"publish","type":"page","link":"https:\/\/elfsight.com\/pt\/bigcommerce-apps\/","title":{"rendered":"BigCommerce apps"},"content":{"rendered":"\n<h2>O servi\u00e7o ideal para elevar o seu site BigCommerce<\/h2>\n\n<figure class=\"browser-frame\">\n<img decoding=\"async\" alt=\"as melhores apps bigcommerce gratuitas para o seu site\" src=\"https:\/\/elfsight.com\/wp-content\/uploads\/2020\/08\/platform-image-bigcommerce.jpg\">\n<\/figure>\n\n<p>Os programadores da Elfsight criam apps simples e completamente reativas para o seu neg\u00f3cio. A nossa equipa oferece-lhe sempre um servi\u00e7o de apoio profissional e carregamento r\u00e1pido. O servi\u00e7o da Elfsight apoia bastantes propriet\u00e1rios de sites educacionais, de e-commerce, e muitos outros em diferentes partes do mundo de modo a lidar com as tarefas do site de forma mais eficiente.<\/p>\n\n<h2>O que torna os plugins BigCommerce da Elfsight t\u00e3o \u00fanicos?<\/h2>\n<p>Veja a lista de vantagens distintas das nossas apps: <\/p>\n<ul>\n<li>Adaptabilidade a qualquer resolu\u00e7\u00e3o de ecr\u00e3;<\/li>\n<li>J\u00e1 n\u00e3o \u00e9 necess\u00e1rio ter uma equipa de programadores;<\/li>\n<li>Um largo leque de op\u00e7\u00f5es de design;<\/li>\n<li>Servi\u00e7o cloud permite aumentar a velocidade de carregamento;<\/li>\n<li>Planos de pre\u00e7o flex\u00edveis;<\/li>\n<li>Ajuda constante para quaisquer problemas dos clientes.<\/li>\n<\/ul>\n\n<p>Experimente a op\u00e7\u00e3o gratuita das nossas apps e obtenha acesso \u00e0s suas funcionalidades ou instalar qualquer solu\u00e7\u00e3o necess\u00e1ria com um cup\u00e3o de 20%.<p>\n\n\n<h2>Como adicionar as suas apps \u00e0 sua plataforma BigCommerce<\/h2>\n<div class=\"video-container\">\n<iframe width=\"720\" height=\"405\" src=\"https:\/\/www.youtube.com\/embed\/jP9OQST7PLc\" frameborder=\"0\" allowfullscreen><\/iframe>\n<\/div>\n<p>Para adicionar o plugin siga os passos:<\/p>\n\n\n<ol>\n<li>Escolha o plugin necess\u00e1rio;<\/li>\n<li>Aplique algumas altera\u00e7\u00f5es consoante as suas necessidades;<\/li>\n<li>Guarde as altera\u00e7\u00f5es;<\/li>\n<li>Clique no c\u00f3digo obtido;<\/li>\n<li>Instale o c\u00f3digo no local adequado do seu site ou modelo;<\/li>\n<li>Pronto! Adicionou a ferramenta.<\/li>\n<\/ol>\n\n<p>Relativamente a quaisquer recomenda\u00e7\u00f5es necess\u00e1rias, n\u00e3o hesite em informar a equipa de apoio.<\/p>\n","protected":false},"excerpt":{"rendered":"O servi\u00e7o ideal para elevar o seu site BigCommerce Os programadores da Elfsight criam apps simples e completamente reativas para o seu neg\u00f3cio. A nossa equipa oferece-lhe sempre um servi\u00e7o de apoio profissional e carregamento r\u00e1pido. O servi\u00e7o da Elfsight apoia bastantes propriet\u00e1rios de sites educacionais, de e-commerce, e muitos&#8230;","protected":false},"author":13,"featured_media":0,"parent":0,"menu_order":0,"comment_status":"closed","ping_status":"closed","template":"templates\/template-platform.php","meta":{"publish_to_discourse":"","publish_post_category":"","wpdc_auto_publish_overridden":"","wpdc_topic_tags":"","wpdc_pin_topic":"","wpdc_pin_until":"","discourse_post_id":"","discourse_permalink":"","wpdc_publishing_response":"","wpdc_publishing_error":"","footnotes":""},"class_list":["post-121","page","type-page","status-publish","hentry"],"yoast_head":"<!-- This site is optimized with the Yoast SEO plugin v25.3.1 - https:\/\/yoast.com\/wordpress\/plugins\/seo\/ -->\n<title>Mais de 70 das melhores Apps e Plugins BigCommerce para o seu Site<\/title>\n<meta name=\"description\" content=\"Conjunto gratuito de apps e plugins de topo gratuitos exclusivamente para sites BigCommerce. Ajuda com personaliza\u00e7\u00e3o e instala\u00e7\u00e3o.\" \/>\n<meta name=\"robots\" content=\"index, follow, max-snippet:-1, max-image-preview:large, max-video-preview:-1\" \/>\n<link rel=\"canonical\" href=\"https:\/\/elfsight.com\/pt\/bigcommerce-apps\/\" \/>\n<meta property=\"og:locale\" content=\"pt_PT\" \/>\n<meta property=\"og:type\" content=\"article\" \/>\n<meta property=\"og:title\" content=\"Mais de 70 das melhores Apps e Plugins BigCommerce para o seu Site\" \/>\n<meta property=\"og:description\" content=\"Conjunto gratuito de apps e plugins de topo gratuitos exclusivamente para sites BigCommerce. Ajuda com personaliza\u00e7\u00e3o e instala\u00e7\u00e3o.\" \/>\n<meta property=\"og:url\" content=\"https:\/\/elfsight.com\/pt\/bigcommerce-apps\/\" \/>\n<meta property=\"og:site_name\" content=\"Elfsight PT\" \/>\n<meta property=\"article:modified_time\" content=\"2024-06-25T10:21:59+00:00\" \/>\n<meta property=\"og:image\" content=\"https:\/\/elfsight.com\/wp-content\/uploads\/2020\/08\/platform-image-bigcommerce.jpg\" \/>\n<meta name=\"twitter:card\" content=\"summary_large_image\" \/>\n<meta name=\"twitter:label1\" content=\"Tempo estimado de leitura\" \/>\n\t<meta name=\"twitter:data1\" content=\"2 minutos\" \/>\n<!-- \/ Yoast SEO plugin. -->","yoast_head_json":{"title":"Mais de 70 das melhores Apps e Plugins BigCommerce para o seu Site","description":"Conjunto gratuito de apps e plugins de topo gratuitos exclusivamente para sites BigCommerce. Ajuda com personaliza\u00e7\u00e3o e instala\u00e7\u00e3o.","robots":{"index":"index","follow":"follow","max-snippet":"max-snippet:-1","max-image-preview":"max-image-preview:large","max-video-preview":"max-video-preview:-1"},"canonical":"https:\/\/elfsight.com\/pt\/bigcommerce-apps\/","og_locale":"pt_PT","og_type":"article","og_title":"Mais de 70 das melhores Apps e Plugins BigCommerce para o seu Site","og_description":"Conjunto gratuito de apps e plugins de topo gratuitos exclusivamente para sites BigCommerce. Ajuda com personaliza\u00e7\u00e3o e instala\u00e7\u00e3o.","og_url":"https:\/\/elfsight.com\/pt\/bigcommerce-apps\/","og_site_name":"Elfsight PT","article_modified_time":"2024-06-25T10:21:59+00:00","og_image":[{"url":"https:\/\/elfsight.com\/wp-content\/uploads\/2020\/08\/platform-image-bigcommerce.jpg","type":"","width":"","height":""}],"twitter_card":"summary_large_image","twitter_misc":{"Tempo estimado de leitura":"2 minutos"},"schema":{"@context":"https:\/\/schema.org","@graph":[{"@type":"WebPage","@id":"https:\/\/elfsight.com\/pt\/bigcommerce-apps\/","url":"https:\/\/elfsight.com\/pt\/bigcommerce-apps\/","name":"Mais de 70 das melhores Apps e Plugins BigCommerce para o seu Site","isPartOf":{"@id":"https:\/\/elfsight.com\/pt\/#website"},"primaryImageOfPage":{"@id":"https:\/\/elfsight.com\/pt\/bigcommerce-apps\/#primaryimage"},"image":{"@id":"https:\/\/elfsight.com\/pt\/bigcommerce-apps\/#primaryimage"},"thumbnailUrl":"https:\/\/elfsight.com\/wp-content\/uploads\/2020\/08\/platform-image-bigcommerce.jpg","datePublished":"2021-09-24T07:59:29+00:00","dateModified":"2024-06-25T10:21:59+00:00","description":"Conjunto gratuito de apps e plugins de topo gratuitos exclusivamente para sites BigCommerce. Ajuda com personaliza\u00e7\u00e3o e instala\u00e7\u00e3o.","breadcrumb":{"@id":"https:\/\/elfsight.com\/pt\/bigcommerce-apps\/#breadcrumb"},"inLanguage":"pt-PT","potentialAction":[{"@type":"ReadAction","target":["https:\/\/elfsight.com\/pt\/bigcommerce-apps\/"]}]},{"@type":"ImageObject","inLanguage":"pt-PT","@id":"https:\/\/elfsight.com\/pt\/bigcommerce-apps\/#primaryimage","url":"https:\/\/elfsight.com\/wp-content\/uploads\/2020\/08\/platform-image-bigcommerce.jpg","contentUrl":"https:\/\/elfsight.com\/wp-content\/uploads\/2020\/08\/platform-image-bigcommerce.jpg"},{"@type":"BreadcrumbList","@id":"https:\/\/elfsight.com\/pt\/bigcommerce-apps\/#breadcrumb","itemListElement":[{"@type":"ListItem","position":1,"name":"Home","item":"https:\/\/elfsight.com\/pt\/"},{"@type":"ListItem","position":2,"name":"BigCommerce apps"}]},{"@type":"WebSite","@id":"https:\/\/elfsight.com\/pt\/#website","url":"https:\/\/elfsight.com\/pt\/","name":"Elfsight PT","description":"Just another Elfsight Sites site","potentialAction":[{"@type":"SearchAction","target":{"@type":"EntryPoint","urlTemplate":"https:\/\/elfsight.com\/pt\/?s={search_term_string}"},"query-input":{"@type":"PropertyValueSpecification","valueRequired":true,"valueName":"search_term_string"}}],"inLanguage":"pt-PT"}]}},"meta_box":{"industry":"","seo_heading":"","heading":"","description":"","cta_heading":"","cta_description":"","application":"","h1":"As melhores apps BigCommerce","h1_caption":"Cole\u00e7\u00e3o gratuita de plugins prontos a usar com funcionalidade a larga escala para aumentar a atividade do utilizador e atingir todos os objetivos comerciais essenciais.","application_category":[],"applications_title":"Experimente a cole\u00e7\u00e3o completa de apps gratuitas da Elfsight para o seu site BigCommerce","applications_request_title":"N\u00e3o encontra o plugin certo?","applications_request_button_text":"Pedir um plugin","hero_text":"","hero_video":"","hero_video_schema_markup":"","selling_points_title":"","selling_points_caption":"","selling_points":[],"selling_points_cta_text":"","features_title":"","features":"","ed_cta_examples_text":"","ed_cta_examples_hidden":"","ed_cta_demo_text":"","ed_cta_demo_hidden":"","why_caption":"","why_editor_title":"","why_editor_text":"","why_team_title":"","why_team_text":"","why_service_title":"","why_service_text":"","template_catalog_visible":"","template_catalog_title":"","template_catalog_text":"","template_catalog_categories_visible":"","demo_title":"","demo_caption":"","default_faq_hidden":"","app_template_category":[],"platform":"43","template_public_id":"","codecanyon_url":"","codecanyon_item_id":"","codecanyon_price":"","pricing_caption":"","pricing_elfsight_apps_hide_column":"","pricing_elfsight_apps_url":"","pricing_codecanyon_price_caption":"","integration_category":[],"integration_request_title":"","integration_request_cta":"","integration_platform":"","integrations":[],"platform_category":[],"video_schema_markup":"{\r\n  \"@context\": \"http:\/\/schema.org\",\r\n  \"@type\": \"VideoObject\",\r\n  \"name\": \"How to Add App to BigCommerce (2021)\",\r\n  \"description\": \"Free assortment of first-class free apps and plugins exclusively for BigCommerce websites. Help with customization and installation.\",\r\n  \"thumbnailUrl\": \"https:\/\/i.ytimg.com\/vi\/jP9OQST7PLc\/default.jpg\",\r\n  \"uploadDate\": \"2021-06-04T13:44:47Z\",\r\n  \"duration\": \"PT2M54S\",\r\n  \"embedUrl\": \"https:\/\/www.youtube.com\/embed\/jP9OQST7PLc\",\r\n  \"interactionCount\": \"44\"\r\n}","price":"a partir de US$ 0\/m\u00eas","trial":"","benefits":[],"button_url":"#demo","button_target_blank":"","button_nofollow":"","attributes":[],"tags":[],"tags_disable_links":"","hide_more_platforms":"","video_object":"","demo_hide_cta":"","demo_hide_cloud_options":"","pricing_title":"","pricing":[],"related_apps_title":"","related_apps_hidden":"","author":"","image":[],"title":"","job":"","social_networks":[]},"_links":{"self":[{"href":"https:\/\/elfsight.com\/pt\/wp-json\/wp\/v2\/pages\/121","targetHints":{"allow":["GET"]}}],"collection":[{"href":"https:\/\/elfsight.com\/pt\/wp-json\/wp\/v2\/pages"}],"about":[{"href":"https:\/\/elfsight.com\/pt\/wp-json\/wp\/v2\/types\/page"}],"author":[{"embeddable":true,"href":"https:\/\/elfsight.com\/pt\/wp-json\/wp\/v2\/users\/13"}],"replies":[{"embeddable":true,"href":"https:\/\/elfsight.com\/pt\/wp-json\/wp\/v2\/comments?post=121"}],"version-history":[{"count":3,"href":"https:\/\/elfsight.com\/pt\/wp-json\/wp\/v2\/pages\/121\/revisions"}],"predecessor-version":[{"id":124,"href":"https:\/\/elfsight.com\/pt\/wp-json\/wp\/v2\/pages\/121\/revisions\/124"}],"wp:attachment":[{"href":"https:\/\/elfsight.com\/pt\/wp-json\/wp\/v2\/media?parent=121"}],"curies":[{"name":"wp","href":"https:\/\/api.w.org\/{rel}","templated":true}]}}