{"id":11443,"date":"2024-05-03T06:54:00","date_gmt":"2024-05-03T06:54:00","guid":{"rendered":"https:\/\/elfsight.com\/pt\/?page_id=11443"},"modified":"2024-06-25T09:24:50","modified_gmt":"2024-06-25T09:24:50","slug":"html","status":"publish","type":"page","link":"https:\/\/elfsight.com\/pt\/visitor-counter-widget\/html\/","title":{"rendered":"Visitor Counter  &#8211; HTML"},"content":{"rendered":"<div class=\"application-platform-content-item-description application-platform-content-item\" id=\"description\" data-nav-section=\"description\"> <h2>Descri\u00e7\u00e3o<\/h2> <p> O Visitor Counter for HTML \u00e9 uma ferramenta descomplicada que permite controlar a quantidade de visitantes e o conte\u00fado mais popular visualizado dentro do prazo exato. As estat\u00edsticas vitais agora s\u00e3o f\u00e1ceis de verificar, sem a necessidade de habilidades espec\u00edficas de an\u00e1lise de dados. Al\u00e9m disso, voc\u00ea pode facilmente garantir aos telespectadores que \u00e9 uma empresa respeit\u00e1vel e obter muito mais vendas. Com nossas oportunidades elegantes e ajust\u00e1veis \u200b\u200be layouts pr\u00e1ticos, voc\u00ea pode integrar o widget ao seu site em apenas alguns segundos. <\/p> <p><b>Com o Visitor Counter, verifique suas estat\u00edsticas e experimente um s\u00f3lido crescimento do neg\u00f3cio! <\/b><\/p><\/div> <div class=\"faq\" data-component=\"FAQ\"><div class=\"faq-item\">\r\n\t\t\t\t\t<div class=\"faq-item-question\">\r\n\t\t\t\t\t\t<h3 class=\"faq-item-question-text\">Como posso incorporar um contador de visitantes ao meu site HTML? <\/h3>\r\n\r\n\t\t\t\t\t\t<div class=\"faq-item-question-icon\"><\/div>\r\n\t\t\t\t\t<\/div>\r\n\r\n\t\t\t\t\t<div class=\"faq-item-answer\">\r\n\t\t\t\t\t\t<div class=\"faq-item-answer-text\"><p>O edif\u00edcio da ferramenta ocorre nas p\u00e1ginas da Elfsight e voc\u00ea n\u00e3o precisa codificar. Use a demonstra\u00e7\u00e3o online para personalizar seu plugin, obter o c\u00f3digo e inseri-lo em seu site. <\/p><\/div>\r\n\t\t\t\t\t<\/div>\r\n\t\t\t\t<\/div><div class=\"faq-item\">\r\n\t\t\t\t\t<div class=\"faq-item-question\">\r\n\t\t\t\t\t\t<h3 class=\"faq-item-question-text\">As melhores maneiras de usar a integra\u00e7\u00e3o do Hit Counter<\/h3>\r\n\r\n\t\t\t\t\t\t<div class=\"faq-item-question-icon\"><\/div>\r\n\t\t\t\t\t<\/div>\r\n\r\n\t\t\t\t\t<div class=\"faq-item-answer\">\r\n\t\t\t\t\t\t<div class=\"faq-item-answer-text\"><p>Oferecemos uma ampla gama de oportunidades de personaliza\u00e7\u00e3o: widgets completos para adicionar na zona de conte\u00fado, plug-ins flutuantes para op\u00e7\u00f5es de rolagem, layouts de rodap\u00e9, se\u00e7\u00e3o principal e todos os tipos de op\u00e7\u00f5es verticais para barras laterais e menus. <\/p><\/div>\r\n\t\t\t\t\t<\/div>\r\n\t\t\t\t<\/div><div class=\"faq-item\">\r\n\t\t\t\t\t<div class=\"faq-item-question\">\r\n\t\t\t\t\t\t<h3 class=\"faq-item-question-text\">Existe uma op\u00e7\u00e3o para construir um contador de visitantes inline ou detalhado por meio de seu editor? <\/h3>\r\n\r\n\t\t\t\t\t\t<div class=\"faq-item-question-icon\"><\/div>\r\n\t\t\t\t\t<\/div>\r\n\r\n\t\t\t\t\t<div class=\"faq-item-answer\">\r\n\t\t\t\t\t\t<div class=\"faq-item-answer-text\"><p>Voc\u00ea pode criar varia\u00e7\u00f5es de qualquer widget. H\u00e1 uma grande variedade de layouts aplic\u00e1veis \u200b\u200b\u200b\u200bno editor, e todos eles podem ser facilmente ajustados do jeito que voc\u00ea deseja. <\/p><\/div>\r\n\t\t\t\t\t<\/div>\r\n\t\t\t\t<\/div><\/div><div class=\"application-platform-content-item-features application-platform-content-item\" id=\"features\" data-nav-section=\"features\"> <h2>Confira a lista dos recursos mais poderosos: <\/h2> <ul><li>F\u00e1cil de gerenciar sem qualifica\u00e7\u00e3o profissional de SEO e codifica\u00e7\u00e3o necess\u00e1ria<\/li><li>Uma grande diversidade de intervalos de tempo para contar suas m\u00e9tricas<\/li><li> Layouts pr\u00e1ticos para gerenciar todos os pontos de maneira pr\u00e1tica <\/li><li>Claro, escuro e personaliz\u00e1vel esquemas de cores para ajustar a ferramenta <\/li><li> Defina o tamanho e a espessura da fonte <\/li><li> F\u00e1cil de integrar, mesmo para usu\u00e1rios n\u00e3o t\u00e9cnicos <\/li><\/ul><p><a href=\"#demo\">Voc\u00ea pode ver se o widget \u00e9 para voc\u00ea experimentando a demonstra\u00e7\u00e3o<\/a><\/p> <\/div> <div class=\"application-platform-content-item-installation application-platform-content-item\" id=\"installation\" data-nav-section=\"installation\"><h2>Como adicionar contador de visitantes em meu site HTML ? <\/h2> <div class=\"video-container\"><iframe width=\"720\" height=\"405\" src=\"https:\/\/www.youtube.com\/embed\/Z6Qhq7KaAek\" frameborder=\"0\" allowfullscreen=\"\"><\/iframe><\/div><p>Basta seguir as orienta\u00e7\u00f5es abaixo para integrar o plugin: <\/p> <ol><li><b>Utilize nossa demonstra\u00e7\u00e3o gratuita e comece a formar seu instrumento personalizado. <\/b><br> Encontre o layout e os par\u00e2metros preferidos da ferramenta e aplique as corre\u00e7\u00f5es. <\/li> <li><b>Receba o seu c\u00f3digo individual exposto no formul\u00e1rio especial nas aplica\u00e7\u00f5es Elfsight. <\/b><br> Logo ap\u00f3s a cria\u00e7\u00e3o da sua ferramenta, copie o c\u00f3digo pessoal no pop-up que aparece e guarde-o para uso posterior. <\/li> <li><b>Entre usando o widget em seu site HTML. <\/b><br> Adicione o c\u00f3digo que voc\u00ea copiou recentemente em sua p\u00e1gina inicial e aplique as modifica\u00e7\u00f5es. <\/li> <li><b>Pronto! A configura\u00e7\u00e3o foi realizada com sucesso. <\/b><br> Acesse sua p\u00e1gina da web para verificar como o widget est\u00e1 funcionando. <\/li><\/ol> <p>Caso tenha d\u00favidas ou enfrente alguma dificuldade, entre em contato com nossa equipe de atendimento ao cliente. Nosso pessoal deseja resolver todas as d\u00favidas que voc\u00ea possa ter com o widget. <\/p> <\/div>","protected":false},"excerpt":{"rendered":"","protected":false},"author":9,"featured_media":0,"parent":1255,"menu_order":0,"comment_status":"closed","ping_status":"closed","template":"templates\/template-application-platform.php","meta":{"publish_to_discourse":"","publish_post_category":"","wpdc_auto_publish_overridden":"","wpdc_topic_tags":"","wpdc_pin_topic":"","wpdc_pin_until":"","discourse_post_id":"","discourse_permalink":"","wpdc_publishing_response":"","wpdc_publishing_error":"","footnotes":""},"class_list":["post-11443","page","type-page","status-publish","hentry"],"yoast_head":"<!-- This site is optimized with the Yoast SEO plugin v25.3.1 - https:\/\/yoast.com\/wordpress\/plugins\/seo\/ -->\n<title>Contador de visitantes \u2013 Adicionar widget de contador de visitantes ao site HTML [2025]<\/title>\n<meta name=\"description\" content=\"\u00c9 perfeitamente simples moldar seu melhor widget Hit Counter e adicion\u00e1-lo ao seu site. O atendimento ao cliente da Elfsight \u00e9 gratuito.\" \/>\n<meta name=\"robots\" content=\"index, follow, max-snippet:-1, max-image-preview:large, max-video-preview:-1\" \/>\n<link rel=\"canonical\" href=\"https:\/\/elfsight.com\/pt\/visitor-counter-widget\/html\/\" \/>\n<meta property=\"og:locale\" content=\"pt_PT\" \/>\n<meta property=\"og:type\" content=\"article\" \/>\n<meta property=\"og:title\" content=\"Contador de visitantes \u2013 Adicionar widget de contador de visitantes ao site HTML [2025]\" \/>\n<meta property=\"og:description\" content=\"\u00c9 perfeitamente simples moldar seu melhor widget Hit Counter e adicion\u00e1-lo ao seu site. O atendimento ao cliente da Elfsight \u00e9 gratuito.\" \/>\n<meta property=\"og:url\" content=\"https:\/\/elfsight.com\/pt\/visitor-counter-widget\/html\/\" \/>\n<meta property=\"og:site_name\" content=\"Elfsight PT\" \/>\n<meta property=\"article:modified_time\" content=\"2024-06-25T09:24:50+00:00\" \/>\n<meta name=\"twitter:card\" content=\"summary_large_image\" \/>\n<meta name=\"twitter:label1\" content=\"Tempo estimado de leitura\" \/>\n\t<meta name=\"twitter:data1\" content=\"3 minutos\" \/>\n<!-- \/ Yoast SEO plugin. -->","yoast_head_json":{"title":"Contador de visitantes \u2013 Adicionar widget de contador de visitantes ao site HTML [2025]","description":"\u00c9 perfeitamente simples moldar seu melhor widget Hit Counter e adicion\u00e1-lo ao seu site. O atendimento ao cliente da Elfsight \u00e9 gratuito.","robots":{"index":"index","follow":"follow","max-snippet":"max-snippet:-1","max-image-preview":"max-image-preview:large","max-video-preview":"max-video-preview:-1"},"canonical":"https:\/\/elfsight.com\/pt\/visitor-counter-widget\/html\/","og_locale":"pt_PT","og_type":"article","og_title":"Contador de visitantes \u2013 Adicionar widget de contador de visitantes ao site HTML [2025]","og_description":"\u00c9 perfeitamente simples moldar seu melhor widget Hit Counter e adicion\u00e1-lo ao seu site. O atendimento ao cliente da Elfsight \u00e9 gratuito.","og_url":"https:\/\/elfsight.com\/pt\/visitor-counter-widget\/html\/","og_site_name":"Elfsight PT","article_modified_time":"2024-06-25T09:24:50+00:00","twitter_card":"summary_large_image","twitter_misc":{"Tempo estimado de leitura":"3 minutos"},"schema":{"@context":"https:\/\/schema.org","@graph":[{"@type":"WebPage","@id":"https:\/\/elfsight.com\/pt\/visitor-counter-widget\/html\/","url":"https:\/\/elfsight.com\/pt\/visitor-counter-widget\/html\/","name":"Contador de visitantes \u2013 Adicionar widget de contador de visitantes ao site HTML [2025]","isPartOf":{"@id":"https:\/\/elfsight.com\/pt\/#website"},"datePublished":"2024-05-03T06:54:00+00:00","dateModified":"2024-06-25T09:24:50+00:00","description":"\u00c9 perfeitamente simples moldar seu melhor widget Hit Counter e adicion\u00e1-lo ao seu site. O atendimento ao cliente da Elfsight \u00e9 gratuito.","breadcrumb":{"@id":"https:\/\/elfsight.com\/pt\/visitor-counter-widget\/html\/#breadcrumb"},"inLanguage":"pt-PT","potentialAction":[{"@type":"ReadAction","target":["https:\/\/elfsight.com\/pt\/visitor-counter-widget\/html\/"]}]},{"@type":"BreadcrumbList","@id":"https:\/\/elfsight.com\/pt\/visitor-counter-widget\/html\/#breadcrumb","itemListElement":[{"@type":"ListItem","position":1,"name":"Home","item":"https:\/\/elfsight.com\/pt\/"},{"@type":"ListItem","position":2,"name":"Visitor Counter","item":"https:\/\/elfsight.com\/pt\/visitor-counter-widget\/"},{"@type":"ListItem","position":3,"name":"Visitor Counter &#8211; HTML"}]},{"@type":"WebSite","@id":"https:\/\/elfsight.com\/pt\/#website","url":"https:\/\/elfsight.com\/pt\/","name":"Elfsight PT","description":"Just another Elfsight Sites site","potentialAction":[{"@type":"SearchAction","target":{"@type":"EntryPoint","urlTemplate":"https:\/\/elfsight.com\/pt\/?s={search_term_string}"},"query-input":{"@type":"PropertyValueSpecification","valueRequired":true,"valueName":"search_term_string"}}],"inLanguage":"pt-PT"}]}},"meta_box":{"industry":"","seo_heading":"","heading":"","description":"","cta_heading":"","cta_description":"","application":"1254","h1":"Widget HTML do contador de visitantes","h1_caption":"Acompanhe as m\u00e9tricas da sua p\u00e1gina da web e analise estat\u00edsticas essenciais","application_category":[],"applications_title":"","applications_request_title":"","applications_request_button_text":"","hero_text":"","hero_video":"","hero_video_schema_markup":"","selling_points_title":"","selling_points_caption":"","selling_points":[],"selling_points_cta_text":"","features_title":"","features":"","ed_cta_examples_text":"","ed_cta_examples_hidden":"","ed_cta_demo_text":"","ed_cta_demo_hidden":"","why_caption":"","why_editor_title":"","why_editor_text":"","why_team_title":"","why_team_text":"","why_service_title":"","why_service_text":"","template_catalog_visible":"","template_catalog_title":"","template_catalog_text":"","template_catalog_categories_visible":"","demo_title":"","demo_caption":"","default_faq_hidden":"","app_template_category":[],"platform":"49","template_public_id":"","codecanyon_url":"","codecanyon_item_id":"","codecanyon_price":"","pricing_caption":"","pricing_elfsight_apps_hide_column":"","pricing_elfsight_apps_url":"","pricing_codecanyon_price_caption":"","integration_category":[],"integration_request_title":"","integration_request_cta":"","integration_platform":"","integrations":[],"platform_category":[],"video_schema_markup":"","price":"a partir de US$ 0\/m\u00eas","trial":"","benefits":[{"text":"Servi\u00e7o de instala\u00e7\u00e3o gratuito"},{"text":"Atendimento ao cliente competente"},{"text":"Garantia de reembolso de 14 dias"},{"text":"Atualiza\u00e7\u00f5es gratuitas cont\u00ednuas"}],"button_url":"#demo","button_target_blank":"","button_nofollow":"","attributes":[{"name":"Instala\u00e7\u00f5es","content":"10,000 - 100,000"},{"name":"Responsivo","content":"Sim"},{"name":"Navegadores compat\u00edveis","content":"Firefox, Safari, Opera, Chrome, Edge"}],"tags":[],"tags_disable_links":"","hide_more_platforms":"","video_object":"","demo_hide_cta":"","demo_hide_cloud_options":"","pricing_title":"","pricing":[{"pricing_icon":"platform","pricing_title":"Elfsight Apps","pricing_title_caption":"Vers\u00e3o multiplataforma adequada para qualquer site","pricing_price":"a partir de US$ 0\/m\u00eas","pricing_price_caption":"comece com plano gratuito","pricing_benefits":[{"text":"Sites ilimitados"},{"text":"Suporte gratuito e pontual"},{"text":"Suporte gratuito e pontual"},{"text":"Oferta por tempo limitado para v\u00e1rios aplicativos"}],"pricing_button_text":"Adicionar ao site","pricing_button_url":"#demo"}],"related_apps_title":"","related_apps_hidden":"","author":"","image":[],"title":"","job":"","social_networks":[]},"_links":{"self":[{"href":"https:\/\/elfsight.com\/pt\/wp-json\/wp\/v2\/pages\/11443","targetHints":{"allow":["GET"]}}],"collection":[{"href":"https:\/\/elfsight.com\/pt\/wp-json\/wp\/v2\/pages"}],"about":[{"href":"https:\/\/elfsight.com\/pt\/wp-json\/wp\/v2\/types\/page"}],"author":[{"embeddable":true,"href":"https:\/\/elfsight.com\/pt\/wp-json\/wp\/v2\/users\/9"}],"replies":[{"embeddable":true,"href":"https:\/\/elfsight.com\/pt\/wp-json\/wp\/v2\/comments?post=11443"}],"version-history":[{"count":2,"href":"https:\/\/elfsight.com\/pt\/wp-json\/wp\/v2\/pages\/11443\/revisions"}],"predecessor-version":[{"id":12379,"href":"https:\/\/elfsight.com\/pt\/wp-json\/wp\/v2\/pages\/11443\/revisions\/12379"}],"up":[{"embeddable":true,"href":"https:\/\/elfsight.com\/pt\/wp-json\/wp\/v2\/pages\/1255"}],"wp:attachment":[{"href":"https:\/\/elfsight.com\/pt\/wp-json\/wp\/v2\/media?parent=11443"}],"curies":[{"name":"wp","href":"https:\/\/api.w.org\/{rel}","templated":true}]}}