{"id":11436,"date":"2024-05-03T06:53:30","date_gmt":"2024-05-03T06:53:30","guid":{"rendered":"https:\/\/elfsight.com\/pt\/?page_id=11436"},"modified":"2024-11-13T11:52:34","modified_gmt":"2024-11-13T11:52:34","slug":"webnode","status":"publish","type":"page","link":"https:\/\/elfsight.com\/pt\/vimeo-video-gallery-widget\/webnode\/","title":{"rendered":"Vimeo Gallery &#8211; Webnode"},"content":{"rendered":"<div class=\"application-platform-content-item-description application-platform-content-item\" id=\"description\" data-nav-section=\"description\"><h2>Descri\u00e7\u00e3o<\/h2><p>Elfsight Vimeo \u00e9 uma ferramenta simples para quem precisa adicionar v\u00eddeos no site. Voc\u00ea pode criar listas de reprodu\u00e7\u00e3o de v\u00eddeos, exibir um canal inteiro, encontrar o melhor conte\u00fado tem\u00e1tico para o seu widget e muito mais. O widget apresenta v\u00e1rias op\u00e7\u00f5es de design que ajudam a organizar a interface adequada para diferentes casos de uso. Layouts integrados ajudam a organizar o conte\u00fado da maneira ideal, v\u00e1rios modos de reprodu\u00e7\u00e3o tornam a visualiza\u00e7\u00e3o de v\u00eddeos \u00fatil para qualquer usu\u00e1rio. Com o cabe\u00e7alho flex\u00edvel, voc\u00ea tem a chance de anunciar sua conta do Vimeo e aumentar o n\u00famero de seguidores. A Elfsight Vimeo Video Gallery se tornar\u00e1 uma forma eficiente n\u00e3o apenas de aumentar o engajamento, mas tamb\u00e9m de promover o seu neg\u00f3cio.<\/p> <div class=\"faq\" data-component=\"FAQ\"><div class=\"faq-item\">\r\n\t\t\t\t\t<div class=\"faq-item-question\">\r\n\t\t\t\t\t\t<h3 class=\"faq-item-question-text\">Onde posso inserir este plugin<\/h3>\r\n\r\n\t\t\t\t\t\t<div class=\"faq-item-question-icon\"><\/div>\r\n\t\t\t\t\t<\/div>\r\n\r\n\t\t\t\t\t<div class=\"faq-item-answer\">\r\n\t\t\t\t\t\t<div class=\"faq-item-answer-text\"><p>O widget pode muito bem trabalhe exatamente na p\u00e1gina, onde voc\u00ea deseja. Se voc\u00ea introduzir o player de v\u00eddeo do Vimeo no modelo do site, ele aparecer\u00e1 em todas as p\u00e1ginas.<\/p> <\/div>\r\n\t\t\t\t\t<\/div>\r\n\t\t\t\t<\/div><div class=\"faq-item\">\r\n\t\t\t\t\t<div class=\"faq-item-question\">\r\n\t\t\t\t\t\t<h3 class=\"faq-item-question-text\">Quais s\u00e3o os benef\u00edcios de ter o widget para mim?<\/h3>\r\n\r\n\t\t\t\t\t\t<div class=\"faq-item-question-icon\"><\/div>\r\n\t\t\t\t\t<\/div>\r\n\r\n\t\t\t\t\t<div class=\"faq-item-answer\">\r\n\t\t\t\t\t\t<div class=\"faq-item-answer-text\"><p>Este plugin ir\u00e1 contribua para aumentar o engajamento em seu site com a ajuda de v\u00eddeos atraentes. A op\u00e7\u00e3o de assinatura r\u00e1pida ajudar\u00e1 a atrair novas assinaturas para sua conta do Vimeo.<\/p><\/div>\r\n\t\t\t\t\t<\/div>\r\n\t\t\t\t<\/div><div class=\"faq-item\">\r\n\t\t\t\t\t<div class=\"faq-item-question\">\r\n\t\t\t\t\t\t<h3 class=\"faq-item-question-text\">O que eu preciso para obter o widget do Vimeo?<\/h3>\r\n\r\n\t\t\t\t\t\t<div class=\"faq-item-question-icon\"><\/div>\r\n\t\t\t\t\t<\/div>\r\n\r\n\t\t\t\t\t<div class=\"faq-item-answer\">\r\n\t\t\t\t\t\t<div class=\"faq-item-answer-text\"><p>Voc\u00ea s\u00f3 precisa de um minuto do seu tempo para ativar . A integra\u00e7\u00e3o \u00e9 muito r\u00e1pida, gratuita e sem codifica\u00e7\u00e3o.<\/p><p>Existe a op\u00e7\u00e3o de integrar o widget ao seu site diretamente em nosso servi\u00e7o. Para isso, siga a breve descri\u00e7\u00e3o a seguir nesta p\u00e1gina.<\/p><\/div>\r\n\t\t\t\t\t<\/div>\r\n\t\t\t\t<\/div><\/div><\/div><div class=\"application-platform-content-item-features application-platform-content-item\" id=\"features\" data-nav-section=\"features\"><h2>Recursos<\/h2><p>Para obter um percep\u00e7\u00e3o completa do widget, descubra a lista das principais caracter\u00edsticas. Eles tornam este widget incrivelmente eficaz para o seu recurso da web:<\/p><ul><li>Adi\u00e7\u00e3o de determinados layouts para v\u00e1rias formas de organiza\u00e7\u00e3o de v\u00eddeos: Grade, Playlist, Slider;<\/li><li>Sete elementos altern\u00e1veis \u200b\u200bdo widget cabe\u00e7alho: nome, estat\u00edsticas, descri\u00e7\u00e3o, bot\u00e3o seguir, foto do perfil; <\/li><li>Quatro modos de reprodu\u00e7\u00e3o integrados: Pop-up, Player, Inline ou no Vimeo;<\/li><li>Tr\u00eas op\u00e7\u00f5es ap\u00f3s o t\u00e9rmino do v\u00eddeo: reproduzir pr\u00f3ximo, reproduzir, nenhum;<\/li><\/ul> <p><a href=\"#demo\">Para saber mais recursos, veja nossa demonstra\u00e7\u00e3o<\/a><\/p><\/div><div class=\"application-platform-content-item-installation application-platform-content-item\" id=\"installation\" data-nav-section=\"installation\"><h2>Saiba como adicionar o v\u00eddeo do Vimeo para o seu site Webnode<\/h2><p>As a\u00e7\u00f5es a seguir s\u00e3o a \u00fanica coisa que voc\u00ea precisa fazer para instalar o widget. <\/p><ol><li><b>Crie seu plugin personalizado do Vimeo<\/b><br> Com a ajuda de nossa demonstra\u00e7\u00e3o gratuita, configure um widget com design e funcionalidade preferidos. <\/li><li><b>Receba o c\u00f3digo individual para instalar o plugin<\/b><br> Depois de gerar o seu widget, voc\u00ea obter\u00e1 o c\u00f3digo de instala\u00e7\u00e3o na janela exibida nos aplicativos Elfsight. Copie este c\u00f3digo para uso futuro.<\/li> <li><b>Exiba o plugin em seu site Webnode<\/b><br> Encontre o local onde voc\u00ea planeja exibir o widget e insira o c\u00f3digo copiado l\u00e1. Publique as altera\u00e7\u00f5es. <\/li> <li><b>A integra\u00e7\u00e3o foi bem-sucedida! <\/b><br> Entre na sua p\u00e1gina, para verificar seu widget.<\/li> <\/ol><p>Ainda tem alguma d\u00favida? Ou trope\u00e7ou em alguma coisa? Apenas uma \u00fanica solicita\u00e7\u00e3o ao nosso suporte ao cliente ajudar\u00e1 em todos os problemas. <\/p><\/div>","protected":false},"excerpt":{"rendered":"","protected":false},"author":9,"featured_media":0,"parent":875,"menu_order":0,"comment_status":"closed","ping_status":"closed","template":"templates\/template-application-platform.php","meta":{"publish_to_discourse":"","publish_post_category":"","wpdc_auto_publish_overridden":"","wpdc_topic_tags":"","wpdc_pin_topic":"","wpdc_pin_until":"","discourse_post_id":"","discourse_permalink":"","wpdc_publishing_response":"","wpdc_publishing_error":"","footnotes":""},"class_list":["post-11436","page","type-page","status-publish","hentry"],"yoast_head":"<!-- This site is optimized with the Yoast SEO plugin v25.3.1 - https:\/\/yoast.com\/wordpress\/plugins\/seo\/ -->\n<title>Adicione o widget Vimeo Video Gallery ao site Webnode (gr\u00e1tis e r\u00e1pido)<\/title>\n<meta name=\"description\" content=\"\u00c9 perfeitamente simples moldar seu widget da Galeria de V\u00eddeos do Vimeo e coloc\u00e1-lo em seu site Webnode. O suporte ao cliente da Elfsight \u00e9 gratuito.\" \/>\n<meta name=\"robots\" content=\"index, follow, max-snippet:-1, max-image-preview:large, max-video-preview:-1\" \/>\n<link rel=\"canonical\" href=\"https:\/\/elfsight.com\/pt\/vimeo-video-gallery-widget\/webnode\/\" \/>\n<meta property=\"og:locale\" content=\"pt_PT\" \/>\n<meta property=\"og:type\" content=\"article\" \/>\n<meta property=\"og:title\" content=\"Adicione o widget Vimeo Video Gallery ao site Webnode (gr\u00e1tis e r\u00e1pido)\" \/>\n<meta property=\"og:description\" content=\"\u00c9 perfeitamente simples moldar seu widget da Galeria de V\u00eddeos do Vimeo e coloc\u00e1-lo em seu site Webnode. O suporte ao cliente da Elfsight \u00e9 gratuito.\" \/>\n<meta property=\"og:url\" content=\"https:\/\/elfsight.com\/pt\/vimeo-video-gallery-widget\/webnode\/\" \/>\n<meta property=\"og:site_name\" content=\"Elfsight PT\" \/>\n<meta property=\"article:modified_time\" content=\"2024-11-13T11:52:34+00:00\" \/>\n<meta name=\"twitter:card\" content=\"summary_large_image\" \/>\n<meta name=\"twitter:label1\" content=\"Tempo estimado de leitura\" \/>\n\t<meta name=\"twitter:data1\" content=\"3 minutos\" \/>\n<!-- \/ Yoast SEO plugin. -->","yoast_head_json":{"title":"Adicione o widget Vimeo Video Gallery ao site Webnode (gr\u00e1tis e r\u00e1pido)","description":"\u00c9 perfeitamente simples moldar seu widget da Galeria de V\u00eddeos do Vimeo e coloc\u00e1-lo em seu site Webnode. O suporte ao cliente da Elfsight \u00e9 gratuito.","robots":{"index":"index","follow":"follow","max-snippet":"max-snippet:-1","max-image-preview":"max-image-preview:large","max-video-preview":"max-video-preview:-1"},"canonical":"https:\/\/elfsight.com\/pt\/vimeo-video-gallery-widget\/webnode\/","og_locale":"pt_PT","og_type":"article","og_title":"Adicione o widget Vimeo Video Gallery ao site Webnode (gr\u00e1tis e r\u00e1pido)","og_description":"\u00c9 perfeitamente simples moldar seu widget da Galeria de V\u00eddeos do Vimeo e coloc\u00e1-lo em seu site Webnode. O suporte ao cliente da Elfsight \u00e9 gratuito.","og_url":"https:\/\/elfsight.com\/pt\/vimeo-video-gallery-widget\/webnode\/","og_site_name":"Elfsight PT","article_modified_time":"2024-11-13T11:52:34+00:00","twitter_card":"summary_large_image","twitter_misc":{"Tempo estimado de leitura":"3 minutos"},"schema":{"@context":"https:\/\/schema.org","@graph":[{"@type":"WebPage","@id":"https:\/\/elfsight.com\/pt\/vimeo-video-gallery-widget\/webnode\/","url":"https:\/\/elfsight.com\/pt\/vimeo-video-gallery-widget\/webnode\/","name":"Adicione o widget Vimeo Video Gallery ao site Webnode (gr\u00e1tis e r\u00e1pido)","isPartOf":{"@id":"https:\/\/elfsight.com\/pt\/#website"},"datePublished":"2024-05-03T06:53:30+00:00","dateModified":"2024-11-13T11:52:34+00:00","description":"\u00c9 perfeitamente simples moldar seu widget da Galeria de V\u00eddeos do Vimeo e coloc\u00e1-lo em seu site Webnode. O suporte ao cliente da Elfsight \u00e9 gratuito.","breadcrumb":{"@id":"https:\/\/elfsight.com\/pt\/vimeo-video-gallery-widget\/webnode\/#breadcrumb"},"inLanguage":"pt-PT","potentialAction":[{"@type":"ReadAction","target":["https:\/\/elfsight.com\/pt\/vimeo-video-gallery-widget\/webnode\/"]}]},{"@type":"BreadcrumbList","@id":"https:\/\/elfsight.com\/pt\/vimeo-video-gallery-widget\/webnode\/#breadcrumb","itemListElement":[{"@type":"ListItem","position":1,"name":"Home","item":"https:\/\/elfsight.com\/pt\/"},{"@type":"ListItem","position":2,"name":"Vimeo Gallery","item":"https:\/\/elfsight.com\/pt\/vimeo-video-gallery-widget\/"},{"@type":"ListItem","position":3,"name":"Vimeo Gallery &#8211; Webnode"}]},{"@type":"WebSite","@id":"https:\/\/elfsight.com\/pt\/#website","url":"https:\/\/elfsight.com\/pt\/","name":"Elfsight PT","description":"Just another Elfsight Sites site","potentialAction":[{"@type":"SearchAction","target":{"@type":"EntryPoint","urlTemplate":"https:\/\/elfsight.com\/pt\/?s={search_term_string}"},"query-input":{"@type":"PropertyValueSpecification","valueRequired":true,"valueName":"search_term_string"}}],"inLanguage":"pt-PT"}]}},"meta_box":{"industry":"","seo_heading":"","heading":"","description":"","cta_heading":"","cta_description":"","application":"874","h1":"Galeria de v\u00eddeos Webnode Vimeo","h1_caption":"Crie uma playlist, colete uma galeria de v\u00eddeos ou incorpore um canal do Vimeo em seu site","application_category":[],"applications_title":"","applications_request_title":"","applications_request_button_text":"","hero_text":"","hero_video":"","hero_video_schema_markup":"","selling_points_title":"","selling_points_caption":"","selling_points":[],"selling_points_cta_text":"","features_title":"","features":"","ed_cta_examples_text":"","ed_cta_examples_hidden":"","ed_cta_demo_text":"","ed_cta_demo_hidden":"","why_caption":"","why_editor_title":"","why_editor_text":"","why_team_title":"","why_team_text":"","why_service_title":"","why_service_text":"","template_catalog_visible":"","template_catalog_title":"","template_catalog_text":"","template_catalog_categories_visible":"","demo_title":"Crie seu widget da Galeria do Vimeo","demo_caption":"Configure sua Galeria Vimeo e adicione-a ao seu site Webnode gratuitamente!","default_faq_hidden":"","app_template_category":[],"platform":"4917","template_public_id":"","codecanyon_url":"","codecanyon_item_id":"","codecanyon_price":"","pricing_caption":"","pricing_elfsight_apps_hide_column":"","pricing_elfsight_apps_url":"","pricing_codecanyon_price_caption":"","integration_category":[],"integration_request_title":"","integration_request_cta":"","integration_platform":"","integrations":[],"platform_category":[],"video_schema_markup":"","price":"a partir de US$ 0\/m\u00eas","trial":"","benefits":[{"text":"Servi\u00e7o de instala\u00e7\u00e3o gratuito"},{"text":"Suporte premium"},{"text":"Garantia de devolu\u00e7\u00e3o do dinheiro em 14 dias"},{"text":"Melhorias ao longo da vida"}],"button_url":"#demo","button_target_blank":"","button_nofollow":"","attributes":[{"name":"Instala\u00e7\u00f5es","content":"10,000 - 100,000"},{"name":"Responsivo","content":"Sim"},{"name":"Navegadores compat\u00edveis","content":"Firefox, Safari, Opera, Chrome, Edge"}],"tags":[],"tags_disable_links":"","hide_more_platforms":"","video_object":"","demo_hide_cta":"","demo_hide_cloud_options":"","pricing_title":"","pricing":[{"pricing_icon":"platform","pricing_title":"Elfsight Apps","pricing_title_caption":"Solu\u00e7\u00e3o digital multiplataforma","pricing_price":"a partir de US$ 0\/m\u00eas","pricing_price_caption":"comece com plano gratuito","pricing_benefits":[{"text":"Dom\u00ednios ilimitados"},{"text":"Suporte r\u00e1pido \u00e0 empresa"},{"text":"Suporte r\u00e1pido \u00e0 empresa"},{"text":"\u00d3timo neg\u00f3cio para v\u00e1rios aplicativos"}],"pricing_button_text":"Adicionar ao site","pricing_button_url":"#demo"}],"related_apps_title":"","related_apps_hidden":"","author":"","image":[],"title":"","job":"","social_networks":[]},"_links":{"self":[{"href":"https:\/\/elfsight.com\/pt\/wp-json\/wp\/v2\/pages\/11436","targetHints":{"allow":["GET"]}}],"collection":[{"href":"https:\/\/elfsight.com\/pt\/wp-json\/wp\/v2\/pages"}],"about":[{"href":"https:\/\/elfsight.com\/pt\/wp-json\/wp\/v2\/types\/page"}],"author":[{"embeddable":true,"href":"https:\/\/elfsight.com\/pt\/wp-json\/wp\/v2\/users\/9"}],"replies":[{"embeddable":true,"href":"https:\/\/elfsight.com\/pt\/wp-json\/wp\/v2\/comments?post=11436"}],"version-history":[{"count":1,"href":"https:\/\/elfsight.com\/pt\/wp-json\/wp\/v2\/pages\/11436\/revisions"}],"predecessor-version":[{"id":11440,"href":"https:\/\/elfsight.com\/pt\/wp-json\/wp\/v2\/pages\/11436\/revisions\/11440"}],"up":[{"embeddable":true,"href":"https:\/\/elfsight.com\/pt\/wp-json\/wp\/v2\/pages\/875"}],"wp:attachment":[{"href":"https:\/\/elfsight.com\/pt\/wp-json\/wp\/v2\/media?parent=11436"}],"curies":[{"name":"wp","href":"https:\/\/api.w.org\/{rel}","templated":true}]}}