{"id":11435,"date":"2024-05-03T06:53:20","date_gmt":"2024-05-03T06:53:20","guid":{"rendered":"https:\/\/elfsight.com\/pt\/?page_id=11435"},"modified":"2024-11-12T15:29:45","modified_gmt":"2024-11-12T15:29:45","slug":"prestashop","status":"publish","type":"page","link":"https:\/\/elfsight.com\/pt\/vimeo-video-gallery-widget\/prestashop\/","title":{"rendered":"Vimeo Gallery &#8211; PrestaShop"},"content":{"rendered":"<div class=\"application-platform-content-item-description application-platform-content-item\" id=\"description\" data-nav-section=\"description\"> <h2>Descri\u00e7\u00e3o<\/h2> <p>Elfsight Vimeo Gallery \u00e9 uma ferramenta simples para propriet\u00e1rios de sites que precisam incorporar conte\u00fado do Vimeo no site. Voc\u00ea pode criar playlists de v\u00eddeos, exibir um canal inteiro, encontrar o melhor conte\u00fado para sua galeria e muito mais. O widget apresenta v\u00e1rios recursos, que ajudam a definir a interface para v\u00e1rios casos de uso. Layouts prontos para uso ajudam a posicionar o conte\u00fado da maneira ideal, v\u00e1rios modos de reprodu\u00e7\u00e3o tornam a visualiza\u00e7\u00e3o de seus v\u00eddeos confort\u00e1vel em qualquer caso de uso. Com a ajuda do cabe\u00e7alho flex\u00edvel voc\u00ea pode apresentar seu canal e aumentar o n\u00famero de seguidores. A Galeria Elfsight Vimeo \u00e9 uma forma eficiente n\u00e3o s\u00f3 de aumentar o envolvimento, mas tamb\u00e9m de promover o seu neg\u00f3cio. <\/p><p><b>Insira a Galeria do Vimeo para simplificar seus picos de com\u00e9rcio eletr\u00f4nico! <\/b><\/p> <\/div> <div class=\"application-platform-content-item-features application-platform-content-item\" id=\"features\" data-nav-section=\"features\"> <h2>Estes s\u00e3o apenas alguns dos amplos recursos do widget: <\/h2> <ul><li>Adi\u00e7\u00e3o de determinados v\u00eddeos por URLs<\/li><li>3 layouts integrados para diversas formas de organiza\u00e7\u00e3o de v\u00eddeos: grade, lista de reprodu\u00e7\u00e3o, controle deslizante<\/li><li>7 elementos controlados do cabe\u00e7alho: nome, estat\u00edsticas, descri\u00e7\u00e3o, bot\u00e3o seguir, foto do perfil<\/li><li>Quatro modos de reprodu\u00e7\u00e3o prontos para uso: Pop-up, Player, Inline ou no Vimeo<\/li><li>Tr\u00eas op\u00e7\u00f5es ap\u00f3s o v\u00eddeo terminar: reproduzir pr\u00f3ximo, repetir, nenhum<\/li><\/ul><p> <a href=\"#demo\">Experimente esta demonstra\u00e7\u00e3o para ter uma ideia completa<\/a><\/p> <\/div> <div class=\"application-platform-content-item-installation application-platform-content-item\" id=\"installation\" data-nav-section=\"installation\"> <h2>Como incorporar a Galeria do Vimeo em uma PrestaShop site<\/h2> <p>Basta aplicar as instru\u00e7\u00f5es abaixo para incorporar o complemento. <\/p> <ol><li><b>Use nossa demonstra\u00e7\u00e3o gratuita e comece a formar seu widget personalizado. <\/b><br> Encontre o design e as op\u00e7\u00f5es desej\u00e1veis \u200b\u200bdo widget e salve as corre\u00e7\u00f5es. <\/li> <li><b>Adquira o seu c\u00f3digo pessoal que aparece na caixa das aplica\u00e7\u00f5es Elfsight. <\/b><br> Ap\u00f3s a conclus\u00e3o da cria\u00e7\u00e3o do seu complemento, copie o c\u00f3digo individual da caixa exibida e salve-o para uso posterior. <\/li> <li><b>Iniciar a utiliza\u00e7\u00e3o do widget na p\u00e1gina do PrestaShop. <\/b><br> Implemente o c\u00f3digo salvo anteriormente em sua p\u00e1gina web e salve as melhorias. <\/li> <li><b>A configura\u00e7\u00e3o foi finalizada com sucesso. <\/b><br> Acesse seu site para ver o trabalho do addon. <\/li><\/ol> <p>Supondo que voc\u00ea tenha algum problema, entre em contato com nossa equipe de suporte. Nossos consultores est\u00e3o ansiosos para resolver todos os problemas que voc\u00ea possa ter com o produto. <\/p> <\/div>","protected":false},"excerpt":{"rendered":"","protected":false},"author":9,"featured_media":0,"parent":875,"menu_order":0,"comment_status":"closed","ping_status":"closed","template":"templates\/template-application-platform.php","meta":{"publish_to_discourse":"","publish_post_category":"","wpdc_auto_publish_overridden":"","wpdc_topic_tags":"","wpdc_pin_topic":"","wpdc_pin_until":"","discourse_post_id":"","discourse_permalink":"","wpdc_publishing_response":"","wpdc_publishing_error":"","footnotes":""},"class_list":["post-11435","page","type-page","status-publish","hentry"],"yoast_head":"<!-- This site is optimized with the Yoast SEO plugin v25.3.1 - https:\/\/yoast.com\/wordpress\/plugins\/seo\/ -->\n<title>PrestaShop Vimeo | Incorporar a Galeria do Vimeo no site PrestaShop<\/title>\n<meta name=\"description\" content=\"Construa sua Galeria de V\u00eddeos do Vimeo e incorpore-a no site PrestaShop rapidamente. Oferecemos atendimento gratuito ao cliente e outros b\u00f4nus.\" \/>\n<meta name=\"robots\" content=\"index, follow, max-snippet:-1, max-image-preview:large, max-video-preview:-1\" \/>\n<link rel=\"canonical\" href=\"https:\/\/elfsight.com\/pt\/vimeo-video-gallery-widget\/prestashop\/\" \/>\n<meta property=\"og:locale\" content=\"pt_PT\" \/>\n<meta property=\"og:type\" content=\"article\" \/>\n<meta property=\"og:title\" content=\"PrestaShop Vimeo | Incorporar a Galeria do Vimeo no site PrestaShop\" \/>\n<meta property=\"og:description\" content=\"Construa sua Galeria de V\u00eddeos do Vimeo e incorpore-a no site PrestaShop rapidamente. Oferecemos atendimento gratuito ao cliente e outros b\u00f4nus.\" \/>\n<meta property=\"og:url\" content=\"https:\/\/elfsight.com\/pt\/vimeo-video-gallery-widget\/prestashop\/\" \/>\n<meta property=\"og:site_name\" content=\"Elfsight PT\" \/>\n<meta property=\"article:modified_time\" content=\"2024-11-12T15:29:45+00:00\" \/>\n<meta name=\"twitter:card\" content=\"summary_large_image\" \/>\n<meta name=\"twitter:label1\" content=\"Tempo estimado de leitura\" \/>\n\t<meta name=\"twitter:data1\" content=\"2 minutos\" \/>\n<!-- \/ Yoast SEO plugin. -->","yoast_head_json":{"title":"PrestaShop Vimeo | Incorporar a Galeria do Vimeo no site PrestaShop","description":"Construa sua Galeria de V\u00eddeos do Vimeo e incorpore-a no site PrestaShop rapidamente. Oferecemos atendimento gratuito ao cliente e outros b\u00f4nus.","robots":{"index":"index","follow":"follow","max-snippet":"max-snippet:-1","max-image-preview":"max-image-preview:large","max-video-preview":"max-video-preview:-1"},"canonical":"https:\/\/elfsight.com\/pt\/vimeo-video-gallery-widget\/prestashop\/","og_locale":"pt_PT","og_type":"article","og_title":"PrestaShop Vimeo | Incorporar a Galeria do Vimeo no site PrestaShop","og_description":"Construa sua Galeria de V\u00eddeos do Vimeo e incorpore-a no site PrestaShop rapidamente. Oferecemos atendimento gratuito ao cliente e outros b\u00f4nus.","og_url":"https:\/\/elfsight.com\/pt\/vimeo-video-gallery-widget\/prestashop\/","og_site_name":"Elfsight PT","article_modified_time":"2024-11-12T15:29:45+00:00","twitter_card":"summary_large_image","twitter_misc":{"Tempo estimado de leitura":"2 minutos"},"schema":{"@context":"https:\/\/schema.org","@graph":[{"@type":"WebPage","@id":"https:\/\/elfsight.com\/pt\/vimeo-video-gallery-widget\/prestashop\/","url":"https:\/\/elfsight.com\/pt\/vimeo-video-gallery-widget\/prestashop\/","name":"PrestaShop Vimeo | Incorporar a Galeria do Vimeo no site PrestaShop","isPartOf":{"@id":"https:\/\/elfsight.com\/pt\/#website"},"datePublished":"2024-05-03T06:53:20+00:00","dateModified":"2024-11-12T15:29:45+00:00","description":"Construa sua Galeria de V\u00eddeos do Vimeo e incorpore-a no site PrestaShop rapidamente. Oferecemos atendimento gratuito ao cliente e outros b\u00f4nus.","breadcrumb":{"@id":"https:\/\/elfsight.com\/pt\/vimeo-video-gallery-widget\/prestashop\/#breadcrumb"},"inLanguage":"pt-PT","potentialAction":[{"@type":"ReadAction","target":["https:\/\/elfsight.com\/pt\/vimeo-video-gallery-widget\/prestashop\/"]}]},{"@type":"BreadcrumbList","@id":"https:\/\/elfsight.com\/pt\/vimeo-video-gallery-widget\/prestashop\/#breadcrumb","itemListElement":[{"@type":"ListItem","position":1,"name":"Home","item":"https:\/\/elfsight.com\/pt\/"},{"@type":"ListItem","position":2,"name":"Vimeo Gallery","item":"https:\/\/elfsight.com\/pt\/vimeo-video-gallery-widget\/"},{"@type":"ListItem","position":3,"name":"Vimeo Gallery &#8211; PrestaShop"}]},{"@type":"WebSite","@id":"https:\/\/elfsight.com\/pt\/#website","url":"https:\/\/elfsight.com\/pt\/","name":"Elfsight PT","description":"Just another Elfsight Sites site","potentialAction":[{"@type":"SearchAction","target":{"@type":"EntryPoint","urlTemplate":"https:\/\/elfsight.com\/pt\/?s={search_term_string}"},"query-input":{"@type":"PropertyValueSpecification","valueRequired":true,"valueName":"search_term_string"}}],"inLanguage":"pt-PT"}]}},"meta_box":{"industry":"","seo_heading":"","heading":"","description":"","cta_heading":"","cta_description":"","application":"874","h1":"Galeria de v\u00eddeos PrestaShop Vimeo","h1_caption":"Crie uma lista de reprodu\u00e7\u00e3o, colete uma galeria de v\u00eddeos ou incorpore um canal do Vimeo em sua p\u00e1gina web","application_category":[],"applications_title":"","applications_request_title":"","applications_request_button_text":"","hero_text":"","hero_video":"","hero_video_schema_markup":"","selling_points_title":"","selling_points_caption":"","selling_points":[],"selling_points_cta_text":"","features_title":"","features":"","ed_cta_examples_text":"","ed_cta_examples_hidden":"","ed_cta_demo_text":"","ed_cta_demo_hidden":"","why_caption":"","why_editor_title":"","why_editor_text":"","why_team_title":"","why_team_text":"","why_service_title":"","why_service_text":"","template_catalog_visible":"","template_catalog_title":"","template_catalog_text":"","template_catalog_categories_visible":"","demo_title":"Crie seu complemento da Galeria do Vimeo","demo_caption":"Configure sua Galeria Vimeo e adicione-a ao seu site PrestaShop gratuitamente!","default_faq_hidden":"","app_template_category":[],"platform":"5343","template_public_id":"","codecanyon_url":"","codecanyon_item_id":"","codecanyon_price":"","pricing_caption":"","pricing_elfsight_apps_hide_column":"","pricing_elfsight_apps_url":"","pricing_codecanyon_price_caption":"","integration_category":[],"integration_request_title":"","integration_request_cta":"","integration_platform":"","integrations":[],"platform_category":[],"video_schema_markup":"","price":"a partir de US$ 0\/m\u00eas","trial":"","benefits":[{"text":"Ajuda de instala\u00e7\u00e3o gratuita"},{"text":"Atendimento ao cliente profissional"},{"text":"Garantia de devolu\u00e7\u00e3o do dinheiro em 14 dias"},{"text":"Atualizando constantemente"}],"button_url":"#demo","button_target_blank":"","button_nofollow":"","attributes":[{"name":"Instala\u00e7\u00f5es","content":"10,000 - 100,000"},{"name":"Responsivo","content":"Sim"},{"name":"Navegadores compat\u00edveis","content":"Firefox, Safari, Opera, Chrome, Edge"}],"tags":[],"tags_disable_links":"","hide_more_platforms":"","video_object":"","demo_hide_cta":"","demo_hide_cloud_options":"","pricing_title":"","pricing":[{"pricing_icon":"platform","pricing_title":"Elfsight Apps","pricing_title_caption":"Vers\u00e3o multiplataforma que funciona em qualquer site","pricing_price":"a partir de US$ 0\/m\u00eas","pricing_price_caption":"comece com um plano gratuito","pricing_benefits":[{"text":"Sites ilimitados"},{"text":"Suporte profissional da empresa"},{"text":"Suporte profissional da empresa"},{"text":"Design flex\u00edvel"}],"pricing_button_text":"Adicionar ao site","pricing_button_url":"#demo"}],"related_apps_title":"","related_apps_hidden":"","author":"","image":[],"title":"","job":"","social_networks":[]},"_links":{"self":[{"href":"https:\/\/elfsight.com\/pt\/wp-json\/wp\/v2\/pages\/11435","targetHints":{"allow":["GET"]}}],"collection":[{"href":"https:\/\/elfsight.com\/pt\/wp-json\/wp\/v2\/pages"}],"about":[{"href":"https:\/\/elfsight.com\/pt\/wp-json\/wp\/v2\/types\/page"}],"author":[{"embeddable":true,"href":"https:\/\/elfsight.com\/pt\/wp-json\/wp\/v2\/users\/9"}],"replies":[{"embeddable":true,"href":"https:\/\/elfsight.com\/pt\/wp-json\/wp\/v2\/comments?post=11435"}],"version-history":[{"count":1,"href":"https:\/\/elfsight.com\/pt\/wp-json\/wp\/v2\/pages\/11435\/revisions"}],"predecessor-version":[{"id":11439,"href":"https:\/\/elfsight.com\/pt\/wp-json\/wp\/v2\/pages\/11435\/revisions\/11439"}],"up":[{"embeddable":true,"href":"https:\/\/elfsight.com\/pt\/wp-json\/wp\/v2\/pages\/875"}],"wp:attachment":[{"href":"https:\/\/elfsight.com\/pt\/wp-json\/wp\/v2\/media?parent=11435"}],"curies":[{"name":"wp","href":"https:\/\/api.w.org\/{rel}","templated":true}]}}