{"id":11433,"date":"2024-05-03T06:53:00","date_gmt":"2024-05-03T06:53:00","guid":{"rendered":"https:\/\/elfsight.com\/pt\/?page_id=11433"},"modified":"2025-03-03T10:26:38","modified_gmt":"2025-03-03T10:26:38","slug":"wordpress","status":"publish","type":"page","link":"https:\/\/elfsight.com\/pt\/viber-chat-widget\/wordpress\/","title":{"rendered":"Viber Chat &#8211; WordPress"},"content":{"rendered":"\n<div class=\"application-platform-content-item-description application-platform-content-item\" id=\"description\" data-nav-section=\"description\"> <h2>Incorpore o Viber Chat no WordPress com o widget Elfsight<\/h2><p>O Viber Chat da Elfsight \u00e9 uma das possibilidades mais r\u00e1pidas para as pessoas entrar em contato com voc\u00ea atrav\u00e9s do seu site. Cada usu\u00e1rio obter\u00e1 rapidamente respostas \u00e0s suas perguntas ou ajuda sua. Fique dispon\u00edvel ao vivo em um dos mensageiros mais populares sem parar. Voc\u00ea pode escolher o Elfsight Viber Chat para aparecer em p\u00e1ginas espec\u00edficas e direcion\u00e1-lo para categorias espec\u00edficas de p\u00fablico. Existem muitas possibilidades de personaliza\u00e7\u00e3o: escolha ativadores de in\u00edcio de chat, defina seu pr\u00f3prio texto de boas-vindas, escolha \u00edcones e muito mais. Usando o Viber Chat em seu site, voc\u00ea pode permanecer conectado aos visitantes a qualquer hora e em qualquer lugar.<\/p><p><b>Com o Viber Chat, inicie o desenvolvimento sustent\u00e1vel de neg\u00f3cios e aumente as vendas<\/b><\/p><\/div> <div class=\"application-platform-content-item-features application-platform-content-item\" id=\"features\" data-nav-section=\"features\"> <h2>Estes s\u00e3o apenas alguns dos v\u00e1rios recursos do widget:<\/h2><ul><li>Uma biblioteca de \u00edcones de bolha para escolher<\/li><li>Texto de bolha edit\u00e1vel<\/li><li>Cabe\u00e7alho do bate-papo com logotipo, nome e legenda da p\u00e1gina<\/li><li>Nome edit\u00e1vel do bate-papo<\/li><li>Defini\u00e7\u00e3o de texto personalizado como legenda do bate-papo<\/li><li>Texto do bot\u00e3o Iniciar bate-papo pode ser editado<\/li><\/ul><p><a href=\"#demo\">Experimente esta demonstra\u00e7\u00e3o para ter uma ideia completa<\/a><\/p><\/div> <div class=\"application-platform-content-item-installation  application-platform-content-item\" id=\"installation \" data-nav-section=\"installation \"> <h2>Como fa\u00e7o para incorporar o Viber Chat ao meu site WordPress?<\/h2><p>Basta seguir as orienta\u00e7\u00f5es abaixo para integrar a ferramenta.<\/p><ol><li><b>Utilize nosso demonstra\u00e7\u00e3o gratuita e comece a criar seu plugin personalizado. <\/b><br> Encontre o layout e as op\u00e7\u00f5es preferidas do plugin e salve todas as modifica\u00e7\u00f5es. <\/li> <li><b>Receba o c\u00f3digo pessoal mostrado na janela dos aplicativos Elfsight. <\/b><br> Quando o estabelecimento do seu plugin for conclu\u00eddo, copie o seu c\u00f3digo na janela que surgir e guarde-o para uso posterior. <\/li> <li><b>Iniciar o uso do plugin na p\u00e1gina do WordPress. <\/b><br> Insira o c\u00f3digo copiado anteriormente em sua p\u00e1gina web e salve as corre\u00e7\u00f5es. <\/li> <li><b>Conclu\u00eddo! A incorpora\u00e7\u00e3o est\u00e1 totalmente realizada. <\/b><br> Abra seu site para ver como o plugin funciona. <\/li><\/ol><p>Caso voc\u00ea tenha alguma dificuldade, n\u00e3o hesite em procurar ajuda de nossa equipe de suporte. Nossos consultores ter\u00e3o prazer em resolver todas as d\u00favidas que voc\u00ea possa ter com o plugin.<\/p><div class=\"faq\" data-component=\"FAQ\"> <div class=\"faq-item\">\r\n\t\t\t\t\t<div class=\"faq-item-question\">\r\n\t\t\t\t\t\t<h3 class=\"faq-item-question-text\">Quais outros widgets s\u00e3o obrigat\u00f3rios para um site WordPress?<\/h3>\r\n\r\n\t\t\t\t\t\t<div class=\"faq-item-question-icon\"><\/div>\r\n\t\t\t\t\t<\/div>\r\n\r\n\t\t\t\t\t<div class=\"faq-item-answer\">\r\n\t\t\t\t\t\t<div class=\"faq-item-answer-text\"> <p>O WordPress oferece um grande n\u00famero de plug-ins vantajosos para qualquer tipo de site: de blogs a grandes mercados online. Voc\u00ea pode obter ainda mais plug-ins de \u00f3tima qualidade da Elfsight.<\/p><p>Por exemplo, voc\u00ea pode usar <a href=\"https:\/\/elfsight.com\/telegram-chat-widget\/wordpress\/\" target=\" _blank\" rel=\"noopener\">Bate-papo por telegrama<\/a>, <a href=\"https:\/\/elfsight.com\/facebook-chat-widget\/wordpress\/\" target=\"_blank\" rel=\"noopener\">Bate-papo do Facebook <\/a> ou <a href=\"https:\/\/elfsight.com\/whatsapp-chat-widget\/wordpress\/\" target=\"_blank\" rel=\"noopener\">WhatsApp Chat<\/a> para entrar em contato com os visitantes do site por meio de seu mensageiro favorito. Voc\u00ea tamb\u00e9m pode adicionar o controle deslizante de avalia\u00e7\u00f5es e depoimentos do Google ao site para demonstrar os depoimentos mais incr\u00edveis de sua empresa. Para aumentar a diversidade do conte\u00fado do seu site com v\u00eddeos, adicione uma Galeria do YouTube.<\/p><\/div>\r\n\t\t\t\t\t<\/div>\r\n\t\t\t\t<\/div> <\/div> <\/div>\n","protected":false},"excerpt":{"rendered":"","protected":false},"author":9,"featured_media":0,"parent":1584,"menu_order":0,"comment_status":"closed","ping_status":"closed","template":"templates\/template-application-platform.php","meta":{"publish_to_discourse":"","publish_post_category":"","wpdc_auto_publish_overridden":"","wpdc_topic_tags":"","wpdc_pin_topic":"","wpdc_pin_until":"","discourse_post_id":"","discourse_permalink":"","wpdc_publishing_response":"","wpdc_publishing_error":"","footnotes":""},"class_list":["post-11433","page","type-page","status-publish","hentry"],"yoast_head":"<!-- This site is optimized with the Yoast SEO plugin v25.3.1 - https:\/\/yoast.com\/wordpress\/plugins\/seo\/ -->\n<title>Adicionar Viber Chat ao site WordPress sem codifica\u00e7\u00e3o (2025)<\/title>\n<meta name=\"description\" content=\"Adicione o Viber Chat ao seu site para uma conex\u00e3o f\u00e1cil e r\u00e1pida com os usu\u00e1rios. Teste a demonstra\u00e7\u00e3o do Elfsight para construir seu pr\u00f3prio plugin agora.\" \/>\n<meta name=\"robots\" content=\"index, follow, max-snippet:-1, max-image-preview:large, max-video-preview:-1\" \/>\n<link rel=\"canonical\" href=\"https:\/\/elfsight.com\/pt\/viber-chat-widget\/wordpress\/\" \/>\n<meta property=\"og:locale\" content=\"pt_PT\" \/>\n<meta property=\"og:type\" content=\"article\" \/>\n<meta property=\"og:title\" content=\"Adicionar Viber Chat ao site WordPress sem codifica\u00e7\u00e3o (2025)\" \/>\n<meta property=\"og:description\" content=\"Adicione o Viber Chat ao seu site para uma conex\u00e3o f\u00e1cil e r\u00e1pida com os usu\u00e1rios. Teste a demonstra\u00e7\u00e3o do Elfsight para construir seu pr\u00f3prio plugin agora.\" \/>\n<meta property=\"og:url\" content=\"https:\/\/elfsight.com\/pt\/viber-chat-widget\/wordpress\/\" \/>\n<meta property=\"og:site_name\" content=\"Elfsight PT\" \/>\n<meta property=\"article:modified_time\" content=\"2025-03-03T10:26:38+00:00\" \/>\n<meta name=\"twitter:card\" content=\"summary_large_image\" \/>\n<meta name=\"twitter:label1\" content=\"Tempo estimado de leitura\" \/>\n\t<meta name=\"twitter:data1\" content=\"3 minutos\" \/>\n<!-- \/ Yoast SEO plugin. -->","yoast_head_json":{"title":"Adicionar Viber Chat ao site WordPress sem codifica\u00e7\u00e3o (2025)","description":"Adicione o Viber Chat ao seu site para uma conex\u00e3o f\u00e1cil e r\u00e1pida com os usu\u00e1rios. Teste a demonstra\u00e7\u00e3o do Elfsight para construir seu pr\u00f3prio plugin agora.","robots":{"index":"index","follow":"follow","max-snippet":"max-snippet:-1","max-image-preview":"max-image-preview:large","max-video-preview":"max-video-preview:-1"},"canonical":"https:\/\/elfsight.com\/pt\/viber-chat-widget\/wordpress\/","og_locale":"pt_PT","og_type":"article","og_title":"Adicionar Viber Chat ao site WordPress sem codifica\u00e7\u00e3o (2025)","og_description":"Adicione o Viber Chat ao seu site para uma conex\u00e3o f\u00e1cil e r\u00e1pida com os usu\u00e1rios. Teste a demonstra\u00e7\u00e3o do Elfsight para construir seu pr\u00f3prio plugin agora.","og_url":"https:\/\/elfsight.com\/pt\/viber-chat-widget\/wordpress\/","og_site_name":"Elfsight PT","article_modified_time":"2025-03-03T10:26:38+00:00","twitter_card":"summary_large_image","twitter_misc":{"Tempo estimado de leitura":"3 minutos"},"schema":{"@context":"https:\/\/schema.org","@graph":[{"@type":"WebPage","@id":"https:\/\/elfsight.com\/pt\/viber-chat-widget\/wordpress\/","url":"https:\/\/elfsight.com\/pt\/viber-chat-widget\/wordpress\/","name":"Adicionar Viber Chat ao site WordPress sem codifica\u00e7\u00e3o (2025)","isPartOf":{"@id":"https:\/\/elfsight.com\/pt\/#website"},"datePublished":"2024-05-03T06:53:00+00:00","dateModified":"2025-03-03T10:26:38+00:00","description":"Adicione o Viber Chat ao seu site para uma conex\u00e3o f\u00e1cil e r\u00e1pida com os usu\u00e1rios. Teste a demonstra\u00e7\u00e3o do Elfsight para construir seu pr\u00f3prio plugin agora.","breadcrumb":{"@id":"https:\/\/elfsight.com\/pt\/viber-chat-widget\/wordpress\/#breadcrumb"},"inLanguage":"pt-PT","potentialAction":[{"@type":"ReadAction","target":["https:\/\/elfsight.com\/pt\/viber-chat-widget\/wordpress\/"]}]},{"@type":"BreadcrumbList","@id":"https:\/\/elfsight.com\/pt\/viber-chat-widget\/wordpress\/#breadcrumb","itemListElement":[{"@type":"ListItem","position":1,"name":"Home","item":"https:\/\/elfsight.com\/pt\/"},{"@type":"ListItem","position":2,"name":"Viber Chat","item":"https:\/\/elfsight.com\/pt\/viber-chat-widget\/"},{"@type":"ListItem","position":3,"name":"Viber Chat &#8211; WordPress"}]},{"@type":"WebSite","@id":"https:\/\/elfsight.com\/pt\/#website","url":"https:\/\/elfsight.com\/pt\/","name":"Elfsight PT","description":"Just another Elfsight Sites site","potentialAction":[{"@type":"SearchAction","target":{"@type":"EntryPoint","urlTemplate":"https:\/\/elfsight.com\/pt\/?s={search_term_string}"},"query-input":{"@type":"PropertyValueSpecification","valueRequired":true,"valueName":"search_term_string"}}],"inLanguage":"pt-PT"}]}},"meta_box":{"industry":"","seo_heading":"","heading":"","description":"","cta_heading":"","cta_description":"","application":"1583","h1":"Bate-papo WordPress Viber","h1_caption":"Comunica\u00e7\u00e3o tranquila com os clientes por meio do messenger em seu site","application_category":[],"applications_title":"","applications_request_title":"","applications_request_button_text":"","hero_text":"","hero_video":"","hero_video_schema_markup":"","selling_points_title":"","selling_points_caption":"","selling_points":[],"selling_points_cta_text":"","features_title":"","features":"","ed_cta_examples_text":"","ed_cta_examples_hidden":"","ed_cta_demo_text":"","ed_cta_demo_hidden":"","why_caption":"","why_editor_title":"","why_editor_text":"","why_team_title":"","why_team_text":"","why_service_title":"","why_service_text":"","template_catalog_visible":"0","template_catalog_title":"","template_catalog_text":"","template_catalog_categories_visible":"","demo_title":"Crie seu plugin Viber Chat","demo_caption":"Configure seu Viber Chat e adicione-o ao seu site WordPress gratuitamente!","default_faq_hidden":"","app_template_category":[],"platform":"34","template_public_id":"","codecanyon_url":"","codecanyon_item_id":"","codecanyon_price":"","pricing_caption":"","pricing_elfsight_apps_hide_column":"","pricing_elfsight_apps_url":"","pricing_codecanyon_price_caption":"","integration_category":[],"integration_request_title":"","integration_request_cta":"","integration_platform":"","integrations":[],"platform_category":[],"video_schema_markup":"","price":"a partir de US$ 0\/m\u00eas","trial":"","benefits":[{"text":"Ajuda de instala\u00e7\u00e3o gratuita"},{"text":"Atendimento ao cliente profissional"},{"text":"Garantia de reembolso de 14 dias"},{"text":"Atualizando constantemente"}],"button_url":"#demo","button_target_blank":"0","button_nofollow":"0","attributes":[{"name":"Instala\u00e7\u00f5es","content":"10,000 - 100,000"},{"name":"Responsivo","content":"Sim"},{"name":"Navegadores compat\u00edveis","content":"Firefox, Safari, Opera, Chrome, Edge"}],"tags":[],"tags_disable_links":"0","hide_more_platforms":"0","video_object":"","demo_hide_cta":"0","demo_hide_cloud_options":"0","pricing_title":"","pricing":[{"pricing_icon":"platform","pricing_title":"Elfsight Apps","pricing_title_caption":"Software multiplataforma","pricing_price":"a partir de US$ 0\/m\u00eas","pricing_price_caption":"comece com plano gratuito","pricing_benefits":[{"text":"Dom\u00ednios ilimitados"},{"text":"Suporte gratuito \u00e0 empresa"},{"text":"Suporte gratuito \u00e0 empresa"},{"text":"Oferta por tempo limitado para v\u00e1rios aplicativos"}],"pricing_button_text":"Adicionar ao site","pricing_button_url":"#demo"}],"related_apps_title":"","related_apps_hidden":"0","author":"","image":[],"title":"","job":"","social_networks":[]},"_links":{"self":[{"href":"https:\/\/elfsight.com\/pt\/wp-json\/wp\/v2\/pages\/11433","targetHints":{"allow":["GET"]}}],"collection":[{"href":"https:\/\/elfsight.com\/pt\/wp-json\/wp\/v2\/pages"}],"about":[{"href":"https:\/\/elfsight.com\/pt\/wp-json\/wp\/v2\/types\/page"}],"author":[{"embeddable":true,"href":"https:\/\/elfsight.com\/pt\/wp-json\/wp\/v2\/users\/9"}],"replies":[{"embeddable":true,"href":"https:\/\/elfsight.com\/pt\/wp-json\/wp\/v2\/comments?post=11433"}],"version-history":[{"count":2,"href":"https:\/\/elfsight.com\/pt\/wp-json\/wp\/v2\/pages\/11433\/revisions"}],"predecessor-version":[{"id":14199,"href":"https:\/\/elfsight.com\/pt\/wp-json\/wp\/v2\/pages\/11433\/revisions\/14199"}],"up":[{"embeddable":true,"href":"https:\/\/elfsight.com\/pt\/wp-json\/wp\/v2\/pages\/1584"}],"wp:attachment":[{"href":"https:\/\/elfsight.com\/pt\/wp-json\/wp\/v2\/media?parent=11433"}],"curies":[{"name":"wp","href":"https:\/\/api.w.org\/{rel}","templated":true}]}}