{"id":11425,"date":"2024-05-03T06:52:20","date_gmt":"2024-05-03T06:52:20","guid":{"rendered":"https:\/\/elfsight.com\/pt\/?page_id=11425"},"modified":"2024-11-13T11:17:39","modified_gmt":"2024-11-13T11:17:39","slug":"joomla","status":"publish","type":"page","link":"https:\/\/elfsight.com\/pt\/tumblr-feed-widget\/joomla\/","title":{"rendered":"Tumblr Feed &#8211; Joomla"},"content":{"rendered":"<div class=\"application-platform-content-item-description application-platform-content-item\" id=\"description\" data-nav-section=\"description\"> <h2>Descri\u00e7\u00e3o<\/h2> <p>Elfsight Tumblr Feed para Joomla \u00e9 uma extens\u00e3o exclusiva para projetar seu feed individualizado que consiste no conte\u00fado da rede Tumblr e exibindo-o diretamente em seu site. Forme uma galeria ou controle deslizante de postagens no 1-2-3! Exer\u00e7a controle total sobre o conte\u00fado demonstrado e livre-se de spam e qualquer conte\u00fado indesejado por meio de modera\u00e7\u00e3o manual. O editor online totalmente responsivo oferece muitos modelos para voc\u00ea selecionar. <\/p> <p><b>Demonstre o conte\u00fado mais impressionante do Tumblr para manter seus visitantes interessados \u200b\u200be afetar mais pessoas<\/b><\/p> <\/div> <div class=\"application-platform-content-item-features application-platform-content-item\" id=\"features\" data-nav-section=\"features\"> <h2>Abaixo est\u00e3o principais recursos do widget: <\/h2> <ul><li>Mostrar o conte\u00fado do Tumblr<\/li><li>Livre-se de qualquer spam e conte\u00fado indesejado por meio do modo de modera\u00e7\u00e3o manual. <\/li><li>Defina o bot\u00e3o Seguir nos cart\u00f5es de widget. <\/li><li>Fa\u00e7a suas postagens aparecerem em modo pop-up. <\/li><\/ul><p><a href=\"#demo\">Voc\u00ea pode explorar todos os recursos do widget na demonstra\u00e7\u00e3o <\/a><\/p> <\/div> <div class=\"application-platform-content-item-installation  application-platform-content-item\" id=\"installation \" data-nav-section=\"installation \"> <h2>Como posso incorporar o feed do Tumblr ao meu site Joomla? <\/h2> <p>Basta seguir as etapas abaixo para incorporar a ferramenta. <\/p> <ol><li><b>Use nossa demonstra\u00e7\u00e3o gratuita e comece a criar sua extens\u00e3o personalizada. <\/b><br> Encontre o layout adequado e as caracter\u00edsticas funcionais do plugin e aplique as corre\u00e7\u00f5es. <\/li> <li><b>Adquira o c\u00f3digo pessoal revelado na caixa das Apps Elfsight. <\/b><br> Logo ap\u00f3s a conclus\u00e3o da configura\u00e7\u00e3o do seu plugin, copie o c\u00f3digo individual no pop-up exibido e guarde-o para futuras necessidades. <\/li> <li><b>Inicie a utiliza\u00e7\u00e3o do widget em seu site Joomla. <\/b><br> Cole o c\u00f3digo que voc\u00ea salvou antes em sua p\u00e1gina e salve as corre\u00e7\u00f5es. <\/li> <li><b>A configura\u00e7\u00e3o foi conclu\u00edda com sucesso. <\/b><br> Acesse seu site para ver o funcionamento da extens\u00e3o. <\/li><\/ol> <p>Se voc\u00ea desafiar alguns problemas, n\u00e3o tenha medo de escrever para nossa equipe de suporte. Nossos especialistas ter\u00e3o prazer em ajud\u00e1-lo com todas as d\u00favidas que voc\u00ea possa ter sobre o produto. <\/p> <\/div><div class=\"faq\" data-component=\"FAQ\"><div class=\"faq-item\">\r\n\t\t\t\t\t<div class=\"faq-item-question\">\r\n\t\t\t\t\t\t<h3 class=\"faq-item-question-text\">Existe uma maneira de adicionar o feed do Tumblr \u00e0 minha p\u00e1gina Joomla sem conhecimento de codifica\u00e7\u00e3o?<\/h3>\r\n\r\n\t\t\t\t\t\t<div class=\"faq-item-question-icon\"><\/div>\r\n\t\t\t\t\t<\/div>\r\n\r\n\t\t\t\t\t<div class=\"faq-item-answer\">\r\n\t\t\t\t\t\t<div class=\"faq-item-answer-text\"><p>Empresa Elfsight fornece uma solu\u00e7\u00e3o que permite aos usu\u00e1rios gerar um aplicativo de feed do Tumblr, descubra as etapas f\u00e1ceis:<\/p><ul><li>Trabalhe diretamente no editor on-line para estabelecer um aplicativo de feed do Tumblr que voc\u00ea gostaria de incluir na p\u00e1gina da web do Joomla. <\/li><li>Escolha um de nossos modelos pr\u00e9-fabricados e adapte as configura\u00e7\u00f5es do Feed do Tumblr, transforme o layout e a cor dos elementos, inclua seu conte\u00fado sem codifica\u00e7\u00e3o.<\/li><li>Salve o Feed do Tumblr e obtenha o c\u00f3digo para incorpora\u00e7\u00e3o, que pode ser facilmente inclu\u00edda na sua p\u00e1gina inicial do Joomla sem comprar uma assinatura paga.<\/li><\/ul><p>Usando nosso configurador intuitivo, cada usu\u00e1rio da web pode criar o plug-in Tumblr Feed on-line e inclu\u00ed-lo em seu site Joomla. N\u00e3o h\u00e1 necessidade de obter uma assinatura paga ou enviar as credenciais do seu cart\u00e3o para entrar no servi\u00e7o. Se voc\u00ea tiver algum problema em qualquer etapa, sinta-se \u00e0 vontade para entrar em contato com nossa equipe de suporte.<\/p><\/div>\r\n\t\t\t\t\t<\/div>\r\n\t\t\t\t<\/div><\/div>","protected":false},"excerpt":{"rendered":"","protected":false},"author":9,"featured_media":0,"parent":1548,"menu_order":0,"comment_status":"closed","ping_status":"closed","template":"templates\/template-application-platform.php","meta":{"publish_to_discourse":"","publish_post_category":"","wpdc_auto_publish_overridden":"","wpdc_topic_tags":"","wpdc_pin_topic":"","wpdc_pin_until":"","discourse_post_id":"","discourse_permalink":"","wpdc_publishing_response":"","wpdc_publishing_error":"","footnotes":""},"class_list":["post-11425","page","type-page","status-publish","hentry"],"yoast_head":"<!-- This site is optimized with the Yoast SEO plugin v25.3.1 - https:\/\/yoast.com\/wordpress\/plugins\/seo\/ -->\n<title>Adicione a extens\u00e3o Tumblr Feed ao site Joomla (r\u00e1pido e gratuito)<\/title>\n<meta name=\"description\" content=\"Insira a extens\u00e3o Joomla Tumblr Feed na p\u00e1gina. Experimente a demonstra\u00e7\u00e3o pr\u00e1tica da Elfsight e modifique sua incr\u00edvel extens\u00e3o do Tumblr com apenas alguns cliques\" \/>\n<meta name=\"robots\" content=\"index, follow, max-snippet:-1, max-image-preview:large, max-video-preview:-1\" \/>\n<link rel=\"canonical\" href=\"https:\/\/elfsight.com\/pt\/tumblr-feed-widget\/joomla\/\" \/>\n<meta property=\"og:locale\" content=\"pt_PT\" \/>\n<meta property=\"og:type\" content=\"article\" \/>\n<meta property=\"og:title\" content=\"Adicione a extens\u00e3o Tumblr Feed ao site Joomla (r\u00e1pido e gratuito)\" \/>\n<meta property=\"og:description\" content=\"Insira a extens\u00e3o Joomla Tumblr Feed na p\u00e1gina. Experimente a demonstra\u00e7\u00e3o pr\u00e1tica da Elfsight e modifique sua incr\u00edvel extens\u00e3o do Tumblr com apenas alguns cliques\" \/>\n<meta property=\"og:url\" content=\"https:\/\/elfsight.com\/pt\/tumblr-feed-widget\/joomla\/\" \/>\n<meta property=\"og:site_name\" content=\"Elfsight PT\" \/>\n<meta property=\"article:modified_time\" content=\"2024-11-13T11:17:39+00:00\" \/>\n<meta name=\"twitter:card\" content=\"summary_large_image\" \/>\n<meta name=\"twitter:label1\" content=\"Tempo estimado de leitura\" \/>\n\t<meta name=\"twitter:data1\" content=\"3 minutos\" \/>\n<!-- \/ Yoast SEO plugin. -->","yoast_head_json":{"title":"Adicione a extens\u00e3o Tumblr Feed ao site Joomla (r\u00e1pido e gratuito)","description":"Insira a extens\u00e3o Joomla Tumblr Feed na p\u00e1gina. Experimente a demonstra\u00e7\u00e3o pr\u00e1tica da Elfsight e modifique sua incr\u00edvel extens\u00e3o do Tumblr com apenas alguns cliques","robots":{"index":"index","follow":"follow","max-snippet":"max-snippet:-1","max-image-preview":"max-image-preview:large","max-video-preview":"max-video-preview:-1"},"canonical":"https:\/\/elfsight.com\/pt\/tumblr-feed-widget\/joomla\/","og_locale":"pt_PT","og_type":"article","og_title":"Adicione a extens\u00e3o Tumblr Feed ao site Joomla (r\u00e1pido e gratuito)","og_description":"Insira a extens\u00e3o Joomla Tumblr Feed na p\u00e1gina. Experimente a demonstra\u00e7\u00e3o pr\u00e1tica da Elfsight e modifique sua incr\u00edvel extens\u00e3o do Tumblr com apenas alguns cliques","og_url":"https:\/\/elfsight.com\/pt\/tumblr-feed-widget\/joomla\/","og_site_name":"Elfsight PT","article_modified_time":"2024-11-13T11:17:39+00:00","twitter_card":"summary_large_image","twitter_misc":{"Tempo estimado de leitura":"3 minutos"},"schema":{"@context":"https:\/\/schema.org","@graph":[{"@type":"WebPage","@id":"https:\/\/elfsight.com\/pt\/tumblr-feed-widget\/joomla\/","url":"https:\/\/elfsight.com\/pt\/tumblr-feed-widget\/joomla\/","name":"Adicione a extens\u00e3o Tumblr Feed ao site Joomla (r\u00e1pido e gratuito)","isPartOf":{"@id":"https:\/\/elfsight.com\/pt\/#website"},"datePublished":"2024-05-03T06:52:20+00:00","dateModified":"2024-11-13T11:17:39+00:00","description":"Insira a extens\u00e3o Joomla Tumblr Feed na p\u00e1gina. Experimente a demonstra\u00e7\u00e3o pr\u00e1tica da Elfsight e modifique sua incr\u00edvel extens\u00e3o do Tumblr com apenas alguns cliques","breadcrumb":{"@id":"https:\/\/elfsight.com\/pt\/tumblr-feed-widget\/joomla\/#breadcrumb"},"inLanguage":"pt-PT","potentialAction":[{"@type":"ReadAction","target":["https:\/\/elfsight.com\/pt\/tumblr-feed-widget\/joomla\/"]}]},{"@type":"BreadcrumbList","@id":"https:\/\/elfsight.com\/pt\/tumblr-feed-widget\/joomla\/#breadcrumb","itemListElement":[{"@type":"ListItem","position":1,"name":"Home","item":"https:\/\/elfsight.com\/pt\/"},{"@type":"ListItem","position":2,"name":"Tumblr Feed","item":"https:\/\/elfsight.com\/pt\/tumblr-feed-widget\/"},{"@type":"ListItem","position":3,"name":"Tumblr Feed &#8211; Joomla"}]},{"@type":"WebSite","@id":"https:\/\/elfsight.com\/pt\/#website","url":"https:\/\/elfsight.com\/pt\/","name":"Elfsight PT","description":"Just another Elfsight Sites site","potentialAction":[{"@type":"SearchAction","target":{"@type":"EntryPoint","urlTemplate":"https:\/\/elfsight.com\/pt\/?s={search_term_string}"},"query-input":{"@type":"PropertyValueSpecification","valueRequired":true,"valueName":"search_term_string"}}],"inLanguage":"pt-PT"}]}},"meta_box":{"industry":"","seo_heading":"","heading":"","description":"","cta_heading":"","cta_description":"","application":"1547","h1":"Extens\u00e3o de feed do Joomla Tumblr","h1_caption":"Exiba suas publica\u00e7\u00f5es do Tumblr em seu site no 1-2-3!","application_category":[],"applications_title":"","applications_request_title":"","applications_request_button_text":"","hero_text":"","hero_video":"","hero_video_schema_markup":"","selling_points_title":"","selling_points_caption":"","selling_points":[],"selling_points_cta_text":"","features_title":"","features":"","ed_cta_examples_text":"","ed_cta_examples_hidden":"","ed_cta_demo_text":"","ed_cta_demo_hidden":"","why_caption":"","why_editor_title":"","why_editor_text":"","why_team_title":"","why_team_text":"","why_service_title":"","why_service_text":"","template_catalog_visible":"","template_catalog_title":"","template_catalog_text":"","template_catalog_categories_visible":"","demo_title":"Crie seu plugin de feed do Tumblr","demo_caption":"Configure seu feed do Tumblr e adicione-o ao seu site Joomla gratuitamente!","default_faq_hidden":"","app_template_category":[],"platform":"52","template_public_id":"","codecanyon_url":"","codecanyon_item_id":"","codecanyon_price":"","pricing_caption":"","pricing_elfsight_apps_hide_column":"","pricing_elfsight_apps_url":"","pricing_codecanyon_price_caption":"","integration_category":[],"integration_request_title":"","integration_request_cta":"","integration_platform":"","integrations":[],"platform_category":[],"video_schema_markup":"","price":"a partir de US$ 0\/m\u00eas","trial":"","benefits":[{"text":"Servi\u00e7o de instala\u00e7\u00e3o gratuito"},{"text":"Suporte ao cliente experiente"},{"text":"Garantia de devolu\u00e7\u00e3o do dinheiro em 14 dias"},{"text":"Atualizando constantemente"}],"button_url":"#demo","button_target_blank":"","button_nofollow":"","attributes":[{"name":"Instala\u00e7\u00f5es","content":"10,000 - 100,000"},{"name":"Responsivo","content":"Sim"},{"name":"Navegadores compat\u00edveis","content":"Firefox, Safari, Opera, Chrome, Edge"}],"tags":[],"tags_disable_links":"","hide_more_platforms":"","video_object":"","demo_hide_cta":"","demo_hide_cloud_options":"","pricing_title":"","pricing":[{"pricing_icon":"platform","pricing_title":"Elfsight Apps","pricing_title_caption":"Solu\u00e7\u00e3o independente de plataforma adequada para qualquer site","pricing_price":"a partir de US$ 0\/m\u00eas","pricing_price_caption":"comece com um plano gratuito","pricing_benefits":[{"text":"Dom\u00ednios ilimitados"},{"text":"Suporte premium, pontual e bem documentado"},{"text":"Suporte premium, pontual e bem documentado"},{"text":"100% personaliz\u00e1vel"}],"pricing_button_text":"Adicionar ao site","pricing_button_url":"#demo"}],"related_apps_title":"","related_apps_hidden":"","author":"","image":[],"title":"","job":"","social_networks":[]},"_links":{"self":[{"href":"https:\/\/elfsight.com\/pt\/wp-json\/wp\/v2\/pages\/11425","targetHints":{"allow":["GET"]}}],"collection":[{"href":"https:\/\/elfsight.com\/pt\/wp-json\/wp\/v2\/pages"}],"about":[{"href":"https:\/\/elfsight.com\/pt\/wp-json\/wp\/v2\/types\/page"}],"author":[{"embeddable":true,"href":"https:\/\/elfsight.com\/pt\/wp-json\/wp\/v2\/users\/9"}],"replies":[{"embeddable":true,"href":"https:\/\/elfsight.com\/pt\/wp-json\/wp\/v2\/comments?post=11425"}],"version-history":[{"count":1,"href":"https:\/\/elfsight.com\/pt\/wp-json\/wp\/v2\/pages\/11425\/revisions"}],"predecessor-version":[{"id":11429,"href":"https:\/\/elfsight.com\/pt\/wp-json\/wp\/v2\/pages\/11425\/revisions\/11429"}],"up":[{"embeddable":true,"href":"https:\/\/elfsight.com\/pt\/wp-json\/wp\/v2\/pages\/1548"}],"wp:attachment":[{"href":"https:\/\/elfsight.com\/pt\/wp-json\/wp\/v2\/media?parent=11425"}],"curies":[{"name":"wp","href":"https:\/\/api.w.org\/{rel}","templated":true}]}}