{"id":11411,"date":"2024-05-03T06:51:10","date_gmt":"2024-05-03T06:51:10","guid":{"rendered":"https:\/\/elfsight.com\/pt\/?page_id=11411"},"modified":"2024-11-12T15:29:53","modified_gmt":"2024-11-12T15:29:53","slug":"prestashop","status":"publish","type":"page","link":"https:\/\/elfsight.com\/pt\/tiktok-feed-widget\/prestashop\/","title":{"rendered":"TikTok Feed &#8211; PrestaShop"},"content":{"rendered":"<div class=\"application-platform-content-item-description application-platform-content-item\" id=\"description\" data-nav-section=\"description\"> <h2>Descri\u00e7\u00e3o<\/h2> <p>Elfsight TiKTok Feed for Squarespace \u00e9 um plugin para comercializar n\u00e3o apenas itens, mas emo\u00e7\u00f5es e experi\u00eancias. Ao us\u00e1-lo voc\u00ea pode criar um feed personalizado composto pelo conte\u00fado do TikTok \u2013 e coloc\u00e1-lo diretamente no seu site. Forme uma galeria de v\u00eddeos em 1-2-3! Aproveite o controle absoluto sobre o conte\u00fado demonstrado e livre-se de spam e qualquer conte\u00fado indesejado por meio de modera\u00e7\u00e3o manual. O editor online totalmente responsivo oferece v\u00e1rios modelos para voc\u00ea escolher. <\/p> <p><b>Torne seu site mais eficaz para tarefas de neg\u00f3cios com a ajuda do TikTok Feed<\/b><\/p> <\/div> <div class=\"application-platform-content-item-features application-platform-content-item\" id=\"features\" data-nav-section=\"features\"> <h2>Aqui est\u00e1 a lista dos maiores recursos: <\/h2> <ul><li>Oculte o cabe\u00e7alho para fazer seu plugin parecer minimalista. <\/li><li>Remova qualquer spam e conte\u00fado indesejado por meio de modera\u00e7\u00e3o manual. <\/li><li>Coloque o bot\u00e3o Seguir nas postagens de ferramentas. <\/li><li>Permita que suas postagens sejam exibidas em um pop-up. <\/li><\/ul><p><a href=\"#demo\">Basta verificar esta demonstra\u00e7\u00e3o para entender a funcionalidade do widget<\/a><\/p> <\/div> <div class=\"application-platform-content-item-installation application-platform-content-item\" id=\"installation\" data-nav-section=\"installation\"> <h2>Como incorporo o feed do TikTok no meu site do Squarespace? <\/h2> <p>Basta seguir as orienta\u00e7\u00f5es abaixo para come\u00e7ar a trabalhar com o plugin. <\/p> <ol><li><b>Use nossa demonstra\u00e7\u00e3o gratuita e comece a construir seu pr\u00f3prio plugin. <\/b><br> Determine a apar\u00eancia e os aspectos adequados do widget e aplique as modifica\u00e7\u00f5es. <\/li> <li><b>Receba o seu c\u00f3digo pessoal que aparece na janela das aplica\u00e7\u00f5es Elfsight. <\/b><br> Assim que a configura\u00e7\u00e3o do seu widget estiver conclu\u00edda, copie o c\u00f3digo exclusivo da caixa que aparece e salve-o para uso posterior. <\/li> <li><b>Inscreva-se usando o plugin no seu site Squarespace. <\/b><br> Insira o c\u00f3digo salvo recentemente em sua p\u00e1gina e salve os ajustes. <\/li> <li><b>Pronto! A integra\u00e7\u00e3o foi realizada com sucesso. <\/b><br> Acesse seu site para observar como a ferramenta est\u00e1 funcionando. <\/li><\/ol> <p>Caso tenha d\u00favidas ou tenha alguma dificuldade, sinta-se \u00e0 vontade para solicitar nossa equipe de suporte. Nossos consultores est\u00e3o ansiosos para ajud\u00e1-lo com todos os problemas que voc\u00ea possa ter com o plugin. <\/p> <\/div><div class=\"faq\" data-component=\"FAQ\"><div class=\"faq-item\">\r\n\t\t\t\t\t<div class=\"faq-item-question\">\r\n\t\t\t\t\t\t<h3 class=\"faq-item-question-text\">Como posso adicionar o TikTok Feed \u00e0 minha p\u00e1gina inicial do PrestaShop sem nenhum conhecimento de codifica\u00e7\u00e3o?<\/h3>\r\n\r\n\t\t\t\t\t\t<div class=\"faq-item-question-icon\"><\/div>\r\n\t\t\t\t\t<\/div>\r\n\r\n\t\t\t\t\t<div class=\"faq-item-answer\">\r\n\t\t\t\t\t\t<div class=\"faq-item-answer-text\"><p>A empresa Elfsight oferece um Solu\u00e7\u00e3o em nuvem que permite que voc\u00ea mesmo crie um aplicativo TikTok Feed, verifique as etapas simples:<\/p><ul><li>Comece a trabalhar no Editor ao vivo para gerar uma se\u00e7\u00e3o TikTok Feed que voc\u00ea gostaria de adicionar na p\u00e1gina da PrestaShop.<\/li><li>Escolha um dos modelos pr\u00e9-concebidos e altere as configura\u00e7\u00f5es do TikTok Feed, altere o layout e as cores, inclua seu conte\u00fado sem nenhum conhecimento de codifica\u00e7\u00e3o.<\/li><li>Clique para salvar o TikTok Feed e obter o plugin c\u00f3digo para instala\u00e7\u00e3o, que voc\u00ea pode incluir facilmente em qualquer p\u00e1gina da Web PrestaShop usando um plano gratuito.<\/li><\/ul><p>Com a ajuda de nosso editor simples, cada usu\u00e1rio da Web pode criar o plugin TikTok Feed e simplesmente col\u00e1-lo em seu PrestaShop local na rede Internet. Voc\u00ea n\u00e3o deve obter um plano pago ou enviar as credenciais do seu cart\u00e3o para entrar no servi\u00e7o Elfsight. Se voc\u00ea encontrar algum problema em qualquer etapa, sinta-se \u00e0 vontade para entrar em contato com nossa equipe de suporte.<\/p><\/div>\r\n\t\t\t\t\t<\/div>\r\n\t\t\t\t<\/div><\/div>","protected":false},"excerpt":{"rendered":"","protected":false},"author":9,"featured_media":0,"parent":1491,"menu_order":0,"comment_status":"closed","ping_status":"closed","template":"templates\/template-application-platform.php","meta":{"publish_to_discourse":"","publish_post_category":"","wpdc_auto_publish_overridden":"","wpdc_topic_tags":"","wpdc_pin_topic":"","wpdc_pin_until":"","discourse_post_id":"","discourse_permalink":"","wpdc_publishing_response":"","wpdc_publishing_error":"","footnotes":""},"class_list":["post-11411","page","type-page","status-publish","hentry"],"yoast_head":"<!-- This site is optimized with the Yoast SEO plugin v25.3.1 - https:\/\/yoast.com\/wordpress\/plugins\/seo\/ -->\n<title>Adicione o plugin TikTok Feed ao site Squarespace (r\u00e1pido e gratuito)<\/title>\n<meta name=\"description\" content=\"Incorpore um plugin Squarespace TikTok Feed f\u00e1cil de gerenciar em seu site. Experimente a demonstra\u00e7\u00e3o pr\u00e1tica da Elfsight e modifique seu lindo widget TikTok.\" \/>\n<meta name=\"robots\" content=\"index, follow, max-snippet:-1, max-image-preview:large, max-video-preview:-1\" \/>\n<link rel=\"canonical\" href=\"https:\/\/elfsight.com\/pt\/tiktok-feed-widget\/prestashop\/\" \/>\n<meta property=\"og:locale\" content=\"pt_PT\" \/>\n<meta property=\"og:type\" content=\"article\" \/>\n<meta property=\"og:title\" content=\"Adicione o plugin TikTok Feed ao site Squarespace (r\u00e1pido e gratuito)\" \/>\n<meta property=\"og:description\" content=\"Incorpore um plugin Squarespace TikTok Feed f\u00e1cil de gerenciar em seu site. Experimente a demonstra\u00e7\u00e3o pr\u00e1tica da Elfsight e modifique seu lindo widget TikTok.\" \/>\n<meta property=\"og:url\" content=\"https:\/\/elfsight.com\/pt\/tiktok-feed-widget\/prestashop\/\" \/>\n<meta property=\"og:site_name\" content=\"Elfsight PT\" \/>\n<meta property=\"article:modified_time\" content=\"2024-11-12T15:29:53+00:00\" \/>\n<meta name=\"twitter:card\" content=\"summary_large_image\" \/>\n<meta name=\"twitter:label1\" content=\"Tempo estimado de leitura\" \/>\n\t<meta name=\"twitter:data1\" content=\"3 minutos\" \/>\n<!-- \/ Yoast SEO plugin. -->","yoast_head_json":{"title":"Adicione o plugin TikTok Feed ao site Squarespace (r\u00e1pido e gratuito)","description":"Incorpore um plugin Squarespace TikTok Feed f\u00e1cil de gerenciar em seu site. Experimente a demonstra\u00e7\u00e3o pr\u00e1tica da Elfsight e modifique seu lindo widget TikTok.","robots":{"index":"index","follow":"follow","max-snippet":"max-snippet:-1","max-image-preview":"max-image-preview:large","max-video-preview":"max-video-preview:-1"},"canonical":"https:\/\/elfsight.com\/pt\/tiktok-feed-widget\/prestashop\/","og_locale":"pt_PT","og_type":"article","og_title":"Adicione o plugin TikTok Feed ao site Squarespace (r\u00e1pido e gratuito)","og_description":"Incorpore um plugin Squarespace TikTok Feed f\u00e1cil de gerenciar em seu site. Experimente a demonstra\u00e7\u00e3o pr\u00e1tica da Elfsight e modifique seu lindo widget TikTok.","og_url":"https:\/\/elfsight.com\/pt\/tiktok-feed-widget\/prestashop\/","og_site_name":"Elfsight PT","article_modified_time":"2024-11-12T15:29:53+00:00","twitter_card":"summary_large_image","twitter_misc":{"Tempo estimado de leitura":"3 minutos"},"schema":{"@context":"https:\/\/schema.org","@graph":[{"@type":"WebPage","@id":"https:\/\/elfsight.com\/pt\/tiktok-feed-widget\/prestashop\/","url":"https:\/\/elfsight.com\/pt\/tiktok-feed-widget\/prestashop\/","name":"Adicione o plugin TikTok Feed ao site Squarespace (r\u00e1pido e gratuito)","isPartOf":{"@id":"https:\/\/elfsight.com\/pt\/#website"},"datePublished":"2024-05-03T06:51:10+00:00","dateModified":"2024-11-12T15:29:53+00:00","description":"Incorpore um plugin Squarespace TikTok Feed f\u00e1cil de gerenciar em seu site. Experimente a demonstra\u00e7\u00e3o pr\u00e1tica da Elfsight e modifique seu lindo widget TikTok.","breadcrumb":{"@id":"https:\/\/elfsight.com\/pt\/tiktok-feed-widget\/prestashop\/#breadcrumb"},"inLanguage":"pt-PT","potentialAction":[{"@type":"ReadAction","target":["https:\/\/elfsight.com\/pt\/tiktok-feed-widget\/prestashop\/"]}]},{"@type":"BreadcrumbList","@id":"https:\/\/elfsight.com\/pt\/tiktok-feed-widget\/prestashop\/#breadcrumb","itemListElement":[{"@type":"ListItem","position":1,"name":"Home","item":"https:\/\/elfsight.com\/pt\/"},{"@type":"ListItem","position":2,"name":"TikTok Feed","item":"https:\/\/elfsight.com\/pt\/tiktok-feed-widget\/"},{"@type":"ListItem","position":3,"name":"TikTok Feed &#8211; PrestaShop"}]},{"@type":"WebSite","@id":"https:\/\/elfsight.com\/pt\/#website","url":"https:\/\/elfsight.com\/pt\/","name":"Elfsight PT","description":"Just another Elfsight Sites site","potentialAction":[{"@type":"SearchAction","target":{"@type":"EntryPoint","urlTemplate":"https:\/\/elfsight.com\/pt\/?s={search_term_string}"},"query-input":{"@type":"PropertyValueSpecification","valueRequired":true,"valueName":"search_term_string"}}],"inLanguage":"pt-PT"}]}},"meta_box":{"industry":"","seo_heading":"","heading":"","description":"","cta_heading":"","cta_description":"","application":"1490","h1":"Complemento de feed PrestaShop TikTok","h1_caption":"Revele seu conte\u00fado do TikTok em seu site no 1-2-3!","application_category":[],"applications_title":"","applications_request_title":"","applications_request_button_text":"","hero_text":"","hero_video":"","hero_video_schema_markup":"","selling_points_title":"","selling_points_caption":"","selling_points":[],"selling_points_cta_text":"","features_title":"","features":"","ed_cta_examples_text":"","ed_cta_examples_hidden":"","ed_cta_demo_text":"","ed_cta_demo_hidden":"","why_caption":"","why_editor_title":"","why_editor_text":"","why_team_title":"","why_team_text":"","why_service_title":"","why_service_text":"","template_catalog_visible":"","template_catalog_title":"","template_catalog_text":"","template_catalog_categories_visible":"","demo_title":"Crie seu complemento TikTok Feed","demo_caption":"Configure seu TikTok Feed e adicione-o ao seu site PrestaShop gratuitamente!","default_faq_hidden":"","app_template_category":[],"platform":"5343","template_public_id":"","codecanyon_url":"","codecanyon_item_id":"","codecanyon_price":"","pricing_caption":"","pricing_elfsight_apps_hide_column":"","pricing_elfsight_apps_url":"","pricing_codecanyon_price_caption":"","integration_category":[],"integration_request_title":"","integration_request_cta":"","integration_platform":"","integrations":[],"platform_category":[],"video_schema_markup":"","price":"a partir de US$ 0\/m\u00eas","trial":"","benefits":[{"text":"Assist\u00eancia de instala\u00e7\u00e3o gratuita"},{"text":"Suporte premium"},{"text":"Garantia de reembolso de 14 dias"},{"text":"Atualizando constantemente"}],"button_url":"#demo","button_target_blank":"","button_nofollow":"","attributes":[{"name":"Instala\u00e7\u00f5es","content":"10,000 - 100,000"},{"name":"Responsivo","content":"Sim"},{"name":"Navegadores compat\u00edveis","content":"Firefox, Safari, Opera, Chrome, Edge"}],"tags":[],"tags_disable_links":"","hide_more_platforms":"","video_object":"","demo_hide_cta":"","demo_hide_cloud_options":"","pricing_title":"","pricing":[{"pricing_icon":"platform","pricing_title":"Elfsight Apps","pricing_title_caption":"Solu\u00e7\u00e3o digital independente de plataforma adequada para qualquer site","pricing_price":"a partir de US$ 0\/m\u00eas","pricing_price_caption":"comece com um plano gratuito","pricing_benefits":[{"text":"Dom\u00ednios ilimitados"},{"text":"Suporte ao cliente 24 horas por dia, 7 dias por semana"},{"text":"Suporte ao cliente 24 horas por dia, 7 dias por semana"},{"text":"Design flex\u00edvel"}],"pricing_button_text":"Adicionar ao site","pricing_button_url":"#demo"}],"related_apps_title":"","related_apps_hidden":"","author":"","image":[],"title":"","job":"","social_networks":[]},"_links":{"self":[{"href":"https:\/\/elfsight.com\/pt\/wp-json\/wp\/v2\/pages\/11411","targetHints":{"allow":["GET"]}}],"collection":[{"href":"https:\/\/elfsight.com\/pt\/wp-json\/wp\/v2\/pages"}],"about":[{"href":"https:\/\/elfsight.com\/pt\/wp-json\/wp\/v2\/types\/page"}],"author":[{"embeddable":true,"href":"https:\/\/elfsight.com\/pt\/wp-json\/wp\/v2\/users\/9"}],"replies":[{"embeddable":true,"href":"https:\/\/elfsight.com\/pt\/wp-json\/wp\/v2\/comments?post=11411"}],"version-history":[{"count":1,"href":"https:\/\/elfsight.com\/pt\/wp-json\/wp\/v2\/pages\/11411\/revisions"}],"predecessor-version":[{"id":11415,"href":"https:\/\/elfsight.com\/pt\/wp-json\/wp\/v2\/pages\/11411\/revisions\/11415"}],"up":[{"embeddable":true,"href":"https:\/\/elfsight.com\/pt\/wp-json\/wp\/v2\/pages\/1491"}],"wp:attachment":[{"href":"https:\/\/elfsight.com\/pt\/wp-json\/wp\/v2\/media?parent=11411"}],"curies":[{"name":"wp","href":"https:\/\/api.w.org\/{rel}","templated":true}]}}