{"id":11402,"date":"2024-05-03T06:50:30","date_gmt":"2024-05-03T06:50:30","guid":{"rendered":"https:\/\/elfsight.com\/pt\/?page_id=11402"},"modified":"2025-03-03T09:44:42","modified_gmt":"2025-03-03T09:44:42","slug":"shopify","status":"publish","type":"page","link":"https:\/\/elfsight.com\/pt\/telegram-chat-widget\/shopify\/","title":{"rendered":"Telegram Chat &#8211; Shopify"},"content":{"rendered":"\n<div class=\"application-platform-content-item-description application-platform-content-item\" id=\"description\" data-nav-section=\"description\"><h2>Incorpore o Telegram Chat no Shopify com o widget Elfsight<\/h2><p>O aplicativo Telegram desenvolvido pela Elfsight \u00e9 a ferramenta mais \u00fatil para sua p\u00e1gina web visitantes para se dirigirem a voc\u00ea e ouvirem respostas \u00e0s suas perguntas e solicita\u00e7\u00f5es. Fique dispon\u00edvel online para visitantes no mensageiro favorito a qualquer momento. Adicione o Telegram Chat no site e ele pode aparecer nas p\u00e1ginas mais importantes ou para grupos espec\u00edficos de usu\u00e1rios, atribuir gatilhos de in\u00edcio de chat, mostrar sua mensagem de boas-vindas exclusiva, definir \u00edcones e muito mais. Com o Telegram Messenger instalado no site, voc\u00ea ser\u00e1 postado pelos visitantes independentemente de onde estiver.<\/p><p><b>\u00c9 uma das maneiras mais pr\u00e1ticas para as pessoas entrarem em contato com voc\u00ea e resolverem seus problemas!<\/b><\/p><\/div><div class=\"application-platform-content-item-features application-platform-content-item\" id=\"features\" data-nav-section=\"features\"><h2>Principais recursos do widget Telegram Chat<\/h2><p>Aqui est\u00e1 uma lista de todas as fun\u00e7\u00f5es do Telegram Chat. Eles est\u00e3o dispon\u00edveis diretamente no editor e ajudar\u00e3o voc\u00ea a criar o widget exatamente para suas necessidades.<\/p><ul><li>Incorpore o Telegram Messenger em seu site para conversar com os visitantes<\/li><li>Tr\u00eas tipos da posi\u00e7\u00e3o do bate-papo: bal\u00e3o flutuante, bal\u00e3o incorporado e janela de bate-papo incorporada;<\/li><li>Uma biblioteca de \u00edcones de bal\u00e3o para escolher;<\/li><li>Texto de bal\u00e3o edit\u00e1vel;<\/li><li>Bate-papo flex\u00edvel cabe\u00e7alho com logotipo, nome e legenda da p\u00e1gina.<\/li><\/ul><p><a href=\"#demo\">Voc\u00ea pode testar todas as caracter\u00edsticas funcionais do widget diretamente na demonstra\u00e7\u00e3o<\/a><\/p><\/div><div class=\"application-platform-content-item-installation application-platform-content-item\" id=\"installation\" data-nav-section=\"installation\"><h2>Como adiciono o Telegram Chat Box \u00e0 loja Shopify?<\/h2><div class=\"video-container\"><iframe width=\"720\" height=\"405\" src=\"https:\/\/www.youtube.com\/embed\/dfW8ppbeQB4\" frameborder=\"0\" allowfullscreen=\"\"><\/iframe><\/div><p>Para come\u00e7ar a usar o widget, siga v\u00e1rias etapas r\u00e1pidas.<\/p><ol><li><b>Inicie nossa demonstra\u00e7\u00e3o gratuita e comece a moldar seu aplicativo personalizado. <\/b><br> Escolha o design personalizado e os recursos do aplicativo e salve todas as modifica\u00e7\u00f5es. <\/li> <li><b>Adquira seu c\u00f3digo individual que aparece na caixa dos aplicativos da Elfsight. <\/b><br> Assim que o estabelecimento do seu aplicativo for conclu\u00eddo, copie o c\u00f3digo exclusivo da caixa exibida e salve-o para uso futuro. <\/li> <li><b>Comece a usar o aplicativo na p\u00e1gina da Shopify. <\/b><br> Coloque o c\u00f3digo salvo anteriormente em seu site e aplique as corre\u00e7\u00f5es. <\/li> <li><b>Pronto! A integra\u00e7\u00e3o \u00e9 totalmente realizada. <\/b><br> Acesse seu site para ver em a\u00e7\u00e3o como o aplicativo funciona. <\/li><\/ol><p>Reserve um minuto para entrar em contato com o servi\u00e7o de suporte da Elfsight se precisar de assist\u00eancia ou tiver d\u00favidas. Daremos ajuda em cada solicita\u00e7\u00e3o.<\/p><div class=\"faq\" data-component=\"FAQ\"> <div class=\"faq-item\">\r\n\t\t\t\t\t<div class=\"faq-item-question\">\r\n\t\t\t\t\t\t<h3 class=\"faq-item-question-text\">Como posso adicionar o Telegram Chat ao meu site Shopify sem conhecimentos de codifica\u00e7\u00e3o?<\/h3>\r\n\r\n\t\t\t\t\t\t<div class=\"faq-item-question-icon\"><\/div>\r\n\t\t\t\t\t<\/div>\r\n\r\n\t\t\t\t\t<div class=\"faq-item-answer\">\r\n\t\t\t\t\t\t<div class=\"faq-item-answer-text\"> <p>A Elfsight fornece uma solu\u00e7\u00e3o SaaS que lhe permite criar voc\u00ea mesmo um widget Telegram Chat, veja como o processo \u00e9 f\u00e1cil: Trabalhe diretamente no Editor online para criar um widget Telegram Chat que voc\u00ea gostaria de ver em seu site Shopify. Escolha um dos modelos predefinidos e ajuste as configura\u00e7\u00f5es do Telegram Chat, adicione seu conte\u00fado, altere o layout e as cores sem nenhuma habilidade de codifica\u00e7\u00e3o. Salve o Telegram Chat e copie seu c\u00f3digo de instala\u00e7\u00e3o, que voc\u00ea pode incluir facilmente no seu site Shopify sem comprar uma vers\u00e3o paga. Com nosso editor intuitivo, qualquer usu\u00e1rio da Internet pode criar um widget Telegram Chat online e incorpor\u00e1-lo facilmente ao seu site Shopify. N\u00e3o h\u00e1 necessidade de pagar ou inserir as credenciais do seu cart\u00e3o para acessar o servi\u00e7o. Se voc\u00ea enfrentar qualquer problema em qualquer etapa, n\u00e3o hesite em entrar em contato com nossa equipe de suporte t\u00e9cnico.<\/p> <\/div>\r\n\t\t\t\t\t<\/div>\r\n\t\t\t\t<\/div> <\/div> <\/div>\n","protected":false},"excerpt":{"rendered":"","protected":false},"author":9,"featured_media":0,"parent":1313,"menu_order":0,"comment_status":"closed","ping_status":"closed","template":"templates\/template-application-platform.php","meta":{"publish_to_discourse":"","publish_post_category":"","wpdc_auto_publish_overridden":"","wpdc_topic_tags":"","wpdc_pin_topic":"","wpdc_pin_until":"","discourse_post_id":"","discourse_permalink":"","wpdc_publishing_response":"","wpdc_publishing_error":"","footnotes":""},"class_list":["post-11402","page","type-page","status-publish","hentry"],"yoast_head":"<!-- This site is optimized with the Yoast SEO plugin v25.3.1 - https:\/\/yoast.com\/wordpress\/plugins\/seo\/ -->\n<title>Adicione Telegram Chat Box ao site Shopify (gr\u00e1tis e r\u00e1pido)<\/title>\n<meta name=\"description\" content=\"Com a Elfsight, molde a sua caixa de chat do Telegram e mostre-a rapidamente no seu site Shopify. Oferecemos atendimento gratuito ao cliente e outros b\u00f4nus.\" \/>\n<meta name=\"robots\" content=\"index, follow, max-snippet:-1, max-image-preview:large, max-video-preview:-1\" \/>\n<link rel=\"canonical\" href=\"https:\/\/elfsight.com\/pt\/telegram-chat-widget\/shopify\/\" \/>\n<meta property=\"og:locale\" content=\"pt_PT\" \/>\n<meta property=\"og:type\" content=\"article\" \/>\n<meta property=\"og:title\" content=\"Adicione Telegram Chat Box ao site Shopify (gr\u00e1tis e r\u00e1pido)\" \/>\n<meta property=\"og:description\" content=\"Com a Elfsight, molde a sua caixa de chat do Telegram e mostre-a rapidamente no seu site Shopify. Oferecemos atendimento gratuito ao cliente e outros b\u00f4nus.\" \/>\n<meta property=\"og:url\" content=\"https:\/\/elfsight.com\/pt\/telegram-chat-widget\/shopify\/\" \/>\n<meta property=\"og:site_name\" content=\"Elfsight PT\" \/>\n<meta property=\"article:modified_time\" content=\"2025-03-03T09:44:42+00:00\" \/>\n<meta name=\"twitter:card\" content=\"summary_large_image\" \/>\n<meta name=\"twitter:label1\" content=\"Tempo estimado de leitura\" \/>\n\t<meta name=\"twitter:data1\" content=\"3 minutos\" \/>\n<!-- \/ Yoast SEO plugin. -->","yoast_head_json":{"title":"Adicione Telegram Chat Box ao site Shopify (gr\u00e1tis e r\u00e1pido)","description":"Com a Elfsight, molde a sua caixa de chat do Telegram e mostre-a rapidamente no seu site Shopify. Oferecemos atendimento gratuito ao cliente e outros b\u00f4nus.","robots":{"index":"index","follow":"follow","max-snippet":"max-snippet:-1","max-image-preview":"max-image-preview:large","max-video-preview":"max-video-preview:-1"},"canonical":"https:\/\/elfsight.com\/pt\/telegram-chat-widget\/shopify\/","og_locale":"pt_PT","og_type":"article","og_title":"Adicione Telegram Chat Box ao site Shopify (gr\u00e1tis e r\u00e1pido)","og_description":"Com a Elfsight, molde a sua caixa de chat do Telegram e mostre-a rapidamente no seu site Shopify. Oferecemos atendimento gratuito ao cliente e outros b\u00f4nus.","og_url":"https:\/\/elfsight.com\/pt\/telegram-chat-widget\/shopify\/","og_site_name":"Elfsight PT","article_modified_time":"2025-03-03T09:44:42+00:00","twitter_card":"summary_large_image","twitter_misc":{"Tempo estimado de leitura":"3 minutos"},"schema":{"@context":"https:\/\/schema.org","@graph":[{"@type":"WebPage","@id":"https:\/\/elfsight.com\/pt\/telegram-chat-widget\/shopify\/","url":"https:\/\/elfsight.com\/pt\/telegram-chat-widget\/shopify\/","name":"Adicione Telegram Chat Box ao site Shopify (gr\u00e1tis e r\u00e1pido)","isPartOf":{"@id":"https:\/\/elfsight.com\/pt\/#website"},"datePublished":"2024-05-03T06:50:30+00:00","dateModified":"2025-03-03T09:44:42+00:00","description":"Com a Elfsight, molde a sua caixa de chat do Telegram e mostre-a rapidamente no seu site Shopify. Oferecemos atendimento gratuito ao cliente e outros b\u00f4nus.","breadcrumb":{"@id":"https:\/\/elfsight.com\/pt\/telegram-chat-widget\/shopify\/#breadcrumb"},"inLanguage":"pt-PT","potentialAction":[{"@type":"ReadAction","target":["https:\/\/elfsight.com\/pt\/telegram-chat-widget\/shopify\/"]}]},{"@type":"BreadcrumbList","@id":"https:\/\/elfsight.com\/pt\/telegram-chat-widget\/shopify\/#breadcrumb","itemListElement":[{"@type":"ListItem","position":1,"name":"Home","item":"https:\/\/elfsight.com\/pt\/"},{"@type":"ListItem","position":2,"name":"Telegram Chat","item":"https:\/\/elfsight.com\/pt\/telegram-chat-widget\/"},{"@type":"ListItem","position":3,"name":"Telegram Chat &#8211; Shopify"}]},{"@type":"WebSite","@id":"https:\/\/elfsight.com\/pt\/#website","url":"https:\/\/elfsight.com\/pt\/","name":"Elfsight PT","description":"Just another Elfsight Sites site","potentialAction":[{"@type":"SearchAction","target":{"@type":"EntryPoint","urlTemplate":"https:\/\/elfsight.com\/pt\/?s={search_term_string}"},"query-input":{"@type":"PropertyValueSpecification","valueRequired":true,"valueName":"search_term_string"}}],"inLanguage":"pt-PT"}]}},"meta_box":{"industry":"","seo_heading":"","heading":"","description":"","cta_heading":"","cta_description":"","application":"1312","h1":"Bate-papo do Telegram do Shopify","h1_caption":"A maneira mais pr\u00e1tica de entrar em contato diretamente em seu site","application_category":[],"applications_title":"","applications_request_title":"","applications_request_button_text":"","hero_text":"","hero_video":"","hero_video_schema_markup":"","selling_points_title":"","selling_points_caption":"","selling_points":[],"selling_points_cta_text":"","features_title":"","features":"","ed_cta_examples_text":"","ed_cta_examples_hidden":"","ed_cta_demo_text":"","ed_cta_demo_hidden":"","why_caption":"","why_editor_title":"","why_editor_text":"","why_team_title":"","why_team_text":"","why_service_title":"","why_service_text":"","template_catalog_visible":"0","template_catalog_title":"","template_catalog_text":"","template_catalog_categories_visible":"","demo_title":"Crie seu aplicativo Telegram Chat","demo_caption":"Configure seu Telegram Chat e adicione-o ao seu site Shopify gratuitamente!","default_faq_hidden":"","app_template_category":[],"platform":"64","template_public_id":"","codecanyon_url":"","codecanyon_item_id":"","codecanyon_price":"","pricing_caption":"","pricing_elfsight_apps_hide_column":"","pricing_elfsight_apps_url":"","pricing_codecanyon_price_caption":"","integration_category":[],"integration_request_title":"","integration_request_cta":"","integration_platform":"","integrations":[],"platform_category":[],"video_schema_markup":"","price":"a partir de US$ 0\/m\u00eas","trial":"","benefits":[{"text":"Servi\u00e7o de instala\u00e7\u00e3o gratuito"},{"text":"Suporte premium"},{"text":"Garantia de devolu\u00e7\u00e3o do dinheiro em 14 dias"},{"text":"Atualiza\u00e7\u00f5es gratuitas cont\u00ednuas"}],"button_url":"#demo","button_target_blank":"0","button_nofollow":"0","attributes":[{"name":"Instala\u00e7\u00f5es","content":"10,000 - 100,000"},{"name":"Responsivo","content":"Sim"},{"name":"Navegadores compat\u00edveis","content":"Firefox, Safari, Opera, Chrome, Edge"}],"tags":[],"tags_disable_links":"0","hide_more_platforms":"0","video_object":"","demo_hide_cta":"0","demo_hide_cloud_options":"0","pricing_title":"","pricing":[{"pricing_icon":"cloud","pricing_title":"Elfsight Apps","pricing_title_caption":"Vers\u00e3o multiplataforma que funciona em qualquer site","pricing_price":"a partir de US$ 0\/m\u00eas","pricing_price_caption":"comece com plano gratuito","pricing_benefits":[{"text":"Sites ilimitados"},{"text":"Suporte premium"},{"text":"Suporte premium"},{"text":"Oferta especial para v\u00e1rios aplicativos"}],"pricing_button_text":"Adicionar ao site","pricing_button_url":"#demo"}],"related_apps_title":"","related_apps_hidden":"0","author":"","image":[],"title":"","job":"","social_networks":[]},"_links":{"self":[{"href":"https:\/\/elfsight.com\/pt\/wp-json\/wp\/v2\/pages\/11402","targetHints":{"allow":["GET"]}}],"collection":[{"href":"https:\/\/elfsight.com\/pt\/wp-json\/wp\/v2\/pages"}],"about":[{"href":"https:\/\/elfsight.com\/pt\/wp-json\/wp\/v2\/types\/page"}],"author":[{"embeddable":true,"href":"https:\/\/elfsight.com\/pt\/wp-json\/wp\/v2\/users\/9"}],"replies":[{"embeddable":true,"href":"https:\/\/elfsight.com\/pt\/wp-json\/wp\/v2\/comments?post=11402"}],"version-history":[{"count":3,"href":"https:\/\/elfsight.com\/pt\/wp-json\/wp\/v2\/pages\/11402\/revisions"}],"predecessor-version":[{"id":14170,"href":"https:\/\/elfsight.com\/pt\/wp-json\/wp\/v2\/pages\/11402\/revisions\/14170"}],"up":[{"embeddable":true,"href":"https:\/\/elfsight.com\/pt\/wp-json\/wp\/v2\/pages\/1313"}],"wp:attachment":[{"href":"https:\/\/elfsight.com\/pt\/wp-json\/wp\/v2\/media?parent=11402"}],"curies":[{"name":"wp","href":"https:\/\/api.w.org\/{rel}","templated":true}]}}