{"id":11396,"date":"2024-05-03T06:50:10","date_gmt":"2024-05-03T06:50:10","guid":{"rendered":"https:\/\/elfsight.com\/pt\/?page_id=11396"},"modified":"2025-03-07T09:46:03","modified_gmt":"2025-03-07T09:46:03","slug":"jquery","status":"publish","type":"page","link":"https:\/\/elfsight.com\/pt\/team-showcase-widget\/jquery\/","title":{"rendered":"Team Showcase &#8211; jQuery"},"content":{"rendered":"\n<div class=\"application-platform-content-item-description application-platform-content-item\" id=\"description\" data-nav-section=\"description\"> <h2>Descri\u00e7\u00e3o<\/h2> <p>Nosso widget se tornar\u00e1 sua ferramenta mais f\u00e1cil de usar para mostrar sua equipe no site. Ajudar\u00e1 a contar sobre as personalidades e experi\u00eancias de qualquer tipo de equipe: companheiros de neg\u00f3cios, s\u00f3cios de clubes esportivos, docentes, funcion\u00e1rios de empresas e qualquer outro. Fa\u00e7a upload de uma foto, adicione informa\u00e7\u00f5es de contato e uma mensagem pessoal sobre cada pessoa. Seu p\u00fablico ter\u00e1 a possibilidade de entrar em contato com cada um deles de forma integrada por meio de links ou \u00edcones sociais. Voc\u00ea pode estabelecer categorias e mostrar o enquadramento da sua empresa, selecionar layouts, cores e outras caracter\u00edsticas. Aumente a confiabilidade da sua empresa, mostrando sua face humana! <\/p><div class=\"faq\" data-component=\"FAQ\"> <div class=\"faq-item\">\r\n\t\t\t\t\t<div class=\"faq-item-question\">\r\n\t\t\t\t\t\t<h3 class=\"faq-item-question-text\">Onde posso exibi-lo no meu site<\/h3>\r\n\r\n\t\t\t\t\t\t<div class=\"faq-item-question-icon\"><\/div>\r\n\t\t\t\t\t<\/div>\r\n\r\n\t\t\t\t\t<div class=\"faq-item-answer\">\r\n\t\t\t\t\t\t<div class=\"faq-item-answer-text\"> <p>Voc\u00ea pode adicionar o widget a qualquer p\u00e1gina do site. O widget pode se tornar um elemento da \u00e1rea de conte\u00fado ou preencher uma p\u00e1gina inteira. Por exemplo, voc\u00ea pode construir sua p\u00e1gina Sobre n\u00f3s por meio de apenas um widget. <\/p><\/div>\r\n\t\t\t\t\t<\/div>\r\n\t\t\t\t<\/div> <div class=\"faq-item\">\r\n\t\t\t\t\t<div class=\"faq-item-question\">\r\n\t\t\t\t\t\t<h3 class=\"faq-item-question-text\">Como eu me beneficiaria com o widget? <\/h3>\r\n\r\n\t\t\t\t\t\t<div class=\"faq-item-question-icon\"><\/div>\r\n\t\t\t\t\t<\/div>\r\n\r\n\t\t\t\t\t<div class=\"faq-item-answer\">\r\n\t\t\t\t\t\t<div class=\"faq-item-answer-text\"> <p>Revelar as pessoas reais que est\u00e3o envolvidas na empresa aumenta a transpar\u00eancia e aumenta a confiabilidade percebida do neg\u00f3cio. Isso garante que as pessoas tenham certeza de que sua empresa \u00e9 um parceiro confi\u00e1vel e pode levar a um n\u00edvel mais alto de leads e novos clientes. Al\u00e9m disso, o contato da sua equipe fica mais r\u00e1pido gra\u00e7as aos dados de contato que voc\u00ea adiciona para cada membro. <\/p><\/div>\r\n\t\t\t\t\t<\/div>\r\n\t\t\t\t<\/div> <div class=\"faq-item\">\r\n\t\t\t\t\t<div class=\"faq-item-question\">\r\n\t\t\t\t\t\t<h3 class=\"faq-item-question-text\">Como fa\u00e7o para incorporar o Team Showcase em meu site jQuery? <\/h3>\r\n\r\n\t\t\t\t\t\t<div class=\"faq-item-question-icon\"><\/div>\r\n\t\t\t\t\t<\/div>\r\n\r\n\t\t\t\t\t<div class=\"faq-item-answer\">\r\n\t\t\t\t\t\t<div class=\"faq-item-answer-text\"> <p>Levar\u00e1 apenas dois minutos para configurar o widget. A instala\u00e7\u00e3o \u00e9 realmente r\u00e1pida, gratuita e sem codifica\u00e7\u00e3o. <\/p> <ol> <li>H\u00e1 uma op\u00e7\u00e3o para configurar o Team Showcase em seu site atrav\u00e9s do nosso servi\u00e7o. Para isso siga os passos das instru\u00e7\u00f5es abaixo nesta p\u00e1gina. <\/li> <li>O widget pode ser incorporado atrav\u00e9s do nosso servi\u00e7o ou no mercado. Voc\u00ea pode comparar as duas op\u00e7\u00f5es e decidir qual \u00e9 a mais adequada. <\/li> <\/ol> <\/div>\r\n\t\t\t\t\t<\/div>\r\n\t\t\t\t<\/div> <\/div> <\/div> <div class=\"application-platform-content-item-features application-platform-content-item\" id=\"features\" data-nav-section=\"features\"> <h2>Recursos<\/h2> <p>Para entender melhor o Team Showcase, descubra o lista dos principais recursos. Eles tornam o widget realmente eficaz para voc\u00ea: <\/p> <ul><li>\u00cdcones clic\u00e1veis \u200b\u200bde m\u00eddias sociais e links para sites e endere\u00e7os de e-mail; <\/li><li> O endere\u00e7o do local \u00e9 aberto no Google Maps ao clicar; <\/li><li>Aparece um pop-up com todos os detalhes sobre uma pessoa; <\/li><li>2 variantes para mostrar grupos: como uma lista geral ou filtrada por menu; <\/li><li>Quatro op\u00e7\u00f5es de layout: Grade, Cart\u00f5es, Galeria ou Lista. <\/li><\/ul><p><a href=\"#demo\">Para conhecer a lista completa de recursos, veja a demonstra\u00e7\u00e3o ao vivo<\/a><\/p> <\/div> <div class=\"application-platform-content-item-installation application-platform-content-item\" id=\"installation\" data-nav-section=\"installation\"> <h2>Veja como configurar o widget Team Showcase no seu site jQuery. \u00c9 muito r\u00e1pido.<\/h2> <p>Essas diversas a\u00e7\u00f5es s\u00e3o a \u00fanica coisa que voc\u00ea precisa fazer para ter o Team Showcase instalado e funcionando. <\/p> <ol><li><b>Gere seu plugin Team Showcase personalizado<\/b><br> Atrav\u00e9s de nosso configurador gratuito, obtenha um plugin com interface personalizada e caracter\u00edsticas funcionais. <\/li><li><b>Obtenha o c\u00f3digo individual para publicar o plugin<\/b><br> Depois de criar o seu widget, voc\u00ea adquirir\u00e1 o c\u00f3digo individual na janela exibida nos aplicativos da Elfsight. Copie o c\u00f3digo para uso posterior. <\/li> <li><b>Exiba o plugin em seu site jQuery<\/b><br> Escolha o local onde voc\u00ea planeja integrar o plugin e cole o c\u00f3digo copiado l\u00e1. Salve as edi\u00e7\u00f5es. <\/li> <li><b>A instala\u00e7\u00e3o foi conclu\u00edda<\/b><br> V\u00e1 para a p\u00e1gina da web para ver seu plugin. <\/li> <\/ol><p>Ainda inseguro? Ou tem d\u00favidas? Basta escrever uma solicita\u00e7\u00e3o ao nosso suporte ao cliente, eles o ajudar\u00e3o com qualquer tipo de d\u00favida. <\/p> <\/div>\n","protected":false},"excerpt":{"rendered":"","protected":false},"author":9,"featured_media":0,"parent":855,"menu_order":0,"comment_status":"closed","ping_status":"closed","template":"templates\/template-application-platform.php","meta":{"publish_to_discourse":"","publish_post_category":"","wpdc_auto_publish_overridden":"","wpdc_topic_tags":"","wpdc_pin_topic":"","wpdc_pin_until":"","discourse_post_id":"","discourse_permalink":"","wpdc_publishing_response":"","wpdc_publishing_error":"","footnotes":""},"class_list":["post-11396","page","type-page","status-publish","hentry"],"yoast_head":"<!-- This site is optimized with the Yoast SEO plugin v25.3.1 - https:\/\/yoast.com\/wordpress\/plugins\/seo\/ -->\n<title>Adicione o plugin Team Showcase ao site jQuery (r\u00e1pido e gratuito)<\/title>\n<meta name=\"description\" content=\"Com a Elfsight, construa o seu plugin Team Showcase e mostre-o no seu site jQuery num instante. Oferecemos atendimento gratuito ao cliente e mais b\u00f4nus.\" \/>\n<meta name=\"robots\" content=\"index, follow, max-snippet:-1, max-image-preview:large, max-video-preview:-1\" \/>\n<link rel=\"canonical\" href=\"https:\/\/elfsight.com\/pt\/team-showcase-widget\/jquery\/\" \/>\n<meta property=\"og:locale\" content=\"pt_PT\" \/>\n<meta property=\"og:type\" content=\"article\" \/>\n<meta property=\"og:title\" content=\"Adicione o plugin Team Showcase ao site jQuery (r\u00e1pido e gratuito)\" \/>\n<meta property=\"og:description\" content=\"Com a Elfsight, construa o seu plugin Team Showcase e mostre-o no seu site jQuery num instante. Oferecemos atendimento gratuito ao cliente e mais b\u00f4nus.\" \/>\n<meta property=\"og:url\" content=\"https:\/\/elfsight.com\/pt\/team-showcase-widget\/jquery\/\" \/>\n<meta property=\"og:site_name\" content=\"Elfsight PT\" \/>\n<meta property=\"article:modified_time\" content=\"2025-03-07T09:46:03+00:00\" \/>\n<meta name=\"twitter:card\" content=\"summary_large_image\" \/>\n<meta name=\"twitter:label1\" content=\"Tempo estimado de leitura\" \/>\n\t<meta name=\"twitter:data1\" content=\"4 minutos\" \/>\n<!-- \/ Yoast SEO plugin. -->","yoast_head_json":{"title":"Adicione o plugin Team Showcase ao site jQuery (r\u00e1pido e gratuito)","description":"Com a Elfsight, construa o seu plugin Team Showcase e mostre-o no seu site jQuery num instante. Oferecemos atendimento gratuito ao cliente e mais b\u00f4nus.","robots":{"index":"index","follow":"follow","max-snippet":"max-snippet:-1","max-image-preview":"max-image-preview:large","max-video-preview":"max-video-preview:-1"},"canonical":"https:\/\/elfsight.com\/pt\/team-showcase-widget\/jquery\/","og_locale":"pt_PT","og_type":"article","og_title":"Adicione o plugin Team Showcase ao site jQuery (r\u00e1pido e gratuito)","og_description":"Com a Elfsight, construa o seu plugin Team Showcase e mostre-o no seu site jQuery num instante. Oferecemos atendimento gratuito ao cliente e mais b\u00f4nus.","og_url":"https:\/\/elfsight.com\/pt\/team-showcase-widget\/jquery\/","og_site_name":"Elfsight PT","article_modified_time":"2025-03-07T09:46:03+00:00","twitter_card":"summary_large_image","twitter_misc":{"Tempo estimado de leitura":"4 minutos"},"schema":{"@context":"https:\/\/schema.org","@graph":[{"@type":"WebPage","@id":"https:\/\/elfsight.com\/pt\/team-showcase-widget\/jquery\/","url":"https:\/\/elfsight.com\/pt\/team-showcase-widget\/jquery\/","name":"Adicione o plugin Team Showcase ao site jQuery (r\u00e1pido e gratuito)","isPartOf":{"@id":"https:\/\/elfsight.com\/pt\/#website"},"datePublished":"2024-05-03T06:50:10+00:00","dateModified":"2025-03-07T09:46:03+00:00","description":"Com a Elfsight, construa o seu plugin Team Showcase e mostre-o no seu site jQuery num instante. Oferecemos atendimento gratuito ao cliente e mais b\u00f4nus.","breadcrumb":{"@id":"https:\/\/elfsight.com\/pt\/team-showcase-widget\/jquery\/#breadcrumb"},"inLanguage":"pt-PT","potentialAction":[{"@type":"ReadAction","target":["https:\/\/elfsight.com\/pt\/team-showcase-widget\/jquery\/"]}]},{"@type":"BreadcrumbList","@id":"https:\/\/elfsight.com\/pt\/team-showcase-widget\/jquery\/#breadcrumb","itemListElement":[{"@type":"ListItem","position":1,"name":"Home","item":"https:\/\/elfsight.com\/pt\/"},{"@type":"ListItem","position":2,"name":"Team Showcase","item":"https:\/\/elfsight.com\/pt\/team-showcase-widget\/"},{"@type":"ListItem","position":3,"name":"Team Showcase &#8211; jQuery"}]},{"@type":"WebSite","@id":"https:\/\/elfsight.com\/pt\/#website","url":"https:\/\/elfsight.com\/pt\/","name":"Elfsight PT","description":"Just another Elfsight Sites site","potentialAction":[{"@type":"SearchAction","target":{"@type":"EntryPoint","urlTemplate":"https:\/\/elfsight.com\/pt\/?s={search_term_string}"},"query-input":{"@type":"PropertyValueSpecification","valueRequired":true,"valueName":"search_term_string"}}],"inLanguage":"pt-PT"}]}},"meta_box":{"industry":"","seo_heading":"","heading":"","description":"","cta_heading":"","cta_description":"","application":"854","h1":"Plug-in jQuery Team Showcase","h1_caption":"Apresente aos membros da sua equipe as melhores vantagens por meio de um widget flex\u00edvel","application_category":[],"applications_title":"","applications_request_title":"","applications_request_button_text":"","hero_text":"","hero_video":"","hero_video_schema_markup":"","selling_points_title":"","selling_points_caption":"","selling_points":[],"selling_points_cta_text":"","features_title":"","features":"","ed_cta_examples_text":"","ed_cta_examples_hidden":"","ed_cta_demo_text":"","ed_cta_demo_hidden":"","why_caption":"","why_editor_title":"","why_editor_text":"","why_team_title":"","why_team_text":"","why_service_title":"","why_service_text":"","template_catalog_visible":"0","template_catalog_title":"","template_catalog_text":"","template_catalog_categories_visible":"","demo_title":"Crie seu plugin Team Showcase","demo_caption":"Configure seu Team Showcase e adicione-o ao seu site jQuery gratuitamente!","default_faq_hidden":"","app_template_category":[],"platform":"55","template_public_id":"","codecanyon_url":"","codecanyon_item_id":"","codecanyon_price":"","pricing_caption":"","pricing_elfsight_apps_hide_column":"","pricing_elfsight_apps_url":"","pricing_codecanyon_price_caption":"","integration_category":[],"integration_request_title":"","integration_request_cta":"","integration_platform":"","integrations":[],"platform_category":[],"video_schema_markup":"","price":"a partir de US$ 0\/m\u00eas","trial":"","benefits":[{"text":"Ajuda de instala\u00e7\u00e3o gratuita"},{"text":"Atendimento ao cliente profissional"},{"text":"Garantia de devolu\u00e7\u00e3o do dinheiro em 14 dias"},{"text":"Melhorias cont\u00ednuas"}],"button_url":"#demo","button_target_blank":"0","button_nofollow":"0","attributes":[{"name":"Instala\u00e7\u00f5es","content":"10,000 - 100,000"},{"name":"Responsivo","content":"Sim"},{"name":"Navegadores compat\u00edveis","content":"Firefox, Safari, Opera, Chrome, Edge"}],"tags":[],"tags_disable_links":"0","hide_more_platforms":"0","video_object":"","demo_hide_cta":"0","demo_hide_cloud_options":"0","pricing_title":"","pricing":[{"pricing_icon":"platform","pricing_title":"Elfsight Apps","pricing_title_caption":"Software independente de plataforma adequado para qualquer site","pricing_price":"a partir de US$ 0\/m\u00eas","pricing_price_caption":"comece com um plano gratuito","pricing_benefits":[{"text":"Sites ilimitados"},{"text":"Suporte 24 horas por dia, 7 dias por semana e bem documentado"},{"text":"Suporte 24 horas por dia, 7 dias por semana e bem documentado"},{"text":"Totalmente personaliz\u00e1vel"}],"pricing_button_text":"Adicionar ao site","pricing_button_url":"#demo"}],"related_apps_title":"","related_apps_hidden":"0","author":"","image":[],"title":"","job":"","social_networks":[]},"_links":{"self":[{"href":"https:\/\/elfsight.com\/pt\/wp-json\/wp\/v2\/pages\/11396","targetHints":{"allow":["GET"]}}],"collection":[{"href":"https:\/\/elfsight.com\/pt\/wp-json\/wp\/v2\/pages"}],"about":[{"href":"https:\/\/elfsight.com\/pt\/wp-json\/wp\/v2\/types\/page"}],"author":[{"embeddable":true,"href":"https:\/\/elfsight.com\/pt\/wp-json\/wp\/v2\/users\/9"}],"replies":[{"embeddable":true,"href":"https:\/\/elfsight.com\/pt\/wp-json\/wp\/v2\/comments?post=11396"}],"version-history":[{"count":2,"href":"https:\/\/elfsight.com\/pt\/wp-json\/wp\/v2\/pages\/11396\/revisions"}],"predecessor-version":[{"id":14608,"href":"https:\/\/elfsight.com\/pt\/wp-json\/wp\/v2\/pages\/11396\/revisions\/14608"}],"up":[{"embeddable":true,"href":"https:\/\/elfsight.com\/pt\/wp-json\/wp\/v2\/pages\/855"}],"wp:attachment":[{"href":"https:\/\/elfsight.com\/pt\/wp-json\/wp\/v2\/media?parent=11396"}],"curies":[{"name":"wp","href":"https:\/\/api.w.org\/{rel}","templated":true}]}}