{"id":11395,"date":"2024-05-03T06:50:00","date_gmt":"2024-05-03T06:50:00","guid":{"rendered":"https:\/\/elfsight.com\/pt\/?page_id=11395"},"modified":"2025-03-07T09:59:35","modified_gmt":"2025-03-07T09:59:35","slug":"wix","status":"publish","type":"page","link":"https:\/\/elfsight.com\/pt\/team-showcase-widget\/wix\/","title":{"rendered":"Team Showcase &#8211; Wix"},"content":{"rendered":"\n<div class=\"application-platform-content-item-description application-platform-content-item\" id=\"description\" data-nav-section=\"description\"> <h2>Descri\u00e7\u00e3o<\/h2> <p>Nosso widget se tornar\u00e1 a ferramenta mais simples para mostrar os membros da sua equipe em seu site. Ajuda a contar sobre qualquer tipo de equipe: companheiros de neg\u00f3cios, membros de clubes esportivos, professores, estrutura da empresa e muito mais. Fa\u00e7a upload de uma foto, publique informa\u00e7\u00f5es de contato e uma mensagem exclusiva sobre cada membro da sua equipe. Os usu\u00e1rios ter\u00e3o a possibilidade de abord\u00e1-los no mesmo segundo usando links ativos ou \u00edcones sociais. Voc\u00ea pode definir grupos e demonstrar a estrutura da sua equipe, selecionar layouts, cores e outros. Aumente a credibilidade do seu neg\u00f3cio, exibindo a sua imagem humana! <\/p><div class=\"faq\" data-component=\"FAQ\"> <div class=\"faq-item\">\r\n\t\t\t\t\t<div class=\"faq-item-question\">\r\n\t\t\t\t\t\t<h3 class=\"faq-item-question-text\">Onde posso adicion\u00e1-lo<\/h3>\r\n\r\n\t\t\t\t\t\t<div class=\"faq-item-question-icon\"><\/div>\r\n\t\t\t\t\t<\/div>\r\n\r\n\t\t\t\t\t<div class=\"faq-item-answer\">\r\n\t\t\t\t\t\t<div class=\"faq-item-answer-text\"> <p>Exiba o widget em qualquer p\u00e1gina do site, onde voc\u00ea achar adequado. Pode funcionar como um dos elementos da \u00e1rea de conte\u00fado ou preencher toda a p\u00e1gina. Desta forma, voc\u00ea pode criar sua p\u00e1gina Sobre n\u00f3s por meio do widget. <\/p><\/div>\r\n\t\t\t\t\t<\/div>\r\n\t\t\t\t<\/div> <div class=\"faq-item\">\r\n\t\t\t\t\t<div class=\"faq-item-question\">\r\n\t\t\t\t\t\t<h3 class=\"faq-item-question-text\">Quais vantagens isso me trar\u00e1? <\/h3>\r\n\r\n\t\t\t\t\t\t<div class=\"faq-item-question-icon\"><\/div>\r\n\t\t\t\t\t<\/div>\r\n\r\n\t\t\t\t\t<div class=\"faq-item-answer\">\r\n\t\t\t\t\t\t<div class=\"faq-item-answer-text\"> <p>Apresentar as pessoas reais envolvidas em sua empresa aumenta sua transpar\u00eancia e aumenta a confiabilidade percebida de seu neg\u00f3cio. Isso garante aos visitantes que sua empresa \u00e9 um parceiro s\u00f3lido e pode levar a mais leads e novos clientes. Al\u00e9m disso, ser\u00e1 mais f\u00e1cil entrar em contato com seus colegas clicando nos links do widget. <\/p><\/div>\r\n\t\t\t\t\t<\/div>\r\n\t\t\t\t<\/div> <div class=\"faq-item\">\r\n\t\t\t\t\t<div class=\"faq-item-question\">\r\n\t\t\t\t\t\t<h3 class=\"faq-item-question-text\">O que eu preciso para adicionar o Team Showcase no meu site Wix? <\/h3>\r\n\r\n\t\t\t\t\t\t<div class=\"faq-item-question-icon\"><\/div>\r\n\t\t\t\t\t<\/div>\r\n\r\n\t\t\t\t\t<div class=\"faq-item-answer\">\r\n\t\t\t\t\t\t<div class=\"faq-item-answer-text\"> <p>Voc\u00ea s\u00f3 precisar\u00e1 de tr\u00eas minutos do seu tempo para ativar o widget. \u00c9 muito r\u00e1pido, gratuito e sem codifica\u00e7\u00e3o. <\/p> <ol> <li>H\u00e1 uma op\u00e7\u00e3o para configurar o Team Showcase no site diretamente atrav\u00e9s do nosso servi\u00e7o. Para fazer isso, siga os passos do guia abaixo nesta p\u00e1gina. <\/li> <li>O Elfsight Team Showcase pode ser configurado atrav\u00e9s do nosso servi\u00e7o ou atrav\u00e9s do mercado. Voc\u00ea pode ver as vantagens dessas variantes e escolher a sua. <\/li> <\/ol> <\/div>\r\n\t\t\t\t\t<\/div>\r\n\t\t\t\t<\/div> <\/div> <\/div> <div class=\"application-platform-content-item-features application-platform-content-item\" id=\"features\" data-nav-section=\"features\"> <h2>Recursos<\/h2> <p>Para moldar uma compreens\u00e3o clara do Team Showcase, descubra a lista dos principais taits. Eles tornam nosso widget o mais eficaz poss\u00edvel para sua promo\u00e7\u00e3o: <\/p> <ul><li>\u00cdcones ativos de m\u00eddia social e links para site e endere\u00e7o de e-mail; <\/li><li>Localiza\u00e7\u00e3o da pessoa revelada no Google Maps quando clicada; <\/li><li>Popup mostra mais detalhes sobre um membro da equipe; <\/li><li>2 possibilidades de exibi\u00e7\u00e3o de categorias: em lista geral ou com menu; <\/li><li>4 op\u00e7\u00f5es de layout: Grade, Cart\u00f5es, Galeria, Lista. <\/li><\/ul><p><a href=\"#demo\">Nossa demonstra\u00e7\u00e3o ao vivo abrir\u00e1 todos os recursos para voc\u00ea<\/a><\/p> <\/div> <div class=\"application-platform-content-item-installation application-platform-content-item\" id=\"installation\" data-nav-section=\"installation\"> <h2>Veja como introduzir o widget Team Showcase em seu Wix p\u00e1gina.<\/h2> <div class=\"video-container\"><iframe width=\"720\" height=\"405\" src=\"https:\/\/www.youtube.com\/embed\/j8cRldskcGA\" frameborder=\"0\" allowfullscreen=\"\"><\/iframe><\/div><p>As a\u00e7\u00f5es a seguir s\u00e3o a \u00fanica coisa que voc\u00ea precisa fazer. <\/p> <ol><li><b>Construa seu pr\u00f3prio plugin Team Showcase<\/b><br> Gerenciando nosso editor gratuito, crie um plugin com composi\u00e7\u00e3o e fun\u00e7\u00f5es selecionadas. <\/li><li><b>Copie o c\u00f3digo individual para adicionar o plugin<\/b><br> Depois de configurar o seu widget, voc\u00ea obter\u00e1 o c\u00f3digo de instala\u00e7\u00e3o na janela pop-up dos aplicativos Elfsight. Copie o c\u00f3digo. <\/li> <li><b>Publique o plugin em seu site Wix<\/b><br> Escolha a \u00e1rea onde voc\u00ea gostaria de adicionar o plugin e cole o c\u00f3digo salvo l\u00e1. Publique as edi\u00e7\u00f5es. <\/li> <li><b>Pronto! <\/b><br> Entre na p\u00e1gina da web para verificar seu plugin. <\/li> <\/ol><p>Ainda duvida de alguma coisa? Ou tendo problemas? Apenas uma \u00fanica solicita\u00e7\u00e3o ao nosso atendimento ao cliente ajudar\u00e1 em todos os problemas. <\/p> <\/div>\n","protected":false},"excerpt":{"rendered":"","protected":false},"author":9,"featured_media":0,"parent":855,"menu_order":0,"comment_status":"closed","ping_status":"closed","template":"templates\/template-application-platform.php","meta":{"publish_to_discourse":"","publish_post_category":"","wpdc_auto_publish_overridden":"","wpdc_topic_tags":"","wpdc_pin_topic":"","wpdc_pin_until":"","discourse_post_id":"","discourse_permalink":"","wpdc_publishing_response":"","wpdc_publishing_error":"","footnotes":""},"class_list":["post-11395","page","type-page","status-publish","hentry"],"yoast_head":"<!-- This site is optimized with the Yoast SEO plugin v25.3.1 - https:\/\/yoast.com\/wordpress\/plugins\/seo\/ -->\n<title>Adicione o aplicativo Team Showcase ao site Wix (r\u00e1pido e gratuito)<\/title>\n<meta name=\"description\" content=\"\u00c9 muito f\u00e1cil criar seu aplicativo Team Showcase e public\u00e1-lo em seu site Wix. O atendimento ao cliente da Elfsight \u00e9 gratuito.\" \/>\n<meta name=\"robots\" content=\"index, follow, max-snippet:-1, max-image-preview:large, max-video-preview:-1\" \/>\n<link rel=\"canonical\" href=\"https:\/\/elfsight.com\/pt\/team-showcase-widget\/wix\/\" \/>\n<meta property=\"og:locale\" content=\"pt_PT\" \/>\n<meta property=\"og:type\" content=\"article\" \/>\n<meta property=\"og:title\" content=\"Adicione o aplicativo Team Showcase ao site Wix (r\u00e1pido e gratuito)\" \/>\n<meta property=\"og:description\" content=\"\u00c9 muito f\u00e1cil criar seu aplicativo Team Showcase e public\u00e1-lo em seu site Wix. O atendimento ao cliente da Elfsight \u00e9 gratuito.\" \/>\n<meta property=\"og:url\" content=\"https:\/\/elfsight.com\/pt\/team-showcase-widget\/wix\/\" \/>\n<meta property=\"og:site_name\" content=\"Elfsight PT\" \/>\n<meta property=\"article:modified_time\" content=\"2025-03-07T09:59:35+00:00\" \/>\n<meta name=\"twitter:card\" content=\"summary_large_image\" \/>\n<meta name=\"twitter:label1\" content=\"Tempo estimado de leitura\" \/>\n\t<meta name=\"twitter:data1\" content=\"3 minutos\" \/>\n<!-- \/ Yoast SEO plugin. -->","yoast_head_json":{"title":"Adicione o aplicativo Team Showcase ao site Wix (r\u00e1pido e gratuito)","description":"\u00c9 muito f\u00e1cil criar seu aplicativo Team Showcase e public\u00e1-lo em seu site Wix. O atendimento ao cliente da Elfsight \u00e9 gratuito.","robots":{"index":"index","follow":"follow","max-snippet":"max-snippet:-1","max-image-preview":"max-image-preview:large","max-video-preview":"max-video-preview:-1"},"canonical":"https:\/\/elfsight.com\/pt\/team-showcase-widget\/wix\/","og_locale":"pt_PT","og_type":"article","og_title":"Adicione o aplicativo Team Showcase ao site Wix (r\u00e1pido e gratuito)","og_description":"\u00c9 muito f\u00e1cil criar seu aplicativo Team Showcase e public\u00e1-lo em seu site Wix. O atendimento ao cliente da Elfsight \u00e9 gratuito.","og_url":"https:\/\/elfsight.com\/pt\/team-showcase-widget\/wix\/","og_site_name":"Elfsight PT","article_modified_time":"2025-03-07T09:59:35+00:00","twitter_card":"summary_large_image","twitter_misc":{"Tempo estimado de leitura":"3 minutos"},"schema":{"@context":"https:\/\/schema.org","@graph":[{"@type":"WebPage","@id":"https:\/\/elfsight.com\/pt\/team-showcase-widget\/wix\/","url":"https:\/\/elfsight.com\/pt\/team-showcase-widget\/wix\/","name":"Adicione o aplicativo Team Showcase ao site Wix (r\u00e1pido e gratuito)","isPartOf":{"@id":"https:\/\/elfsight.com\/pt\/#website"},"datePublished":"2024-05-03T06:50:00+00:00","dateModified":"2025-03-07T09:59:35+00:00","description":"\u00c9 muito f\u00e1cil criar seu aplicativo Team Showcase e public\u00e1-lo em seu site Wix. O atendimento ao cliente da Elfsight \u00e9 gratuito.","breadcrumb":{"@id":"https:\/\/elfsight.com\/pt\/team-showcase-widget\/wix\/#breadcrumb"},"inLanguage":"pt-PT","potentialAction":[{"@type":"ReadAction","target":["https:\/\/elfsight.com\/pt\/team-showcase-widget\/wix\/"]}]},{"@type":"BreadcrumbList","@id":"https:\/\/elfsight.com\/pt\/team-showcase-widget\/wix\/#breadcrumb","itemListElement":[{"@type":"ListItem","position":1,"name":"Home","item":"https:\/\/elfsight.com\/pt\/"},{"@type":"ListItem","position":2,"name":"Team Showcase","item":"https:\/\/elfsight.com\/pt\/team-showcase-widget\/"},{"@type":"ListItem","position":3,"name":"Team Showcase &#8211; Wix"}]},{"@type":"WebSite","@id":"https:\/\/elfsight.com\/pt\/#website","url":"https:\/\/elfsight.com\/pt\/","name":"Elfsight PT","description":"Just another Elfsight Sites site","potentialAction":[{"@type":"SearchAction","target":{"@type":"EntryPoint","urlTemplate":"https:\/\/elfsight.com\/pt\/?s={search_term_string}"},"query-input":{"@type":"PropertyValueSpecification","valueRequired":true,"valueName":"search_term_string"}}],"inLanguage":"pt-PT"}]}},"meta_box":{"industry":"","seo_heading":"","heading":"","description":"","cta_heading":"","cta_description":"","application":"854","h1":"Aplicativo Wix Team Showcase","h1_caption":"Apresente os membros da sua equipe e mostre sua experi\u00eancia por meio de uma galeria flex\u00edvel","application_category":[],"applications_title":"","applications_request_title":"","applications_request_button_text":"","hero_text":"","hero_video":"","hero_video_schema_markup":"","selling_points_title":"","selling_points_caption":"","selling_points":[],"selling_points_cta_text":"","features_title":"","features":"","ed_cta_examples_text":"","ed_cta_examples_hidden":"","ed_cta_demo_text":"","ed_cta_demo_hidden":"","why_caption":"","why_editor_title":"","why_editor_text":"","why_team_title":"","why_team_text":"","why_service_title":"","why_service_text":"","template_catalog_visible":"0","template_catalog_title":"","template_catalog_text":"","template_catalog_categories_visible":"","demo_title":"Crie seu aplicativo Team Showcase","demo_caption":"Configure seu Team Showcase e adicione-o ao seu site Wix gratuitamente!","default_faq_hidden":"","app_template_category":[],"platform":"37","template_public_id":"","codecanyon_url":"","codecanyon_item_id":"","codecanyon_price":"","pricing_caption":"","pricing_elfsight_apps_hide_column":"","pricing_elfsight_apps_url":"","pricing_codecanyon_price_caption":"","integration_category":[],"integration_request_title":"","integration_request_cta":"","integration_platform":"","integrations":[],"platform_category":[],"video_schema_markup":"","price":"a partir de US$ 0\/m\u00eas","trial":"","benefits":[{"text":"Ajuda de instala\u00e7\u00e3o gratuita"},{"text":"Suporte ao cliente experiente"},{"text":"Garantia de devolu\u00e7\u00e3o do dinheiro em 14 dias"},{"text":"Desenvolvimento cont\u00ednuo"}],"button_url":"#demo","button_target_blank":"0","button_nofollow":"0","attributes":[{"name":"Instala\u00e7\u00f5es","content":"10,000 - 100,000"},{"name":"Responsivo","content":"Sim"},{"name":"Navegadores compat\u00edveis","content":"Firefox, Safari, Opera, Chrome, Edge"}],"tags":[],"tags_disable_links":"0","hide_more_platforms":"0","video_object":"","demo_hide_cta":"0","demo_hide_cloud_options":"0","pricing_title":"","pricing":[{"pricing_icon":"platform","pricing_title":"Elfsight Apps","pricing_title_caption":"Solu\u00e7\u00e3o multiplataforma que funciona em qualquer site","pricing_price":"a partir de US$ 0\/m\u00eas","pricing_price_caption":"comece com plano gratuito","pricing_benefits":[{"text":"Sites ilimitados"},{"text":"Suporte r\u00e1pido e pontual"},{"text":"Suporte r\u00e1pido e pontual"},{"text":"Oferta especial para v\u00e1rios aplicativos"}],"pricing_button_text":"Adicionar ao site","pricing_button_url":"#demo"}],"related_apps_title":"","related_apps_hidden":"0","author":"","image":[],"title":"","job":"","social_networks":[]},"_links":{"self":[{"href":"https:\/\/elfsight.com\/pt\/wp-json\/wp\/v2\/pages\/11395","targetHints":{"allow":["GET"]}}],"collection":[{"href":"https:\/\/elfsight.com\/pt\/wp-json\/wp\/v2\/pages"}],"about":[{"href":"https:\/\/elfsight.com\/pt\/wp-json\/wp\/v2\/types\/page"}],"author":[{"embeddable":true,"href":"https:\/\/elfsight.com\/pt\/wp-json\/wp\/v2\/users\/9"}],"replies":[{"embeddable":true,"href":"https:\/\/elfsight.com\/pt\/wp-json\/wp\/v2\/comments?post=11395"}],"version-history":[{"count":3,"href":"https:\/\/elfsight.com\/pt\/wp-json\/wp\/v2\/pages\/11395\/revisions"}],"predecessor-version":[{"id":14618,"href":"https:\/\/elfsight.com\/pt\/wp-json\/wp\/v2\/pages\/11395\/revisions\/14618"}],"up":[{"embeddable":true,"href":"https:\/\/elfsight.com\/pt\/wp-json\/wp\/v2\/pages\/855"}],"wp:attachment":[{"href":"https:\/\/elfsight.com\/pt\/wp-json\/wp\/v2\/media?parent=11395"}],"curies":[{"name":"wp","href":"https:\/\/api.w.org\/{rel}","templated":true}]}}