{"id":11387,"date":"2024-05-03T06:49:20","date_gmt":"2024-05-03T06:49:20","guid":{"rendered":"https:\/\/elfsight.com\/pt\/?page_id=11387"},"modified":"2024-11-12T15:25:06","modified_gmt":"2024-11-12T15:25:06","slug":"drupal","status":"publish","type":"page","link":"https:\/\/elfsight.com\/pt\/store-locator-widget\/drupal\/","title":{"rendered":"Store Locator &#8211; Drupal"},"content":{"rendered":"<div class=\"application-platform-content-item-description application-platform-content-item\" id=\"description\" data-nav-section=\"description\"> <h2>Incorpore o Store Locator no Drupal com um m\u00f3dulo Elfsight<\/h2> <p>O Elfsight Store Locator para Drupal \u00e9 um widget din\u00e2mico e personaliz\u00e1vel criado para aumentar a usabilidade do seu site e a satisfa\u00e7\u00e3o do cliente, tornando mais f\u00e1cil do que nunca para seus clientes visitarem seu endere\u00e7o comercial. Com um conjunto de recursos \u00fateis introduzidos para utilidade e desempenho, este widget \u00e9 a solu\u00e7\u00e3o perfeita para anunciar os locais f\u00edsicos de sua empresa de maneira compreens\u00edvel e conveniente. Adicione-o agora e observe como ele transforma seu site em um \u00fatil localizador de lojas!<\/p> <p>Ao incorporar o widget, voc\u00ea aumentar\u00e1 sua confiabilidade entre os visitantes, fornecendo informa\u00e7\u00f5es detalhadas sobre a localiza\u00e7\u00e3o f\u00edsica de sua empresa, tranquilizando todos sobre seu estabelecimento. presen\u00e7a. Isso resultar\u00e1 em tomadas de decis\u00e3o mais r\u00e1pidas e s\u00f3lida experi\u00eancia de compra entre os clientes. <\/p><p><b>Incorpore o extraordin\u00e1rio localizador de lojas para apresentar sua localiza\u00e7\u00e3o e dados importantes da empresa. Mostre seu endere\u00e7o real e informa\u00e7\u00f5es necess\u00e1rias para receber mais clientes na loja. <\/b><\/p> <\/div> <div class=\"application-platform-content-item-features application-platform-content-item\" id=\"features\" data-nav-section=\"features\"> <h2>Aqui est\u00e3o os recursos b\u00e1sicos do widget:<\/h2> <ul><li>Sele\u00e7\u00e3o din\u00e2mica de endere\u00e7o<\/li><li>Caracter\u00edsticas intuitivas do mapa<\/li><li>Bot\u00f5es de a\u00e7\u00e3o de localiza\u00e7\u00e3o habilitados com integra\u00e7\u00f5es <\/li><li>Pop-up de localiza\u00e7\u00e3o simples ao clicar no marcador<\/li><li>Hor\u00e1rio comercial e localiza\u00e7\u00e3o do local status da atividade<\/li><\/ul><p><a href=\"#demo\">Experimente todos os recursos de personaliza\u00e7\u00e3o em uma demonstra\u00e7\u00e3o 100% funcional<\/a><\/p> <\/div> <div class=\"application-platform-content-item-installation  application-platform-content-item\" id=\"installation \" data-nav-section=\"installation \"> <h2>Como integrar o Store Locator em meu site Drupal?<\/h2> <p>Basta seguir as instru\u00e7\u00f5es abaixo para incorporar o widget. <\/p> <ol><li><b>Gerencie nossa demonstra\u00e7\u00e3o gratuita e comece a formar seu plugin exclusivo. <\/b><br> Especifique a forma adequada e as caracter\u00edsticas funcionais da ferramenta e salve as modifica\u00e7\u00f5es. <\/li> <li><b>Adquira o c\u00f3digo individual que aparece na janela dos aplicativos Elfsight. <\/b><br> Ap\u00f3s a cria\u00e7\u00e3o do seu plugin, copie o c\u00f3digo exclusivo na caixa que apareceu e guarde-o para uso posterior. <\/li> <li><b>Iniciar a aplica\u00e7\u00e3o da ferramenta no site Drupal. <\/b><br> Insira o c\u00f3digo que voc\u00ea salvou recentemente em sua p\u00e1gina web e aplique as melhorias. <\/li> <li><b>A instala\u00e7\u00e3o foi realizada com sucesso. <\/b><br> Visite sua p\u00e1gina para verificar como o widget funciona. <\/li><\/ol> <p>Caso voc\u00ea tenha algum problema, n\u00e3o tenha medo de recorrer \u00e0 nossa equipe de suporte. Nossos consultores est\u00e3o ansiosos para resolver todas as dificuldades que voc\u00ea possa ter com a ferramenta. <\/p><\/div>","protected":false},"excerpt":{"rendered":"","protected":false},"author":9,"featured_media":0,"parent":5164,"menu_order":0,"comment_status":"closed","ping_status":"closed","template":"templates\/template-application-platform.php","meta":{"publish_to_discourse":"","publish_post_category":"","wpdc_auto_publish_overridden":"","wpdc_topic_tags":"","wpdc_pin_topic":"","wpdc_pin_until":"","discourse_post_id":"","discourse_permalink":"","wpdc_publishing_response":"","wpdc_publishing_error":"","footnotes":""},"class_list":["post-11387","page","type-page","status-publish","hentry"],"yoast_head":"<!-- This site is optimized with the Yoast SEO plugin v25.3.1 - https:\/\/yoast.com\/wordpress\/plugins\/seo\/ -->\n<title>Incorporar Drupal Store Locator - Adicione sua localiza\u00e7\u00e3o para clientes<\/title>\n<meta name=\"description\" content=\"Adicione o Store Locator \u00e0s suas p\u00e1ginas Drupal para aumentar as convers\u00f5es. Experimente a demonstra\u00e7\u00e3o clara da Elfsight para formar o widget que leva apenas alguns minutos.\" \/>\n<meta name=\"robots\" content=\"index, follow, max-snippet:-1, max-image-preview:large, max-video-preview:-1\" \/>\n<link rel=\"canonical\" href=\"https:\/\/elfsight.com\/pt\/store-locator-widget\/drupal\/\" \/>\n<meta property=\"og:locale\" content=\"pt_PT\" \/>\n<meta property=\"og:type\" content=\"article\" \/>\n<meta property=\"og:title\" content=\"Incorporar Drupal Store Locator - Adicione sua localiza\u00e7\u00e3o para clientes\" \/>\n<meta property=\"og:description\" content=\"Adicione o Store Locator \u00e0s suas p\u00e1ginas Drupal para aumentar as convers\u00f5es. Experimente a demonstra\u00e7\u00e3o clara da Elfsight para formar o widget que leva apenas alguns minutos.\" \/>\n<meta property=\"og:url\" content=\"https:\/\/elfsight.com\/pt\/store-locator-widget\/drupal\/\" \/>\n<meta property=\"og:site_name\" content=\"Elfsight PT\" \/>\n<meta property=\"article:modified_time\" content=\"2024-11-12T15:25:06+00:00\" \/>\n<meta name=\"twitter:card\" content=\"summary_large_image\" \/>\n<meta name=\"twitter:label1\" content=\"Tempo estimado de leitura\" \/>\n\t<meta name=\"twitter:data1\" content=\"2 minutos\" \/>\n<!-- \/ Yoast SEO plugin. -->","yoast_head_json":{"title":"Incorporar Drupal Store Locator - Adicione sua localiza\u00e7\u00e3o para clientes","description":"Adicione o Store Locator \u00e0s suas p\u00e1ginas Drupal para aumentar as convers\u00f5es. Experimente a demonstra\u00e7\u00e3o clara da Elfsight para formar o widget que leva apenas alguns minutos.","robots":{"index":"index","follow":"follow","max-snippet":"max-snippet:-1","max-image-preview":"max-image-preview:large","max-video-preview":"max-video-preview:-1"},"canonical":"https:\/\/elfsight.com\/pt\/store-locator-widget\/drupal\/","og_locale":"pt_PT","og_type":"article","og_title":"Incorporar Drupal Store Locator - Adicione sua localiza\u00e7\u00e3o para clientes","og_description":"Adicione o Store Locator \u00e0s suas p\u00e1ginas Drupal para aumentar as convers\u00f5es. Experimente a demonstra\u00e7\u00e3o clara da Elfsight para formar o widget que leva apenas alguns minutos.","og_url":"https:\/\/elfsight.com\/pt\/store-locator-widget\/drupal\/","og_site_name":"Elfsight PT","article_modified_time":"2024-11-12T15:25:06+00:00","twitter_card":"summary_large_image","twitter_misc":{"Tempo estimado de leitura":"2 minutos"},"schema":{"@context":"https:\/\/schema.org","@graph":[{"@type":"WebPage","@id":"https:\/\/elfsight.com\/pt\/store-locator-widget\/drupal\/","url":"https:\/\/elfsight.com\/pt\/store-locator-widget\/drupal\/","name":"Incorporar Drupal Store Locator - Adicione sua localiza\u00e7\u00e3o para clientes","isPartOf":{"@id":"https:\/\/elfsight.com\/pt\/#website"},"datePublished":"2024-05-03T06:49:20+00:00","dateModified":"2024-11-12T15:25:06+00:00","description":"Adicione o Store Locator \u00e0s suas p\u00e1ginas Drupal para aumentar as convers\u00f5es. Experimente a demonstra\u00e7\u00e3o clara da Elfsight para formar o widget que leva apenas alguns minutos.","breadcrumb":{"@id":"https:\/\/elfsight.com\/pt\/store-locator-widget\/drupal\/#breadcrumb"},"inLanguage":"pt-PT","potentialAction":[{"@type":"ReadAction","target":["https:\/\/elfsight.com\/pt\/store-locator-widget\/drupal\/"]}]},{"@type":"BreadcrumbList","@id":"https:\/\/elfsight.com\/pt\/store-locator-widget\/drupal\/#breadcrumb","itemListElement":[{"@type":"ListItem","position":1,"name":"Home","item":"https:\/\/elfsight.com\/pt\/"},{"@type":"ListItem","position":2,"name":"Store Locator","item":"https:\/\/elfsight.com\/pt\/store-locator-widget\/"},{"@type":"ListItem","position":3,"name":"Store Locator &#8211; Drupal"}]},{"@type":"WebSite","@id":"https:\/\/elfsight.com\/pt\/#website","url":"https:\/\/elfsight.com\/pt\/","name":"Elfsight PT","description":"Just another Elfsight Sites site","potentialAction":[{"@type":"SearchAction","target":{"@type":"EntryPoint","urlTemplate":"https:\/\/elfsight.com\/pt\/?s={search_term_string}"},"query-input":{"@type":"PropertyValueSpecification","valueRequired":true,"valueName":"search_term_string"}}],"inLanguage":"pt-PT"}]}},"meta_box":{"industry":"","seo_heading":"","heading":"","description":"","cta_heading":"","cta_description":"","application":"5160","h1":"M\u00f3dulo Drupal Store Locator","h1_caption":"Obtenha melhor credibilidade e gere mais visitas \u00e0 loja","application_category":[],"applications_title":"","applications_request_title":"","applications_request_button_text":"","hero_text":"","hero_video":"","hero_video_schema_markup":"","selling_points_title":"","selling_points_caption":"","selling_points":[],"selling_points_cta_text":"","features_title":"","features":"","ed_cta_examples_text":"","ed_cta_examples_hidden":"","ed_cta_demo_text":"","ed_cta_demo_hidden":"","why_caption":"","why_editor_title":"","why_editor_text":"","why_team_title":"","why_team_text":"","why_service_title":"","why_service_text":"","template_catalog_visible":"","template_catalog_title":"","template_catalog_text":"","template_catalog_categories_visible":"","demo_title":"Crie seu m\u00f3dulo Localizador de Lojas","demo_caption":"Configure seu Localizador de Lojas e adicione-o ao seu site Drupal gratuitamente!","default_faq_hidden":"","app_template_category":[],"platform":"4905","template_public_id":"","codecanyon_url":"","codecanyon_item_id":"","codecanyon_price":"","pricing_caption":"","pricing_elfsight_apps_hide_column":"","pricing_elfsight_apps_url":"","pricing_codecanyon_price_caption":"","integration_category":[],"integration_request_title":"","integration_request_cta":"","integration_platform":"","integrations":[],"platform_category":[],"video_schema_markup":"","price":"a partir de US$ 0\/m\u00eas","trial":"","benefits":[{"text":"Assist\u00eancia de instala\u00e7\u00e3o gratuita"},{"text":"Suporte premium"},{"text":"Garantia de reembolso de 14 dias"},{"text":"Atualiza\u00e7\u00f5es gratuitas vital\u00edcias"}],"button_url":"#demo","button_target_blank":"","button_nofollow":"","attributes":[{"name":"Instala\u00e7\u00f5es","content":"10,000 - 100,000"},{"name":"Responsivo","content":"Sim"},{"name":"Navegadores compat\u00edveis","content":"Firefox, Safari, Opera, Chrome, Edge"}],"tags":[],"tags_disable_links":"","hide_more_platforms":"","video_object":"","demo_hide_cta":"","demo_hide_cloud_options":"","pricing_title":"","pricing":[{"pricing_icon":"platform","pricing_title":"Elfsight Apps","pricing_title_caption":"Software independente de plataforma que funciona em qualquer site","pricing_price":"a partir de US$ 0\/m\u00eas","pricing_price_caption":"comece com um plano gratuito","pricing_benefits":[{"text":"Dom\u00ednios ilimitados"},{"text":"Suporte premium para empresas"},{"text":"Suporte premium para empresas"},{"text":"Design flex\u00edvel"}],"pricing_button_text":"Adicionar ao site","pricing_button_url":"#demo"}],"related_apps_title":"","related_apps_hidden":"","author":"","image":[],"title":"","job":"","social_networks":[]},"_links":{"self":[{"href":"https:\/\/elfsight.com\/pt\/wp-json\/wp\/v2\/pages\/11387","targetHints":{"allow":["GET"]}}],"collection":[{"href":"https:\/\/elfsight.com\/pt\/wp-json\/wp\/v2\/pages"}],"about":[{"href":"https:\/\/elfsight.com\/pt\/wp-json\/wp\/v2\/types\/page"}],"author":[{"embeddable":true,"href":"https:\/\/elfsight.com\/pt\/wp-json\/wp\/v2\/users\/9"}],"replies":[{"embeddable":true,"href":"https:\/\/elfsight.com\/pt\/wp-json\/wp\/v2\/comments?post=11387"}],"version-history":[{"count":1,"href":"https:\/\/elfsight.com\/pt\/wp-json\/wp\/v2\/pages\/11387\/revisions"}],"predecessor-version":[{"id":11391,"href":"https:\/\/elfsight.com\/pt\/wp-json\/wp\/v2\/pages\/11387\/revisions\/11391"}],"up":[{"embeddable":true,"href":"https:\/\/elfsight.com\/pt\/wp-json\/wp\/v2\/pages\/5164"}],"wp:attachment":[{"href":"https:\/\/elfsight.com\/pt\/wp-json\/wp\/v2\/media?parent=11387"}],"curies":[{"name":"wp","href":"https:\/\/api.w.org\/{rel}","templated":true}]}}